{"id":763,"date":"2019-06-20T15:25:49","date_gmt":"2019-06-20T13:25:49","guid":{"rendered":"https:\/\/pubweb.carnet.hr\/znanstvenici-amateri\/?page_id=763"},"modified":"2019-06-20T15:25:49","modified_gmt":"2019-06-20T13:25:49","slug":"video-materijali","status":"publish","type":"page","link":"https:\/\/pubweb.carnet.hr\/znanstvenici-amateri\/video-materijali\/","title":{"rendered":"<b>Video uputstva za rad s GLOBE protokolima<\/b>"},"content":{"rendered":"<h2 style=\"text-align: center\">Odre\u0111ivanje vrste tla<\/h2>\n<p><iframe loading=\"lazy\" title=\"Vrste tla\" width=\"640\" height=\"360\" src=\"https:\/\/www.youtube.com\/embed\/HM9CcUuq3vA?feature=oembed\" frameborder=\"0\" allow=\"accelerometer; autoplay; clipboard-write; encrypted-media; gyroscope; picture-in-picture; web-share\" referrerpolicy=\"strict-origin-when-cross-origin\" allowfullscreen><\/iframe><br \/>\n&nbsp;<br \/>\n&nbsp;<\/p>\n<h2 style=\"text-align: center\">Odre\u0111ivanje prozirnosti vode<\/h2>\n<p><iframe loading=\"lazy\" title=\"Prozirnost vode\" width=\"640\" height=\"360\" src=\"https:\/\/www.youtube.com\/embed\/oxpgvKQp3Ns?feature=oembed\" frameborder=\"0\" allow=\"accelerometer; autoplay; clipboard-write; encrypted-media; gyroscope; picture-in-picture; web-share\" referrerpolicy=\"strict-origin-when-cross-origin\" allowfullscreen><\/iframe><br \/>\n&nbsp;<br \/>\n&nbsp;<\/p>\n<h2 style=\"text-align: center\">Mjerenje tlaka zraka i koli\u010dine oborina<\/h2>\n<p><iframe loading=\"lazy\" title=\"Mjerenje tlaka i koli\u010dine padalina\" width=\"640\" height=\"360\" src=\"https:\/\/www.youtube.com\/embed\/D7-LjbMqEm8?feature=oembed\" frameborder=\"0\" allow=\"accelerometer; autoplay; clipboard-write; encrypted-media; gyroscope; picture-in-picture; web-share\" referrerpolicy=\"strict-origin-when-cross-origin\" allowfullscreen><\/iframe><br \/>\n&nbsp;<br \/>\n&nbsp;<\/p>\n<h2 style=\"text-align: center\">Mjerenje temperature zraka 1<\/h2>\n<p><iframe loading=\"lazy\" title=\"Mjerenje temperature zraka 1\" width=\"640\" height=\"360\" src=\"https:\/\/www.youtube.com\/embed\/8yK87ar0x_8?feature=oembed\" frameborder=\"0\" allow=\"accelerometer; autoplay; clipboard-write; encrypted-media; gyroscope; picture-in-picture; web-share\" referrerpolicy=\"strict-origin-when-cross-origin\" allowfullscreen><\/iframe><br \/>\n&nbsp;<br \/>\n&nbsp;<\/p>\n<h2 style=\"text-align: center\">Mjerenje temperature zraka 2<\/h2>\n<p><iframe loading=\"lazy\" title=\"Mjerenje temperature zraka 2\" width=\"640\" height=\"360\" src=\"https:\/\/www.youtube.com\/embed\/vgSGM1Xze3g?feature=oembed\" frameborder=\"0\" allow=\"accelerometer; autoplay; clipboard-write; encrypted-media; gyroscope; picture-in-picture; web-share\" referrerpolicy=\"strict-origin-when-cross-origin\" allowfullscreen><\/iframe><br \/>\n&nbsp;<br \/>\n&nbsp;<\/p>\n<h2 style=\"text-align: center\">Mjerenje temperature vode<\/h2>\n<p><iframe loading=\"lazy\" title=\"Mjerenje temperature vode\" width=\"640\" height=\"360\" src=\"https:\/\/www.youtube.com\/embed\/JILxeToZi9Y?feature=oembed\" frameborder=\"0\" allow=\"accelerometer; autoplay; clipboard-write; encrypted-media; gyroscope; picture-in-picture; web-share\" referrerpolicy=\"strict-origin-when-cross-origin\" allowfullscreen><\/iframe><br \/>\n&nbsp;<br \/>\n&nbsp;<\/p>\n<h2 style=\"text-align: center\">Mjerenje temperature tla<\/h2>\n<p><iframe loading=\"lazy\" title=\"Mjerenje temperature tla\" width=\"640\" height=\"360\" src=\"https:\/\/www.youtube.com\/embed\/e0hOzN4U1CE?feature=oembed\" frameborder=\"0\" allow=\"accelerometer; autoplay; clipboard-write; encrypted-media; gyroscope; picture-in-picture; web-share\" referrerpolicy=\"strict-origin-when-cross-origin\" allowfullscreen><\/iframe><br \/>\n&nbsp;<br \/>\n&nbsp;<\/p>\n<h2 style=\"text-align: center\">Mjerenje povr\u0161inske temperature:<\/h2>\n<p><iframe loading=\"lazy\" title=\"Mjerenje povr\u0161inske temperature\" width=\"640\" height=\"360\" src=\"https:\/\/www.youtube.com\/embed\/e9igfvpaLy0?feature=oembed\" frameborder=\"0\" allow=\"accelerometer; autoplay; clipboard-write; encrypted-media; gyroscope; picture-in-picture; web-share\" referrerpolicy=\"strict-origin-when-cross-origin\" allowfullscreen><\/iframe><br \/>\n&nbsp;<br \/>\n&nbsp;<\/p>\n<h2 style=\"text-align: center\">Odre\u0111ivanje pH vode<\/h2>\n<p><iframe loading=\"lazy\" title=\"Mjerenje kiselosti vode\" width=\"640\" height=\"360\" src=\"https:\/\/www.youtube.com\/embed\/J3dbAtoQUzQ?feature=oembed\" frameborder=\"0\" allow=\"accelerometer; autoplay; clipboard-write; encrypted-media; gyroscope; picture-in-picture; web-share\" referrerpolicy=\"strict-origin-when-cross-origin\" allowfullscreen><\/iframe><\/p>\n","protected":false},"excerpt":{"rendered":"<p>Odre\u0111ivanje vrste tla &nbsp; &nbsp; Odre\u0111ivanje prozirnosti vode &nbsp; &nbsp; Mjerenje tlaka zraka i koli\u010dine oborina &nbsp; &nbsp; Mjerenje temperature zraka 1 &nbsp; &nbsp; Mjerenje temperature zraka 2 &nbsp; &nbsp; Mjerenje temperature vode &nbsp; &nbsp; Mjerenje temperature tla &nbsp; &nbsp; Mjerenje povr\u0161inske temperature: &nbsp; &nbsp; Odre\u0111ivanje pH vode<\/p>\n","protected":false},"author":846,"featured_media":0,"parent":0,"menu_order":0,"comment_status":"closed","ping_status":"closed","template":"","meta":{"footnotes":""},"class_list":["post-763","page","type-page","status-publish","hentry"],"_links":{"self":[{"href":"https:\/\/pubweb.carnet.hr\/znanstvenici-amateri\/wp-json\/wp\/v2\/pages\/763","targetHints":{"allow":["GET"]}}],"collection":[{"href":"https:\/\/pubweb.carnet.hr\/znanstvenici-amateri\/wp-json\/wp\/v2\/pages"}],"about":[{"href":"https:\/\/pubweb.carnet.hr\/znanstvenici-amateri\/wp-json\/wp\/v2\/types\/page"}],"author":[{"embeddable":true,"href":"https:\/\/pubweb.carnet.hr\/znanstvenici-amateri\/wp-json\/wp\/v2\/users\/846"}],"replies":[{"embeddable":true,"href":"https:\/\/pubweb.carnet.hr\/znanstvenici-amateri\/wp-json\/wp\/v2\/comments?post=763"}],"version-history":[{"count":2,"href":"https:\/\/pubweb.carnet.hr\/znanstvenici-amateri\/wp-json\/wp\/v2\/pages\/763\/revisions"}],"predecessor-version":[{"id":767,"href":"https:\/\/pubweb.carnet.hr\/znanstvenici-amateri\/wp-json\/wp\/v2\/pages\/763\/revisions\/767"}],"wp:attachment":[{"href":"https:\/\/pubweb.carnet.hr\/znanstvenici-amateri\/wp-json\/wp\/v2\/media?parent=763"}],"curies":[{"name":"wp","href":"https:\/\/api.w.org\/{rel}","templated":true}]}}