{"id":721,"date":"2019-05-09T13:52:39","date_gmt":"2019-05-09T11:52:39","guid":{"rendered":"https:\/\/pubweb.carnet.hr\/znanstvenici-amateri\/?page_id=721"},"modified":"2019-11-21T10:51:53","modified_gmt":"2019-11-21T09:51:53","slug":"globe-smotra-2019","status":"publish","type":"page","link":"https:\/\/pubweb.carnet.hr\/znanstvenici-amateri\/globe-smotra-2019\/","title":{"rendered":"<b>22. Susret hrvatskih GLOBE \u0161kola ZAGREB 2019.<\/b>"},"content":{"rendered":"<p><img loading=\"lazy\" decoding=\"async\" class=\"aligncenter\" src=\"http:\/\/pubweb.carnet.hr\/znanstvenici-amateri\/wp-content\/uploads\/sites\/670\/2019\/05\/logo-SIN-GLOBE-2019.-210x300.jpg\" alt=\"\" width=\"210\" height=\"300\" \/><\/p>\n<p style=\"text-align:center\"><a href=\"https:\/\/pubweb.carnet.hr\/znanstvenici-amateri\/popis-pozvanih-2019\/\" rel=\"noopener\" target=\"_blank\">\u0160kole koje su se plasirane na dr\u017eavnu razinu Smotre i natjecanja hrvatskih GLOBE \u0161kola 2019.<\/a><\/p>\n<p style=\"text-align:center\"><a href=\"https:\/\/drive.google.com\/open?id=1MQy9aloDMM3mTNJu4znQlj9jd8eghSxs\" rel=\"noopener\" target=\"_blank\">Program dr\u017eavne Smotre i natjecanja GLOBE \u0161kola 2019.<\/a><\/p>\n<p style=\"text-align:center\"><a href=\"https:\/\/pubweb.carnet.hr\/znanstvenici-amateri\/globe-projekti-2019\/\" rel=\"noopener\" target=\"_blank\">Projekti<\/a><\/p>\n<p style=\"text-align:center\"><a href=\"https:\/\/drive.google.com\/open?id=11cscYcHLGesnleWSKbFq_1q3Eu2xDfrj\" rel=\"noopener\" target=\"_blank\">Upute za orijentacijsko natjecanje<\/a><\/p>\n<p style=\"text-align:center\"><a href=\"https:\/\/drive.google.com\/drive\/folders\/1LXJVenIKkFDlu4TF8JPe8SAS_8V4YJrw?usp=sharing\" rel=\"noopener\" target=\"_blank\">Zadaci i rje\u0161enja s natjecanja<\/a><\/p>\n","protected":false},"excerpt":{"rendered":"<p>\u0160kole koje su se plasirane na dr\u017eavnu razinu Smotre i natjecanja hrvatskih GLOBE \u0161kola 2019. Program dr\u017eavne Smotre i natjecanja GLOBE \u0161kola 2019. Projekti Upute za orijentacijsko natjecanje Zadaci i rje\u0161enja s natjecanja<\/p>\n","protected":false},"author":846,"featured_media":0,"parent":0,"menu_order":0,"comment_status":"closed","ping_status":"closed","template":"","meta":{"footnotes":""},"class_list":["post-721","page","type-page","status-publish","hentry"],"_links":{"self":[{"href":"https:\/\/pubweb.carnet.hr\/znanstvenici-amateri\/wp-json\/wp\/v2\/pages\/721","targetHints":{"allow":["GET"]}}],"collection":[{"href":"https:\/\/pubweb.carnet.hr\/znanstvenici-amateri\/wp-json\/wp\/v2\/pages"}],"about":[{"href":"https:\/\/pubweb.carnet.hr\/znanstvenici-amateri\/wp-json\/wp\/v2\/types\/page"}],"author":[{"embeddable":true,"href":"https:\/\/pubweb.carnet.hr\/znanstvenici-amateri\/wp-json\/wp\/v2\/users\/846"}],"replies":[{"embeddable":true,"href":"https:\/\/pubweb.carnet.hr\/znanstvenici-amateri\/wp-json\/wp\/v2\/comments?post=721"}],"version-history":[{"count":2,"href":"https:\/\/pubweb.carnet.hr\/znanstvenici-amateri\/wp-json\/wp\/v2\/pages\/721\/revisions"}],"predecessor-version":[{"id":1113,"href":"https:\/\/pubweb.carnet.hr\/znanstvenici-amateri\/wp-json\/wp\/v2\/pages\/721\/revisions\/1113"}],"wp:attachment":[{"href":"https:\/\/pubweb.carnet.hr\/znanstvenici-amateri\/wp-json\/wp\/v2\/media?parent=721"}],"curies":[{"name":"wp","href":"https:\/\/api.w.org\/{rel}","templated":true}]}}