{"id":72,"date":"2018-12-01T16:25:51","date_gmt":"2018-12-01T15:25:51","guid":{"rendered":"https:\/\/pubweb.carnet.hr\/znanstvenici-amateri\/?page_id=72"},"modified":"2018-12-30T01:03:11","modified_gmt":"2018-12-30T00:03:11","slug":"projekti","status":"publish","type":"page","link":"https:\/\/pubweb.carnet.hr\/znanstvenici-amateri\/projekti\/","title":{"rendered":"Projekti"},"content":{"rendered":"<details>\n<summary style=\"font-family: arial black;font-size: 25px\"><strong>Tlo+voda=planet Zemlja<\/strong><\/summary>\n<p>&nbsp;<\/p>\n<p>Projekt: &#8220;Tlo + voda = planet Zemlja&#8221; zami\u0161ljen je kao niz od nekoliko edukacijskih radionica zajedno s redovnim pra\u0107enjem odabranih hidrolo\u0161kih i pedolo\u0161kih parametara tijekom godine s ciljem popularizacije znanstvenog rada i istra\u017eivanja me\u0111u mladom populacijom.<br \/>\nMetode istra\u017eivanja i pra\u0107enja paramatara provoditi \u0107e se u skladu s GLOBE protokolima\u00a0 unutar kojih su jasno definirani svi postupci, metode i \u017eeljeni ishodi.<\/p>\n<p>Popis svih protokola zajedno s dodatnim materijalima dostupan je za preuzimanje na:<\/p>\n<p><a href=\"https:\/\/www.globe.gov\/do-globe\/globe-teachers-guide\/hydrosphere\">https:\/\/www.globe.gov\/do-globe\/globe-teachers-guide\/hydrosphere<\/a><\/p>\n<p><a href=\"https:\/\/www.globe.gov\/do-globe\/globe-teachers-guide\/soil-pedosphere\">https:\/\/www.globe.gov\/do-globe\/globe-teachers-guide\/soil-pedosphere<\/a><\/p>\n<p>&nbsp;<\/p>\n<p>Svi dobiveni podaci dobiveni u skladu s protokolima unijeti \u0107e se u me\u0111unarodnu bazu podataka, gdje \u0107e biti dostupni za kori\u0161tenje \u0161iroj javnosti.<\/p>\n<p><a href=\"https:\/\/vis.globe.gov\/GLOBE\/\">https:\/\/vis.globe.gov\/GLOBE\/<\/a><\/p>\n<p>&nbsp;<\/p>\n<p>U sklopu projekta predvi\u0111eno je pra\u0107enje sljede\u0107ih hidrolo\u0161kih parametara:<\/p>\n<ul>\n<li>Otopljenost kisika u vodi<\/li>\n<li>pH<\/li>\n<li>Alkalinitet<\/li>\n<li>Konduktivnost<\/li>\n<li>Prozirnost vode<\/li>\n<li>Koli\u010dina nitrata<\/li>\n<li>Koli\u010dina nitrita<\/li>\n<li>Temperatura vode<\/li>\n<\/ul>\n<p>&nbsp;<\/p>\n<p>Kod pra\u0107enja tla pratili bi se sljede\u0107i parametri:<\/p>\n<ul>\n<li>Temperatura tla<\/li>\n<li>pH tla<\/li>\n<li>Vla\u017enost tla<\/li>\n<\/ul>\n<p>&nbsp;<\/p>\n<p>&nbsp;<\/p>\n<p>U 2018. godini predvi\u0111eno je odr\u017eavanje 3 radionice\/predavanja na kojem bi se polaznike educiralo o va\u017enosti prikupljanja navedenih podataka, njihovoj obradi i mogu\u0107nostima koji ti podaci mogu pru\u017eiti u kombinaciji s drugim podacima, a za \u0161to \u0107e se koristiti me\u0111unarodna GLOBE baza.<\/p>\n<p>Osim konstantnog pra\u0107enja stanja izabrane vodene i pedolo\u0161ke lokacije i edukacija zainteresiranih pojedinaca o\u00a0\u00a0 mogu\u0107nostima pra\u0107enja kvalitete iste, planirana se i odr\u017eavanje nekoliko edukacijskih radionica vezanih uz va\u017enije ekolo\u0161ke datuma s kojima bi se zapo\u010delo u 2018. godini s nastavkom na 2019. godinu:<\/p>\n<p>&nbsp;<\/p>\n<p>Svjetski dan za\u0161tite okoli\u0161a (4. listopad)<\/p>\n<p>Svjetski dan mo\u010dvarnih stani\u0161ta (2. sije\u010danj)<\/p>\n<p>Svjetski dan voda (22. o\u017eujak)<\/p>\n<p>Dan za\u0161tite prirode u RH (22. svibanj)<\/p>\n<p>Svjetski dan oceana (8. lipanj)<\/p>\n<p>&nbsp;<\/p>\n<p>Za sudjelovanje na dijelu projekta koji uklju\u010duje redovito pra\u0107enje odabrana je \u0160umarska i drvodjeljska \u0161kola iz Karlovca, a u ostale radionice i predavanja mogu se uklju\u010diti sve zainteresirane \u0161kole i pojedinci.<\/p>\n<\/details>\n<p>&nbsp;<\/p>\n<details>\n<summary style=\"font-family: arial black;font-size: 25px\"><strong>Generacija Next:<\/p>\n<p>Uspostava mre\u017ee digitalnih meteorolo\u0161kih senzora u sklopu <\/p>\n<p>GLOBE programa<\/strong><\/summary>\n<p>&nbsp;<\/p>\n<p><strong>Kratki opis projekta<\/strong><\/p>\n<p>Projekt za cilj ima uspostavu mre\u017ee meteorolo\u0161kih senzora diljem grada Karlovca s \u010dime bi se nadopunila trenutna klasi\u010dna meteorolo\u0161ka mre\u017ea postaja koje odr\u017eavaju \u0161kole uklju\u010dene u GLOBE projekt. GLOBE projekt me\u0111unarodni je program globalnog u\u010denja i opa\u017eanja za dobrobit okoli\u0161a putem kojeg se \u0161kole diljem svijeta spajaju u jedinstvenu motriteljsku mre\u017eu koja redovno prati promjenu mno\u0161tva parametara. Glavna mjerenja i opa\u017eanja rade se iz podru\u010dja meteorologije, hidrologije, pedologije i biometrije, a trenutno je projekt aktivan u preko 32 000 \u0161kola smje\u0161tenih u 120 zemalja. Oprema ponu\u0111ena u natje\u010daju bi zajedno s nabavkom dodatne opreme poslu\u017eila za uspostavu 6 mjernih to\u010daka unutar grada Karlovca a na kojima bi se pratile promjene raznih parametara, a potom bi ti isti podaci poslu\u017eili kao podloga za projekt unutar koje bi se dobiveni podaci analizirali i uspore\u0111ivali s klasi\u010dnim mjerenjima koje provode lokalne GLOBE \u0161kole. Ukoliko se metoda poka\u017ee korisnom, predvi\u0111a se nastavak projekta nabavkom dodatnih senzora te \u0161irenja postavljene mre\u017ee \u0161to bi za posljedicu imalo kvalitetnu pokrivenost grada senzorima i \u010dime bi grad Karlovca bio korak bli\u017ee tituli &#8220;smart city&#8221;.<\/p>\n<p>Tehni\u010dki opis projekta<br \/>\nSpajanjem dodatnih senzora na osnovnu Arduino MKR 1000 platformu slo\u017eila bi se digitalna meteorolo\u0161ka stanica sposobna izmjeriti temperaturu, vla\u017enost i tlak zraka, te povr\u0161insku temperaturu, a dobiveni podaci koristili bi se u provedbi projekta.<\/p>\n<p>Potrebna dodatna oprema<br \/>\nGrove &#8211; Temp &amp; Humi &amp; Barometer Sensor (BME280) x 6<br \/>\nGrove &#8211; Digital Infrared Temperature Sensor x 6<br \/>\nOstala oprema potrebna za pravilno povezivanje svih senzora<\/p>\n<p><a href=\"https:\/\/drive.google.com\/uc?id=1v9HksptMQ0Chh7NofUPM_4gRn6wejx_c\" target=\"_blank\" rel=\"noopener\">Detaljan opis projekta (PDF)<\/a><\/p>\n<\/details>\n<p>&nbsp;<\/p>\n<details>\n<summary style=\"font-family: arial black;font-size: 25px\"><strong>Festival znanosti Karlovac<\/strong><\/summary>\n<p>&nbsp;<br \/>\nUdruga Znanstvenici amateri \u2013 ZNAM uz suradnju i pokroviteljstvo Grada Karlovca i Karlova\u010dke \u017eupanije u travnju 2018. godine uspje\u0161no je organizirala Festival znanost u Karlovcu.<\/p>\n<p>Festival znanosti, manifestacija koja se u Hrvatskoj kontinuirano organizira od 2003. godine , namijenjena je u\u010denicima, studentima i ostalim gra\u0111anima s ciljem da im se pribli\u017ei znanost kao osnovni pokreta\u010d tehnolo\u0161koga napretka kroz informiranje o aktivnostima i rezultatima na podru\u010dju znanosti, pobolj\u0161avanje javne percepcije znanstvenika, te motiviranje mladih ljudi za istra\u017eivanje i stjecanje novih znanja.<\/p>\n<p>To je izvrsna prilika za popularizaciju znanosti, programa i projekata pojedinih odjela, centara, skupina i pojedinaca znanstvenika iz razli\u010ditih znanstvenih podru\u010dja rada.<\/p>\n<p>Glavni organizatori Festivala su British Council i Tehni\u010dki muzej iz Zagreba, a sve se doga\u0111a i pod pokroviteljstvom Ministarstva znanosti i obrazovanja.<\/p>\n<p>Ciljevi i publika Festivala znanosti su :<br \/>\n\u2013 djeca, u\u010denici s ciljem da ih se pribli\u017ei znanosti, da im se pomogne shvatiti koliko je znanost va\u017ena i sveprisutna; te da ih se potakne da postanu budu\u0107i znanstvenici<br \/>\n\u2013 nastavnici s ciljem da ih se inspirira na \u0161to kreativniji rad<br \/>\n\u2013 studenti prirodnih znanosti \u2013 da mogu vidjeti koliko je va\u017eno govoriti o znanosti na jasan i razumljiv na\u010din; i ostali studenti \u2013 da budu \u0161to obrazovaniji gra\u0111ani<br \/>\n\u2013 porezni obveznici s ciljem podizanja svijesti o znanosti i znanstvenim dostignu\u0107ima u javnosti te va\u017enosti ulaganja u znanost<br \/>\n\u2013 znanstvenici s ciljem da ih se potakne na dijalog izme\u0111u znanstvenika i javnosti radi boljeg me\u0111usobnog razumijevanja i povjerenja, te poticanje znanstvenika da govore o svom radu<br \/>\n\u2013 mediji: da se potakne ve\u0107u zastupljenost znanstvenih sadr\u017eaja u medijima<\/p>\n<p>Tema Festivala znanosti 2018. bila su \u201eOtkri\u0107a\u201c.<br \/>\nFestival se odr\u017eao od 16. do 21. travnja 2018. u 22 grada diljem Hrvatske uklju\u010duju\u0107i i Karlovac. <\/p>\n<p>U Karlovcu se Festival odr\u017eavao kroz samo tri dana, od 16. \u2013 18. travnja budu\u0107i da je to bila prva godina odr\u017eavanja.<br \/>\nCilj i moto Festivala u Karlovcu je glasio \u201cU\u010dinimo grad Karlovac gradom znanstvenih otkri\u0107a!\u201d<\/p>\n<p>Festival se odr\u017eavao na sveukupno 6 lokacija (Aquatika, Gradska knji\u017enica \u201eIvan Goran Kova\u010di\u0107\u201c, Osnovna \u0161kola Banija, Gimnazija Karlovac, Glazbena \u0161kola Karlovac, \u0160umarska i drvodjeljska \u0161kola Karlovac, Veleu\u010dili\u0161te Karlovac)<\/p>\n<p>Kao i prethodnih godina, sadr\u017eaji su bili razli\u010ditih formata: predavanja, radionice, demonstracije, dru\u017eenja s djecom i odraslima, prezentacije, i izlo\u017ebe.<\/p>\n<p>Na Festivalu znanosti u Karlovcu svoje programe predstavile su 23 organizacije sa sveukupno vi\u0161e od 100 predava\u010da , kroz 52 razli\u010dita sadr\u017eaja.<\/p>\n<p>Cjelokupni program je bio otvoren za javnost i besplatan za sve posjetitelje, a detaljan raspored doga\u0111anja mogu\u0107e je prona\u0107i na http:\/\/www.festivalznanosti.hr\/2018\/.<\/p>\n<\/details>\n","protected":false},"excerpt":{"rendered":"<p>Tlo+voda=planet Zemlja &nbsp; Projekt: &#8220;Tlo + voda = planet Zemlja&#8221; zami\u0161ljen je kao niz od nekoliko edukacijskih radionica zajedno s redovnim pra\u0107enjem odabranih hidrolo\u0161kih i pedolo\u0161kih parametara tijekom godine s ciljem popularizacije znanstvenog rada i istra\u017eivanja me\u0111u mladom populacijom. Metode istra\u017eivanja i pra\u0107enja paramatara provoditi \u0107e se u skladu s GLOBE protokolima\u00a0 unutar kojih su <a href=\"https:\/\/pubweb.carnet.hr\/znanstvenici-amateri\/projekti\/\" rel=\"nofollow\"><span class=\"sr-only\">Read more about Projekti<\/span>[&hellip;]<\/a><\/p>\n","protected":false},"author":846,"featured_media":0,"parent":0,"menu_order":0,"comment_status":"closed","ping_status":"closed","template":"","meta":{"footnotes":""},"class_list":["post-72","page","type-page","status-publish","hentry"],"_links":{"self":[{"href":"https:\/\/pubweb.carnet.hr\/znanstvenici-amateri\/wp-json\/wp\/v2\/pages\/72","targetHints":{"allow":["GET"]}}],"collection":[{"href":"https:\/\/pubweb.carnet.hr\/znanstvenici-amateri\/wp-json\/wp\/v2\/pages"}],"about":[{"href":"https:\/\/pubweb.carnet.hr\/znanstvenici-amateri\/wp-json\/wp\/v2\/types\/page"}],"author":[{"embeddable":true,"href":"https:\/\/pubweb.carnet.hr\/znanstvenici-amateri\/wp-json\/wp\/v2\/users\/846"}],"replies":[{"embeddable":true,"href":"https:\/\/pubweb.carnet.hr\/znanstvenici-amateri\/wp-json\/wp\/v2\/comments?post=72"}],"version-history":[{"count":2,"href":"https:\/\/pubweb.carnet.hr\/znanstvenici-amateri\/wp-json\/wp\/v2\/pages\/72\/revisions"}],"predecessor-version":[{"id":150,"href":"https:\/\/pubweb.carnet.hr\/znanstvenici-amateri\/wp-json\/wp\/v2\/pages\/72\/revisions\/150"}],"wp:attachment":[{"href":"https:\/\/pubweb.carnet.hr\/znanstvenici-amateri\/wp-json\/wp\/v2\/media?parent=72"}],"curies":[{"name":"wp","href":"https:\/\/api.w.org\/{rel}","templated":true}]}}