{"id":584,"date":"2019-03-29T13:49:33","date_gmt":"2019-03-29T12:49:33","guid":{"rendered":"https:\/\/pubweb.carnet.hr\/znanstvenici-amateri\/?page_id=584"},"modified":"2019-06-20T15:59:44","modified_gmt":"2019-06-20T13:59:44","slug":"globe-materijali","status":"publish","type":"page","link":"https:\/\/pubweb.carnet.hr\/znanstvenici-amateri\/globe-materijali\/","title":{"rendered":"GLOBE materijali"},"content":{"rendered":"<p>&nbsp;<\/p>\n<h1 style=\"color:lightblue\">Atmosfera<\/p>\n<h1>\n<ul>\n<\/ul>\n<h1 style=\"color:blue\">Hidrosfera<\/p>\n<h1>\n<h3>\n<ul>\n<li style=\"color:black;margin:10px 0px\">\n<a href=\"https:\/\/drive.google.com\/uc?id=1CDOMqRvIXCYkPhe_hkxFOvhCh9-CV7B-\" rel=\"noopener\" target=\"_blank\" style=\"color:black;margin:10px 0px\">Hidrosfera \u2013 terensko istra\u017eivanje vode i kori\u0161tenje GLOBE<\/a>\n<\/li>\n<\/ul>\n<\/h3>\n<h1 style=\"color:brown\">Pedosfera<\/p>\n<h1>\n<ul>\n<\/ul>\n<h1 style=\"color:green\">Biosfera<\/p>\n<h1>\n<h3>\n<ul>\n<li style=\"color:black;margin:10px 0px\">\n<a href=\"https:\/\/drive.google.com\/file\/d\/0B8mli4kQBI3ecnNRdnR5VUVnQ1FoZE5pOGo1Rk9YamNwa21V\/view?usp=sharing\" rel=\"noopener\" target=\"_blank\" style=\"color:black;margin:10px 0px\">Alometrija i biomasa<\/a>\n<\/li>\n<li style=\"color:black;margin:10px 0px\">\nIgra &#8220;Kru\u017eenje ugljika&#8221;<\/p>\n<ul>\n<li style=\"color:black;margin:10px 0px\"><a href=\"https:\/\/drive.google.com\/open?id=19VIYTdECWsLF7RjX3hxsBNWOm7_hEWxVi2bh3vw513k\" rel=\"noopener\" target=\"_blank\" style=\"color:black;margin:10px 0px\">Uputstva<\/a>\n<\/li>\n<li style=\"color:black;margin:10px 0px\"><a href=\"https:\/\/drive.google.com\/open?id=1sWx9OWLsCHW7MHo-SiWQeVH-H8JlwcNuqAs8eKmO2-M\" rel=\"noopener\" target=\"_blank\" style=\"color:black;margin:10px 0px\">Prezentacija<\/a>\n<\/li>\n<li style=\"color:black;margin:10px 0px\"><a href=\"https:\/\/drive.google.com\/open?id=0B8mli4kQBI3eMEpyWHRvM2xpcGtkcXVIVWoyS2kycU5mSkFN\" rel=\"noopener\" target=\"_blank\" style=\"color:black;margin:10px 0px\">Poster<\/a>\n<\/li>\n<li style=\"color:black;margin:10px 0px\"><a href=\"https:\/\/drive.google.com\/open?id=1zGEa1JiL9Zyp-JeeacbQMBakSzkrhGt3\" rel=\"noopener\" target=\"_blank\" style=\"color:black;margin:10px 0px\">Putovanje C atoma<\/a>\n<\/li>\n<\/ul>\n<\/li>\n<\/ul>\n<\/h3>\n<h1 style=\"color:red\">GLOBE u kurikulumu<\/p>\n<h1>\n<h3>\n<ul>\n<li style=\"color:black;margin:10px 0px\">\n<a href=\"https:\/\/drive.google.com\/open?id=1dtP1IF6oZH81J7iNxsLma4v1dn3pEFSJ\" rel=\"noopener\" target=\"_blank\" style=\"color:black;margin:10px 0px\">Latinski<\/a>\n<\/li>\n<li style=\"color:black;margin:10px 0px\">\n<a href=\"https:\/\/drive.google.com\/open?id=1_ASeTg6tTA-bB4x8WTVRgB-AlhkK4y67\" rel=\"noopener\" target=\"_blank\" style=\"color:black;margin:10px 0px\">Fizika<\/a>\n<\/li>\n<li style=\"color:black;margin:10px 0px\">\n<a href=\"https:\/\/drive.google.com\/open?id=1iwLFRLoZXctHpnaMpQ3H8jU__JyrIPmW\" rel=\"noopener\" target=\"_blank\" style=\"color:black;margin:10px 0px\">Priroda<\/a>\n<\/li>\n<li style=\"color:black;margin:10px 0px\">\nBiologija<\/p>\n<ul>\n<li style=\"color:black;margin:10px 0px\"><a href=\"https:\/\/drive.google.com\/open?id=1AM9JHSN6y4HX2lkTCEcWlK70A2Cif1id\" rel=\"noopener\" target=\"_blank\" style=\"color:black;margin:10px 0px\">7. razred<\/a>\n<\/li>\n<li style=\"color:black;margin:10px 0px\"><a href=\"https:\/\/drive.google.com\/open?id=1xd_kpXaOIxbmRRG_MgT6cRJU-V_AFlCJ\" rel=\"noopener\" target=\"_blank\" style=\"color:black;margin:10px 0px\">8. razred<\/a>\n<\/li>\n<li style=\"color:black;margin:10px 0px\"><a href=\"https:\/\/drive.google.com\/open?id=1-Sp21kX1rfOvDcy4tY0biRcPzwAaaqoE\" rel=\"noopener\" target=\"_blank\" style=\"color:black;margin:10px 0px\">Srednje \u0161kole<\/a>\n<\/ul>\n<\/li>\n<li style=\"color:black;margin:10px 0px\">Kemija<\/li>\n<ul>\n<li style=\"color:black;margin:10px 0px\"><a href=\"https:\/\/drive.google.com\/open?id=15NYQaAKWg0NyOn3fCjgGpBqJhdGbGYOW\" rel=\"noopener\" target=\"_blank\" style=\"color:black;margin:10px 0px\">7. razred<\/a>\n<\/li>\n<li style=\"color:black;margin:10px 0px\"><a href=\"https:\/\/drive.google.com\/open?id=1c0p8LFKCKhEADkk3yLfGj-ROsmWGJxlQ\" rel=\"noopener\" target=\"_blank\" style=\"color:black;margin:10px 0px\">1. razred srednje \u0161kola<\/a><\/li>\n<\/ul>\n<li style=\"color:black;margin:10px 0px\">Geografija<\/li>\n<ul>\n<li style=\"color:black;margin:10px 0px\"><a href=\"https:\/\/drive.google.com\/open?id=18L3cvUSCeZ2ZGrJMggRbPP8uD4DUCZaO\" rel=\"noopener\" target=\"_blank\" style=\"color:black;margin:10px 0px\">Osnovna \u0161kola<\/a>\n<\/li>\n<li style=\"color:black;margin:10px 0px\"><a href=\"https:\/\/drive.google.com\/open?id=0B8mli4kQBI3eeGNBNFJIWEY3Mm1Sdl9FQV9MV0plQzNGdl80\" rel=\"noopener\" target=\"_blank\" style=\"color:black;margin:10px 0px\">Integracija GLOBE sadr\u017eaja<\/a>\n<\/li>\n<\/ul>\n<\/ul>\n<\/h3>\n<h1 style=\"color:yellow\">Vrti\u0107i<\/p>\n<h1>\n<h3>\n<ul>\n<li style=\"color:black;margin:10px 0px\">\n<a href=\"https:\/\/drive.google.com\/open?id=1VRnGZjhu3qZ3Do3S8jU84KqJUEHfISP4\" rel=\"noopener\" target=\"_blank\" style=\"color:black;margin:10px 0px\">GLOBE sadr\u017eaji &#8211; pred\u0161kolska dob<\/a>\n<\/li>\n<\/ul>\n<\/h3>\n<p>&nbsp;<br \/>\n<a href=\"https:\/\/pubweb.carnet.hr\/znanstvenici-amateri\/globe-observer-upute\/\"><\/p>\n<h1 style=\"color:orange\">Rad s aplikacijom GLOBE Observer<\/p>\n<h1><\/a><br \/>\n&nbsp;<br \/>\n<a href=\"https:\/\/pubweb.carnet.hr\/znanstvenici-amateri\/video-materijali\/\"><\/p>\n<h1 style=\"color:purple\">Video uputstva za rad s GLOBE protokolima<\/p>\n<h1><\/a><\/p>\n","protected":false},"excerpt":{"rendered":"<p>&nbsp; Atmosfera Hidrosfera Hidrosfera \u2013 terensko istra\u017eivanje vode i kori\u0161tenje GLOBE Pedosfera Biosfera Alometrija i biomasa Igra &#8220;Kru\u017eenje ugljika&#8221; Uputstva Prezentacija Poster Putovanje C atoma GLOBE u kurikulumu Latinski Fizika Priroda Biologija 7. razred 8. razred Srednje \u0161kole Kemija 7. razred 1. razred srednje \u0161kola Geografija Osnovna \u0161kola Integracija GLOBE sadr\u017eaja Vrti\u0107i GLOBE sadr\u017eaji &#8211; <a href=\"https:\/\/pubweb.carnet.hr\/znanstvenici-amateri\/globe-materijali\/\" rel=\"nofollow\"><span class=\"sr-only\">Read more about GLOBE materijali<\/span>[&hellip;]<\/a><\/p>\n","protected":false},"author":846,"featured_media":0,"parent":0,"menu_order":0,"comment_status":"closed","ping_status":"closed","template":"","meta":{"footnotes":""},"class_list":["post-584","page","type-page","status-publish","hentry"],"_links":{"self":[{"href":"https:\/\/pubweb.carnet.hr\/znanstvenici-amateri\/wp-json\/wp\/v2\/pages\/584","targetHints":{"allow":["GET"]}}],"collection":[{"href":"https:\/\/pubweb.carnet.hr\/znanstvenici-amateri\/wp-json\/wp\/v2\/pages"}],"about":[{"href":"https:\/\/pubweb.carnet.hr\/znanstvenici-amateri\/wp-json\/wp\/v2\/types\/page"}],"author":[{"embeddable":true,"href":"https:\/\/pubweb.carnet.hr\/znanstvenici-amateri\/wp-json\/wp\/v2\/users\/846"}],"replies":[{"embeddable":true,"href":"https:\/\/pubweb.carnet.hr\/znanstvenici-amateri\/wp-json\/wp\/v2\/comments?post=584"}],"version-history":[{"count":2,"href":"https:\/\/pubweb.carnet.hr\/znanstvenici-amateri\/wp-json\/wp\/v2\/pages\/584\/revisions"}],"predecessor-version":[{"id":1283,"href":"https:\/\/pubweb.carnet.hr\/znanstvenici-amateri\/wp-json\/wp\/v2\/pages\/584\/revisions\/1283"}],"wp:attachment":[{"href":"https:\/\/pubweb.carnet.hr\/znanstvenici-amateri\/wp-json\/wp\/v2\/media?parent=584"}],"curies":[{"name":"wp","href":"https:\/\/api.w.org\/{rel}","templated":true}]}}