{"id":54,"date":"2018-12-01T15:48:46","date_gmt":"2018-12-01T14:48:46","guid":{"rendered":"https:\/\/pubweb.carnet.hr\/znanstvenici-amateri\/?page_id=54"},"modified":"2019-03-15T23:31:26","modified_gmt":"2019-03-15T22:31:26","slug":"o-nama","status":"publish","type":"page","link":"https:\/\/pubweb.carnet.hr\/znanstvenici-amateri\/o-nama\/","title":{"rendered":"O nama"},"content":{"rendered":"<p><\/em>Udruga <strong>Znanstvenici amateri<\/strong> osnovana je s ciljem popularizacije znanosti od strane nekolicine popularizatora znanosti iz raznih dijelova Hrvatske s bogatim iskustvom na raznim doga\u0111ajima poput Festivala znanosti, Meteorolo\u0161kim izazovima dana\u0161njice, Otvorenim danima PMF-a, Otvorenim danima Sveu\u010dili\u0161ta u Rijeci, Summer School of Science, Znanstvenom pikniku&#8230;<br \/>\nUdruga tako\u0111er provodi me\u0111unarodni GLOBE program koji se bavi \u0161irom popularizacijom STEM podru\u010dja. U GLOBE program je pod sponzorstvom NASE uklju\u010deno 121 zemlja, s preko 33 000 \u0161kola diljem svijeta<\/p>\n<p>Ciljevi Udruge su:<\/p>\n<ul>\n<li>okupljanje pojedinaca zainteresiranih za promociju znanosti i za\u0161titu prirode<\/li>\n<li>poticanje \u010dlanova na rad i stvarala\u0161tvo<\/li>\n<li>poticanje cjelo\u017eivotnog u\u010denja<\/li>\n<li>poticanje osobnog i profesionalnog razvoja<\/li>\n<li>razvijanje ekolo\u0161ke svijesti<\/li>\n<\/ul>\n<p>Podru\u010dja djelovanja Udruge su: obrazovanje, znanost i istra\u017eivanje, te za\u0161tita okoli\u0161a i prirode.<\/p>\n<p>U svrhu ostvarenja ciljeva Udruga obavlja sljede\u0107e djelatnosti:<\/p>\n<ul>\n<li>informiranje, \u0161irenje i sudjelovanje u GLOBE programu<\/li>\n<li>organiziranje te\u010dajeva, radionica, tribina, savjetovanja, predavanja, okruglih stolova i konferencija<\/li>\n<li>okupljanje i osposobljavanje volontera za provo\u0111enje pojedinih programa Udruge<\/li>\n<li>izrada i provedba projekata Udruge<\/li>\n<li>organiziranje izlo\u017ebi i stru\u010dnih ekskurzija<\/li>\n<li>izdavanje \u010dasopisa, promotivnih materijala, bro\u0161ura, priru\u010dnika i stru\u010dne literature iz podru\u010dja djelatnosti Udruge<\/li>\n<li>organiziranje susreta, natjecanja i dodatne edukacije svojih \u010dlanova<\/li>\n<li>promicanje aktivnosti udruge u inozemnim strukovnim organizacijama<\/li>\n<li>razvijanje programa me\u0111unarodne suradnje, kao i suradnja s pravnim subjektima i pojedincima radi ostvarivanja ciljeva Udruge<\/li>\n<\/ul>\n<p><a href=\"https:\/\/drive.google.com\/uc?id=1gycmDiGQxK1lC7BOEbwLYy888fUawxjJ\" rel=\"noopener\" target=\"_blank\"><\/p>\n<h2 style=\"text-align: center;color:red\">Statut udruge<\/h2>\n<p><\/a><\/p>\n","protected":false},"excerpt":{"rendered":"<p>Udruga Znanstvenici amateri osnovana je s ciljem popularizacije znanosti od strane nekolicine popularizatora znanosti iz raznih dijelova Hrvatske s bogatim iskustvom na raznim doga\u0111ajima poput Festivala znanosti, Meteorolo\u0161kim izazovima dana\u0161njice, Otvorenim danima PMF-a, Otvorenim danima Sveu\u010dili\u0161ta u Rijeci, Summer School of Science, Znanstvenom pikniku&#8230; Udruga tako\u0111er provodi me\u0111unarodni GLOBE program koji se bavi \u0161irom popularizacijom <a href=\"https:\/\/pubweb.carnet.hr\/znanstvenici-amateri\/o-nama\/\" rel=\"nofollow\"><span class=\"sr-only\">Read more about O nama<\/span>[&hellip;]<\/a><\/p>\n","protected":false},"author":846,"featured_media":0,"parent":0,"menu_order":0,"comment_status":"closed","ping_status":"closed","template":"","meta":{"footnotes":""},"class_list":["post-54","page","type-page","status-publish","hentry"],"_links":{"self":[{"href":"https:\/\/pubweb.carnet.hr\/znanstvenici-amateri\/wp-json\/wp\/v2\/pages\/54","targetHints":{"allow":["GET"]}}],"collection":[{"href":"https:\/\/pubweb.carnet.hr\/znanstvenici-amateri\/wp-json\/wp\/v2\/pages"}],"about":[{"href":"https:\/\/pubweb.carnet.hr\/znanstvenici-amateri\/wp-json\/wp\/v2\/types\/page"}],"author":[{"embeddable":true,"href":"https:\/\/pubweb.carnet.hr\/znanstvenici-amateri\/wp-json\/wp\/v2\/users\/846"}],"replies":[{"embeddable":true,"href":"https:\/\/pubweb.carnet.hr\/znanstvenici-amateri\/wp-json\/wp\/v2\/comments?post=54"}],"version-history":[{"count":2,"href":"https:\/\/pubweb.carnet.hr\/znanstvenici-amateri\/wp-json\/wp\/v2\/pages\/54\/revisions"}],"predecessor-version":[{"id":563,"href":"https:\/\/pubweb.carnet.hr\/znanstvenici-amateri\/wp-json\/wp\/v2\/pages\/54\/revisions\/563"}],"wp:attachment":[{"href":"https:\/\/pubweb.carnet.hr\/znanstvenici-amateri\/wp-json\/wp\/v2\/media?parent=54"}],"curies":[{"name":"wp","href":"https:\/\/api.w.org\/{rel}","templated":true}]}}