{"id":488,"date":"2019-01-01T15:46:13","date_gmt":"2019-01-01T14:46:13","guid":{"rendered":"https:\/\/pubweb.carnet.hr\/znanstvenici-amateri\/?page_id=488"},"modified":"2019-05-09T13:59:04","modified_gmt":"2019-05-09T11:59:04","slug":"globe-smotre","status":"publish","type":"page","link":"https:\/\/pubweb.carnet.hr\/znanstvenici-amateri\/globe-smotre\/","title":{"rendered":"SUSRETI (SMOTRE) HRVATSKIH GLOBE \u0160KOLA"},"content":{"rendered":"<p><\/a><\/p>\n<p style=\"color: black;text-align: center;padding:50px\"><a href=\"https:\/\/pubweb.carnet.hr\/znanstvenici-amateri\/globe-smotra-2019\/\" rel=\"noopener\" target=\"_blank\" style=\"color: black;text-align: center\"><strong>22. Susret hrvatskih GLOBE \u0161kola ZAGREB 2019.<\/strong><img decoding=\"async\" class=\"aligncenter\" style=\"width: 200px;margin-top:20px\" src=\"https:\/\/drive.google.com\/uc?id=17O8AzDk-qrKmF17eFOj3yHvJVzKQRyPp\" alt=\"\" \/><\/a><\/p>\n<p style=\"color: black;text-align: center;padding:50px\"><a href=\"https:\/\/drive.google.com\/open?id=1KIYopDrDX0J8a-bjZmcUxYd00V52Kx7A\" rel=\"noopener\" target=\"_blank\" style=\"color: black;text-align: center\"><strong>21. Susret hrvatskih GLOBE \u0161kola OMI\u0160 2018.<\/strong><img decoding=\"async\" class=\"aligncenter\" style=\"width: 200px;margin-top:20px\" src=\"https:\/\/drive.google.com\/uc?id=1KIYopDrDX0J8a-bjZmcUxYd00V52Kx7A\" alt=\"\" \/><\/a><\/p>\n<p style=\"color: black;text-align: center;padding:50px\"><a href=\"https:\/\/drive.google.com\/open?id=1Q-T01cYHGCutEIKzpCpflmM5Xe-NHhXL\" rel=\"noopener\" target=\"_blank\" style=\"color: black;text-align: center\"><strong>20. Susret hrvatskih GLOBE \u0161kola ZADAR 2017.<\/strong><img decoding=\"async\" class=\"aligncenter\" style=\"width: 200px;margin-top:20px\" src=\"https:\/\/drive.google.com\/uc?id=1Q-T01cYHGCutEIKzpCpflmM5Xe-NHhXL\" alt=\"\" \/><\/a><\/p>\n<p style=\"color: black;text-align: center;padding:50px\"><a href=\"https:\/\/drive.google.com\/open?id=1WN3-5RQXNVEi5kqQTuKFdlYoCqsvvLHy\" rel=\"noopener\" target=\"_blank\" style=\"color: black;text-align: center\"><strong>19. Susret hrvatskih GLOBE \u0161kola ZADAR 2016.<\/strong><img decoding=\"async\" class=\"aligncenter\" style=\"width: 200px;margin-top:20px\" src=\"https:\/\/drive.google.com\/uc?id=1WN3-5RQXNVEi5kqQTuKFdlYoCqsvvLHy\" alt=\"\" \/><\/a><\/p>\n<p style=\"color: black;text-align: center;padding:50px\"><a href=\"https:\/\/drive.google.com\/open?id=1O4SMUrLCH4Vc7hCoXVPrwtV21gUhARIG\" rel=\"noopener\" target=\"_blank\" style=\"color: black;text-align: center\"><strong>18. Susret hrvatskih GLOBE \u0161kola DARUVAR 2015.<\/strong><img decoding=\"async\" class=\"aligncenter\" style=\"width: 200px;margin-top:20px\" src=\"https:\/\/drive.google.com\/uc?id=1O4SMUrLCH4Vc7hCoXVPrwtV21gUhARIG\" alt=\"\" \/><\/a><\/p>\n<p style=\"color: black;text-align: center;padding:50px\"><a href=\"https:\/\/drive.google.com\/open?id=1nBhV63nLTg3UT-pEIDpOTVExibyLeXyv\" rel=\"noopener\" target=\"_blank\" style=\"color: black;text-align: center\"><strong>17. Susret hrvatskih GLOBE \u0161kola SOLIN\/TROGIR 2014.<\/strong><img decoding=\"async\" class=\"aligncenter\" style=\"width: 200px;margin-top:20px\" src=\"https:\/\/drive.google.com\/uc?id=1nBhV63nLTg3UT-pEIDpOTVExibyLeXyv\" alt=\"\" \/><\/a><\/p>\n<p style=\"color: black;text-align: center;padding:50px\"><a href=\"https:\/\/drive.google.com\/open?id=1tioOYDDL0yHaa0TGpnG80lWFRGKv_7ZR\" rel=\"noopener\" target=\"_blank\" style=\"color: black;text-align: center\"><strong>16. Susret hrvatskih GLOBE \u0161kola ZADAR 2013.<\/strong><img decoding=\"async\" class=\"aligncenter\" style=\"width: 200px;margin-top:20px\" src=\"https:\/\/drive.google.com\/uc?id=1tioOYDDL0yHaa0TGpnG80lWFRGKv_7ZR\" alt=\"\" \/><\/a><\/p>\n<p style=\"color: black;text-align: center;padding:50px\"><a href=\"https:\/\/drive.google.com\/open?id=1DipkatkivefmVtLEBkLAWIRwS45fr8vW\" rel=\"noopener\" target=\"_blank\" style=\"color: black;text-align: center\"><strong>15. Susret hrvatskih GLOBE \u0161kola LABIN 2012.<\/strong><img decoding=\"async\" class=\"aligncenter\" style=\"width: 200px;margin-top:20px\" src=\"https:\/\/drive.google.com\/uc?id=1DipkatkivefmVtLEBkLAWIRwS45fr8vW\" alt=\"\" \/><\/a><\/p>\n<p style=\"color: black;text-align: center;padding:50px\"><a href=\"https:\/\/drive.google.com\/open?id=1dZFfgPMQhamXXSxeZIWPHQycYv_K6E94\" rel=\"noopener\" target=\"_blank\" style=\"color: black;text-align: center\"><strong>14. Susret hrvatskih GLOBE \u0161kola \u010cAKOVEC 2011.<\/strong><img decoding=\"async\" class=\"aligncenter\" style=\"width: 200px;margin-top:20px\" src=\"https:\/\/drive.google.com\/uc?id=1dZFfgPMQhamXXSxeZIWPHQycYv_K6E94\" alt=\"\" \/><\/a><\/p>\n<p style=\"color: black;text-align: center;padding:50px\"><a href=\"https:\/\/drive.google.com\/open?id=18zuo2GRsFFzWo0sFhi6lcE7AmaGeGlCH\" rel=\"noopener\" target=\"_blank\" style=\"color: black;text-align: center\"><strong>13. Susret hrvatskih GLOBE \u0161kola ZADAR 2010.<\/strong><img decoding=\"async\" class=\"aligncenter\" style=\"width: 200px;margin-top:20px\" src=\"https:\/\/drive.google.com\/uc?id=18zuo2GRsFFzWo0sFhi6lcE7AmaGeGlCH\" alt=\"\" \/><\/a><\/p>\n<p style=\"color: black;text-align: center;padding:50px\"><a href=\"https:\/\/drive.google.com\/open?id=1F-GO4Ik6fi02bfHIDwLQWTTKMHczGmcW\" rel=\"noopener\" target=\"_blank\" style=\"color: black;text-align: center\"><strong>12. Susret hrvatskih GLOBE \u0161kola PREKO 2009.<\/strong><img decoding=\"async\" class=\"aligncenter\" style=\"width: 200px;margin-top:20px\" src=\"https:\/\/drive.google.com\/uc?id=1F-GO4Ik6fi02bfHIDwLQWTTKMHczGmcW\" alt=\"\" \/><\/a><\/p>\n<p style=\"color: black;text-align: center;padding:50px\"><a href=\"https:\/\/drive.google.com\/open?id=18OAFdmxSETGpMOFjA_GhnIhndV7fYcRm\" rel=\"noopener\" target=\"_blank\" style=\"color: black;text-align: center\"><strong>11. Susret hrvatskih GLOBE \u0161kola TISNO I MURTER 2008.<\/strong><img decoding=\"async\" class=\"aligncenter\" style=\"width: 200px;margin-top:20px\" src=\"https:\/\/drive.google.com\/uc?id=18OAFdmxSETGpMOFjA_GhnIhndV7fYcRm\" alt=\"\" \/><\/a><\/p>\n<p style=\"color: black;text-align: center;padding:50px\"><a href=\"https:\/\/drive.google.com\/open?id=1Qm6V7fZ9YhV6RqG1Q4Mfe29aS-msQY11\" rel=\"noopener\" target=\"_blank\" style=\"color: black;text-align: center\"><strong>10. Susret hrvatskih GLOBE \u0161kola MALI LO\u0160INJ 2007.<\/strong><img decoding=\"async\" class=\"aligncenter\" style=\"width: 200px;margin-top:20px\" src=\"https:\/\/drive.google.com\/uc?id=1Qm6V7fZ9YhV6RqG1Q4Mfe29aS-msQY11\" alt=\"\" \/><\/a><\/p>\n<p style=\"color: black;text-align: center;padding:50px\"><a href=\"https:\/\/drive.google.com\/open?id=1P2bmU2V_ntrSCwQRl9tOsThIXuboLDmm\" rel=\"noopener\" target=\"_blank\" style=\"color: black;text-align: center\"><strong>9. Susret hrvatskih GLOBE \u0161kola CRIKVENICA 2006.<\/strong><img decoding=\"async\" class=\"aligncenter\" style=\"width: 200px;margin-top:20px\" src=\"https:\/\/drive.google.com\/uc?id=1P2bmU2V_ntrSCwQRl9tOsThIXuboLDmm\" alt=\"\" \/><\/a><\/p>\n<p style=\"color: black;text-align: center;padding:50px\"><a href=\"https:\/\/drive.google.com\/open?id=1Gy57nJhwpmQVnLUt7YMQIRQWt-UAqkg3\" rel=\"noopener\" target=\"_blank\" style=\"color: black;text-align: center\"><strong>8. Susret hrvatskih GLOBE \u0161kola VARA\u017dDIN 2005.<\/strong><img decoding=\"async\" class=\"aligncenter\" style=\"width: 200px;margin-top:20px\" src=\"https:\/\/drive.google.com\/uc?id=1Gy57nJhwpmQVnLUt7YMQIRQWt-UAqkg3\" alt=\"\" \/><\/a><\/p>\n<p style=\"color: black;text-align: center;padding:50px\"><a href=\"https:\/\/drive.google.com\/open?id=1rHsYPi4JRXE50HYmYRsrGu_kqBJyl4OY\" rel=\"noopener\" target=\"_blank\" style=\"color: black;text-align: center\"><strong>7. Susret hrvatskih GLOBE \u0161kola DARUVAR 2004.<\/strong><img decoding=\"async\" class=\"aligncenter\" style=\"width: 200px;margin-top:20px\" src=\"https:\/\/drive.google.com\/uc?id=1rHsYPi4JRXE50HYmYRsrGu_kqBJyl4OY\" alt=\"\" \/><\/a><\/p>\n<p style=\"color: black;text-align: center;padding:50px\"><a href=\"https:\/\/drive.google.com\/open?id=1WlYak4gUeBvaf4Qo4yJfRyGYLSqP20zy\" rel=\"noopener\" target=\"_blank\" style=\"color: black;text-align: center\"><strong>6. Susret hrvatskih GLOBE \u0161kola \u0160IBENIK 2003.<\/strong><img decoding=\"async\" class=\"aligncenter\" style=\"width: 200px;margin-top:20px\" src=\"https:\/\/drive.google.com\/uc?id=1WlYak4gUeBvaf4Qo4yJfRyGYLSqP20zy\" alt=\"\" \/><\/a><\/p>\n<p style=\"color: black;text-align: center;padding:50px\"><a href=\"https:\/\/drive.google.com\/open?id=1UqNhXMISxSxYpbaRg6GQOuCwxbC2w4kZ\" rel=\"noopener\" target=\"_blank\" style=\"color: black;text-align: center\"><strong>5. Susret hrvatskih GLOBE \u0161kola STUBI\u010cKE TOPICE 2002.<\/strong><img decoding=\"async\" class=\"aligncenter\" style=\"width: 200px;margin-top:20px\" src=\"https:\/\/drive.google.com\/uc?id=1UqNhXMISxSxYpbaRg6GQOuCwxbC2w4kZ\" alt=\"\" \/><\/a><\/p>\n<p style=\"color: black;text-align: center;padding:50px\"><a href=\"https:\/\/drive.google.com\/open?id=1AdztlNSgcToyIT3F5jHNQJ4iJy7M49YN\" rel=\"noopener\" target=\"_blank\" style=\"color: black;text-align: center\"><strong>4. Susret hrvatskih GLOBE \u0161kola \u0160IBENIK 2001.<\/strong><img decoding=\"async\" class=\"aligncenter\" style=\"width: 200px;margin-top:20px\" src=\"https:\/\/drive.google.com\/uc?id=1AdztlNSgcToyIT3F5jHNQJ4iJy7M49YN\" alt=\"\" \/><\/a><\/p>\n<p style=\"color: black;text-align: center;padding:50px\"><a href=\"https:\/\/znanstvenici-amateri.hr\/labin2000\/\" rel=\"noopener\" target=\"_blank\" style=\"color: black;text-align: center\"><strong>3. Susret hrvatskih GLOBE \u0161kola LABIN 2000.<\/strong><img decoding=\"async\" class=\"aligncenter\" style=\"width: 200px;margin-top:20px\" src=\"https:\/\/drive.google.com\/uc?id=1u3p35ZmIDMc2umT3j0FdWhFQ85Dk__gc\" alt=\"\" \/><\/a><\/p>\n<details style=\"color: transparent\">\n<summary>\n<p style=\"color: black;text-align: center\"><strong>2. Susret hrvatskih GLOBE \u0161kola OPATIJA 1999.<\/strong><\/p>\n<p><img decoding=\"async\" class=\"aligncenter\" style=\"width: 200px\" src=\"https:\/\/drive.google.com\/uc?id=14DETuvDo6g4X6lLFcrTw-1Lth2wvcrby\" alt=\"\" \/><br \/>\n<\/summary>\n<p><a style=\"color: black\">DRUGI SUSRET HRVATSKIH GLOBE \u0160KOLA OPATIJA<br \/>\nO\u0160 Rikarda Kataleni\u0107a Jeretova 28. &#8211; 30. lipnja 1999.<br \/>\nCILJ SUSTRETA:<br \/>\nCilj okupljanja predstavnika hrvatskih GLOBE \u0161kola je razmjena iskustava o ostvarivanju programa, poticanje istra\u017eiva\u010dkog pristupa i suvremenih oblika u\u010denja, pronala\u017eenje novih puteva suradnje te me\u0111usobno upoznavanje i zbli\u017eavanje.<\/p>\n<p>TKO SU SUDIONICI SUSRETA?<br \/>\nNa temelju pristiglih prijava \u0161kola Dr\u017eavno povjerenstvo za provedbu susreta potvrdit \u0107e sudionike, a zatim pismeno o tome obavijestiti \u0161kole. Svaka od odabranih \u0161kola mo\u017ee sudjelovati s tri u\u010denika u pratnji jednog nastavnika-voditelja.<br \/>\nSudjelovanje na dr\u017eavnom susretu GLOBE \u0161kola, za izabrane predstavnike pojedine \u0161kole treba biti nagrada i poticaj.<br \/>\nNa susretu se ponajprije trebaju predstaviti \u0161kole koje program aktivno ostvaruju.<br \/>\nUsprkos tome \u0161to su neke \u0161kole uslijed razli\u010ditih, \u010desto tehni\u010dkih ili kadrovskih problema privremeno posustale u prikupljanju podataka, ostavlja se i njima mogu\u010dnost sudjelovanja na susretu, ukoliko ostvaruju zanimljive aktivnosti u vezi s programom GLOBE ili je on uklopljen u cjeloviti \u0161kolski projekt za okoli\u0161. Dr\u017eavno \u0107e povjerenstvo na temelju kratkog opisa &#8211; sa\u017eetka prezentacije, kojeg treba prilo\u017eiti prijavi \u0161kole, prosuditi o opravdanosti nastupa i te \u0161kole na dr\u017eavnom susretu.<\/p>\n<p>PREDSTAVLJANJE RADA \u0160KOLA<br \/>\nKod predstavljanja rada \u0161kole treba voditi ra\u010duna o sadr\u017eaju koji je specifi\u010dan za \u0161kolu i koji \u0107e ostalim sudionicima biti zanimljiv. Primjerice:<br \/>\n&#8211; koji se podaci prikupljaju i koliko dugo?<br \/>\n&#8211; kako je program organiziran<br \/>\n&#8211; koliko je u\u010denika i nastavnika obuhva\u0107eno?<br \/>\n&#8211; kako se cijela \u0161kola uklju\u010duje i ostvaruje li se suradnja s \u010dimbenicima izvan \u0161kole?<br \/>\n&#8211; koji se dijelovi GLOBE programa uklapaju u redovitu nastavu?<br \/>\n&#8211; jesu li ostvareni kontakti s drugim GLOBE \u0161kolama u domovini ili u svijetu?<br \/>\n&#8211; je li ostvarivanje programa GLOBE potaklo istra\u017eiva\u010dke ili druge projekte u \u0161koli?<br \/>\nU programu GLOBE posebna se pozornost posve\u010duje kori\u0161tenju baze podataka i uvo\u0111enju u\u010denika u samostalnu provedbu istra\u017eiva\u010dkih projekata, koji se temelje na analizi i usporedbi podataka iz GLOBE baze. Ti podaci, odnosno vlastita baza podataka mogu biti poticaj za provedbu dodatnog terenskog istra\u017eivanja, odnosno poticaj za suradnju s drugim partnerima (\u0161kolama, gospodarskim tvrtkama, institucijama ili upravom). Takav se \u0161kolski projekt oslanja na program GLOBE ili je njime potaknut, a neposredno je u funkciji odgoja i obrazovanja za okoli\u0161, provo\u0111enja aktivnosti za\u0161tite okoli\u0161a, odnosno podizanja ekolo\u0161ke svijesti na razini lokalne zajednice.<br \/>\n\u0160kole koje \u017eele predstaviti svoj projekt vezan uz GLOBE, koje koriste bazu podataka za vlastita dodatna istraivanja, koje provode dodatna mjerenja i opa\u017eanja, koje prate i interpretiraju posebno jedan ili kombinaciju vi\u0161e segmenata programa GLOBE, mo\u0107i \u0107e svoj rad predstaviti u posebno dodijeljenom 10-minutnom terminu, koji \u0107e biti odre\u0111en u vremenu za prezentacije projekata.<br \/>\nMolimo vas stoga da sa\u017eetak takve prezentacije &#8211; od najvi\u0161e 1 kartice teksta, uz opis potrebnih tehni\u010dkih uvjeta (ra\u010dunalo, video, grafoskop, dijaprojektor) dostavite uz va\u0161u prijavu, najkasnije do 5. lipnja 1999. na adresu koordinatora. Na temelju va\u0161eg podneska Dr\u017eavno \u0107e povjerenstvo prosuditi o potrebi dodjeljivanja posebnog termina za va\u0161u prezentaciju ili je ona mogu\u0107a u sklopu prezentacije rada va\u0161e \u0161kole.<\/p>\n<p>NA\u010cIN PREDSTAVLJANJA \u0160KOLA:<\/p>\n<p>\u0160kole \u0107e predstavljati svoj rad na ostvarivanju programa GLOBE putem:<br \/>\n1. postera (plakata) dimenzija cca 70&#215;100 cm (Nema posebno strogih zahtjeva u smislu sadr\u017eaja ili forme) Posteri \u0107e biti izlo\u017eeni u predvorju \u0161kole doma\u0107ina cijelo vrijeme trajanja susreta, a predstavnici \u0161kola trebat \u0107e u odre\u0111eno vrijeme biti na raspolaganju za razgovor i davanje informacija onima koji \u0107e postere razgledavati.<\/p>\n<p>2. kompjutorske prezentacije &#8211; html, Power point ili drugo \u0161kole \u0107e dobiti odre\u0111eni termin za kompjutersku prezentaciju koja ne bi smjela trajati dulje od 10 minuta.<\/p>\n<p>3. video zapisa &#8211; trajanja do 5 minuta. Video zapis za prezentaciju rada \u0161kole nije sam sebi svrha, ve\u0107 se koristi kao dopunski oblik predstavljanja onoga \u0161to se nije moglo predstaviti posterom ili na kompjutoru. Imat \u0107e smisla prikazati samo iznimno uspje\u0161ne, kreativno osmi\u0161ljene ili originalne zapise, jer se temeljni sadr\u017eaji u svim GLOBE \u0161kolama zapravo malo meusobno razlikuju.<\/p>\n<p>4. ostalim oblicima prezentacije \u0161kola &#8211; ohrabrujemo scenske nastupe, glazbene brojeve ili drugo. Sve to naravno, mora biti sadr\u017eajno vezano s programom GLOBE.<\/p>\n<p>Posebno \u0107e povjerenstvo ocjenjivati prezentacije \u0161kola pa \u0107e priznanja biti dodijeljena najuspje\u0161nijima. \u0160kola se ne treba predstaviti na sve opisane na\u010dine. Mo\u017eda je u\u010dinkovitije usredoto\u010diti se samo na jedan i tu posti\u0107i originalnost, kvalitetu i dopadljivost.<\/p>\n<p>\u0160kole \u0107e predstaviti svoje projekte vezane uz program GLOBE: \u0161kolski projekt mo\u017ee biti predstavljen i u okviru predstavljanja rada \u0161kole. No, \u0161kola koja \u017eeli predstaviti svoj projekt u posebnom, dodatnom terminu mo\u017ee za to dobiti 10 minuta tijekom plenarnog sastanka. Samo projekti koji svojom temeljnom idejom, svrhovitou, razradom i stupnjem realizacije dosegnu odre\u0111enu razinu kvalitete, dobit \u0107e taj dodatni termin tijekom kojeg mogu koristiti re\u010dunalo + LCD projektor, video projektor i drugu potrebnu tehniku. Sa\u017eetak izlaganja o projektu, najvi\u0161e do jedne kartice teksta treba poslati uz prijavu za sudjelovanje na susretu.<br \/>\nNATJECANJE GLOBE \u0160KOLA<br \/>\nNatjecanje na susretu GLOBE kola je prijateljsko nadmetanje u spretnosti i poznavanju GLOBE vje\u0161tina. Svrha mu je u\u010denje kroz igru, timski rad te dru\u017eenje i zabava.<br \/>\nTro\u010dlane \u0161kolske ekipe natjecat \u0107e se u dvije kategorije &#8211; osnovne i srednje \u0161kole.<br \/>\nNa orijentacijskoj stazi ekipe \u0107e uz pomo\u0107 zemljovida i kompasa prona\u0107i kontrolne to\u010dke i rije\u0161iti zadatke vezane uz GLOBE mjerenja (biologija i biometrija, atmosferska mjerenja, fizikalno-kemijska mjerenja vode &#8211; pH, koli\u010dina kisika, temperatura, alkalitet, salinitet), te uz poznavanje GLOBE web stranica.<br \/>\nEkipe \u0107e se prijavljivati za natjecanje uo\u010di njegovog odr\u017eavanja.<br \/>\nMOLIMO DA SVAKA EKIPA DONESE VLASTITI KOMPAS!!!!<\/p>\n<p>RADIONICE I PREDAVANJA<br \/>\nTijekom susreta odr\u017eat \u0107e se stru\u010dna predavanja, a u\u010denici i nastavnici \u0107e mo\u0107i sudjelovati u bar dvije radionice. Teme radionica bit \u0107e voda, biologija i biometrija, daljinsko istra\u017eivanje i odre\u0111ivanje tipa pokrova.<\/p>\n<p>PRIJAVE I SMJETAJ SUDIONIKA<br \/>\nPrijave za Drugi susret hrvatskih GLOBE \u0161kola treba poslati na adresu koordinatora:<br \/>\nZavod za unapre\u0111enje \u0161kolstva<br \/>\n10000 ZAGREB<br \/>\nBadali\u0107eva 24<br \/>\nn\/r Diane Gara\u0161i\u0107<br \/>\nfaks: 01 38 20 239, najkasnije do 5. lipnja. Sudionici iz \u0161kola pozvanih na susret na temelju pristiglih prijava, bit \u0107e smje\u0161teni o tro\u0161ku organizatora u hotelu Imperijal u Opatiji. Smje\u0161taj je predvi\u0111en u dvo- i tro-krevetnim sobama. Podrobnije obavijesti bit \u0107e dostavljene uz kona\u010dni poziv sudionicima, najkasnije do 15. lipnja 1999.<\/a><\/p>\n<\/details>\n<p>&nbsp;<\/p>\n<details style=\"color: transparent\">\n<summary>\n<p style=\"color: black;text-align: center\"><strong>1. Susret hrvatskih GLOBE \u0161kola ZAGREB 1998.<\/strong><\/p>\n<p><img decoding=\"async\" class=\"aligncenter\" style=\"width: 200px\" src=\"https:\/\/drive.google.com\/uc?id=1MThdOGTliu4WpAF6AMts_k3FK9guL4uU\" alt=\"\" \/><br \/>\n<\/summary>\n<p><a style=\"color: black\">U Zagrebu je, pod pokroviteljstvom Predsjednika Republike Hrvatske, dr. Franje Tu\u0111mana, odr\u017ean prvi Susret hrvatskih GLOBE \u0161kola od 15. do 17. travnja 1998.<br \/>\nOrganizatori susreta bili su Ministarstvo prosvjete i \u0161porta, Grad Zagreb &#8211; Gradski ured za obrazovanje i \u0161port, ZGO d.o.o. i Jarun d.o.o. Doma\u0107in Susreta bila je Osnovna \u0161kola Nikole Tesle u Pre\u010dkom.<\/a><\/p>\n<\/details>\n<\/details>\n<p>&nbsp;<\/p>\n","protected":false},"excerpt":{"rendered":"<p>22. Susret hrvatskih GLOBE \u0161kola ZAGREB 2019. 21. Susret hrvatskih GLOBE \u0161kola OMI\u0160 2018. 20. Susret hrvatskih GLOBE \u0161kola ZADAR 2017. 19. Susret hrvatskih GLOBE \u0161kola ZADAR 2016. 18. Susret hrvatskih GLOBE \u0161kola DARUVAR 2015. 17. Susret hrvatskih GLOBE \u0161kola SOLIN\/TROGIR 2014. 16. Susret hrvatskih GLOBE \u0161kola ZADAR 2013. 15. Susret hrvatskih GLOBE \u0161kola LABIN <a href=\"https:\/\/pubweb.carnet.hr\/znanstvenici-amateri\/globe-smotre\/\" rel=\"nofollow\"><span class=\"sr-only\">Read more about SUSRETI (SMOTRE) HRVATSKIH GLOBE \u0160KOLA<\/span>[&hellip;]<\/a><\/p>\n","protected":false},"author":846,"featured_media":0,"parent":0,"menu_order":0,"comment_status":"closed","ping_status":"closed","template":"","meta":{"footnotes":""},"class_list":["post-488","page","type-page","status-publish","hentry"],"_links":{"self":[{"href":"https:\/\/pubweb.carnet.hr\/znanstvenici-amateri\/wp-json\/wp\/v2\/pages\/488","targetHints":{"allow":["GET"]}}],"collection":[{"href":"https:\/\/pubweb.carnet.hr\/znanstvenici-amateri\/wp-json\/wp\/v2\/pages"}],"about":[{"href":"https:\/\/pubweb.carnet.hr\/znanstvenici-amateri\/wp-json\/wp\/v2\/types\/page"}],"author":[{"embeddable":true,"href":"https:\/\/pubweb.carnet.hr\/znanstvenici-amateri\/wp-json\/wp\/v2\/users\/846"}],"replies":[{"embeddable":true,"href":"https:\/\/pubweb.carnet.hr\/znanstvenici-amateri\/wp-json\/wp\/v2\/comments?post=488"}],"version-history":[{"count":2,"href":"https:\/\/pubweb.carnet.hr\/znanstvenici-amateri\/wp-json\/wp\/v2\/pages\/488\/revisions"}],"predecessor-version":[{"id":748,"href":"https:\/\/pubweb.carnet.hr\/znanstvenici-amateri\/wp-json\/wp\/v2\/pages\/488\/revisions\/748"}],"wp:attachment":[{"href":"https:\/\/pubweb.carnet.hr\/znanstvenici-amateri\/wp-json\/wp\/v2\/media?parent=488"}],"curies":[{"name":"wp","href":"https:\/\/api.w.org\/{rel}","templated":true}]}}