{"id":453,"date":"2018-12-31T16:57:13","date_gmt":"2018-12-31T15:57:13","guid":{"rendered":"https:\/\/pubweb.carnet.hr\/znanstvenici-amateri\/?page_id=453"},"modified":"2020-01-04T19:09:52","modified_gmt":"2020-01-04T18:09:52","slug":"globe-protokoli","status":"publish","type":"page","link":"https:\/\/pubweb.carnet.hr\/znanstvenici-amateri\/globe-protokoli\/","title":{"rendered":"<strong>GLOBE protokoli<strong>"},"content":{"rendered":"<p>&nbsp;<\/p>\n<details>\n<summary style=\"font-family: arial black;font-size: 25px\"><strong>Po\u010detak<\/strong><\/summary>\n<p>&nbsp;<\/p>\n<p><a href=\"https:\/\/drive.google.com\/open?id=1qY8p9km6LvPvQ1IJbfoZ_a8ioKz81KHb\" rel=\"noopener\" target=\"_blank\" style=\"color: blue;font-family: arial black;font-size: 20px\">Zemlja kao sustav<\/a><\/p>\n<p><a href=\"https:\/\/drive.google.com\/open?id=1oCpn6YSlJIFjf3qd8zikDhrq3FMVDEAE\" rel=\"noopener\" target=\"_blank\" style=\"color: blue;font-family: arial black;font-size: 20px\">Daljinsko istra\u017eivanje<\/a><\/p>\n<p><a href=\"https:\/\/drive.google.com\/open?id=1qY8p9km6LvPvQ1IJbfoZ_a8ioKz81KHb\" rel=\"noopener\" target=\"_blank\" style=\"color: blue;font-family: arial black;font-size: 20px\">Biranje GLOBE postaje<\/a><br \/>\n<\/details>\n<p>&nbsp;<\/p>\n<details>\n<summary style=\"font-family: arial black;font-size: 25px\"><strong>Atmosfera<\/strong><\/summary>\n<p>&nbsp;<\/p>\n<p><a href=\"https:\/\/drive.google.com\/open?id=1w6hnbFPKawRo847IZldB7gWL7S8OHbiV\" rel=\"noopener\" target=\"_blank\" style=\"color: blue;font-family: arial black;font-size: 20px\">Atmosfera 1<\/a><\/p>\n<p><a href=\"https:\/\/drive.google.com\/open?id=1Gtc1vtFZ8eHKbpPD7hgXOEsbDRZxH7fF\" rel=\"noopener\" target=\"_blank\" style=\"color: blue;font-family: arial black;font-size: 20px\">Atmosfera 2<\/a><\/p>\n<p><a href=\"https:\/\/drive.google.com\/open?id=1DY6bjLRlCfKYKbX89FE21-G9eymshDRz\" rel=\"noopener\" target=\"_blank\" style=\"color: blue;font-family: arial black;font-size: 20px\">Ozon<\/a><\/p>\n<p><a href=\"https:\/\/drive.google.com\/open?id=1m68ofbjOXn__fzRAM3_6QMlHHxVRMXh6\" rel=\"noopener\" target=\"_blank\" style=\"color: blue;font-family: arial black;font-size: 20px\">Ozon 2<\/a><\/p>\n<p><a href=\"https:\/\/drive.google.com\/open?id=1C0q8kU1av9q_JTVDBrpseWeKbkLGpJ31\" rel=\"noopener\" target=\"_blank\" style=\"color: blue;font-family: arial black;font-size: 20px\">Aerosoli<\/a><\/p>\n<p><a href=\"https:\/\/drive.google.com\/open?id=1gzcPqw4jjDKl7jZMg6p0aRwdTP8XX5iG\" rel=\"noopener\" target=\"_blank\" style=\"color: blue;font-family: arial black;font-size: 20px\">Aerosoli 2<\/a><\/p>\n<p><a href=\"https:\/\/drive.google.com\/open?id=1fncOV__kaelbbudd60W5vO1U-wxqPSYM\" rel=\"noopener\" target=\"_blank\" style=\"color: blue;font-family: arial black;font-size: 20px\">Statisti\u010dka kontrola i obrada<\/a><\/p>\n<p><a href=\"https:\/\/drive.google.com\/open?id=1pcDFDAEZ0h032pZ-NMGGP5jQI3CD1t9m\" rel=\"noopener\" target=\"_blank\" style=\"color: blue;font-family: arial black;font-size: 20px\">Slanje podataka<\/a><\/p>\n<\/details>\n<p>&nbsp;<\/p>\n<details>\n<summary style=\"font-family: arial black;font-size: 25px\"><strong>Hidrosfera<\/strong><\/summary>\n<p>&nbsp;<\/p>\n<p><a href=\"https:\/\/drive.google.com\/open?id=13LGxYsxoxapZb9Siun9lJahBMoS6epxI\" rel=\"noopener\" target=\"_blank\" style=\"color: blue;font-family: arial black;font-size: 20px\">Voda<\/a><\/p>\n<p><a href=\"https:\/\/drive.google.com\/open?id=1S8TPz4de1lJ4JzENa5ig2m0YV_3D_pMO\" rel=\"noopener\" target=\"_blank\" style=\"color: blue;font-family: arial black;font-size: 20px\">Makrozoobentos<\/a><br \/>\n<\/details>\n<p>&nbsp;<\/p>\n<details>\n<summary style=\"font-family: arial black;font-size: 25px\"><strong>Biosfera<\/strong><\/summary>\n<p>&nbsp;<\/p>\n<details>\n<summary style=\"font-family: arial black;font-size: 20px;margin-left:5%\"><strong>Pokrov<\/strong><\/summary>\n<p>&nbsp;<br \/>\n<a href=\"https:\/\/drive.google.com\/open?id=1qrxXRF6ydeYW3MdC7u1XxH9-pr22xdrP\" rel=\"noopener\" target=\"_blank\" style=\"color: blue;font-family: arial black;font-size: 20px;margin-left:5%\">Biometrija<\/a><\/p>\n<p><a href=\"https:\/\/drive.google.com\/open?id=1NBRnbObnWXPX3GB62S9TpofqJiJg7QwZ\" rel=\"noopener\" target=\"_blank\" style=\"color: blue;font-family: arial black;font-size: 20px;margin-left:5%\">Istra\u017eivanje pokrova<\/a><\/p>\n<p><a href=\"https:\/\/drive.google.com\/open?id=15Dw7Sq-FZl701zgjqxh7PW0qkAoI6W9P\" rel=\"noopener\" target=\"_blank\" style=\"color: blue;font-family: arial black;font-size: 20px;margin-left:5%\">Vizualna intepretacija<\/a><\/p>\n<p><a href=\"https:\/\/drive.google.com\/open?id=1joFok7yf1wCDit9zTf6yLnct9gNJVPN-\" rel=\"noopener\" target=\"_blank\" style=\"color: blue;font-family: arial black;font-size: 20px;margin-left:5%\">MUC<\/a><\/p>\n<\/details>\n<p>&nbsp;<\/p>\n<details>\n<summary style=\"font-family: arial black;font-size: 20px;margin-left:5%\"><strong>Fenologija<\/strong><\/summary>\n<p>&nbsp;<br \/>\n<a href=\"https:\/\/drive.google.com\/open?id=1l5Bue6WRhhYIo_bSPNowGQ8iIsdklzgI\" rel=\"noopener\" target=\"_blank\" style=\"color: blue;font-family: arial black;font-size: 20px;margin-left:5%\">Uvod u fenologiju<\/a><\/p>\n<p><a href=\"https:\/\/drive.google.com\/open?id=1pbT6bh_o2D9zETgSep3TCGqemOXN5DXZ\" rel=\"noopener\" target=\"_blank\" style=\"color: blue;font-family: arial black;font-size: 20px;margin-left:5%\">Fenologija<\/a><\/p>\n<p><a href=\"https:\/\/drive.google.com\/open?id=1-rPJ3b_q2uRKtvE__VfeOQIFzFVlQ1nn\" rel=\"noopener\" target=\"_blank\" style=\"color: blue;font-family: arial black;font-size: 20px;margin-left:5%\">Ozelenjavanje<\/a><\/p>\n<p><a href=\"https:\/\/drive.google.com\/open?id=1uqeNFk2OdtonLnEYlZq5vVw9HjU7xIyi\" rel=\"noopener\" target=\"_blank\" style=\"color: blue;font-family: arial black;font-size: 20px;margin-left:5%\">Pupanje<\/a><br \/>\n<\/details>\n<\/details>\n<p>&nbsp;<\/p>\n<details>\n<summary style=\"font-family: arial black;font-size: 25px\"><strong>Pedosfera<\/strong><\/summary>\n<p>&nbsp;<\/p>\n<p><a href=\"https:\/\/drive.google.com\/open?id=14nPucdT8Sf_Xp7qcSdLO-WFJm1mE02NW\" rel=\"noopener\" target=\"_blank\" style=\"color: blue;font-family: arial black;font-size: 20px\">Tlo<\/a><\/p>\n<p><a href=\"https:\/\/drive.google.com\/open?id=1dLpGQuVhfPNdJsJc3IHBoOi_QFyhYvWh\" rel=\"noopener\" target=\"_blank\" style=\"color: blue;font-family: arial black;font-size: 20px\">Tlo 2<\/a><br \/>\n<\/details>\n<\/details>\n","protected":false},"excerpt":{"rendered":"<p>&nbsp; Po\u010detak &nbsp; Zemlja kao sustav Daljinsko istra\u017eivanje Biranje GLOBE postaje &nbsp; Atmosfera &nbsp; Atmosfera 1 Atmosfera 2 Ozon Ozon 2 Aerosoli Aerosoli 2 Statisti\u010dka kontrola i obrada Slanje podataka &nbsp; Hidrosfera &nbsp; Voda Makrozoobentos &nbsp; Biosfera &nbsp; Pokrov &nbsp; Biometrija Istra\u017eivanje pokrova Vizualna intepretacija MUC &nbsp; Fenologija &nbsp; Uvod u fenologiju Fenologija Ozelenjavanje Pupanje <a href=\"https:\/\/pubweb.carnet.hr\/znanstvenici-amateri\/globe-protokoli\/\" rel=\"nofollow\"><span class=\"sr-only\">Read more about &lt;strong&gt;GLOBE protokoli&lt;strong&gt;<\/span>[&hellip;]<\/a><\/p>\n","protected":false},"author":846,"featured_media":0,"parent":0,"menu_order":0,"comment_status":"closed","ping_status":"closed","template":"","meta":{"footnotes":""},"class_list":["post-453","page","type-page","status-publish","hentry"],"_links":{"self":[{"href":"https:\/\/pubweb.carnet.hr\/znanstvenici-amateri\/wp-json\/wp\/v2\/pages\/453","targetHints":{"allow":["GET"]}}],"collection":[{"href":"https:\/\/pubweb.carnet.hr\/znanstvenici-amateri\/wp-json\/wp\/v2\/pages"}],"about":[{"href":"https:\/\/pubweb.carnet.hr\/znanstvenici-amateri\/wp-json\/wp\/v2\/types\/page"}],"author":[{"embeddable":true,"href":"https:\/\/pubweb.carnet.hr\/znanstvenici-amateri\/wp-json\/wp\/v2\/users\/846"}],"replies":[{"embeddable":true,"href":"https:\/\/pubweb.carnet.hr\/znanstvenici-amateri\/wp-json\/wp\/v2\/comments?post=453"}],"version-history":[{"count":3,"href":"https:\/\/pubweb.carnet.hr\/znanstvenici-amateri\/wp-json\/wp\/v2\/pages\/453\/revisions"}],"predecessor-version":[{"id":475,"href":"https:\/\/pubweb.carnet.hr\/znanstvenici-amateri\/wp-json\/wp\/v2\/pages\/453\/revisions\/475"}],"wp:attachment":[{"href":"https:\/\/pubweb.carnet.hr\/znanstvenici-amateri\/wp-json\/wp\/v2\/media?parent=453"}],"curies":[{"name":"wp","href":"https:\/\/api.w.org\/{rel}","templated":true}]}}