{"id":333,"date":"2018-12-31T11:49:39","date_gmt":"2018-12-31T10:49:39","guid":{"rendered":"https:\/\/pubweb.carnet.hr\/znanstvenici-amateri\/?page_id=333"},"modified":"2020-04-23T23:39:15","modified_gmt":"2020-04-23T21:39:15","slug":"izazov-urbane-prirode","status":"publish","type":"page","link":"https:\/\/pubweb.carnet.hr\/znanstvenici-amateri\/izazov-urbane-prirode\/","title":{"rendered":"Izazov urbane prirode"},"content":{"rendered":"<p>\n \t \t<img loading=\"lazy\" decoding=\"async\" class=\"aligncenter\" src=\"http:\/\/pubweb.carnet.hr\/znanstvenici-amateri\/wp-content\/uploads\/sites\/670\/2019\/12\/CNC19-Croatian_Sec-FC-2-297x300.jpg\" alt=\"Izazov urbane pririode\" width=\"351\" height=\"355\" \/><\/h1>\n<p> \t \t&nbsp;<\/p>\n<div>\n \t \t <strong>Izazov urbane prirode ciljano je okupljanje zainteresiranih pojedinaca i ustanova u zajedni\u010dkom nastojanju da se istra\u017ee i zabilje\u017ee \u017eiva bi\u0107a u urbaniziranim dijelovima diljem svijeta.<br \/>\n<!--To je natjecateljski tip doga\u0111aja u kojem se gradovi natje\u010du u kategorijama grada s najvi\u0161e zabilje\u017eenih \/\/opa\u017eanja, grada s najvi\u0161e prona\u0111enih vrsta i grada s najvi\u0161e uklju\u010denih sudionika.--><\/strong>\n \t \t<\/div>\n<p> \t \t<strong>Priroda je svugdje oko nas, a pomo\u0107u ovakvih doga\u0111aja gra\u0111ani poma\u017eu znanstvenicima istra\u017eiti bioraznolikost gradova, \u0161to je prvi korak pri daljnjoj za\u0161titi i istra\u017eivanju utjecaja \u010dovjeka na te vrste.<\/strong><br \/>\n \t \t<strong>Uklju\u010divanjem u ovaj doga\u0111aj ne samo da \u0107ete nau\u010diti vi\u0161e o lokalnoj prirodi, ve\u0107 \u0107ete i pomo\u0107i da va\u0161 grad postane bolje mjesto, kako za vas, tako i za druge vrste.<\/strong><\/p>\n<h2 style=\"text-align: center\">Ove godine u izazovu sudjeluju sljede\u0107i hrvatski gradovi:<\/h2>\n<div>\n \t \t<a style=\"color: red\" href=\"https:\/\/www.inaturalist.org\/projects\/city-nature-challenge-2020-karlovac\" target=\"_blank\" rel=\"noopener\"><img decoding=\"async\" class=\"aligncenter\" style=\"width:60%\" src=\"https:\/\/drive.google.com\/uc?id=1P_-gZlevqqh7JTETVBXXTN-rorXflO-c\" alt=\"Karlovac\" \/><\/a><br \/>\n \t \t&nbsp;<br \/>\n \t \t<a style=\"color: red\" href=\"https:\/\/www.inaturalist.org\/projects\/city-nature-challenge-2020-jastrebarsko\" target=\"_blank\" rel=\"noopener\"><img decoding=\"async\" class=\"aligncenter\" style=\"width:60%\" src=\"https:\/\/drive.google.com\/uc?id=14-YGrGuhmBqgRFeSiNh_u1dbCwGTG-Na\" alt=\"Jastrebarsko\" \/><\/a><br \/>\n \t \t&nbsp;<br \/>\n \t \t<a style=\"color: red\" href=\"https:\/\/www.inaturalist.org\/projects\/city-nature-challenge-2020-zagreb\" target=\"_blank\" rel=\"noopener\"><img decoding=\"async\" class=\"aligncenter\" style=\"width:60%\" src=\"https:\/\/drive.google.com\/uc?id=1-gYmYMk8TJtCwJwnpiH5KYpaYO28Yjgj\" alt=\"Zagreb\" \/><\/a>\n \t \t<\/div>\n<p> \t \t&nbsp;<\/p>\n<h2 style=\"text-align: center\">Sveukupno je u izazov uklju\u010deno vi\u0161e od 150 gradova diljem svijeta<\/h2>\n<\/p><\/div>\n<p> \t \t<img decoding=\"async\" style=\"width:100%\" src=\"https:\/\/drive.google.com\/uc?id=1gdEHSWx9wo03OoRR8I8ytBlKhKRXRAMP\" alt=\"\" \/><br \/>\n \t \t&nbsp;<\/p>\n<h2 style=\"text-align: center\">Izazov \u0107e se odvijati u dva dijela:<\/h2>\n<p> \t \t<img decoding=\"async\" style=\"width:80%\" class=\"aligncenter\" src=\"https:\/\/drive.google.com\/uc?id=1_AaMZqbOcedvVGbAsbufvenCpKhs8oU1\" alt=\"Izazov urbane prirode\" \/><br \/>\n \t \t&nbsp;<\/p>\n<h2 style=\"text-align: center\">Kako sudjelovati?<\/h2>\n<p> \t \t&nbsp;<\/p>\n<p style=\"float: left;font-size: 9pt;text-align: center;width: 100%;margin-right: 1%;margin-bottom: 0.5em\"><a href=\"https:\/\/drive.google.com\/uc?id=1LYOZH8mr1t4MaMwl-bRyFJUdCYyj03IA\" target=\"_blank\" rel=\"noopener\"><br \/>\n \t \t<img decoding=\"async\" style=\"width: 100%\" src=\"https:\/\/drive.google.com\/uc?id=1LYOZH8mr1t4MaMwl-bRyFJUdCYyj03IA\" \/><br \/>\n \t \t<\/a><\/p>\n<p> \t \t&nbsp;<br \/>\n \t \t&nbsp;<br \/>\n \t \t&nbsp;<br \/>\n \t \t&nbsp;<\/p>\n<div style=\"text-align:center\">\n<h2 style=\"text-align: center\"><strong>Opa\u017eanja mo\u017eete unositi na dva na\u010dina: <\/strong><\/h2>\n<\/div>\n<p>&nbsp;<\/p>\n<div style=\"text-align:center\">\n<h3><strong>Putem web stranice<\/strong><\/h3>\n<p><iframe loading=\"lazy\" width=\"356\" height=\"200\" src=\"https:\/\/www.youtube.com\/embed\/TIRGpO2R7uQ?feature=oembed\" frameborder=\"0\" allow=\"accelerometer; autoplay; encrypted-media; gyroscope; picture-in-picture\" allowfullscreen><\/iframe><br \/>\n&nbsp;<\/p>\n<h3><strong>Putem aplikacije<\/strong><\/h3>\n<p><iframe loading=\"lazy\" width=\"356\" height=\"200\" src=\"https:\/\/www.youtube.com\/embed\/xENz1xRu0wI?feature=oembed\" frameborder=\"0\" allow=\"accelerometer; autoplay; encrypted-media; gyroscope; picture-in-picture\" allowfullscreen><\/iframe><\/div>\n<p>\t \t&nbsp;<br \/>\n \t \t&nbsp;<\/p>\n<h4 style=\"color: green;text-align: center\"><\/h4>\n<h4 style=\"color: green;text-align: center\">Doga\u0111aj mo\u017eete pratiti i na slu\u017ebenoj Facebook stranici<\/h4>\n<p> \t \t<img decoding=\"async\" class=\"aligncenter size-medium wp-image-634\" style=\"margin-top: 20px\" src=\"http:\/\/pubweb.carnet.hr\/znanstvenici-amateri\/wp-content\/uploads\/sites\/670\/2019\/03\/600px-Facebook_logo_square-300x300.png\" alt=\"\" width=\"10%\" srcset=\"https:\/\/pubweb.carnet.hr\/znanstvenici-amateri\/wp-content\/uploads\/sites\/670\/2019\/03\/600px-Facebook_logo_square-300x300.png 300w, https:\/\/pubweb.carnet.hr\/znanstvenici-amateri\/wp-content\/uploads\/sites\/670\/2019\/03\/600px-Facebook_logo_square-150x150.png 150w, https:\/\/pubweb.carnet.hr\/znanstvenici-amateri\/wp-content\/uploads\/sites\/670\/2019\/03\/600px-Facebook_logo_square-250x250.png 250w, https:\/\/pubweb.carnet.hr\/znanstvenici-amateri\/wp-content\/uploads\/sites\/670\/2019\/03\/600px-Facebook_logo_square-174x174.png 174w, https:\/\/pubweb.carnet.hr\/znanstvenici-amateri\/wp-content\/uploads\/sites\/670\/2019\/03\/600px-Facebook_logo_square.png 600w\" sizes=\"(max-width: 300px) 100vw, 300px\" \/><\/p>\n<h4 style=\"color: green;text-align: center;margin-top: -20px\">https:\/\/www.facebook.com\/Izazov-urbane-prirode<\/h4>\n<p> \t \t&nbsp;<br \/>\n \t \t&nbsp;<\/p>\n<h2 style=\"color: green;text-align: center\">Vi\u0161e informacija na:<\/h2>\n<p> \t \t&nbsp;<\/p>\n<h4 style=\"color: green;text-align: center\">http:\/\/citynaturechallenge.org<\/h4>\n<p> \t \t&nbsp;<br \/>\n \t \t<img class=\"aligncenter\" style=\"width: 50%\" \/><img loading=\"lazy\" decoding=\"async\" class=\"aligncenter\" src=\"https:\/\/drive.google.com\/uc?id=19Wr2dyVTeLqcmwv6mbe0TamVpK-odnOa\" alt=\"Organizatori\" width=\"410\" height=\"277\" \/><\/p>\n","protected":false},"excerpt":{"rendered":"<p>&nbsp; Izazov urbane prirode ciljano je okupljanje zainteresiranih pojedinaca i ustanova u zajedni\u010dkom nastojanju da se istra\u017ee i zabilje\u017ee \u017eiva bi\u0107a u urbaniziranim dijelovima diljem svijeta. Priroda je svugdje oko nas, a pomo\u0107u ovakvih doga\u0111aja gra\u0111ani poma\u017eu znanstvenicima istra\u017eiti bioraznolikost gradova, \u0161to je prvi korak pri daljnjoj za\u0161titi i istra\u017eivanju utjecaja \u010dovjeka na te vrste. <a href=\"https:\/\/pubweb.carnet.hr\/znanstvenici-amateri\/izazov-urbane-prirode\/\" rel=\"nofollow\"><span class=\"sr-only\">Read more about Izazov urbane prirode<\/span>[&hellip;]<\/a><\/p>\n","protected":false},"author":846,"featured_media":0,"parent":0,"menu_order":0,"comment_status":"closed","ping_status":"closed","template":"template-fullwidth-no-title.php","meta":{"footnotes":""},"class_list":["post-333","page","type-page","status-publish","hentry"],"_links":{"self":[{"href":"https:\/\/pubweb.carnet.hr\/znanstvenici-amateri\/wp-json\/wp\/v2\/pages\/333","targetHints":{"allow":["GET"]}}],"collection":[{"href":"https:\/\/pubweb.carnet.hr\/znanstvenici-amateri\/wp-json\/wp\/v2\/pages"}],"about":[{"href":"https:\/\/pubweb.carnet.hr\/znanstvenici-amateri\/wp-json\/wp\/v2\/types\/page"}],"author":[{"embeddable":true,"href":"https:\/\/pubweb.carnet.hr\/znanstvenici-amateri\/wp-json\/wp\/v2\/users\/846"}],"replies":[{"embeddable":true,"href":"https:\/\/pubweb.carnet.hr\/znanstvenici-amateri\/wp-json\/wp\/v2\/comments?post=333"}],"version-history":[{"count":2,"href":"https:\/\/pubweb.carnet.hr\/znanstvenici-amateri\/wp-json\/wp\/v2\/pages\/333\/revisions"}],"predecessor-version":[{"id":1277,"href":"https:\/\/pubweb.carnet.hr\/znanstvenici-amateri\/wp-json\/wp\/v2\/pages\/333\/revisions\/1277"}],"wp:attachment":[{"href":"https:\/\/pubweb.carnet.hr\/znanstvenici-amateri\/wp-json\/wp\/v2\/media?parent=333"}],"curies":[{"name":"wp","href":"https:\/\/api.w.org\/{rel}","templated":true}]}}