{"id":1310,"date":"2022-04-26T02:57:53","date_gmt":"2022-04-26T00:57:53","guid":{"rendered":"https:\/\/pubweb.carnet.hr\/znanstvenici-amateri\/?page_id=1310"},"modified":"2022-04-27T13:10:29","modified_gmt":"2022-04-27T11:10:29","slug":"izazov-urbane-prirode-2022","status":"publish","type":"page","link":"https:\/\/pubweb.carnet.hr\/znanstvenici-amateri\/izazov-urbane-prirode-2022\/","title":{"rendered":"Izazov urbane prirode 2022."},"content":{"rendered":"<p>\u0160to je &#8220;Izazov urbane prirode&#8221; (City Nature Challenge) ?<\/p>\n<p>Doga\u0111aj organiziran na svjetskoj razini s ciljem istra\u017eivanja bioraznolikosti gradova.<br \/>\nZa njegovo pokretanje zaslu\u017ene su dvije osobe: Lila Higgins (Natural History Museum of Los Angeles County) i Alison Young (California Academy of Sciences) koje su od 2016. godine do danas ostale glavne osobe zadu\u017eene za organizaciju doga\u0111aja na globalnoj razini.<\/p>\n<p>Izazov urbane prirode je bioblitz, \u0161to zna\u010di da doga\u0111aj traje samo nekoliko dana tijekom koji se gradovi diljem svijeta natje\u010du u prikupljanju opa\u017eanja i uklju\u010divanju \u0161to vi\u0161e sudionika.<br \/>\nNaravno, naglasak nije na natjecanju ve\u0107 suradnji gra\u0111ana i istra\u017eiva\u010da u prou\u010davanju urbane bioraznolikosti.<\/p>\n<p class=\"c1\"><strong><span class=\"c17\">Va\u017eni datumi<\/span><span class=\"c13\">:<\/span><\/strong><\/p>\n<ul>\n<li>Fotografiranje i prikupljanje opa\u017eanja: 29. travnja \u2013 2. svibnja<\/li>\n<li>Upload opa\u017eanja na iNaturalist portal (https:\/\/www.inaturalist.org\/home) : 3. \u2013 8. svibnja<\/li>\n<li>Rezultati po gradovima:\u00a0 9. svibnja<\/li>\n<\/ul>\n<p>Sva opa\u017eanja se nakon uploada na iNaturalist stranicu sama pripajaju u odgovaraju\u0107i projekt i pribrajaju gradu na \u010dijem je mjestu opa\u017eanje zabilje\u017eeno. Ove godine samo Karlovac i Zagreb sudjeluju kao hrvatski predstavnici.<\/p>\n<p>Slu\u017ebena stranica projekta:<a href=\"https:\/\/citynaturechallenge.org\/\">\u00a0https:\/\/citynaturechallenge.org\/<\/a><\/p>\n<p><img loading=\"lazy\" decoding=\"async\" class=\"size-full wp-image-1342 aligncenter\" src=\"http:\/\/pubweb.carnet.hr\/znanstvenici-amateri\/wp-content\/uploads\/sites\/670\/2022\/04\/cnc-2022.png\" alt=\"\" width=\"707\" height=\"915\" srcset=\"https:\/\/pubweb.carnet.hr\/znanstvenici-amateri\/wp-content\/uploads\/sites\/670\/2022\/04\/cnc-2022.png 707w, https:\/\/pubweb.carnet.hr\/znanstvenici-amateri\/wp-content\/uploads\/sites\/670\/2022\/04\/cnc-2022-232x300.png 232w\" sizes=\"auto, (max-width: 707px) 100vw, 707px\" \/><\/p>\n<p>&nbsp;<\/p>\n","protected":false},"excerpt":{"rendered":"<p>\u0160to je &#8220;Izazov urbane prirode&#8221; (City Nature Challenge) ? Doga\u0111aj organiziran na svjetskoj razini s ciljem istra\u017eivanja bioraznolikosti gradova. Za njegovo pokretanje zaslu\u017ene su dvije osobe: Lila Higgins (Natural History Museum of Los Angeles County) i Alison Young (California Academy of Sciences) koje su od 2016. godine do danas ostale glavne osobe zadu\u017eene za organizaciju <a href=\"https:\/\/pubweb.carnet.hr\/znanstvenici-amateri\/izazov-urbane-prirode-2022\/\" rel=\"nofollow\"><span class=\"sr-only\">Read more about Izazov urbane prirode 2022.<\/span>[&hellip;]<\/a><\/p>\n","protected":false},"author":846,"featured_media":1342,"parent":0,"menu_order":0,"comment_status":"closed","ping_status":"closed","template":"","meta":{"footnotes":""},"class_list":["post-1310","page","type-page","status-publish","has-post-thumbnail","hentry"],"_links":{"self":[{"href":"https:\/\/pubweb.carnet.hr\/znanstvenici-amateri\/wp-json\/wp\/v2\/pages\/1310","targetHints":{"allow":["GET"]}}],"collection":[{"href":"https:\/\/pubweb.carnet.hr\/znanstvenici-amateri\/wp-json\/wp\/v2\/pages"}],"about":[{"href":"https:\/\/pubweb.carnet.hr\/znanstvenici-amateri\/wp-json\/wp\/v2\/types\/page"}],"author":[{"embeddable":true,"href":"https:\/\/pubweb.carnet.hr\/znanstvenici-amateri\/wp-json\/wp\/v2\/users\/846"}],"replies":[{"embeddable":true,"href":"https:\/\/pubweb.carnet.hr\/znanstvenici-amateri\/wp-json\/wp\/v2\/comments?post=1310"}],"version-history":[{"count":2,"href":"https:\/\/pubweb.carnet.hr\/znanstvenici-amateri\/wp-json\/wp\/v2\/pages\/1310\/revisions"}],"predecessor-version":[{"id":1350,"href":"https:\/\/pubweb.carnet.hr\/znanstvenici-amateri\/wp-json\/wp\/v2\/pages\/1310\/revisions\/1350"}],"wp:featuredmedia":[{"embeddable":true,"href":"https:\/\/pubweb.carnet.hr\/znanstvenici-amateri\/wp-json\/wp\/v2\/media\/1342"}],"wp:attachment":[{"href":"https:\/\/pubweb.carnet.hr\/znanstvenici-amateri\/wp-json\/wp\/v2\/media?parent=1310"}],"curies":[{"name":"wp","href":"https:\/\/api.w.org\/{rel}","templated":true}]}}