{"id":1146,"date":"2019-12-26T20:09:18","date_gmt":"2019-12-26T19:09:18","guid":{"rendered":"https:\/\/pubweb.carnet.hr\/znanstvenici-amateri\/?page_id=1146"},"modified":"2019-12-27T00:21:50","modified_gmt":"2019-12-26T23:21:50","slug":"izazov-urbane-prirode-2019","status":"publish","type":"page","link":"https:\/\/pubweb.carnet.hr\/znanstvenici-amateri\/izazov-urbane-prirode-2019\/","title":{"rendered":"Izazov urbane prirode 2019"},"content":{"rendered":"<p><img decoding=\"async\" src=\"https:\/\/drive.google.com\/uc?id=1tjuqTLU9TtH8B1Vxn9Xxlw7Lz2FJ4QS9\" alt=\"Izazov urbane prirode\" \/><\/p>\n<p>&nbsp;<\/p>\n<h2 style=\"text-align: center\">Dobrodo\u0161li u natjecanje &#8220;Izazov urbane prirode&#8221;!<\/h2>\n<div>\n&nbsp;<\/p>\n<h3>Izazov urbane prirode ciljano je okupljanje zainteresiranih pojedinaca i ustanova u zajedni\u010dkom nastojanju da se istra\u017ee i zabilje\u017ee \u017eiva bi\u0107a u urbaniziranim dijelovima diljem svijeta. To je natjecateljski tip doga\u0111aja u kojem se gradovi natje\u010du u kategorijama grada s najvi\u0161e nalaza, grada s najvi\u0161e prona\u0111enih vrsta i grada s najvi\u0161e uklju\u010denih sudionika.<br \/>\nPo prvi put, u doga\u0111aju \u0107e sudjelovati i dva hrvatska grada, a to su: <b>Karlovac<\/b> i <b>Zagreb<\/b><\/h3>\n<p>&nbsp;<br \/>\n&nbsp;<br \/>\n<b><\/p>\n<h3 style=\"color:green;text-align:center\">Njihove nalaze mo\u0107i \u0107e se pratiti preko stranice Inaturalist:<\/h3>\n<p><\/b><br \/>\n&nbsp;<br \/>\n&nbsp;<\/p>\n<h4 style=\"color:green;text-align:center\"><a href=\"https:\/\/www.inaturalist.org\/projects\/city-nature-challenge-2019-karlovac\" style=\"color:green;text-align:center\"> https:\/\/www.inaturalist.org\/projects\/city-nature-challenge-2019-karlovac<\/a><\/p>\n<h4>\n&nbsp;<br \/>\n&nbsp;<\/p>\n<h4 style=\"color:green;text-align:center\"><a href=\"https:\/\/www.inaturalist.org\/projects\/city-nature-challenge-2019-zagreb\" style=\"color:green;text-align:center\">https:\/\/www.inaturalist.org\/projects\/city-nature-challenge-2019-zagreb<\/a><\/h4>\n<\/div>\n<p>&nbsp;<br \/>\n&nbsp;<br \/>\n<img decoding=\"async\" src=\"https:\/\/drive.google.com\/uc?id=1gdEHSWx9wo03OoRR8I8ytBlKhKRXRAMP\" alt=\"\" \/>\n<\/div>\n<p>&nbsp;<\/p>\n<p>&nbsp;<\/p>\n<h2 style=\"text-align: center\">Kako sudjelovati?<\/h2>\n<p>&nbsp;<\/p>\n<p style=\"float: left;font-size: 9pt;text-align: center;width: 100%;margin-right: 1%;margin-bottom: 0.5em\">\n<a href=\"https:\/\/drive.google.com\/uc?id=1LYOZH8mr1t4MaMwl-bRyFJUdCYyj03IA\" target=\"_blank\" rel=\"noopener\"><br \/>\n<img decoding=\"async\" style=\"width: 100%\" src=\"https:\/\/drive.google.com\/uc?id=1LYOZH8mr1t4MaMwl-bRyFJUdCYyj03IA\" \/><br \/>\n<\/a>\n<\/p>\n<p><strong><\/p>\n<ol>\n<li>Posjetite\u00a0iNaturalist.org<\/li>\n<li>Izradite svoj iNaturalist ra\u010dun<\/li>\n<li>Preuzmite aplikaciju preko\u00a0AppStore\u00a0ili Google Play<\/li>\n<li>Prijavite se<\/li>\n<li>Po\u010dnite dijeliti svoja opa\u017eanja<\/li>\n<p><\/strong><\/p>\n<\/ol>\n<p>&nbsp;<br \/>\n&nbsp;<\/p>\n<h2 style=\"text-align: center\">Izazov urbane prirode odvijati \u0107e se u dva dijela<\/h2>\n<p style=\"float: left;font-weight: bold;text-align: center;width: 48%;margin-right: 1%;margin-bottom: 0.5em\">\n<a href=\"https:\/\/drive.google.com\/uc?id=1hm-V32txwyQUNfWFLpF0LH4qmeyktnKn\" target=\"_blank\" rel=\"noopener\"><br \/>\n<img decoding=\"async\" style=\"width: 50%\" src=\"https:\/\/drive.google.com\/uc?id=1hm-V32txwyQUNfWFLpF0LH4qmeyktnKn\" \/><br \/>\n<\/a><br \/>\nTerensko istra\u017eivanje\n<\/p>\n<p style=\"float: left;font-weight: bold;text-align: center;width: 48%;margin-right: 1%;margin-bottom: 0.5em\">\n<a href=\"https:\/\/drive.google.com\/uc?id=1P19iIhZADVSGZ-U6QbRiv8v49qks014V\" target=\"_blank\" rel=\"noopener\"><br \/>\n<img decoding=\"async\" style=\"width: 50%\" src=\"https:\/\/drive.google.com\/uc?id=1P19iIhZADVSGZ-U6QbRiv8v49qks014V\" \/><br \/>\n<\/a><br \/>\nIdentifikacija\n<\/p>\n<p>&nbsp;<br \/>\n&nbsp;<br \/>\n&nbsp;<br \/>\n&nbsp;<br \/>\n&nbsp;<br \/>\n&nbsp;<br \/>\n&nbsp;<br \/>\n&nbsp;<br \/>\n&nbsp;<br \/>\n&nbsp;<br \/>\n&nbsp;<br \/>\n&nbsp;<br \/>\n&nbsp;<br \/>\n&nbsp;<br \/>\n&nbsp;<br \/>\n&nbsp;<br \/>\n&nbsp;<br \/>\n&nbsp;<br \/>\n&nbsp;<br \/>\n&nbsp;<br \/>\n&nbsp;<br \/>\n&nbsp;<\/p>\n<h3 style=\"text-align: center\">Tisu\u0107e ljudi diljem svijeta istovremeno \u0107e prou\u010davati prirodu u svojim gradovima!<br \/>\n&nbsp;<br \/>\nRezultati \u0107e biti objavljeni u ponedjeljak 6. svibnja.<br \/>\n&nbsp;<br \/>\nHo\u0107e li upravo tvoj grad odnijeti pobjedu?<\/h3>\n<p>&nbsp;<br \/>\n&nbsp;<\/p>\n<p><a href=\"https:\/\/www.facebook.com\/2243947939203358\/videos\/2193523924016469\/\">https:\/\/www.facebook.com\/2243947939203358\/videos\/2193523924016469\/<\/a><\/p>\n<p>\n&nbsp;<br \/>\n&nbsp;<br \/>\n&nbsp;<\/p>\n<p><a href=\"http:\/\/citynaturechallenge.org\/\" style=\"color:green;text-align:center\"><\/p>\n<h4 style=\"color:green;text-align:center\">\n<a href=\"https:\/\/www.facebook.com\/Izazov-urbane-prirode-2243947939203358\/\" style=\"color:green;text-align:center\"><\/p>\n<h4 style=\"color:green;text-align:center\">Doga\u0111aj mo\u017eete pratiti i na slu\u017ebenoj Facebook stranici<\/h4>\n<p>\n<img decoding=\"async\" src=\"http:\/\/pubweb.carnet.hr\/znanstvenici-amateri\/wp-content\/uploads\/sites\/670\/2019\/03\/600px-Facebook_logo_square-300x300.png\" alt=\"\" width=\"10%\" class=\"aligncenter size-medium wp-image-634\" style=\"margin-top:20px\" srcset=\"https:\/\/pubweb.carnet.hr\/znanstvenici-amateri\/wp-content\/uploads\/sites\/670\/2019\/03\/600px-Facebook_logo_square-300x300.png 300w, https:\/\/pubweb.carnet.hr\/znanstvenici-amateri\/wp-content\/uploads\/sites\/670\/2019\/03\/600px-Facebook_logo_square-150x150.png 150w, https:\/\/pubweb.carnet.hr\/znanstvenici-amateri\/wp-content\/uploads\/sites\/670\/2019\/03\/600px-Facebook_logo_square-250x250.png 250w, https:\/\/pubweb.carnet.hr\/znanstvenici-amateri\/wp-content\/uploads\/sites\/670\/2019\/03\/600px-Facebook_logo_square-174x174.png 174w, https:\/\/pubweb.carnet.hr\/znanstvenici-amateri\/wp-content\/uploads\/sites\/670\/2019\/03\/600px-Facebook_logo_square.png 600w\" sizes=\"(max-width: 300px) 100vw, 300px\" \/><\/a><br \/>\n<a href=\"https:\/\/www.facebook.com\/Izazov-urbane-prirode-2243947939203358\/\" style=\"color:green;text-align:center\"><\/p>\n<h4 style=\"color:green;text-align:center;margin-top:-20px\">https:\/\/www.facebook.com\/Izazov-urbane-prirode-2243947939203358\/<\/h4>\n<p><\/p>\n<p>&nbsp;<br \/>\n&nbsp;<br \/>\n&nbsp;<\/p>\n<h2 style=\"color:green;text-align:center\">Vi\u0161e informacija na:<\/h2>\n<p><a href=\"http:\/\/citynaturechallenge.org\/\" style=\"color:green;text-align:center\"><\/p>\n<h4 style=\"color:green;text-align:center\">http:\/\/citynaturechallenge.org<\/h4>\n<p><\/a><br \/>\n&nbsp;<br \/>\n&nbsp;<br \/>\n&nbsp;<br \/>\n&nbsp;<br \/>\n&nbsp;<br \/>\n&nbsp;<\/p>\n<p><img decoding=\"async\" class=\"aligncenter\" style=\"width: 50%\" src=\"\" \/><\/a><img loading=\"lazy\" decoding=\"async\" class=\"aligncenter\" src=\"https:\/\/drive.google.com\/uc?id=19Wr2dyVTeLqcmwv6mbe0TamVpK-odnOa\" alt=\"Organizatori\" width=\"410\" height=\"277\" \/><\/p>\n","protected":false},"excerpt":{"rendered":"<p>&nbsp; Dobrodo\u0161li u natjecanje &#8220;Izazov urbane prirode&#8221;! &nbsp; Izazov urbane prirode ciljano je okupljanje zainteresiranih pojedinaca i ustanova u zajedni\u010dkom nastojanju da se istra\u017ee i zabilje\u017ee \u017eiva bi\u0107a u urbaniziranim dijelovima diljem svijeta. To je natjecateljski tip doga\u0111aja u kojem se gradovi natje\u010du u kategorijama grada s najvi\u0161e nalaza, grada s najvi\u0161e prona\u0111enih vrsta i <a href=\"https:\/\/pubweb.carnet.hr\/znanstvenici-amateri\/izazov-urbane-prirode-2019\/\" rel=\"nofollow\"><span class=\"sr-only\">Read more about Izazov urbane prirode 2019<\/span>[&hellip;]<\/a><\/p>\n","protected":false},"author":846,"featured_media":0,"parent":0,"menu_order":0,"comment_status":"closed","ping_status":"closed","template":"","meta":{"footnotes":""},"class_list":["post-1146","page","type-page","status-publish","hentry"],"_links":{"self":[{"href":"https:\/\/pubweb.carnet.hr\/znanstvenici-amateri\/wp-json\/wp\/v2\/pages\/1146","targetHints":{"allow":["GET"]}}],"collection":[{"href":"https:\/\/pubweb.carnet.hr\/znanstvenici-amateri\/wp-json\/wp\/v2\/pages"}],"about":[{"href":"https:\/\/pubweb.carnet.hr\/znanstvenici-amateri\/wp-json\/wp\/v2\/types\/page"}],"author":[{"embeddable":true,"href":"https:\/\/pubweb.carnet.hr\/znanstvenici-amateri\/wp-json\/wp\/v2\/users\/846"}],"replies":[{"embeddable":true,"href":"https:\/\/pubweb.carnet.hr\/znanstvenici-amateri\/wp-json\/wp\/v2\/comments?post=1146"}],"version-history":[{"count":1,"href":"https:\/\/pubweb.carnet.hr\/znanstvenici-amateri\/wp-json\/wp\/v2\/pages\/1146\/revisions"}],"predecessor-version":[{"id":1147,"href":"https:\/\/pubweb.carnet.hr\/znanstvenici-amateri\/wp-json\/wp\/v2\/pages\/1146\/revisions\/1147"}],"wp:attachment":[{"href":"https:\/\/pubweb.carnet.hr\/znanstvenici-amateri\/wp-json\/wp\/v2\/media?parent=1146"}],"curies":[{"name":"wp","href":"https:\/\/api.w.org\/{rel}","templated":true}]}}