{"id":9,"date":"2015-06-27T18:26:30","date_gmt":"2015-06-27T16:26:30","guid":{"rendered":"http:\/\/pubweb.carnet.hr\/uhgf\/?page_id=9"},"modified":"2015-06-29T13:50:24","modified_gmt":"2015-06-29T11:50:24","slug":"radna-tijela","status":"publish","type":"page","link":"https:\/\/pubweb.carnet.hr\/uhgf\/radna-tijela\/","title":{"rendered":"Radna tijela"},"content":{"rendered":"<h3>Tijela Udruge su:<\/h3>\n<ul>\n<li>Skup\u0161tina<\/li>\n<li>predsjednik udruge<\/li>\n<li>zamjenik predsjednika<\/li>\n<li>Upravni odbor i stalna povjerenstva<\/li>\n<\/ul>\n<h3>Skup\u0161tina Udruge<\/h3>\n<p>Skup\u0161tina je najvi\u0161e tijelo Udruge.<\/p>\n<h3>Skup\u0161tinu \u010dine:<\/h3>\n<p>zakonski predstavnici \u010dlanica Udruge (dekani) ili njihovi ovla\u0161teni zastupnici, te po tri predstavnika svake \u010dlanice Udruge, i to:<\/p>\n<ul>\n<li>prodekan za nastavu<\/li>\n<li>prodekan za znanost<\/li>\n<li>prodekan za razvojno-stru\u010dni rad odnosno prodekan zadu\u017een za stru\u010dni rad, razvoj, financije i sl.<\/li>\n<\/ul>\n<p>Mandat \u010dlanova Skup\u0161tine traje koliko i mandat dekana odnosno prodekana u \u010dlanici Udruge.<\/p>\n<p>Sjednice Skup\u0161tine saziva i vodi predsjednik Udruge.<\/p>\n<h3>Predsjednik Udruge<\/h3>\n<ul>\n<li>Predsjednik Udruge je i predsjednik Upravnog odbora.<\/li>\n<li>Predsjednik Udruge bira se na dvije godine.<\/li>\n<li>Predsjednik Udruge za svoj rad odgovoran je Skup\u0161tini i Upravnom odboru Udruge.<\/li>\n<\/ul>\n<h3>Upravni odbor<\/h3>\n<p>Upravni odbor \u010dine predsjednik Udruge, zamjenik predsjednika Udruge i tri potpredsjednika (svaki iz druge \u010dlanice Udruge). \u010clanovi Upravnog odbora biraju se na dvije godine, s tim da mogu biti ponovno birani. Predsjednik Udruge saziva i rukovodi sjednicama Upravnog odbora.<\/p>\n<h3>Stalna povjerenstva<\/h3>\n<p>Udruga ima slijede\u0107a stalna povjerenstva:<\/p>\n<ul>\n<li>Povjerenstvo za nastavu<\/li>\n<li>Povjerenstvo za znanstveni rad i me\u0111unarodnu suradnju<\/li>\n<li>Povjerenstvo za stru\u010dno-razvojne djelatnosti<\/li>\n<\/ul>\n<p>Stalna povjerenstva \u010dine:<\/p>\n<ul>\n<li>predsjednik Udruge<\/li>\n<li>zamjenik predsjednika Udruge<\/li>\n<li>po jedan predstavnik svake \u010dlanice Udruge<\/li>\n<li>predstavnici se biraju na vrijeme od dvije godine<\/li>\n<\/ul>\n","protected":false},"excerpt":{"rendered":"<p>Tijela Udruge su: Skup\u0161tina predsjednik udruge zamjenik predsjednika Upravni odbor i stalna povjerenstva Skup\u0161tina Udruge Skup\u0161tina je najvi\u0161e tijelo Udruge. Skup\u0161tinu \u010dine: zakonski predstavnici \u010dlanica Udruge (dekani) ili njihovi ovla\u0161teni zastupnici, te po tri predstavnika svake \u010dlanice Udruge, i to: prodekan za nastavu prodekan za znanost prodekan za razvojno-stru\u010dni rad odnosno prodekan zadu\u017een za stru\u010dni [&hellip;]<\/p>\n","protected":false},"author":534,"featured_media":0,"parent":0,"menu_order":0,"comment_status":"closed","ping_status":"closed","template":"","meta":{"footnotes":""},"class_list":["post-9","page","type-page","status-publish","hentry"],"_links":{"self":[{"href":"https:\/\/pubweb.carnet.hr\/uhgf\/wp-json\/wp\/v2\/pages\/9","targetHints":{"allow":["GET"]}}],"collection":[{"href":"https:\/\/pubweb.carnet.hr\/uhgf\/wp-json\/wp\/v2\/pages"}],"about":[{"href":"https:\/\/pubweb.carnet.hr\/uhgf\/wp-json\/wp\/v2\/types\/page"}],"author":[{"embeddable":true,"href":"https:\/\/pubweb.carnet.hr\/uhgf\/wp-json\/wp\/v2\/users\/534"}],"replies":[{"embeddable":true,"href":"https:\/\/pubweb.carnet.hr\/uhgf\/wp-json\/wp\/v2\/comments?post=9"}],"version-history":[{"count":0,"href":"https:\/\/pubweb.carnet.hr\/uhgf\/wp-json\/wp\/v2\/pages\/9\/revisions"}],"wp:attachment":[{"href":"https:\/\/pubweb.carnet.hr\/uhgf\/wp-json\/wp\/v2\/media?parent=9"}],"curies":[{"name":"wp","href":"https:\/\/api.w.org\/{rel}","templated":true}]}}