{"id":63,"date":"2015-07-06T15:30:48","date_gmt":"2015-07-06T13:30:48","guid":{"rendered":"http:\/\/pubweb.carnet.hr\/uhgf\/?page_id=63"},"modified":"2015-07-06T15:30:59","modified_gmt":"2015-07-06T13:30:59","slug":"kontakti","status":"publish","type":"page","link":"https:\/\/pubweb.carnet.hr\/uhgf\/kontakti\/","title":{"rendered":"Kontakti"},"content":{"rendered":"<p>Udruga Hrvatskih gra\u0111evinskih fakulteta,<\/p>\n<p>Fra Andrije Ka\u010di\u0107a Mio\u0161i\u0107a 26,<br \/>\n10 000 Zagreb<\/p>\n<p>tel: +385 1 4639 222,<br \/>\nfax: +385 1 4828 050<\/p>\n","protected":false},"excerpt":{"rendered":"<p>Udruga Hrvatskih gra\u0111evinskih fakulteta, Fra Andrije Ka\u010di\u0107a Mio\u0161i\u0107a 26, 10 000 Zagreb tel: +385 1 4639 222, fax: +385 1 4828 050<\/p>\n","protected":false},"author":534,"featured_media":0,"parent":0,"menu_order":0,"comment_status":"closed","ping_status":"closed","template":"","meta":{"footnotes":""},"class_list":["post-63","page","type-page","status-publish","hentry"],"_links":{"self":[{"href":"https:\/\/pubweb.carnet.hr\/uhgf\/wp-json\/wp\/v2\/pages\/63","targetHints":{"allow":["GET"]}}],"collection":[{"href":"https:\/\/pubweb.carnet.hr\/uhgf\/wp-json\/wp\/v2\/pages"}],"about":[{"href":"https:\/\/pubweb.carnet.hr\/uhgf\/wp-json\/wp\/v2\/types\/page"}],"author":[{"embeddable":true,"href":"https:\/\/pubweb.carnet.hr\/uhgf\/wp-json\/wp\/v2\/users\/534"}],"replies":[{"embeddable":true,"href":"https:\/\/pubweb.carnet.hr\/uhgf\/wp-json\/wp\/v2\/comments?post=63"}],"version-history":[{"count":0,"href":"https:\/\/pubweb.carnet.hr\/uhgf\/wp-json\/wp\/v2\/pages\/63\/revisions"}],"wp:attachment":[{"href":"https:\/\/pubweb.carnet.hr\/uhgf\/wp-json\/wp\/v2\/media?parent=63"}],"curies":[{"name":"wp","href":"https:\/\/api.w.org\/{rel}","templated":true}]}}