{"id":59,"date":"2015-07-06T15:20:21","date_gmt":"2015-07-06T13:20:21","guid":{"rendered":"http:\/\/pubweb.carnet.hr\/uhgf\/?page_id=59"},"modified":"2022-01-28T16:00:08","modified_gmt":"2022-01-28T15:00:08","slug":"naslovna","status":"publish","type":"page","link":"https:\/\/pubweb.carnet.hr\/uhgf\/","title":{"rendered":"Ukratko o nama"},"content":{"rendered":"<p>Udruga hrvatskih gra\u0111evinskih fakulteta udru\u017eenje je svih gra\u0111evinskih fakulteta koji u obrazovnom ciklusu koriste hrvatski jezik kao slu\u017ebeni jezik i registrirani su u Republici Hrvatskoj ili inozemstvu. Na poticaj osje\u010dkog Gra\u0111evinskog fakulteta, Udruga je utemeljena 20.lipnja 2008.godine u Rijeci, a prvim predsjednikom izabran je prof.dr.sc Mladen Radujkovi\u0107 sa zagreba\u010dkog Gra\u0111evinskog fakulteta. Udrugu \u010dine slijede\u0107e \u010dlanice:<\/p>\n<p>Gra\u0111evinski fakultet Sveu\u010dili\u0161ta u Zagrebu<br \/>\nGra\u0111evinski fakultet Sveu\u010dili\u0161ta u Rijeci<br \/>\nGra\u0111evinski i arhitektonski fakultet Sveu\u010dili\u0161ta J. J. Strossmayera u Osijeku<br \/>\nFakultet gra\u0111evinarstva, arhitekture i geodezije Sveu\u010dili\u0161ta u Splitu<br \/>\nFakultet gra\u0111evinarstva, arhitekture i geodezije Sveu\u010dili\u0161ta u Mostaru.<\/p>\n","protected":false},"excerpt":{"rendered":"<p>Udruga hrvatskih gra\u0111evinskih fakulteta udru\u017eenje je svih gra\u0111evinskih fakulteta koji u obrazovnom ciklusu koriste hrvatski jezik kao slu\u017ebeni jezik i registrirani su u Republici Hrvatskoj ili inozemstvu. Na poticaj osje\u010dkog Gra\u0111evinskog fakulteta, Udruga je utemeljena 20.lipnja 2008.godine u Rijeci, a prvim predsjednikom izabran je prof.dr.sc Mladen Radujkovi\u0107 sa zagreba\u010dkog Gra\u0111evinskog fakulteta. Udrugu \u010dine slijede\u0107e \u010dlanice: [&hellip;]<\/p>\n","protected":false},"author":534,"featured_media":0,"parent":0,"menu_order":0,"comment_status":"closed","ping_status":"closed","template":"","meta":{"footnotes":""},"class_list":["post-59","page","type-page","status-publish","hentry"],"_links":{"self":[{"href":"https:\/\/pubweb.carnet.hr\/uhgf\/wp-json\/wp\/v2\/pages\/59","targetHints":{"allow":["GET"]}}],"collection":[{"href":"https:\/\/pubweb.carnet.hr\/uhgf\/wp-json\/wp\/v2\/pages"}],"about":[{"href":"https:\/\/pubweb.carnet.hr\/uhgf\/wp-json\/wp\/v2\/types\/page"}],"author":[{"embeddable":true,"href":"https:\/\/pubweb.carnet.hr\/uhgf\/wp-json\/wp\/v2\/users\/534"}],"replies":[{"embeddable":true,"href":"https:\/\/pubweb.carnet.hr\/uhgf\/wp-json\/wp\/v2\/comments?post=59"}],"version-history":[{"count":2,"href":"https:\/\/pubweb.carnet.hr\/uhgf\/wp-json\/wp\/v2\/pages\/59\/revisions"}],"predecessor-version":[{"id":267,"href":"https:\/\/pubweb.carnet.hr\/uhgf\/wp-json\/wp\/v2\/pages\/59\/revisions\/267"}],"wp:attachment":[{"href":"https:\/\/pubweb.carnet.hr\/uhgf\/wp-json\/wp\/v2\/media?parent=59"}],"curies":[{"name":"wp","href":"https:\/\/api.w.org\/{rel}","templated":true}]}}