{"id":212,"date":"2019-03-11T09:04:57","date_gmt":"2019-03-11T08:04:57","guid":{"rendered":"http:\/\/pubweb.carnet.hr\/uhgf\/?page_id=212"},"modified":"2019-03-11T09:05:41","modified_gmt":"2019-03-11T08:05:41","slug":"activities","status":"publish","type":"page","link":"https:\/\/pubweb.carnet.hr\/uhgf\/activities\/","title":{"rendered":"Contacts"},"content":{"rendered":"<p>Udruga Hrvatskih gra\u0111evinskih fakulteta,<br \/>\nFra Andrije Ka\u010di\u0107a Mio\u0161i\u0107a 26,<br \/>\n10 000 Zagreb<br \/>\ntel: +385 1 4639 222,<br \/>\nfax: +385 1 4828 050<\/p>\n","protected":false},"excerpt":{"rendered":"<p>Udruga Hrvatskih gra\u0111evinskih fakulteta, Fra Andrije Ka\u010di\u0107a Mio\u0161i\u0107a 26, 10 000 Zagreb tel: +385 1 4639 222, fax: +385 1 4828 050<\/p>\n","protected":false},"author":534,"featured_media":0,"parent":0,"menu_order":0,"comment_status":"closed","ping_status":"closed","template":"","meta":{"footnotes":""},"class_list":["post-212","page","type-page","status-publish","hentry"],"_links":{"self":[{"href":"https:\/\/pubweb.carnet.hr\/uhgf\/wp-json\/wp\/v2\/pages\/212","targetHints":{"allow":["GET"]}}],"collection":[{"href":"https:\/\/pubweb.carnet.hr\/uhgf\/wp-json\/wp\/v2\/pages"}],"about":[{"href":"https:\/\/pubweb.carnet.hr\/uhgf\/wp-json\/wp\/v2\/types\/page"}],"author":[{"embeddable":true,"href":"https:\/\/pubweb.carnet.hr\/uhgf\/wp-json\/wp\/v2\/users\/534"}],"replies":[{"embeddable":true,"href":"https:\/\/pubweb.carnet.hr\/uhgf\/wp-json\/wp\/v2\/comments?post=212"}],"version-history":[{"count":2,"href":"https:\/\/pubweb.carnet.hr\/uhgf\/wp-json\/wp\/v2\/pages\/212\/revisions"}],"predecessor-version":[{"id":214,"href":"https:\/\/pubweb.carnet.hr\/uhgf\/wp-json\/wp\/v2\/pages\/212\/revisions\/214"}],"wp:attachment":[{"href":"https:\/\/pubweb.carnet.hr\/uhgf\/wp-json\/wp\/v2\/media?parent=212"}],"curies":[{"name":"wp","href":"https:\/\/api.w.org\/{rel}","templated":true}]}}