{"id":14,"date":"2015-06-27T18:28:57","date_gmt":"2015-06-27T16:28:57","guid":{"rendered":"http:\/\/pubweb.carnet.hr\/uhgf\/?page_id=14"},"modified":"2015-07-06T16:17:41","modified_gmt":"2015-07-06T14:17:41","slug":"aktivnosti","status":"publish","type":"page","link":"https:\/\/pubweb.carnet.hr\/uhgf\/aktivnosti\/","title":{"rendered":"Aktivnosti"},"content":{"rendered":"<p>Osnovne aktivnosti Udruge su:<\/p>\n<p>    poticanje znanstvenog i istra\u017eiva\u010dkog rada te visoko\u0161kolskog i kontinuiranog obrazovanja<br \/>\n    stru\u010dnjaka u podru\u010dju graditeljstva, \u0161to se ostvaruje kroz:<br \/>\n    zastupanje zajedni\u010dkih interesa \u010dlanica pred javnosti, dr\u017eavnim tijelima, tijelima izvr\u0161ne vlasti, lokalne uprave i samouprave i komorama<br \/>\n    stvaranje uvjeta koji osiguravaju ispunjavanje zada\u0107a \u010dlannica udruge u podru\u010dju istra\u017eivanja i obrazovanja<br \/>\n    osiguravanje kvalitete istra\u017eivanja i obrazovanja u polju gra\u0111evinarstva, polju drugih temeljnih tehni\u010dkih znanosti i srodnim poljima<br \/>\n    razmjenu informacija i iskustava me\u0111u \u010dlanicama<br \/>\n    poticanje, promicanje i sudjelovanje u razvitku struke i akademske zajednice<br \/>\n    bolje iskori\u0161tavanje ljudskih potencijala kroz okupljanje i razmjenu znanja i iskustva \u010dlanova<br \/>\n    pomo\u0107 mladima u razvoju i obrazovanju u struci<br \/>\n    suradnju sa sli\u010dnim institucijama<br \/>\n    suradnju s tijelima i studentskim udrugama u visokom obrazovanju<br \/>\n    suradnju sa strukovnim sindikatom<br \/>\n    suradnja sa srodnim udrugama u RH radi provo\u0111enja zajedni\u010dkih akcija i izmjene iskustava<br \/>\n    suradnja sa sli\u010dnim strukovnim udrugama u zemlji i inozemstvu.<\/p>\n","protected":false},"excerpt":{"rendered":"<p>Osnovne aktivnosti Udruge su: poticanje znanstvenog i istra\u017eiva\u010dkog rada te visoko\u0161kolskog i kontinuiranog obrazovanja stru\u010dnjaka u podru\u010dju graditeljstva, \u0161to se ostvaruje kroz: zastupanje zajedni\u010dkih interesa \u010dlanica pred javnosti, dr\u017eavnim tijelima, tijelima izvr\u0161ne vlasti, lokalne uprave i samouprave i komorama stvaranje uvjeta koji osiguravaju ispunjavanje zada\u0107a \u010dlannica udruge u podru\u010dju istra\u017eivanja i obrazovanja osiguravanje kvalitete istra\u017eivanja [&hellip;]<\/p>\n","protected":false},"author":534,"featured_media":0,"parent":0,"menu_order":0,"comment_status":"closed","ping_status":"closed","template":"","meta":{"footnotes":""},"class_list":["post-14","page","type-page","status-publish","hentry"],"_links":{"self":[{"href":"https:\/\/pubweb.carnet.hr\/uhgf\/wp-json\/wp\/v2\/pages\/14","targetHints":{"allow":["GET"]}}],"collection":[{"href":"https:\/\/pubweb.carnet.hr\/uhgf\/wp-json\/wp\/v2\/pages"}],"about":[{"href":"https:\/\/pubweb.carnet.hr\/uhgf\/wp-json\/wp\/v2\/types\/page"}],"author":[{"embeddable":true,"href":"https:\/\/pubweb.carnet.hr\/uhgf\/wp-json\/wp\/v2\/users\/534"}],"replies":[{"embeddable":true,"href":"https:\/\/pubweb.carnet.hr\/uhgf\/wp-json\/wp\/v2\/comments?post=14"}],"version-history":[{"count":0,"href":"https:\/\/pubweb.carnet.hr\/uhgf\/wp-json\/wp\/v2\/pages\/14\/revisions"}],"wp:attachment":[{"href":"https:\/\/pubweb.carnet.hr\/uhgf\/wp-json\/wp\/v2\/media?parent=14"}],"curies":[{"name":"wp","href":"https:\/\/api.w.org\/{rel}","templated":true}]}}