{"id":96,"date":"2015-01-31T13:01:58","date_gmt":"2015-01-31T12:01:58","guid":{"rendered":"http:\/\/pubweb.carnet.hr\/udrugamajstoricacipke\/?page_id=96"},"modified":"2015-11-20T14:59:28","modified_gmt":"2015-11-20T13:59:28","slug":"kontakt","status":"publish","type":"page","link":"https:\/\/pubweb.carnet.hr\/udrugamajstoricacipke\/primjer-stranice\/kontakt\/","title":{"rendered":"Kontakt"},"content":{"rendered":"<p><strong>mr. Ru\u017ea Leva\u010di\u0107 &#8211; predsjednica Udruge<\/strong><\/p>\n<p>mobitel: 099\/ 832-6605<\/p>\n<p>e-mail: ruzalevacic@gmail.com<\/p>\n<p>&nbsp;<\/p>\n<p><strong>Ru\u017eica Cika\u010d &#8211; tajnica Udruge<\/strong><\/p>\n<p>mobitel: 095\/ 847 \u2013 3144;<\/p>\n<p>e-mail: ruzica.cikac@gmail.com<\/p>\n<p>&nbsp;<\/p>\n<p><strong>Danica Korade <\/strong><\/p>\n<p>mobitel: 095\/ 700 \u2013 5663;<\/p>\n<p><span style=\"line-height: 1.5\">e-mail:\u00a0<\/span><span style=\"color: #000000\">\u00a0danica.korade@gmail.com<\/span><\/p>\n<p>&nbsp;<\/p>\n<p><strong>Bo\u017eena Vragovi\u0107<\/strong><\/p>\n<p>mobitel: 098\/ 792-225<\/p>\n<p>e-mail: bozenavragovic@gmail.com<\/p>\n","protected":false},"excerpt":{"rendered":"<p>mr. Ru\u017ea Leva\u010di\u0107 &#8211; predsjednica Udruge mobitel: 099\/ 832-6605 e-mail: ruzalevacic@gmail.com &nbsp; Ru\u017eica Cika\u010d &#8211; tajnica Udruge mobitel: 095\/ 847 \u2013 3144; e-mail: ruzica.cikac@gmail.com &nbsp; Danica Korade mobitel: 095\/ 700 \u2013 5663; e-mail:\u00a0\u00a0danica.korade@gmail.com &nbsp; Bo\u017eena Vragovi\u0107 mobitel: 098\/ 792-225 e-mail: bozenavragovic@gmail.com<\/p>\n","protected":false},"author":445,"featured_media":0,"parent":2,"menu_order":0,"comment_status":"closed","ping_status":"closed","template":"","meta":{"footnotes":""},"class_list":["post-96","page","type-page","status-publish","hentry"],"_links":{"self":[{"href":"https:\/\/pubweb.carnet.hr\/udrugamajstoricacipke\/wp-json\/wp\/v2\/pages\/96","targetHints":{"allow":["GET"]}}],"collection":[{"href":"https:\/\/pubweb.carnet.hr\/udrugamajstoricacipke\/wp-json\/wp\/v2\/pages"}],"about":[{"href":"https:\/\/pubweb.carnet.hr\/udrugamajstoricacipke\/wp-json\/wp\/v2\/types\/page"}],"author":[{"embeddable":true,"href":"https:\/\/pubweb.carnet.hr\/udrugamajstoricacipke\/wp-json\/wp\/v2\/users\/445"}],"replies":[{"embeddable":true,"href":"https:\/\/pubweb.carnet.hr\/udrugamajstoricacipke\/wp-json\/wp\/v2\/comments?post=96"}],"version-history":[{"count":0,"href":"https:\/\/pubweb.carnet.hr\/udrugamajstoricacipke\/wp-json\/wp\/v2\/pages\/96\/revisions"}],"up":[{"embeddable":true,"href":"https:\/\/pubweb.carnet.hr\/udrugamajstoricacipke\/wp-json\/wp\/v2\/pages\/2"}],"wp:attachment":[{"href":"https:\/\/pubweb.carnet.hr\/udrugamajstoricacipke\/wp-json\/wp\/v2\/media?parent=96"}],"curies":[{"name":"wp","href":"https:\/\/api.w.org\/{rel}","templated":true}]}}