{"id":312,"date":"2021-10-24T15:54:03","date_gmt":"2021-10-24T14:54:03","guid":{"rendered":"http:\/\/pubweb.carnet.hr\/udrugamajstoricacipke\/?page_id=312"},"modified":"2021-10-24T18:13:44","modified_gmt":"2021-10-24T17:13:44","slug":"ljubiteljima-lepoglavske-cipke-i-drugih-rukotvorina-2","status":"publish","type":"page","link":"https:\/\/pubweb.carnet.hr\/udrugamajstoricacipke\/ljubiteljima-lepoglavske-cipke-i-drugih-rukotvorina-2\/","title":{"rendered":"LJUBITELJIMA LEPOGLAVSKE \u010cIPKE I DRUGIH RUKOTVORINA"},"content":{"rendered":"<p>&nbsp;<\/p>\n<p><a href=\"http:\/\/pubweb.carnet.hr\/udrugamajstoricacipke\/wp-content\/uploads\/sites\/405\/2021\/10\/slika012.jpg\"><img loading=\"lazy\" decoding=\"async\" class=\"wp-image-307 aligncenter\" src=\"http:\/\/pubweb.carnet.hr\/udrugamajstoricacipke\/wp-content\/uploads\/sites\/405\/2021\/10\/slika012-224x300.jpg\" alt=\"\" width=\"362\" height=\"484\" srcset=\"https:\/\/pubweb.carnet.hr\/udrugamajstoricacipke\/wp-content\/uploads\/sites\/405\/2021\/10\/slika012-224x300.jpg 224w, https:\/\/pubweb.carnet.hr\/udrugamajstoricacipke\/wp-content\/uploads\/sites\/405\/2021\/10\/slika012-768x1027.jpg 768w, https:\/\/pubweb.carnet.hr\/udrugamajstoricacipke\/wp-content\/uploads\/sites\/405\/2021\/10\/slika012-766x1024.jpg 766w, https:\/\/pubweb.carnet.hr\/udrugamajstoricacipke\/wp-content\/uploads\/sites\/405\/2021\/10\/slika012.jpg 1532w\" sizes=\"auto, (max-width: 362px) 100vw, 362px\" \/><\/a><\/p>\n<p><a href=\"http:\/\/pubweb.carnet.hr\/udrugamajstoricacipke\/wp-content\/uploads\/sites\/405\/2021\/10\/slike022.jpg\"><img loading=\"lazy\" decoding=\"async\" class=\"wp-image-308 aligncenter\" src=\"http:\/\/pubweb.carnet.hr\/udrugamajstoricacipke\/wp-content\/uploads\/sites\/405\/2021\/10\/slike022-224x300.jpg\" alt=\"\" width=\"386\" height=\"517\" srcset=\"https:\/\/pubweb.carnet.hr\/udrugamajstoricacipke\/wp-content\/uploads\/sites\/405\/2021\/10\/slike022-224x300.jpg 224w, https:\/\/pubweb.carnet.hr\/udrugamajstoricacipke\/wp-content\/uploads\/sites\/405\/2021\/10\/slike022-768x1027.jpg 768w, https:\/\/pubweb.carnet.hr\/udrugamajstoricacipke\/wp-content\/uploads\/sites\/405\/2021\/10\/slike022-766x1024.jpg 766w, https:\/\/pubweb.carnet.hr\/udrugamajstoricacipke\/wp-content\/uploads\/sites\/405\/2021\/10\/slike022.jpg 1532w\" sizes=\"auto, (max-width: 386px) 100vw, 386px\" \/><\/a><\/p>\n<p>Dana 23. 10.\u00a0 2021. godine dio \u010dlanica Udruge majstorica lepoglavske \u010dipke Vara\u017edin Marica Apostolovski, Ru\u017eica Cika\u010d, mr. Ru\u017ea Leva\u010di\u0107 i Bo\u017eena Vragovi\u0107, imale su \u010dast da sudjeluju na <strong>1. festivalu pletenja, vezenja i kuki\u010danja Zagreba\u010dki dani niti-Zagreb Yarn Craft Fest<\/strong>, uz jo\u0161 15 sudionika. Svesrdnu pomo\u0107 vezano uz 1. festival pru\u017eila im je koordinatorica programa &#8220;Zagreba\u010dki dani niti&#8221; Monika Tresk i organizatori Festivala O&#8217;pleti by Adriana Meglaj i Obrt MASALA iz Zagreba.<\/p>\n<p>Otvorenjem 1. festivala pletenja, vezenja i kuki\u010danja u Zagrebu i Republika Hrvatska se pridru\u017eila velikoj obitelji ljubitelja rukotvorina izra\u0111enih od svih vrsta niti, u Europi i \u0161ire.<\/p>\n<p>Sudionici Festivala prikazali su svoje rukotvorine izra\u0111ene od svih vrsti niti, a bilo je tu i repromaterijala (konca, vune, \u0161page, recikliranog materijala), kao i sredstva za izradu tih rukotvorina. Organizirane su i radionice na kojima se prezentirao rad s nitima, kao i mala \u0161kola izrade pojedinih rukotvorina.<\/p>\n<p>Predsjednica Udruge majstorica lepoglavske \u010dipke Vara\u017edin mr. Ru\u017ea Leva\u010di\u0107, kao jedna od predava\u010dica na Festivalu, predstavila je i upoznala sudionike Festivala sa radom Udruge. Napomenula je, da se Udruga od samog svog osnivanja 2003. godine bavi izradom i u\u010denjem izrade svih vrsta \u010dipki na bati\u0107e (lepoglavske, idrijske&#8230;), pa\u0161ke \u010dipke, \u010dipke na metre za ukrase na odje\u0107i, krevetnini, stolnjacima, slavonskog zlatoveza, zlatoveza na platnu i papiru, raznih vrsta vezova, kuki\u010danih radova, \u0161trikanih radova, kralu\u0161a i ukrasa od perlica, ukrasa od recikliranog platna, ukrasa od \u0161page, ukrasa od papira, prigodnih \u010destitki, slika svih tehnika i drugih rukotvorina prema afinitetu zainteresiranih.<\/p>\n<p>Na Festivalu su predstavnice Udruge odr\u017eale i radionicu izrade \u010dipke, za \u010detvero zainteresiranih posjetitelja koji su za uspomenu dobili svoj prvi rad na izradi \u010dipke &#8220;stezicu&#8221;. Njihova sre\u0107a i ponos uspje\u0161nom samostalnom izradom &#8220;stezice&#8221;, bili su najve\u0107a nagrada majstoricama. Radionicu su pro\u0161le 3 posjetiteljice i jedan posjetitelj, koji su dali do znanja da \u0107e se truditi da nau\u010de kad im se pru\u017ei prilika i druge elemente \u010dipke.<\/p>\n<p>\u010clanice udruge su ponosne \u0161to su kao Udruga sudjelovale na realizaciji Programa &#8220;Zagreba\u010dki dani niti&#8221; koji je na poseban na\u010din povezao ljubitelje o\u010duvanja kulturne ba\u0161tine, ne samo u lokalnoj zajednici nego i \u0161ire, pritom pokazav\u0161i da Grad Vara\u017edin i Vara\u017edinska \u017eupanija, ide u korak sa ostalim gradovima i \u017eupanijama Republike Hrvatske.<\/p>\n<p>&nbsp;<\/p>\n<p><strong>Podsje\u0107amo vas, da je rad Udruge svake srijede u vremenu od 17,00 do 19,00 sati, u\u00a0prostorijama 1. Mjesnog odbora \u201cCentar\u201d u Vara\u017edinu, Ulica Alojzija Stepinca broj 1.<\/strong><\/p>\n<p>Imaju\u0107i u vidu mjere vezano uz Covid-19, limitirani smo brojem sudionika u radu Udruge, stoga vas molimo, da svoj dolazak najavite predsjednici Udruge mr. Ru\u017ei Leva\u010di\u0107 na broj mobitela 099 832 6605, radi dogovora oko sudjelovanja i organiziranja potrebnih epidemiolo\u0161kih mjera.<\/p>\n<p>Na isti broj mobitela javite se predsjednici Udruge i u slu\u010daju da prve srijede u mjesecu \u017eelite prisustvovati Danima otvorenih vrata u Udruzi.<\/p>\n<p>Ako imate potrebu da vam se besplatno sa\u0161ije za\u0161titna maska od va\u0161eg materijala, mo\u017eete se o tome dogovoriti sa predsjednicom Udruge na gornji broj.<\/p>\n<p>Za Udrugu<\/p>\n<p>pred. Udruge mr. Ru\u017ea Leva\u010di\u0107<\/p>\n","protected":false},"excerpt":{"rendered":"<p>&nbsp; Dana 23. 10.\u00a0 2021. godine dio \u010dlanica Udruge majstorica lepoglavske \u010dipke Vara\u017edin Marica Apostolovski, Ru\u017eica Cika\u010d, mr. Ru\u017ea Leva\u010di\u0107 i Bo\u017eena Vragovi\u0107, imale su \u010dast da sudjeluju na 1. festivalu pletenja, vezenja i kuki\u010danja Zagreba\u010dki dani niti-Zagreb Yarn Craft Fest, uz jo\u0161 15 sudionika. Svesrdnu pomo\u0107 vezano uz 1. festival pru\u017eila im je koordinatorica &hellip; <a href=\"https:\/\/pubweb.carnet.hr\/udrugamajstoricacipke\/ljubiteljima-lepoglavske-cipke-i-drugih-rukotvorina-2\/\" class=\"more-link\">Nastavi \u010ditati <span class=\"screen-reader-text\">LJUBITELJIMA LEPOGLAVSKE \u010cIPKE I DRUGIH RUKOTVORINA<\/span> <span class=\"meta-nav\">&rarr;<\/span><\/a><\/p>\n","protected":false},"author":445,"featured_media":0,"parent":0,"menu_order":0,"comment_status":"closed","ping_status":"closed","template":"","meta":{"footnotes":""},"class_list":["post-312","page","type-page","status-publish","hentry"],"_links":{"self":[{"href":"https:\/\/pubweb.carnet.hr\/udrugamajstoricacipke\/wp-json\/wp\/v2\/pages\/312","targetHints":{"allow":["GET"]}}],"collection":[{"href":"https:\/\/pubweb.carnet.hr\/udrugamajstoricacipke\/wp-json\/wp\/v2\/pages"}],"about":[{"href":"https:\/\/pubweb.carnet.hr\/udrugamajstoricacipke\/wp-json\/wp\/v2\/types\/page"}],"author":[{"embeddable":true,"href":"https:\/\/pubweb.carnet.hr\/udrugamajstoricacipke\/wp-json\/wp\/v2\/users\/445"}],"replies":[{"embeddable":true,"href":"https:\/\/pubweb.carnet.hr\/udrugamajstoricacipke\/wp-json\/wp\/v2\/comments?post=312"}],"version-history":[{"count":2,"href":"https:\/\/pubweb.carnet.hr\/udrugamajstoricacipke\/wp-json\/wp\/v2\/pages\/312\/revisions"}],"predecessor-version":[{"id":318,"href":"https:\/\/pubweb.carnet.hr\/udrugamajstoricacipke\/wp-json\/wp\/v2\/pages\/312\/revisions\/318"}],"wp:attachment":[{"href":"https:\/\/pubweb.carnet.hr\/udrugamajstoricacipke\/wp-json\/wp\/v2\/media?parent=312"}],"curies":[{"name":"wp","href":"https:\/\/api.w.org\/{rel}","templated":true}]}}