{"id":300,"date":"2020-09-06T13:53:13","date_gmt":"2020-09-06T12:53:13","guid":{"rendered":"http:\/\/pubweb.carnet.hr\/udrugamajstoricacipke\/?page_id=300"},"modified":"2020-09-06T13:54:33","modified_gmt":"2020-09-06T12:54:33","slug":"obavijest-za-ljubitelje-starina","status":"publish","type":"page","link":"https:\/\/pubweb.carnet.hr\/udrugamajstoricacipke\/obavijest-za-ljubitelje-starina\/","title":{"rendered":"Obavijest za ljubitelje starina"},"content":{"rendered":"<p>Vara\u017edin, 06.09.2020.<\/p>\n<p>Dragi na\u0161i ljubitelji starina!<\/p>\n<p>\u017dao nam je \u0161to zbog trenutne situacije vezane uz Covid-19 ne mo\u017eemo zajedni\u010dki proslaviti 15 godina postojanja na\u0161e Udruge majstorica lepoglavske \u010dipke prve generacije Vara\u017edin. To \u0107emo u\u010diniti u neka bolja vremena, kad \u0107ete biti na\u0161i gosti na sve\u010danom obilje\u017eavanju postojanja na\u0161e Udruge i uprili\u010denoj izlo\u017ebi. Na izlo\u017ebi \u0107emo vas podsjetiti na izradu ru\u010dnih radova na\u0161ih baka. Bit \u0107e tu svega: od svih vrsta \u010dipki na bati\u0107e i iglu (lepoglavsku, idrijsku, pa\u0161ku), \u010dipke na metre za ukrase na odje\u0107i, krevetnini, stolnjacima, slavonskog zlatoveza i zlatoveza na platnu i papiru, raznih vrsta vezova, heklanih radova, \u0161trikanih radova, kralu\u0161a i ukrasa od perlica, ukrasa od recikliranog platna, ukrasa od \u0161page, ukrasa od papira, prigodnih \u010destitki, slika svih tehnika izrade i drugih rukotvorina, pa do inovativnih radova na\u0161ih \u010dlanica. Sve ono \u0161to \u0107ete vidjeti, mo\u0107i \u0107ete i sami izraditi uz na\u0161u pomo\u0107.<\/p>\n<p>Obavje\u0161tavamo vas, da \u0107e do tog vremena rad Udruge po\u010deti od srijede 07.09.2020. godine u vremenu od 17,00 do 19,00 sati, u prostorijama 1. Mjesnog odbora &#8220;Centar&#8221; u Vara\u017edinu, Ulica Alojzija Stepinca broj 1.<\/p>\n<p>Imaju\u0107i u vidu mjere vezano uz Covid-19, limitirani smo brojem sudionika u radu Udruge, stoga vas molimo, da svoj dolazak najavite predsjednici Udruge mr. Ru\u017ei Leva\u010di\u0107 na broj mobitela 099 832 6605, radi dogovora oko sudjelovanja i organiziranja potrebnih epidemiolo\u0161kih mjera.<\/p>\n<p>Na isti broj mobitela javite se predsjednici Udruge i u slu\u010daju da prve srijede u mjesecu \u017eelite prisustvovati Danima otvorenih vrata u Udruzi.<\/p>\n<p>Ako imate potrebu da vam se besplatno sa\u0161ije za\u0161titna maska od va\u0161eg materijala, mo\u017eete se o tome dogovoriti sa predsjednicom Udruge na gornji broj.<\/p>\n<p>\u017delimo vam puno zdravlja i da se \u0161to prije vidimo na zajedni\u010dkom dru\u017eenju,<\/p>\n<p>Za Udrugu<\/p>\n<p>pred. Udruge mr. Ru\u017ea Leva\u010di\u0107<\/p>\n","protected":false},"excerpt":{"rendered":"<p>Vara\u017edin, 06.09.2020. Dragi na\u0161i ljubitelji starina! \u017dao nam je \u0161to zbog trenutne situacije vezane uz Covid-19 ne mo\u017eemo zajedni\u010dki proslaviti 15 godina postojanja na\u0161e Udruge majstorica lepoglavske \u010dipke prve generacije Vara\u017edin. To \u0107emo u\u010diniti u neka bolja vremena, kad \u0107ete biti na\u0161i gosti na sve\u010danom obilje\u017eavanju postojanja na\u0161e Udruge i uprili\u010denoj izlo\u017ebi. Na izlo\u017ebi \u0107emo &hellip; <a href=\"https:\/\/pubweb.carnet.hr\/udrugamajstoricacipke\/obavijest-za-ljubitelje-starina\/\" class=\"more-link\">Nastavi \u010ditati <span class=\"screen-reader-text\">Obavijest za ljubitelje starina<\/span> <span class=\"meta-nav\">&rarr;<\/span><\/a><\/p>\n","protected":false},"author":445,"featured_media":0,"parent":0,"menu_order":0,"comment_status":"closed","ping_status":"closed","template":"","meta":{"footnotes":""},"class_list":["post-300","page","type-page","status-publish","hentry"],"_links":{"self":[{"href":"https:\/\/pubweb.carnet.hr\/udrugamajstoricacipke\/wp-json\/wp\/v2\/pages\/300","targetHints":{"allow":["GET"]}}],"collection":[{"href":"https:\/\/pubweb.carnet.hr\/udrugamajstoricacipke\/wp-json\/wp\/v2\/pages"}],"about":[{"href":"https:\/\/pubweb.carnet.hr\/udrugamajstoricacipke\/wp-json\/wp\/v2\/types\/page"}],"author":[{"embeddable":true,"href":"https:\/\/pubweb.carnet.hr\/udrugamajstoricacipke\/wp-json\/wp\/v2\/users\/445"}],"replies":[{"embeddable":true,"href":"https:\/\/pubweb.carnet.hr\/udrugamajstoricacipke\/wp-json\/wp\/v2\/comments?post=300"}],"version-history":[{"count":1,"href":"https:\/\/pubweb.carnet.hr\/udrugamajstoricacipke\/wp-json\/wp\/v2\/pages\/300\/revisions"}],"predecessor-version":[{"id":302,"href":"https:\/\/pubweb.carnet.hr\/udrugamajstoricacipke\/wp-json\/wp\/v2\/pages\/300\/revisions\/302"}],"wp:attachment":[{"href":"https:\/\/pubweb.carnet.hr\/udrugamajstoricacipke\/wp-json\/wp\/v2\/media?parent=300"}],"curies":[{"name":"wp","href":"https:\/\/api.w.org\/{rel}","templated":true}]}}