{"id":803,"date":"2023-12-20T13:53:04","date_gmt":"2023-12-20T13:53:04","guid":{"rendered":"http:\/\/pubweb.carnet.hr\/suoznhb\/?page_id=803"},"modified":"2024-12-18T10:41:32","modified_gmt":"2024-12-18T10:41:32","slug":"slike","status":"publish","type":"page","link":"https:\/\/pubweb.carnet.hr\/suoznhb\/slike\/","title":{"rendered":"FOTO ALBUM"},"content":{"rendered":"<p>&nbsp;<\/p>\n<p><a href=\"https:\/\/suoznhb.quickconnect.to\/mo\/sharing\/eIAatkxAx\">Bo\u017ei\u0107ni susret \u010dlanova 2024<\/a><\/p>\n<p><a href=\"https:\/\/suoznhb.quickconnect.to\/mo\/sharing\/z6VNdktcs\">Bo\u017ei\u0107ne radionice 2024<\/a><\/p>\n<p><a href=\"https:\/\/suoznhb.quickconnect.to\/mo\/sharing\/VGSvV6MFB\">IZLO\u017dBA &#8220;VUKOVAR I \u0160KABRNJA U ZAGREBU &#8211; 33 GODINE POSLIJE&#8221;<\/a><\/p>\n<p><a href=\"https:\/\/suoznhb.quickconnect.to\/mo\/sharing\/8W0Hzhjon\">DARUVAR, SUSRETI \u010cLANOVA SAVEZA 01.09.2024.<\/a><\/p>\n<p><a href=\"https:\/\/suoznhb.quickconnect.to\/mo\/sharing\/Oi1hO9jfg\">DARUVAR, SUSRETI \u010cLANOVA SAVEZA,\u00a0 SAVJETODAVNE TRIBINE I RADIONICE\u00a0<\/a><a href=\"https:\/\/suoznhb.quickconnect.to\/mo\/sharing\/Oi1hO9jfg\">31.08.2024.<\/a><\/p>\n<p><a href=\"https:\/\/suoznhb.quickconnect.to\/mo\/sharing\/1bvdbRWHk\">ME\u0110UNARODNI DAN NESTALIH OSOBA &#8211; DAN SJE\u0106ANJA NA NESTALE OSOBE U DOMOVINSKOM RATU, DARUVAR 2024.<\/a><\/p>\n<p><a href=\"https:\/\/suoznhb.quickconnect.to\/mo\/sharing\/mf071zKmD\">DARUVAR, SUSRETI \u010cLANOVA SAVEZA &#8211; TRIBINA &#8220;Pravo nestalih na identitet &#8211; pravo obitelji na istinu&#8221; &#8211; DARUVAR 29.08.2024.<\/a><\/p>\n<p><a href=\"https:\/\/suoznhb.quickconnect.to\/mo\/sharing\/XLIAr0Zqz\">Uskrsni susret 25.03.2024.<\/a><\/p>\n<p><a href=\"https:\/\/suoznhb.quickconnect.to\/mo\/sharing\/XMczDKstn\">Informativna radionica 13.02.2024.<\/a><\/p>\n<p><a href=\"https:\/\/suoznhb.quickconnect.to\/mo\/sharing\/pBDPavd9p\">Informativna radionica 12.02.2024.<\/a><\/p>\n<p><a href=\"https:\/\/suoznhb.quickconnect.to\/mo\/sharing\/mQX30G6q7\">Bo\u017ei\u010dno okupljanje 18.12.2023.<\/a><\/p>\n<p><a href=\"https:\/\/suoznhb.quickconnect.to\/mo\/sharing\/dyS6MigQO\">Konferencija 9. Centar znanja 15.12.2023.<\/a><\/p>\n<p><a href=\"https:\/\/suoznhb.quickconnect.to\/mo\/sharing\/j8hs8626E\">3. Me\u0111unarodna konferencija za obitelji nestalih osoba 22.-23.11.2023.<\/a><\/p>\n<p><a href=\"https:\/\/suoznhb.quickconnect.to\/mo\/sharing\/DAqyvWk9L\">Vukovar 20_11_2023<\/a><\/p>\n<p><a href=\"https:\/\/suoznhb.quickconnect.to\/mo\/sharing\/j9emKQZV3\">Vukovar 19_11_2023<\/a><\/p>\n<p><a href=\"https:\/\/suoznhb.quickconnect.to\/mo\/sharing\/oJvFuNZfQ\">Vukovar 18_11_2023<\/a><\/p>\n<p><a href=\"https:\/\/suoznhb.quickconnect.to\/mo\/sharing\/vaDF2JiWp\">Vukovar 17_11_2023<\/a><\/p>\n<p><a href=\"https:\/\/suoznhb.quickconnect.to\/mo\/sharing\/TDyf1qtWg\">Izlo\u017eba &#8220;Vukovar i \u0160kabrnja&#8221; 16.11.2023.<\/a><\/p>\n<p><a href=\"https:\/\/suoznhb.quickconnect.to\/mo\/sharing\/KnYjQUTwb\">Sotin obilje\u017eavanje 14.10.2023.<\/a><\/p>\n<p><a href=\"https:\/\/suoznhb.quickconnect.to\/mo\/sharing\/mmZBJA3pf\">Me\u0111unarodni dan nestalih osoba, Vara\u017edin 30.08.2023.<\/a><\/p>\n<p><a href=\"https:\/\/suoznhb.quickconnect.to\/mo\/sharing\/ElmBqi7Pp\">Me\u0111unarodni dan nestalih osoba, Zagreb 2020.<\/a><\/p>\n<p>&nbsp;<\/p>\n<p>&nbsp;<\/p>\n<p>&nbsp;<\/p>\n<p>&nbsp;<\/p>\n<p>&nbsp;<\/p>\n<p>&nbsp;<\/p>\n<p>&nbsp;<\/p>\n<p>&nbsp;<\/p>\n<p>&nbsp;<\/p>\n","protected":false},"excerpt":{"rendered":"<p>&nbsp; Bo\u017ei\u0107ni susret \u010dlanova 2024 Bo\u017ei\u0107ne radionice 2024 IZLO\u017dBA &#8220;VUKOVAR I \u0160KABRNJA U ZAGREBU &#8211; 33 GODINE POSLIJE&#8221; DARUVAR, SUSRETI \u010cLANOVA SAVEZA 01.09.2024. DARUVAR, SUSRETI \u010cLANOVA SAVEZA,\u00a0 SAVJETODAVNE TRIBINE I RADIONICE\u00a031.08.2024. ME\u0110UNARODNI DAN NESTALIH OSOBA &#8211; DAN SJE\u0106ANJA NA NESTALE OSOBE U DOMOVINSKOM RATU, DARUVAR 2024. DARUVAR, SUSRETI \u010cLANOVA SAVEZA &#8211; TRIBINA &#8220;Pravo nestalih na &hellip; <a href=\"https:\/\/pubweb.carnet.hr\/suoznhb\/slike\/\" class=\"more-link\">Nastavi \u010ditati <span class=\"screen-reader-text\">FOTO ALBUM<\/span> <span class=\"meta-nav\">&rarr;<\/span><\/a><\/p>\n","protected":false},"author":89,"featured_media":0,"parent":0,"menu_order":0,"comment_status":"closed","ping_status":"closed","template":"","meta":{"footnotes":""},"class_list":["post-803","page","type-page","status-publish","hentry"],"_links":{"self":[{"href":"https:\/\/pubweb.carnet.hr\/suoznhb\/wp-json\/wp\/v2\/pages\/803","targetHints":{"allow":["GET"]}}],"collection":[{"href":"https:\/\/pubweb.carnet.hr\/suoznhb\/wp-json\/wp\/v2\/pages"}],"about":[{"href":"https:\/\/pubweb.carnet.hr\/suoznhb\/wp-json\/wp\/v2\/types\/page"}],"author":[{"embeddable":true,"href":"https:\/\/pubweb.carnet.hr\/suoznhb\/wp-json\/wp\/v2\/users\/89"}],"replies":[{"embeddable":true,"href":"https:\/\/pubweb.carnet.hr\/suoznhb\/wp-json\/wp\/v2\/comments?post=803"}],"version-history":[{"count":2,"href":"https:\/\/pubweb.carnet.hr\/suoznhb\/wp-json\/wp\/v2\/pages\/803\/revisions"}],"predecessor-version":[{"id":952,"href":"https:\/\/pubweb.carnet.hr\/suoznhb\/wp-json\/wp\/v2\/pages\/803\/revisions\/952"}],"wp:attachment":[{"href":"https:\/\/pubweb.carnet.hr\/suoznhb\/wp-json\/wp\/v2\/media?parent=803"}],"curies":[{"name":"wp","href":"https:\/\/api.w.org\/{rel}","templated":true}]}}