{"id":418,"date":"2020-01-30T09:42:52","date_gmt":"2020-01-30T09:42:52","guid":{"rendered":"http:\/\/pubweb.carnet.hr\/suoznhb\/?page_id=418"},"modified":"2023-12-20T11:19:17","modified_gmt":"2023-12-20T11:19:17","slug":"baza-znanja","status":"publish","type":"page","link":"https:\/\/pubweb.carnet.hr\/suoznhb\/baza-znanja\/","title":{"rendered":"BAZA ZNANJA"},"content":{"rendered":"<p><a href=\"http:\/\/pubweb.carnet.hr\/suoznhb\/wp-content\/uploads\/sites\/96\/2020\/01\/baza_znanja-za-drustveni-razvoj-logo-final-Copy.jpg\"><img loading=\"lazy\" decoding=\"async\" class=\"alignnone size-medium wp-image-423\" src=\"http:\/\/pubweb.carnet.hr\/suoznhb\/wp-content\/uploads\/sites\/96\/2020\/01\/baza_znanja-za-drustveni-razvoj-logo-final-Copy-300x138.jpg\" alt=\"\" width=\"300\" height=\"138\" \/><\/a><\/p>\n<p>&nbsp;<\/p>\n<p><a href=\"http:\/\/pubweb.carnet.hr\/suoznhb\/wp-content\/uploads\/sites\/96\/2023\/07\/OTPORNOST-I-ODR\u017dIVOST-CIVILNOG-DRU\u0160TVA-SUOZNHB.pdf\">OTPORNOST I ODR\u017dIVOST CIVILNOG DRU\u0160TVA-SUOZNHB<\/a><\/p>\n<p><a href=\"https:\/\/docs.google.com\/document\/d\/1aGxdte_wlFksxJB6_omsSvd6U3pi23-Y\/edit?pli=1\">ANALIZA NACIONALNE RAZVOJNE STRATEGIJE RH 2030 &#8211; 9. CENTAR ZNANJA<\/a><\/p>\n<p><a href=\"https:\/\/drive.google.com\/file\/d\/1f9wT5F5eNnYiyxOHHNSC7wXSpimJQFD6\/view?usp=sharing\">KONFERENCIJA &#8220;ZAJEDNO ZNANJEM&#8221;<\/a><\/p>\n<p><a href=\"http:\/\/pubweb.carnet.hr\/suoznhb\/wp-content\/uploads\/sites\/96\/2021\/11\/Istra\u017eivanje-SUOZNHB-Kvaliteta-\u017eivota-\u010dlanova-za-vrijeme-pandemije.pdf\">Istra\u017eivanje SUOZNHB Kvaliteta \u017eivota \u010dlanova za vrijeme pandemije<\/a><\/p>\n<p><a href=\"http:\/\/pubweb.carnet.hr\/suoznhb\/wp-content\/uploads\/sites\/96\/2020\/01\/28-GODINA-POTRAGE-ZA-NESTALIM-OSOBAMA-U-DOMOVINSKOM-RATU.pdf\">28 GODINA POTRAGE ZA NESTALIM OSOBAMA U DOMOVINSKOM RATU<\/a><\/p>\n<p>KNJIGE:<\/p>\n<p><a href=\"https:\/\/drive.google.com\/file\/d\/1k_ihzQ3Vyff97eUB6-8-4jFk1eBKFY84\/view?usp=share_link\">Deset godina nade i boli<\/a><\/p>\n<p><a href=\"https:\/\/drive.google.com\/file\/d\/1x_6olI97Qg2zl48cJc6frQJ570E4-ORc\/view?usp=share_link\">Suzama do istine<\/a><\/p>\n<p><a href=\"https:\/\/gofile.me\/7hoh2\/12zHWaYfT\">Gdje su na\u0161i najmiliji 1<\/a><\/p>\n<p><a href=\"https:\/\/drive.google.com\/file\/d\/1fJjOOCf5NqH8JmjzU7IdFOEh3paydAD5\/view?usp=share_link\">Gdje su na\u0161i najmiliji 2<\/a><\/p>\n<p><a href=\"https:\/\/gofile.me\/7hoh2\/JaI2Rxfgv\">Domovinski rat<\/a><\/p>\n","protected":false},"excerpt":{"rendered":"<p>&nbsp; OTPORNOST I ODR\u017dIVOST CIVILNOG DRU\u0160TVA-SUOZNHB ANALIZA NACIONALNE RAZVOJNE STRATEGIJE RH 2030 &#8211; 9. CENTAR ZNANJA KONFERENCIJA &#8220;ZAJEDNO ZNANJEM&#8221; Istra\u017eivanje SUOZNHB Kvaliteta \u017eivota \u010dlanova za vrijeme pandemije 28 GODINA POTRAGE ZA NESTALIM OSOBAMA U DOMOVINSKOM RATU KNJIGE: Deset godina nade i boli Suzama do istine Gdje su na\u0161i najmiliji 1 Gdje su na\u0161i najmiliji 2 &hellip; <a href=\"https:\/\/pubweb.carnet.hr\/suoznhb\/baza-znanja\/\" class=\"more-link\">Nastavi \u010ditati <span class=\"screen-reader-text\">BAZA ZNANJA<\/span> <span class=\"meta-nav\">&rarr;<\/span><\/a><\/p>\n","protected":false},"author":89,"featured_media":0,"parent":0,"menu_order":0,"comment_status":"closed","ping_status":"closed","template":"","meta":{"footnotes":""},"class_list":["post-418","page","type-page","status-publish","hentry"],"_links":{"self":[{"href":"https:\/\/pubweb.carnet.hr\/suoznhb\/wp-json\/wp\/v2\/pages\/418","targetHints":{"allow":["GET"]}}],"collection":[{"href":"https:\/\/pubweb.carnet.hr\/suoznhb\/wp-json\/wp\/v2\/pages"}],"about":[{"href":"https:\/\/pubweb.carnet.hr\/suoznhb\/wp-json\/wp\/v2\/types\/page"}],"author":[{"embeddable":true,"href":"https:\/\/pubweb.carnet.hr\/suoznhb\/wp-json\/wp\/v2\/users\/89"}],"replies":[{"embeddable":true,"href":"https:\/\/pubweb.carnet.hr\/suoznhb\/wp-json\/wp\/v2\/comments?post=418"}],"version-history":[{"count":3,"href":"https:\/\/pubweb.carnet.hr\/suoznhb\/wp-json\/wp\/v2\/pages\/418\/revisions"}],"predecessor-version":[{"id":958,"href":"https:\/\/pubweb.carnet.hr\/suoznhb\/wp-json\/wp\/v2\/pages\/418\/revisions\/958"}],"wp:attachment":[{"href":"https:\/\/pubweb.carnet.hr\/suoznhb\/wp-json\/wp\/v2\/media?parent=418"}],"curies":[{"name":"wp","href":"https:\/\/api.w.org\/{rel}","templated":true}]}}