{"id":965,"date":"2017-10-03T14:11:23","date_gmt":"2017-10-03T14:11:23","guid":{"rendered":"http:\/\/pubweb.carnet.hr\/ssszgzup\/?page_id=965"},"modified":"2018-07-09T09:38:32","modified_gmt":"2018-07-09T09:38:32","slug":"natjecanja-201-2018","status":"publish","type":"page","link":"https:\/\/pubweb.carnet.hr\/ssszgzup\/natjecanja-201-2018\/","title":{"rendered":"Natjecanja 2017. \/ 2018."},"content":{"rendered":"<p><a href=\"https:\/\/drive.google.com\/file\/d\/0B8sCs45IAEZjc0FoRGxNMkN2WUpfc21KZUp6MktlZUNkcFV3\/view?usp=sharing\">IZVJE\u0161\u0106E SA NATJECANJA \u0160KOLSKIH SPORTSKIH DRU\u0160TAVA ZAGREBA\u010cKE \u017dUPANIJE u \u0161kolskoj 2017.\/2018. godini<\/a><\/p>\n<p><a href=\"https:\/\/drive.google.com\/file\/d\/0B8sCs45IAEZjZlhSMWNwRWVRcVRtU1ZYd2VERjZDOFZWSG5Z\/view?usp=sharing\">SUDJELOVANJE OSNOVNIH I SREDNJIH \u0160KOLA ZAGREBA\u010cKE \u017dUPANIJE NA SPORTSKIM NATJECANJIMA U \u0160KOLSKOJ 2017.\/2018. GODINI<\/a><\/p>\n<p><a href=\"https:\/\/drive.google.com\/file\/d\/0B8sCs45IAEZjV1Z3V29SNEFyNjVXV3hDWFE1N0ZFYkVRMVVN\/view?usp=sharing\">SUDJELOVANJE OSNOVNIH \u0160KOLA ZAGREBA\u010cKE \u017dUPANIJE NA SPORTSKIM NATJECANJIMA 5 i 6 razreda U \u0160KOLSKOJ 2017.\/2018. GODINI<\/a><\/p>\n<p><a href=\"https:\/\/drive.google.com\/file\/d\/0B8sCs45IAEZjZnFEMW9Bb1YxMUc4VDRIU05oY3pKUUg3bWxR\/view?usp=sharing\">REDOSLIJED UKUPNOG BROJA NATJECANJA I REZULTATA \u0160SD OSNOVNIH I SREDNJIH \u0160KOLA ZAGREBA\u010cKE \u017dUPANIJE U \u0160KOLSKOJ 2017.\/2018. GODINI<\/a><\/p>\n<p><a href=\"https:\/\/drive.google.com\/file\/d\/0B8sCs45IAEZjMXA1cXI4NzdKMDFfU0JsRE81Vy1hQkY0cUFJ\/view?usp=sharing\">REDOSLIJED UKUPNOG BROJA NATJECANJA I REZULTATA \u0160SD OSNOVNIH \u0160KOLA ZAGREBA\u010cKE \u017dUPANIJE U \u0160KOLSKOJ 2017.\/2018. GODINI \u2013 izvadak za 5. i 6. razrede<\/a><\/p>\n<p><a href=\"https:\/\/drive.google.com\/file\/d\/0B8sCs45IAEZjdWkwYllJaWUyV1QtMGhiajNrajFTSGtMbTkw\/view?usp=sharing\">UKUPAN BROJ NATJECANJA \u0160SD OSNOVNIH I SREDNJIH \u0160KOLA ZAGREBA\u010cKE \u017dUPANIJE U \u0160KOLSKOJ 2017.\/2018. GODINI<\/a><\/p>\n<p><a href=\"https:\/\/drive.google.com\/file\/d\/0B8sCs45IAEZjOUxsUVgxMnFna0JKMVo4M3FmVF9xNG5URi1V\/view?usp=sharing\">UKUPAN BROJ NATJECANJA \u0160SD OSNOVNIH \u0160KOLA ZAGREBA\u010cKE \u017dUPANIJE U \u0160KOLSKOJ 2017.\/2018. GODINI za 5. i 6. razrede<\/a><\/p>\n<p><a href=\"https:\/\/drive.google.com\/file\/d\/0B8sCs45IAEZjaFBRRXo5bjZNbVpxdzJrNjJRV3czbUxHbmhN\/view?usp=sharing\">Vremenik  skupine Centar za \u0161kolsku godinu 2017.\/2018.<\/a><br \/>\n<a href=\"https:\/\/drive.google.com\/file\/d\/0B8sCs45IAEZjSGNDek5hZUdUV2cwdkxEQkZVZTJLd0dMVVpr\/view?usp=sharing\">Vremenik natjecanja u\u010denika 5. i 6. razreda u \u0161kolskoj godini 2017.\/2018.<\/a><br \/>\n<a href=\"https:\/\/drive.google.com\/file\/d\/0B8sCs45IAEZjUWdfamd4bG1oWWZueU11VnppajhIX2l5SFln\/view?usp=sharing\">Vremenik natjecanja u\u010denika 7. i 8. razreda u \u0161kolskoj godini 2017.\/2018.<\/a><br \/>\n<a href=\"https:\/\/drive.google.com\/file\/d\/0B8sCs45IAEZjTnU4Q2VOTmRMSkcya0p6a2U5bXU2aGlISVgw\/view?usp=sharing\">Vremenik natjecanja u\u010denika srednjih \u0161kola u \u0161kolskoj godini 2017.\/2018.<\/a><br \/>\n<\/br><br \/>\n<a href=\"https:\/\/drive.google.com\/file\/d\/0B8sCs45IAEZjRlozQUFxRkVmdXpuV1lrNU44czFCRUNpYWxJ\/view?usp=sharing\">Prijavna lista za sudjelovanje na \u017dupanijskom natjecanju \u0161kolskih sportskih dru\u0161tava u \u0161kolskoj godini 2017.\/2018.<\/a><br \/>\n<a href=\"https:\/\/drive.google.com\/file\/d\/0B8sCs45IAEZjVU1UYzI0NHNYLTRqM3NiTUphdkdkM005NTQ4\/view?usp=sharing\">Predprijava za sudjelovanje na gradskim \u0161kolskim sportskim natjecanjima i sudjelovanje na \u017eupanijskim \u0161kolskim sportskim natjecanjima u \u0161kolskoj godini 2017.\/2018.<\/a><\/p>\n<p><a href=\"https:\/\/drive.google.com\/file\/d\/0B8sCs45IAEZjSGlDYmZOSHdxdWhzYkVJTTJ0MW55ekdoN0lz\/view?usp=sharing\">Doma\u0107instva poluzavr\u0161nih natjecanja Dr\u017eavnih prvenstava za u\u010denike 5. i 6. razreda O\u0160<\/a><\/p>\n","protected":false},"excerpt":{"rendered":"<p>IZVJE\u0161\u0106E SA NATJECANJA \u0160KOLSKIH SPORTSKIH DRU\u0160TAVA ZAGREBA\u010cKE \u017dUPANIJE u \u0161kolskoj 2017.\/2018. godini SUDJELOVANJE OSNOVNIH I SREDNJIH \u0160KOLA ZAGREBA\u010cKE \u017dUPANIJE NA SPORTSKIM NATJECANJIMA U \u0160KOLSKOJ 2017.\/2018. GODINI SUDJELOVANJE OSNOVNIH \u0160KOLA ZAGREBA\u010cKE \u017dUPANIJE NA SPORTSKIM NATJECANJIMA 5 i 6 razreda U \u0160KOLSKOJ 2017.\/2018. GODINI REDOSLIJED UKUPNOG BROJA NATJECANJA I REZULTATA \u0160SD OSNOVNIH I SREDNJIH \u0160KOLA ZAGREBA\u010cKE \u017dUPANIJE [&hellip;]<\/p>\n","protected":false},"author":570,"featured_media":0,"parent":0,"menu_order":0,"comment_status":"closed","ping_status":"closed","template":"","meta":{"footnotes":""},"class_list":["post-965","page","type-page","status-publish","hentry"],"_links":{"self":[{"href":"https:\/\/pubweb.carnet.hr\/ssszgzup\/wp-json\/wp\/v2\/pages\/965","targetHints":{"allow":["GET"]}}],"collection":[{"href":"https:\/\/pubweb.carnet.hr\/ssszgzup\/wp-json\/wp\/v2\/pages"}],"about":[{"href":"https:\/\/pubweb.carnet.hr\/ssszgzup\/wp-json\/wp\/v2\/types\/page"}],"author":[{"embeddable":true,"href":"https:\/\/pubweb.carnet.hr\/ssszgzup\/wp-json\/wp\/v2\/users\/570"}],"replies":[{"embeddable":true,"href":"https:\/\/pubweb.carnet.hr\/ssszgzup\/wp-json\/wp\/v2\/comments?post=965"}],"version-history":[{"count":2,"href":"https:\/\/pubweb.carnet.hr\/ssszgzup\/wp-json\/wp\/v2\/pages\/965\/revisions"}],"predecessor-version":[{"id":1594,"href":"https:\/\/pubweb.carnet.hr\/ssszgzup\/wp-json\/wp\/v2\/pages\/965\/revisions\/1594"}],"wp:attachment":[{"href":"https:\/\/pubweb.carnet.hr\/ssszgzup\/wp-json\/wp\/v2\/media?parent=965"}],"curies":[{"name":"wp","href":"https:\/\/api.w.org\/{rel}","templated":true}]}}