{"id":77,"date":"2015-09-06T06:21:04","date_gmt":"2015-09-06T06:21:04","guid":{"rendered":"http:\/\/pubweb.carnet.hr\/ssszgzup\/?page_id=77"},"modified":"2023-05-16T14:42:58","modified_gmt":"2023-05-16T14:42:58","slug":"o-nama-2","status":"publish","type":"page","link":"https:\/\/pubweb.carnet.hr\/ssszgzup\/o-nama-2\/","title":{"rendered":"O nama"},"content":{"rendered":"<p><strong>  \u017dUPANIJSKI \u0160KOLSKI \u0160PORTSKI SAVEZ ZAGREBA\u010cKE \u017dUPANIJE<\/strong><\/p>\n<p>Dobro do\u0161li na stranice na\u0161eg Saveza!<br \/>\n\u017dupanijski \u0161kolski \u0161portski Savez Zagreba\u010dke \u017eupanije osnovan je 1995. godine na inicijativu Ministarstva odgoja, obrazovanja i znanosti kako bi se sportskim aktivnostima djelovalo na pravilan rast i razvoj djece te na kvalitetno provo\u0111enje njihovog slobodnog vremena.<br \/>\nNapominjemo da je do tog vremena na podru\u010dju Zagreba\u010dke \u017eupanije djelovao jedino Savez \u0161kolskih \u0161portskih klubova Grada Samobora koji je osnovan jo\u0161 1976. godine.<br \/>\nNajistaknutiji, a i najzaslu\u017eniji profesor tjelesne i zdravstvene kulture toga vremena bio je gospodin Krsto Mesi\u0107, profesor savjetnik ravnatelj Osnovne \u0161kole Bogumila Tonija iz Samobora koji je i imenovan za prvog predsjednika na\u0161eg Saveza. Tu je funkciju vrlo odgovorno i kvalitetno obna\u0161a sve do svog odlaska u mirovinu 2011. godine.<br \/>\nOd 2011. godine predsjednik \u017d\u0160\u0160S-a je gospodin Slavko Fukat, profesor savjetnik, zaposlen u Srednjoj \u0161koli Vrbovec. Na svojoj Izbornoj skup\u0161tini u travnju 2015. godine \u017d\u0160\u0160S ponovno ga bira za predsjednika na mandat od \u010detiri godine. Tako\u0111er nagla\u0161avamo da je gospodin Slavko Fukat bio i \u010dlan Izvr\u0161nog odbora HRVATSKOG \u0160KOLSKOG \u0160PORTSKOG SAVEZA.<br \/>\nOd 2019. godine predsjednica \u017d\u0160\u0160S-a je gospo\u0111a Ivan\u010dica Valek, profesor savjetnik, zaposlena u Osnovnoj \u0161koli Dragutina Domjani\u0107a iz Svetog Ivana Zelina.<br \/>\nTijelo koje upravlja radom i poslovanjem Saveza je Upravni odbor koji ima 19 \u010dlanova i to po jedan predstavnik osnovnih \u0161kola i po jedan predstavnik srednjih \u0161kola s podru\u010dja svake Ispostave Ureda dr\u017eavne uprave Zagreba\u010dke \u017eupanija (Dugo Selo, Ivani\u0107-Grad, Jastrebarsko, Samobor, Sveti Ivan Zelina, Velika Gorica, Vrbovec i Zapre\u0161i\u0107), predstavnik Upravnog odjela za prosvjetu, kulturu, \u0161port i tehni\u010dku kulturu Zagreba\u010dke \u017eupanije i predstavnik Ureda dr\u017eavne uprave u Zagreba\u010dkoj \u017eupaniji \u2013 Slu\u017eba za dru\u0161tvene djelatnosti.<br \/>\nProgramom Saveza danas je obuhva\u0107eno svih 49 osnovnih i 13 srednjih \u0161kola i 3 Centra za djecu sa posebnim potrebama Zagreba\u010dke \u017eupanije a sportovi u kojima se organiziraju natjecanja za djevoj\u010dice i dje\u010dake i to za u\u010denike 4 razreda \u2013 grani\u010dar, za u\u010denike 5 i 6 razreda osnovnih \u0161kola, to su: futsal, ko\u0161arka, rukomet, odbojka, atletika i kros, a za ostale u\u010denike osnovnih \u0161kola su: futsal, ko\u0161arka, rukomet, odbojka. stolni tenis, badminton, \u0161ah, gimnastika, kros, atletika, plivanje, judo, strelja\u0161tvo i tenis, a za u\u010denike srednjih \u0161kola: futsal, ko\u0161arka, rukomet, odbojka, stolni tenis, badminton, \u0161ah, kros, atletika, strelja\u0161tvo i tenis.<br \/>\n\u017dupanijski \u0161kolski \u0161portski savez Zagreba\u010dke \u017eupanije je i provoditelj programa UNIVERZALNE SPORTSKE \u0160KOLE, VJE\u017dBAONICE I PROGRAMA VRTIM ZDRAVI FILM na temelju prijava \u0161kola a inicijativa i financiranje tih programa je pokrenuta od  HRVATSKOG \u0160KOLSKOG SPORTSKOG SAVEZA. Program provode isklju\u010divo u\u010ditelji tjelesne i zdravstvene kulture te je isti potpuno besplatan za u\u010denike od 1. do 4. razreda osnovne \u0161kole \u2013 US\u0160, VJE\u017dBAONICE za u\u010denike O\u0160 i S\u0160, a VRTIM ZDRAVI FILM za u\u010denike 7.-ih razreda. Na nivou Zagreba\u010dke \u017eupanije formirano je do sada 31 odjel US\u0160-e, 24 odjela Vje\u017ebaonice i 7 \u0161kola koje  provode program VZF sa sve ve\u0107im interesom \u0161kola da se uklju\u010de u taj program.<br \/>\n\u017dUPANIJSKI \u0160KOLSKI \u0160PORTSKI SAVEZ tako\u0111er prati i podupire \u0161kole koje u\u010destvuju na raznim sportskim doga\u0111anjima kao \u0161to su : KROS SPORTSKIH NOVOSTI i ERSTE PLAVA LIGA financiranjem prijevoza na spomenuta natjecanja.<\/p>\n<p>S velikim entuzijazmom, ali i kompetencijama profesora tjelesne i zdravstvene kulture nastojat \u0107emo rad na\u0161eg Saveza svakim danom podizati na \u0161to kvalitetniji nivo\u2026.<br \/>\nHvala Vam \u0161to ste posjetili na\u0161u stranicu!<br \/>\nMati\u010dni broj poslovnog subjekta: 1667807<br \/>\nIBAN : HR58 2403 0091 1200 0641 2<br \/>\nOIB : 86280188275<br \/>\nUlica Andrije Hebranga 26 a<br \/>\n10430 S A M O B O R<br \/>\n\u2013 predsjednica:<br \/>\nmail: ivalek2@gmail.com<br \/>\n&#8211; tajnica: Ismeta \u010cerkez <\/p>\n","protected":false},"excerpt":{"rendered":"<p>\u017dUPANIJSKI \u0160KOLSKI \u0160PORTSKI SAVEZ ZAGREBA\u010cKE \u017dUPANIJE Dobro do\u0161li na stranice na\u0161eg Saveza! \u017dupanijski \u0161kolski \u0161portski Savez Zagreba\u010dke \u017eupanije osnovan je 1995. godine na inicijativu Ministarstva odgoja, obrazovanja i znanosti kako bi se sportskim aktivnostima djelovalo na pravilan rast i razvoj djece te na kvalitetno provo\u0111enje njihovog slobodnog vremena. Napominjemo da je do tog vremena na [&hellip;]<\/p>\n","protected":false},"author":570,"featured_media":0,"parent":0,"menu_order":0,"comment_status":"closed","ping_status":"closed","template":"","meta":{"footnotes":""},"class_list":["post-77","page","type-page","status-publish","hentry"],"_links":{"self":[{"href":"https:\/\/pubweb.carnet.hr\/ssszgzup\/wp-json\/wp\/v2\/pages\/77","targetHints":{"allow":["GET"]}}],"collection":[{"href":"https:\/\/pubweb.carnet.hr\/ssszgzup\/wp-json\/wp\/v2\/pages"}],"about":[{"href":"https:\/\/pubweb.carnet.hr\/ssszgzup\/wp-json\/wp\/v2\/types\/page"}],"author":[{"embeddable":true,"href":"https:\/\/pubweb.carnet.hr\/ssszgzup\/wp-json\/wp\/v2\/users\/570"}],"replies":[{"embeddable":true,"href":"https:\/\/pubweb.carnet.hr\/ssszgzup\/wp-json\/wp\/v2\/comments?post=77"}],"version-history":[{"count":2,"href":"https:\/\/pubweb.carnet.hr\/ssszgzup\/wp-json\/wp\/v2\/pages\/77\/revisions"}],"predecessor-version":[{"id":3770,"href":"https:\/\/pubweb.carnet.hr\/ssszgzup\/wp-json\/wp\/v2\/pages\/77\/revisions\/3770"}],"wp:attachment":[{"href":"https:\/\/pubweb.carnet.hr\/ssszgzup\/wp-json\/wp\/v2\/media?parent=77"}],"curies":[{"name":"wp","href":"https:\/\/api.w.org\/{rel}","templated":true}]}}