{"id":71,"date":"2015-09-06T06:07:12","date_gmt":"2015-09-06T06:07:12","guid":{"rendered":"http:\/\/pubweb.carnet.hr\/ssszgzup\/?page_id=71"},"modified":"2023-01-02T19:56:23","modified_gmt":"2023-01-02T19:56:23","slug":"dokumenti","status":"publish","type":"page","link":"https:\/\/pubweb.carnet.hr\/ssszgzup\/dokumenti\/","title":{"rendered":"Dokumenti"},"content":{"rendered":"<p><strong>Financijski izvje\u0161taji(2022.):<\/strong><\/p>\n<p><a href=\"https:\/\/docs.google.com\/spreadsheets\/d\/1Xnz4-6afOov_-Pck4-oMAxzVTIab7ANK\/edit?usp=share_link&amp;ouid=107600576966781543024&amp;rtpof=true&amp;sd=true\">FINANCIJSKI PLAN ZA 2023. UKUPNO <\/a><\/p>\n<p><a href=\"https:\/\/docs.google.com\/spreadsheets\/d\/19BuWDyCZjPi-4f8m2oY9kKKcbFCZmR5q\/edit?usp=share_link&amp;ouid=107600576966781543024&amp;rtpof=true&amp;sd=true\">IZVR\u0160ENJE PRIHODI &#8211; RASHODI za 2021.g.<\/a><\/p>\n<p><a href=\"https:\/\/docs.google.com\/document\/d\/1E8RmXxMsVZ8WuShee1y0aWGIuDan9xyU\/edit?usp=share_link&amp;ouid=107600576966781543024&amp;rtpof=true&amp;sd=true\">PRIJEDLOG PROGRAMA RADA \u017dUPANIJSKOG \u0160KOLSKOG \u0160PORTSKOG SAVEZA ZAGREBA\u010cKE \u017dUPANIJE U 2023. GODINI<\/a><\/p>\n<p><a href=\"https:\/\/docs.google.com\/document\/d\/1WxqLhRW9bmNHqCqDpdSm6U87fnpS05i6\/edit?usp=sharing&amp;ouid=107600576966781543024&amp;rtpof=true&amp;sd=true\">PRIJEDLOG IZVJE\u0160\u0106A O RADU \u017dUPANIJSKOG \u0160KOLSKOG \u0160PORTSKOG SAVEZA ZAGREBA\u010cKE \u017dUPANIJE U 2021. GODINI<\/a><\/p>\n<p><a href=\"https:\/\/docs.google.com\/document\/d\/1_xaG-KQfc3uIOOcHEnSHdLtXyuWEAyZB\/edit?usp=sharing&amp;ouid=107600576966781543024&amp;rtpof=true&amp;sd=true\">OBRAZAC PRIJAVE za predlaganje Programa javnih potreba u sportu Zagreba\u010dke \u017eupanije za 2022. godinu<\/a><\/p>\n<p><a href=\"https:\/\/docs.google.com\/document\/d\/1iNQTRnVS2pmjjim557H-IJrpeVbTO3tL\/edit?usp=sharing&amp;ouid=107600576966781543024&amp;rtpof=true&amp;sd=true\">Popis \u0161kola Zagreba\u010dke \u017eupanije<\/a><\/p>\n<p><strong>Financijski izvje\u0161taji(2021.):<\/strong><\/p>\n<p><a href=\"https:\/\/docs.google.com\/document\/d\/1JiDNGKYFFdCcCve2Q7NndD5DTvawTDfZ\/edit?usp=sharing&amp;ouid=107600576966781543024&amp;rtpof=true&amp;sd=true\">OBRAZAC PRIJAVE za predlaganje Programa javnih potreba u sportu Zagreba\u010dke \u017eupanije za 2021. godinu<\/a><\/p>\n<p><a href=\"https:\/\/drive.google.com\/file\/d\/1f6hbNj_dxCEoOh_H98UFuQ7FqnhdDrHC\/view?usp=sharing\">Potvrda o predanom obrascu FINI<\/a><\/p>\n<p><a href=\"https:\/\/drive.google.com\/file\/d\/1h-lM4xvoaEM1ZW_yYFBm5jEppxpyvEw9\/view?usp=sharing\">Obrazac prijave za predlaganje Programa javnih potreba u sportu Z\u017d za 2021. godinu<\/a><\/p>\n<p><strong>Financijski izvje\u0161taji (2020.):<\/strong><\/p>\n<p><a href=\"https:\/\/drive.google.com\/file\/d\/1g9WhRNwTJFRkeOZyXYXZp6wSlZzLc0gD\/view?usp=sharing\"><strong>OBRAZAC PRIJAVE za predlaganje Programa javnih potreba u sportu Zagreba\u010dke \u017eupanije za 2020. godinu<\/strong><\/a><\/p>\n<p><a href=\"https:\/\/drive.google.com\/file\/d\/0B8sCs45IAEZjT0hVcGVuY3lYYWdsMk5uMmNaaE1nYnhxbkNv\/view?usp=sharing\">Pravilnik o dodjeli nagrada u \u0161kolskom sportu <\/a><\/p>\n<p><a href=\"https:\/\/drive.google.com\/file\/d\/0B8sCs45IAEZjd3FreW84Yjg5S3VYQzJxaEQ1aEliaEJtT000\/view?usp=sharing\">Prijavna lista za sudjelovanje na \u017dupanijskom natjecanju \u0161kolskih sportskih dru\u0161tava u \u0161kolskoj godini 2019.\/2020.<\/a><\/p>\n<p><a href=\"https:\/\/drive.google.com\/file\/d\/1g1kF4tOt9Myy_Wrwg6hTpxKNBvxnjTUh\/view?usp=sharing\">Programi javnih potreba u sportu 2019.<\/a><\/p>\n<p><strong>Financijski izvje\u0161taji (2019.): <\/strong><br \/>\n<a href=\"https:\/\/drive.google.com\/file\/d\/1QZ-PdrSuoH3wBDf9NlSp4Jmv_iIE1Quw\/view?usp=sharing\">Financijski prihodi u 2019. godini<\/a><br \/>\n<a href=\"https:\/\/drive.google.com\/file\/d\/1XLXRfzJxYCpEcA4fkd9H9VeUkK_pjaOb\/view?usp=sharing\">Financijski rashodi u 2019. godini<\/a><\/p>\n<p><a href=\"https:\/\/drive.google.com\/file\/d\/1YeVFJ368nv2Lysq0u4g67wrHVCGpq3rH\/view?usp=sharing\">Programi javnih potreba u sportu 2018.<\/a><\/p>\n<p><strong>Financijski izvje\u0161taji (2018.): <\/strong><br \/>\n<a href=\"https:\/\/drive.google.com\/file\/d\/1b-P_n7vx_B4Tw1S-pmLr04Y-Xk2pPoL9\/view?usp=sharing\">Financijski prihodi u 2018. godini<\/a><br \/>\n<a href=\"https:\/\/drive.google.com\/file\/d\/1H152UvpBgH_AaS9C_lTk7pisidQSVTje\/view?usp=sharing\">Financijski rashodi u 2018. godini<\/a><br \/>\n<a href=\"https:\/\/drive.google.com\/file\/d\/1PbmjS6heomTRPcKfM6HLsr5NZYeSjdan\/view?usp=sharing\">Potvrda o predaji izvje\u0161\u0107a za 2018. godinu<\/a><\/p>\n<p><a href=\"https:\/\/drive.google.com\/file\/d\/0B8sCs45IAEZjWWc0UzM2LVZMQ3l1dHNKbzM0Z2s0SXgzMFdZ\/view?usp=sharing\">Program javnih potreba u sportu 2017.<\/a><\/p>\n<p><a href=\"https:\/\/drive.google.com\/file\/d\/0B8sCs45IAEZjUUowaGRBM3p2dzA\/view?usp=sharing\">Program javnih potreba u sportu 2016.<\/a><\/p>\n","protected":false},"excerpt":{"rendered":"<p>Financijski izvje\u0161taji(2022.): FINANCIJSKI PLAN ZA 2023. UKUPNO IZVR\u0160ENJE PRIHODI &#8211; RASHODI za 2021.g. PRIJEDLOG PROGRAMA RADA \u017dUPANIJSKOG \u0160KOLSKOG \u0160PORTSKOG SAVEZA ZAGREBA\u010cKE \u017dUPANIJE U 2023. GODINI PRIJEDLOG IZVJE\u0160\u0106A O RADU \u017dUPANIJSKOG \u0160KOLSKOG \u0160PORTSKOG SAVEZA ZAGREBA\u010cKE \u017dUPANIJE U 2021. GODINI OBRAZAC PRIJAVE za predlaganje Programa javnih potreba u sportu Zagreba\u010dke \u017eupanije za 2022. godinu Popis \u0161kola Zagreba\u010dke [&hellip;]<\/p>\n","protected":false},"author":570,"featured_media":0,"parent":0,"menu_order":0,"comment_status":"closed","ping_status":"closed","template":"","meta":{"footnotes":""},"class_list":["post-71","page","type-page","status-publish","hentry"],"_links":{"self":[{"href":"https:\/\/pubweb.carnet.hr\/ssszgzup\/wp-json\/wp\/v2\/pages\/71","targetHints":{"allow":["GET"]}}],"collection":[{"href":"https:\/\/pubweb.carnet.hr\/ssszgzup\/wp-json\/wp\/v2\/pages"}],"about":[{"href":"https:\/\/pubweb.carnet.hr\/ssszgzup\/wp-json\/wp\/v2\/types\/page"}],"author":[{"embeddable":true,"href":"https:\/\/pubweb.carnet.hr\/ssszgzup\/wp-json\/wp\/v2\/users\/570"}],"replies":[{"embeddable":true,"href":"https:\/\/pubweb.carnet.hr\/ssszgzup\/wp-json\/wp\/v2\/comments?post=71"}],"version-history":[{"count":3,"href":"https:\/\/pubweb.carnet.hr\/ssszgzup\/wp-json\/wp\/v2\/pages\/71\/revisions"}],"predecessor-version":[{"id":3447,"href":"https:\/\/pubweb.carnet.hr\/ssszgzup\/wp-json\/wp\/v2\/pages\/71\/revisions\/3447"}],"wp:attachment":[{"href":"https:\/\/pubweb.carnet.hr\/ssszgzup\/wp-json\/wp\/v2\/media?parent=71"}],"curies":[{"name":"wp","href":"https:\/\/api.w.org\/{rel}","templated":true}]}}