{"id":706,"date":"2017-02-05T10:59:42","date_gmt":"2017-02-05T10:59:42","guid":{"rendered":"http:\/\/pubweb.carnet.hr\/ssszgzup\/?page_id=706"},"modified":"2017-02-05T11:00:26","modified_gmt":"2017-02-05T11:00:26","slug":"judo-2016-2017","status":"publish","type":"page","link":"https:\/\/pubweb.carnet.hr\/ssszgzup\/judo-2016-2017\/","title":{"rendered":"Judo 2016.\/2017."},"content":{"rendered":"<p><a href=\"http:\/\/pubweb.carnet.hr\/ssszgzup\/2017\/02\/05\/zupanijsko-natjecanje-osnovnih-skola-u-judu\/\">\u017dupanijsko natjecanje osnovnih \u0161kola u judu odr\u017eano 1.2.2017.<\/a><\/p>\n","protected":false},"excerpt":{"rendered":"<p>\u017dupanijsko natjecanje osnovnih \u0161kola u judu odr\u017eano 1.2.2017.<\/p>\n","protected":false},"author":570,"featured_media":0,"parent":0,"menu_order":0,"comment_status":"closed","ping_status":"closed","template":"","meta":{"footnotes":""},"class_list":["post-706","page","type-page","status-publish","hentry"],"_links":{"self":[{"href":"https:\/\/pubweb.carnet.hr\/ssszgzup\/wp-json\/wp\/v2\/pages\/706","targetHints":{"allow":["GET"]}}],"collection":[{"href":"https:\/\/pubweb.carnet.hr\/ssszgzup\/wp-json\/wp\/v2\/pages"}],"about":[{"href":"https:\/\/pubweb.carnet.hr\/ssszgzup\/wp-json\/wp\/v2\/types\/page"}],"author":[{"embeddable":true,"href":"https:\/\/pubweb.carnet.hr\/ssszgzup\/wp-json\/wp\/v2\/users\/570"}],"replies":[{"embeddable":true,"href":"https:\/\/pubweb.carnet.hr\/ssszgzup\/wp-json\/wp\/v2\/comments?post=706"}],"version-history":[{"count":2,"href":"https:\/\/pubweb.carnet.hr\/ssszgzup\/wp-json\/wp\/v2\/pages\/706\/revisions"}],"predecessor-version":[{"id":708,"href":"https:\/\/pubweb.carnet.hr\/ssszgzup\/wp-json\/wp\/v2\/pages\/706\/revisions\/708"}],"wp:attachment":[{"href":"https:\/\/pubweb.carnet.hr\/ssszgzup\/wp-json\/wp\/v2\/media?parent=706"}],"curies":[{"name":"wp","href":"https:\/\/api.w.org\/{rel}","templated":true}]}}