{"id":605,"date":"2016-10-25T18:35:43","date_gmt":"2016-10-25T18:35:43","guid":{"rendered":"http:\/\/pubweb.carnet.hr\/ssszgzup\/?page_id=605"},"modified":"2018-10-30T13:19:36","modified_gmt":"2018-10-30T13:19:36","slug":"kros-2016-2017","status":"publish","type":"page","link":"https:\/\/pubweb.carnet.hr\/ssszgzup\/kros-2016-2017\/","title":{"rendered":"Kros"},"content":{"rendered":"<p><strong>\u0160kolska godina 2018.\/2019.<\/strong><\/p>\n<p><a href=\"http:\/\/pubweb.carnet.hr\/ssszgzup\/2018\/10\/30\/zupanijsko-natjecanje-u-krosu-za-osnovne-skole\/\">\u017dupanijsko natjecanje u krosu &#8211; osnovne \u0161kole &#8211; 24.10.2018.<\/a><br \/>\n<a href=\"http:\/\/pubweb.carnet.hr\/ssszgzup\/2018\/10\/30\/zupanijsko-natjecanje-u-krosu-za-srednje-skole\/\">\u017dupanijsko natjecanje u krosu &#8211; srednje \u0161kole &#8211; 25.10.2018.<\/a><\/p>\n<p><strong>\u0160kolska godina 2016.\/2017.<\/strong><\/p>\n<p><a href=\"http:\/\/pubweb.carnet.hr\/ssszgzup\/2016\/10\/25\/kros-2\/\">\u017dupanijsko natjecanje u Krosu &#8211; srednje \u0161kole &#8211; 21.10.2016.<\/a><br \/>\n<a href=\"http:\/\/pubweb.carnet.hr\/ssszgzup\/2016\/10\/25\/kros-osnovne-skole\/\">\u017dupanijsko natjecanje u Krosu &#8211; osnovne \u0161kole &#8211; 21.10.2016.<\/a><\/p>\n","protected":false},"excerpt":{"rendered":"<p>\u0160kolska godina 2018.\/2019. \u017dupanijsko natjecanje u krosu &#8211; osnovne \u0161kole &#8211; 24.10.2018. \u017dupanijsko natjecanje u krosu &#8211; srednje \u0161kole &#8211; 25.10.2018. \u0160kolska godina 2016.\/2017. \u017dupanijsko natjecanje u Krosu &#8211; srednje \u0161kole &#8211; 21.10.2016. \u017dupanijsko natjecanje u Krosu &#8211; osnovne \u0161kole &#8211; 21.10.2016.<\/p>\n","protected":false},"author":570,"featured_media":0,"parent":0,"menu_order":0,"comment_status":"closed","ping_status":"closed","template":"","meta":{"footnotes":""},"class_list":["post-605","page","type-page","status-publish","hentry"],"_links":{"self":[{"href":"https:\/\/pubweb.carnet.hr\/ssszgzup\/wp-json\/wp\/v2\/pages\/605","targetHints":{"allow":["GET"]}}],"collection":[{"href":"https:\/\/pubweb.carnet.hr\/ssszgzup\/wp-json\/wp\/v2\/pages"}],"about":[{"href":"https:\/\/pubweb.carnet.hr\/ssszgzup\/wp-json\/wp\/v2\/types\/page"}],"author":[{"embeddable":true,"href":"https:\/\/pubweb.carnet.hr\/ssszgzup\/wp-json\/wp\/v2\/users\/570"}],"replies":[{"embeddable":true,"href":"https:\/\/pubweb.carnet.hr\/ssszgzup\/wp-json\/wp\/v2\/comments?post=605"}],"version-history":[{"count":2,"href":"https:\/\/pubweb.carnet.hr\/ssszgzup\/wp-json\/wp\/v2\/pages\/605\/revisions"}],"predecessor-version":[{"id":1643,"href":"https:\/\/pubweb.carnet.hr\/ssszgzup\/wp-json\/wp\/v2\/pages\/605\/revisions\/1643"}],"wp:attachment":[{"href":"https:\/\/pubweb.carnet.hr\/ssszgzup\/wp-json\/wp\/v2\/media?parent=605"}],"curies":[{"name":"wp","href":"https:\/\/api.w.org\/{rel}","templated":true}]}}