{"id":53,"date":"2015-09-06T05:55:55","date_gmt":"2015-09-06T05:55:55","guid":{"rendered":"http:\/\/pubweb.carnet.hr\/ssszgzup\/?page_id=53"},"modified":"2018-11-30T15:57:08","modified_gmt":"2018-11-30T15:57:08","slug":"ostalo","status":"publish","type":"page","link":"https:\/\/pubweb.carnet.hr\/ssszgzup\/ostalo\/","title":{"rendered":"Ostalo"},"content":{"rendered":"<p><strong>\u0160kolska godina 2018 &#8211; 2019.<\/strong><\/p>\n<p><a href=\"http:\/\/pubweb.carnet.hr\/ssszgzup\/2018\/11\/30\/izvjesce-sa-zupanijskog-natjecanja-u-streljastvu\/\">\u017dupanijsko natjecanje i strelja\u0161tvu &#8211; 28.11.2018.<\/a><\/p>\n<p><strong>Doga\u0111anja u 2018:<\/strong><br \/>\n<a href=\"http:\/\/pubweb.carnet.hr\/ssszgzup\/2018\/02\/08\/plivanje\/\">\u017dupanijsko natjecanje u plivanju za u\u010denike osnovnih \u0161kola<\/a><\/p>\n<p><a href=\"http:\/\/pubweb.carnet.hr\/ssszgzup\/2018\/05\/29\/zupanijsko-natjecanje-u-tenisu-za-ucenike-i-ucenice-osnovnih-skola\/\">\u017dupanijsko natjecanje u tenisu za osnovne \u0161kole<\/a><\/p>\n<p><strong>Doga\u0111anja u 2017.:<\/strong><\/p>\n<p><a href=\"http:\/\/pubweb.carnet.hr\/ssszgzup\/2017\/11\/30\/zupanijsko-natjecanje-u-streljastvu\/\">\u017dupanijsko natjecanje u strelja\u0161tvu za osnovne i srednje \u0161kole<\/a><\/p>\n<p><a href=\"http:\/\/pubweb.carnet.hr\/ssszgzup\/2017\/02\/09\/zupanijsko-natjecanje-u-plivanju-za-osnovne-skole\/\">\u017dupanijsko natjecanje u plivanju za osnovne \u0161kole<\/a><br \/>\n<strong><br \/>\nDoga\u0111anja u 2016.: <\/strong><\/p>\n<p><a href=\"http:\/\/ssszgzup.hr\/2017\/01\/31\/stolni-tenis-osnovne-skole\/\">\u017dupanijsko natjecanje u stolnom tenisu za osnovne \u0161kole<\/a><\/p>\n<p><a href=\"http:\/\/pubweb.carnet.hr\/ssszgzup\/2015\/09\/16\/117\/\">Jaskanski atleti\u010dari na  Han\u017eekovi\u0107evom memorijalu &#8230; <\/a><\/p>\n<p><a href=\"http:\/\/pubweb.carnet.hr\/ssszgzup\/2016\/01\/26\/zupanijsko-natjecanje-u-stolnom-tenisu-osnovne-skole\/\">\u017dupanijsko natjecanje \u0161kolskih \u0161portskih dru\u0161tava Zagreba\u010dke \u017eupanije za djevoj\u010dice i dje\u010dake &#8211; Dugo Selo &#8211; 21.1.2016.<\/a><\/p>\n","protected":false},"excerpt":{"rendered":"<p>\u0160kolska godina 2018 &#8211; 2019. \u017dupanijsko natjecanje i strelja\u0161tvu &#8211; 28.11.2018. Doga\u0111anja u 2018: \u017dupanijsko natjecanje u plivanju za u\u010denike osnovnih \u0161kola \u017dupanijsko natjecanje u tenisu za osnovne \u0161kole Doga\u0111anja u 2017.: \u017dupanijsko natjecanje u strelja\u0161tvu za osnovne i srednje \u0161kole \u017dupanijsko natjecanje u plivanju za osnovne \u0161kole Doga\u0111anja u 2016.: \u017dupanijsko natjecanje u stolnom [&hellip;]<\/p>\n","protected":false},"author":570,"featured_media":0,"parent":0,"menu_order":0,"comment_status":"closed","ping_status":"closed","template":"","meta":{"footnotes":""},"class_list":["post-53","page","type-page","status-publish","hentry"],"_links":{"self":[{"href":"https:\/\/pubweb.carnet.hr\/ssszgzup\/wp-json\/wp\/v2\/pages\/53","targetHints":{"allow":["GET"]}}],"collection":[{"href":"https:\/\/pubweb.carnet.hr\/ssszgzup\/wp-json\/wp\/v2\/pages"}],"about":[{"href":"https:\/\/pubweb.carnet.hr\/ssszgzup\/wp-json\/wp\/v2\/types\/page"}],"author":[{"embeddable":true,"href":"https:\/\/pubweb.carnet.hr\/ssszgzup\/wp-json\/wp\/v2\/users\/570"}],"replies":[{"embeddable":true,"href":"https:\/\/pubweb.carnet.hr\/ssszgzup\/wp-json\/wp\/v2\/comments?post=53"}],"version-history":[{"count":3,"href":"https:\/\/pubweb.carnet.hr\/ssszgzup\/wp-json\/wp\/v2\/pages\/53\/revisions"}],"predecessor-version":[{"id":1757,"href":"https:\/\/pubweb.carnet.hr\/ssszgzup\/wp-json\/wp\/v2\/pages\/53\/revisions\/1757"}],"wp:attachment":[{"href":"https:\/\/pubweb.carnet.hr\/ssszgzup\/wp-json\/wp\/v2\/media?parent=53"}],"curies":[{"name":"wp","href":"https:\/\/api.w.org\/{rel}","templated":true}]}}