{"id":51,"date":"2015-09-06T05:55:44","date_gmt":"2015-09-06T05:55:44","guid":{"rendered":"http:\/\/pubweb.carnet.hr\/ssszgzup\/?page_id=51"},"modified":"2015-10-29T20:51:21","modified_gmt":"2015-10-29T20:51:21","slug":"odmorko","status":"publish","type":"page","link":"https:\/\/pubweb.carnet.hr\/ssszgzup\/odmorko\/","title":{"rendered":"Kros"},"content":{"rendered":"<p><a href=\"http:\/\/pubweb.carnet.hr\/ssszgzup\/2015\/10\/28\/kros\/\">\u017dupanijsko natjecanje u KROS-u &#8211; Srednje \u0161kole- 22. listopada, 2015.<\/a><br \/>\n<a href=\"http:\/\/pubweb.carnet.hr\/ssszgzup\/2015\/10\/29\/zupanijsko-natjecanje-u-krosu-osnovnih-skola-zagrebacke-zupanije\/?preview=true&amp;preview_id=198&amp;preview_nonce=28bae94af0&amp;post_format=standard\">\u017dupanijsko natjecanje u KROS-u &#8211; Osnovne \u0161kole<\/a><\/p>\n","protected":false},"excerpt":{"rendered":"<p>\u017dupanijsko natjecanje u KROS-u &#8211; Srednje \u0161kole- 22. listopada, 2015. \u017dupanijsko natjecanje u KROS-u &#8211; Osnovne \u0161kole<\/p>\n","protected":false},"author":570,"featured_media":0,"parent":0,"menu_order":0,"comment_status":"closed","ping_status":"closed","template":"","meta":{"footnotes":""},"class_list":["post-51","page","type-page","status-publish","hentry"],"_links":{"self":[{"href":"https:\/\/pubweb.carnet.hr\/ssszgzup\/wp-json\/wp\/v2\/pages\/51","targetHints":{"allow":["GET"]}}],"collection":[{"href":"https:\/\/pubweb.carnet.hr\/ssszgzup\/wp-json\/wp\/v2\/pages"}],"about":[{"href":"https:\/\/pubweb.carnet.hr\/ssszgzup\/wp-json\/wp\/v2\/types\/page"}],"author":[{"embeddable":true,"href":"https:\/\/pubweb.carnet.hr\/ssszgzup\/wp-json\/wp\/v2\/users\/570"}],"replies":[{"embeddable":true,"href":"https:\/\/pubweb.carnet.hr\/ssszgzup\/wp-json\/wp\/v2\/comments?post=51"}],"version-history":[{"count":0,"href":"https:\/\/pubweb.carnet.hr\/ssszgzup\/wp-json\/wp\/v2\/pages\/51\/revisions"}],"wp:attachment":[{"href":"https:\/\/pubweb.carnet.hr\/ssszgzup\/wp-json\/wp\/v2\/media?parent=51"}],"curies":[{"name":"wp","href":"https:\/\/api.w.org\/{rel}","templated":true}]}}