{"id":45,"date":"2015-09-06T05:55:14","date_gmt":"2015-09-06T05:55:14","guid":{"rendered":"http:\/\/pubweb.carnet.hr\/ssszgzup\/?page_id=45"},"modified":"2018-11-30T15:57:28","modified_gmt":"2018-11-30T15:57:28","slug":"sah","status":"publish","type":"page","link":"https:\/\/pubweb.carnet.hr\/ssszgzup\/sah\/","title":{"rendered":"\u0160ah"},"content":{"rendered":"<p><a href=\"http:\/\/pubweb.carnet.hr\/ssszgzup\/2018\/11\/30\/zupanijsko-natjecanje-u-sahu\/\">\u017dupanijsko natjecanje u \u0161ahu osnovnih i srednjih \u0161kola Zagreba\u010dke \u017eupanije &#8211; 28.11.2018<\/a><\/p>\n<p><a href=\"http:\/\/pubweb.carnet.hr\/ssszgzup\/2017\/01\/31\/prvenstvo-u-sahu-za-ucenike-i-ucenice-osnovnih-skola\/\">\u017dupanijsko natjecanje u \u0161ahu za u\u010denike i u\u010denice osnovnih \u0161kola odr\u017eano 31.1.2017.<\/a><\/p>\n<p><a href=\"http:\/\/pubweb.carnet.hr\/ssszgzup\/2016\/12\/02\/zupanijsko-natjecanje-u-sahu-osnovnih-i-srednjih-skola-zagrebacke-zupanije\/\">\u017dupanijsko natjecanje u \u0161ahu osnovnih i srednjih \u0161kola Zagreba\u010dke \u017eupanije <\/a><\/p>\n","protected":false},"excerpt":{"rendered":"<p>\u017dupanijsko natjecanje u \u0161ahu osnovnih i srednjih \u0161kola Zagreba\u010dke \u017eupanije &#8211; 28.11.2018 \u017dupanijsko natjecanje u \u0161ahu za u\u010denike i u\u010denice osnovnih \u0161kola odr\u017eano 31.1.2017. \u017dupanijsko natjecanje u \u0161ahu osnovnih i srednjih \u0161kola Zagreba\u010dke \u017eupanije<\/p>\n","protected":false},"author":570,"featured_media":0,"parent":0,"menu_order":0,"comment_status":"closed","ping_status":"closed","template":"","meta":{"footnotes":""},"class_list":["post-45","page","type-page","status-publish","hentry"],"_links":{"self":[{"href":"https:\/\/pubweb.carnet.hr\/ssszgzup\/wp-json\/wp\/v2\/pages\/45","targetHints":{"allow":["GET"]}}],"collection":[{"href":"https:\/\/pubweb.carnet.hr\/ssszgzup\/wp-json\/wp\/v2\/pages"}],"about":[{"href":"https:\/\/pubweb.carnet.hr\/ssszgzup\/wp-json\/wp\/v2\/types\/page"}],"author":[{"embeddable":true,"href":"https:\/\/pubweb.carnet.hr\/ssszgzup\/wp-json\/wp\/v2\/users\/570"}],"replies":[{"embeddable":true,"href":"https:\/\/pubweb.carnet.hr\/ssszgzup\/wp-json\/wp\/v2\/comments?post=45"}],"version-history":[{"count":3,"href":"https:\/\/pubweb.carnet.hr\/ssszgzup\/wp-json\/wp\/v2\/pages\/45\/revisions"}],"predecessor-version":[{"id":1758,"href":"https:\/\/pubweb.carnet.hr\/ssszgzup\/wp-json\/wp\/v2\/pages\/45\/revisions\/1758"}],"wp:attachment":[{"href":"https:\/\/pubweb.carnet.hr\/ssszgzup\/wp-json\/wp\/v2\/media?parent=45"}],"curies":[{"name":"wp","href":"https:\/\/api.w.org\/{rel}","templated":true}]}}