{"id":43,"date":"2015-09-06T05:55:03","date_gmt":"2015-09-06T05:55:03","guid":{"rendered":"http:\/\/pubweb.carnet.hr\/ssszgzup\/?page_id=43"},"modified":"2019-04-04T12:39:57","modified_gmt":"2019-04-04T12:39:57","slug":"rukomet","status":"publish","type":"page","link":"https:\/\/pubweb.carnet.hr\/ssszgzup\/rukomet\/","title":{"rendered":"Rukomet"},"content":{"rendered":"<p><strong>\u0160kolska godina 2018.\/2019.<\/strong><\/p>\n<p><a href=\"http:\/\/pubweb.carnet.hr\/ssszgzup\/2019\/04\/04\/zupanijsko-natjecanje-u-rukometu-za-ucenike-7-i-8-razreda\/\">\u017dupanijsko natjecanje u rukometu za u\u010denike 7. i 8. razreda osnovnih \u0161kola &#8211; 2.4.2019.<\/a><a href=\"http:\/\/pubweb.carnet.hr\/ssszgzup\/2019\/04\/02\/zupanijsko-natjecanje-u-rukometu-za-mladice-3\/\">\u017dupanijsko natjecanje u rukometu za mladi\u0107e &#8211; 19.3.2019.<\/a><br \/>\n<a href=\"http:\/\/pubweb.carnet.hr\/ssszgzup\/2019\/03\/04\/zupanijsko-natjecanje-u-rukometu-za-djevojke-3\/\">\u017dupanijsko natjecanje u rukometu za djevojke &#8211; 28.2.2019.<\/a><br \/>\n<a href=\"http:\/\/pubweb.carnet.hr\/ssszgzup\/2019\/03\/04\/zupanijsko-natjecanje-u-rukometu-za-djevojcice-7-i-8-razreda\/\">\u017dupanijsko natjecanje u rukometu za djevoj\u010dice 7. i 8. razreda &#8211; 27.2.2019.<\/a><\/p>\n<p><strong>\u0160kolska godina 2017.\/2018.<\/strong><br \/>\n<a href=\"http:\/\/pubweb.carnet.hr\/ssszgzup\/2018\/03\/05\/zupanijsko-natjecanje-u-rukometu-za-djevojcice-7-i-8-razreda-osnovnih-skola\/\">\u017dupanijsko natjecanje u rukometu za u\u010denice 7. i 8. razreda osnovnih \u0161kola &#8211; 1.3.2018.<\/a><br \/>\n<a href=\"http:\/\/pubweb.carnet.hr\/ssszgzup\/2018\/03\/20\/1329\/\">\u017dupanijsko natjecanje u rukometu za u\u010denike 7. i 8. razreda osnovnih \u0161kola -14.3.2018.<\/a><br \/>\n<a href=\"http:\/\/pubweb.carnet.hr\/ssszgzup\/2018\/03\/16\/zupanijsko-natjecanje-u-rukometu-za-mladice-2\/\">\u017dupanijsko natjecanje u rukometu za mladi\u0107e &#8211; 14.3.2018<\/a><br \/>\n<a href=\"http:\/\/pubweb.carnet.hr\/ssszgzup\/2018\/04\/02\/poluzavrsnica-drzavnog-prvenstva-u-rukometu-za-ucenike-srednjih-skola\/\">Poluzavr\u0161no natjecanje Dr\u017eavnog prvenstva za u\u010denike srednjih \u0161kola &#8211; 22.3.2018.<\/a><br \/>\n<a href=\"http:\/\/pubweb.carnet.hr\/ssszgzup\/2018\/04\/28\/zupanijsko-natjecanje-u-rukometu-za-ucenice-5-i-6-razreda-2\/\">\u017dupanijsko natjecanje u rukometu za u\u010denice petih i \u0161estih razreda &#8211; 26.4.2018.<\/a><\/p>\n<p><strong>\u0160kolska godina 2016.\/2017.<\/strong><br \/>\n<a href=\"http:\/\/pubweb.carnet.hr\/ssszgzup\/2017\/04\/26\/poluzavrsno-natjecanje-drzavnog-prvenstva-srednjih-skola-skupine-centar\/\">Poluzavr\u0161no natjecanje skupine Centar &#8211; 11.4.2017.<\/a><br \/>\n<a href=\"http:\/\/pubweb.carnet.hr\/ssszgzup\/2017\/03\/06\/zupanijsko-natjecanje-u-rukometu-za-mladice\/\">\u017dupanijsko natjecanje u rukometu za mladi\u0107e &#8211; 2.3.2017.<\/a><br \/>\n<a href=\"http:\/\/pubweb.carnet.hr\/ssszgzup\/2017\/03\/06\/zupanijsko-natjecanje-u-rukometu-za-djevojke\/\">\u017dupanijsko natjecanje u rukometu za djevojke &#8211; 3.3.2017.<\/a><br \/>\n<a href=\"http:\/\/pubweb.carnet.hr\/ssszgzup\/2017\/03\/07\/zupanijsko-natjecanje-u-rukometu-za-ucenice-7-i-8-razreda\/\">\u017dupanijsko natjecanje u rukometu za u\u010denice 7. i 8. razreda &#8211; 2.3.2017.<\/a><br \/>\n<a href=\"http:\/\/pubweb.carnet.hr\/ssszgzup\/2017\/03\/13\/zupanijsko-natjecanje-u-rukometu-za-djecake-osnovnih-skola-zagrebacke-zupanije\/\">\u017dupanijsko natjecanje u rukometu za u\u010denike 7. i 8. razreda &#8211; 6.3.2017.<\/a><br \/>\n<a href=\"http:\/\/pubweb.carnet.hr\/ssszgzup\/2017\/03\/30\/zupanijsko-natjecanje-u-rukometu-za-ucenice-5-i-6-razreda\/\">\u017dupanijsko natjecanje u rukometu za u\u010denice 5. i 6. razreda &#8211; 28.3.2017.<\/a><\/p>\n<p><strong>\u0160kolska godina 2015.\/2016.<\/strong><\/p>\n<p><a href=\"http:\/\/pubweb.carnet.hr\/ssszgzup\/2016\/04\/13\/zupanijsko-natjecanje-u-rukometu-5-i-6-razredi-djevojcice\/\">\u017dupanijsko natjecanje u rukometu &#8211; djevoj\u010dice- 5. i 6. razredi &#8211; 12.4.2016.<\/a><br \/>\n<a href=\"http:\/\/pubweb.carnet.hr\/ssszgzup\/2016\/03\/29\/zupanijsko-natjecanje-u-rukometu-mladici-srednje-skole\/\">\u017dupanijsko natjecanje u rukometu &#8211; mladi\u0107i -srednje \u0161kole- 16.3.2016.<\/a><br \/>\n<a href=\"http:\/\/pubweb.carnet.hr\/ssszgzup\/2016\/03\/08\/zupanijsko-natjecanje-u-rukometu-za-srednje-skole-djevojke\/\">\u017dupanijsko natejcanje u rukometu &#8211; djevojke- srednje \u0161kole- 2.3.2016.<\/a><br \/>\n<a href=\"http:\/\/pubweb.carnet.hr\/ssszgzup\/2016\/03\/08\/zupanijsko-natjecanje-u-rukometu-za-osnovne-skole-7-i-8-razredi\/\">\u017dupanijsko natjecanje u rukometu &#8211; 7. i 8. razredi &#8211; djevoj\u010dice &#8211; 1.3.2016.<\/a><br \/>\n<a href=\"http:\/\/pubweb.carnet.hr\/ssszgzup\/2016\/04\/17\/poluzavrsno-natjecanje-srednjih-skola-u-rukometu\/\">Poluzavr\u0161no natjecanje u rukometu za mladi\u0107e i djevojke &#8211; 5.4.2016.<\/a><br \/>\n<a href=\"http:\/\/pubweb.carnet.hr\/ssszgzup\/2016\/05\/12\/poluzavrsnica-drzavnog-prvenstva-skupine-zapad-u-rukometu-5-i-6-razredi\/\">Poluzavr\u0161no natjecanje u rukometu za djevoj\u010dice i dje\u010dake 5.\/6. razredi 5.5.2016.<\/a><\/p>\n","protected":false},"excerpt":{"rendered":"<p>\u0160kolska godina 2018.\/2019. \u017dupanijsko natjecanje u rukometu za u\u010denike 7. i 8. razreda osnovnih \u0161kola &#8211; 2.4.2019.\u017dupanijsko natjecanje u rukometu za mladi\u0107e &#8211; 19.3.2019. \u017dupanijsko natjecanje u rukometu za djevojke &#8211; 28.2.2019. \u017dupanijsko natjecanje u rukometu za djevoj\u010dice 7. i 8. razreda &#8211; 27.2.2019. \u0160kolska godina 2017.\/2018. \u017dupanijsko natjecanje u rukometu za u\u010denice 7. i [&hellip;]<\/p>\n","protected":false},"author":570,"featured_media":0,"parent":0,"menu_order":0,"comment_status":"closed","ping_status":"closed","template":"","meta":{"footnotes":""},"class_list":["post-43","page","type-page","status-publish","hentry"],"_links":{"self":[{"href":"https:\/\/pubweb.carnet.hr\/ssszgzup\/wp-json\/wp\/v2\/pages\/43","targetHints":{"allow":["GET"]}}],"collection":[{"href":"https:\/\/pubweb.carnet.hr\/ssszgzup\/wp-json\/wp\/v2\/pages"}],"about":[{"href":"https:\/\/pubweb.carnet.hr\/ssszgzup\/wp-json\/wp\/v2\/types\/page"}],"author":[{"embeddable":true,"href":"https:\/\/pubweb.carnet.hr\/ssszgzup\/wp-json\/wp\/v2\/users\/570"}],"replies":[{"embeddable":true,"href":"https:\/\/pubweb.carnet.hr\/ssszgzup\/wp-json\/wp\/v2\/comments?post=43"}],"version-history":[{"count":3,"href":"https:\/\/pubweb.carnet.hr\/ssszgzup\/wp-json\/wp\/v2\/pages\/43\/revisions"}],"predecessor-version":[{"id":2022,"href":"https:\/\/pubweb.carnet.hr\/ssszgzup\/wp-json\/wp\/v2\/pages\/43\/revisions\/2022"}],"wp:attachment":[{"href":"https:\/\/pubweb.carnet.hr\/ssszgzup\/wp-json\/wp\/v2\/media?parent=43"}],"curies":[{"name":"wp","href":"https:\/\/api.w.org\/{rel}","templated":true}]}}