{"id":41,"date":"2015-09-06T05:54:54","date_gmt":"2015-09-06T05:54:54","guid":{"rendered":"http:\/\/pubweb.carnet.hr\/ssszgzup\/?page_id=41"},"modified":"2019-04-08T20:15:43","modified_gmt":"2019-04-08T20:15:43","slug":"odbojka","status":"publish","type":"page","link":"https:\/\/pubweb.carnet.hr\/ssszgzup\/odbojka\/","title":{"rendered":"Odbojka"},"content":{"rendered":"<p><strong>\u0160kolska godina 2018.\/2019.<\/strong><br \/>\n<a href=\"http:\/\/pubweb.carnet.hr\/ssszgzup\/2019\/04\/02\/zupanijsko-natjecanje-u-odbojci-za-ucenice-5-i-6-razreda-osnovnih-skola\/\">\u017dupanijsko natjecanje u odbojci za u\u010denice 5. i 6. razreda osnovnih \u0161kola<\/a><br \/>\n<a href=\"http:\/\/pubweb.carnet.hr\/ssszgzup\/2019\/03\/11\/zupanijsko-natjecanje-u-odbojci-za-ucenice-7-i-8-razreda-osnovnih-skola\/\">\u017dupanijsko natjecanje u odbojci za u\u010denice 7. i 8. razreda<\/a><br \/>\n<a href=\"http:\/\/pubweb.carnet.hr\/ssszgzup\/2019\/02\/15\/zupanijsko-natjecanje-u-odbojci-za-djecake-7-i-8-razreda\/\">\u017dupanijsko natjecanje u odbojci za dje\u010dake 7. i 8. razreda<\/a><br \/>\n<a href=\"http:\/\/pubweb.carnet.hr\/ssszgzup\/2019\/03\/07\/zupanijsko-natjecanje-u-odbojci-za-mladice-3\/\">\u017dupanijsko natjecanje u odbojci za mladi\u0107e<\/a><br \/>\n<a href=\"http:\/\/pubweb.carnet.hr\/ssszgzup\/2019\/02\/21\/zupanijsko-natjecanje-u-odbojci-za-djevojke-2\/\">\u017dupanijsko natjecanje u odbojci za djevojke<\/a><strong><\/p>\n<p>\u0160kolska godina 2017.\/2018.<\/strong><br \/>\n<a href=\"http:\/\/pubweb.carnet.hr\/ssszgzup\/2018\/03\/06\/zupanijsko-natjecanje-u-odbojci-za-djecake-2\/\">\u017dupanijsko natjecanje u odbojci za dje\u010dake &#8211; 2.3.2018.<\/a><br \/>\n<a href=\"http:\/\/pubweb.carnet.hr\/ssszgzup\/2018\/04\/28\/zupanijsko-natjecanje-u-odbojci-za-djecake-3\/\">\u017dupanijsko natjecanje  odbojci za dje\u010dake 5. i 6. razreda<\/a><\/p>\n<p><strong>\u0160kolska godina 2016.\/2017.<\/strong><br \/>\n<a href=\"http:\/\/pubweb.carnet.hr\/ssszgzup\/2017\/04\/26\/zupanijsko-natjecanje-ucenica-5-i-6-razreda-u-odbojci\/\">\u017dupanijsko natjecanje u odbojci za djevoj\u010dice 5. i 6. razreda, odr\u017eano 25.4.2017.<\/a><br \/>\n<a href=\"http:\/\/pubweb.carnet.hr\/ssszgzup\/2017\/02\/27\/zupanijsko-natjecanje-u-odbojci-za-djecake\/\">\u017dupanijsko natjecanje u odbojci za dje\u010dake 7. i 8. razreda, odr\u017eano 24.2.2017.<\/a><br \/>\n<a href=\"http:\/\/pubweb.carnet.hr\/ssszgzup\/2017\/03\/25\/zupanijsko-natjecanje-u-odbojci-za-ucenice-sedmih-i-osmih-razreda\/\">\u017dupanijsko natjecanje u odbojci za djevoj\u010dice 7. i 8. razreda, odr\u017eano 21.3.2017.<\/a><br \/>\n<a href=\"http:\/\/pubweb.carnet.hr\/ssszgzup\/2017\/03\/20\/zupanijsko-natjecanje-u-odbojci-za-mladice\/\">\u017dupanijsko natjecanje u odbojci za mladi\u0107e &#8211; 14.3.2017.<\/a><\/p>\n<p><strong><br \/>\n\u0160kolska godina 2015.\/2016.<\/strong><\/p>\n<p><a href=\"http:\/\/pubweb.carnet.hr\/ssszgzup\/2016\/02\/24\/zupanijsko-natjecanje-u-odbojci-za-7-i-8-razrede-os\/\">\u017dupanijsko natjecanje u odbojci za 7. i 8. razrede  O\u0160 za dje\u010dake<\/a><br \/>\n<a href=\"http:\/\/pubweb.carnet.hr\/ssszgzup\/2016\/02\/28\/zupanijsko-natjecanje-u-odbojci-za-7-i-8-razrede-za-djevojcice\/\">\u017dupanijsko natjecanje u odbojci za 7. i 8. razrede za djevoj\u010dice<\/a><\/p>\n","protected":false},"excerpt":{"rendered":"<p>\u0160kolska godina 2018.\/2019. \u017dupanijsko natjecanje u odbojci za u\u010denice 5. i 6. razreda osnovnih \u0161kola \u017dupanijsko natjecanje u odbojci za u\u010denice 7. i 8. razreda \u017dupanijsko natjecanje u odbojci za dje\u010dake 7. i 8. razreda \u017dupanijsko natjecanje u odbojci za mladi\u0107e \u017dupanijsko natjecanje u odbojci za djevojke \u0160kolska godina 2017.\/2018. \u017dupanijsko natjecanje u odbojci za [&hellip;]<\/p>\n","protected":false},"author":570,"featured_media":0,"parent":0,"menu_order":0,"comment_status":"closed","ping_status":"closed","template":"","meta":{"footnotes":""},"class_list":["post-41","page","type-page","status-publish","hentry"],"_links":{"self":[{"href":"https:\/\/pubweb.carnet.hr\/ssszgzup\/wp-json\/wp\/v2\/pages\/41","targetHints":{"allow":["GET"]}}],"collection":[{"href":"https:\/\/pubweb.carnet.hr\/ssszgzup\/wp-json\/wp\/v2\/pages"}],"about":[{"href":"https:\/\/pubweb.carnet.hr\/ssszgzup\/wp-json\/wp\/v2\/types\/page"}],"author":[{"embeddable":true,"href":"https:\/\/pubweb.carnet.hr\/ssszgzup\/wp-json\/wp\/v2\/users\/570"}],"replies":[{"embeddable":true,"href":"https:\/\/pubweb.carnet.hr\/ssszgzup\/wp-json\/wp\/v2\/comments?post=41"}],"version-history":[{"count":3,"href":"https:\/\/pubweb.carnet.hr\/ssszgzup\/wp-json\/wp\/v2\/pages\/41\/revisions"}],"predecessor-version":[{"id":2048,"href":"https:\/\/pubweb.carnet.hr\/ssszgzup\/wp-json\/wp\/v2\/pages\/41\/revisions\/2048"}],"wp:attachment":[{"href":"https:\/\/pubweb.carnet.hr\/ssszgzup\/wp-json\/wp\/v2\/media?parent=41"}],"curies":[{"name":"wp","href":"https:\/\/api.w.org\/{rel}","templated":true}]}}