{"id":39,"date":"2015-09-06T05:54:46","date_gmt":"2015-09-06T05:54:46","guid":{"rendered":"http:\/\/pubweb.carnet.hr\/ssszgzup\/?page_id=39"},"modified":"2019-04-11T08:40:22","modified_gmt":"2019-04-11T08:40:22","slug":"nogomet","status":"publish","type":"page","link":"https:\/\/pubweb.carnet.hr\/ssszgzup\/nogomet\/","title":{"rendered":"Nogomet"},"content":{"rendered":"<p><strong>\u0160kolska godina 2018.\/2019.<\/strong><\/p>\n<p><a href=\"http:\/\/pubweb.carnet.hr\/ssszgzup\/2019\/04\/11\/zupanijsko-natjecanje-u-futsalu-za-ucenike-5-i-6-razreda-osnovnih-skola\/\">\u017dupanijsko natjecanje u futsalu za u\u010denike 5. i 6. razreda &#8211; 9.4.2019.<\/a><a href=\"http:\/\/pubweb.carnet.hr\/ssszgzup\/2019\/04\/05\/zupanijsko-natjecanje-u-futsalu-za-ucenice-srednjih-skola\/\">\u017dupanijsko natjecanje u futsalu za djevojke &#8211; 4.4.2019.<\/a><a href=\"http:\/\/pubweb.carnet.hr\/ssszgzup\/2019\/04\/02\/zupanijsko-natjecanje-u-futsalu-za-ucenice-7-i-8-razreda-osnovnih-skola\/\">\u017dupanijsko natjecanje u futsalu za u\u010denice 7. i 8. razreda<\/a><a href=\"http:\/\/pubweb.carnet.hr\/ssszgzup\/2019\/03\/26\/zupanijsko-natjecanje-u-futsalu-2\/\">\u017dupanijsko natjecanje u futsalu za u\u010denike 7. i 8. razreda<\/a><br \/>\n<a href=\"http:\/\/pubweb.carnet.hr\/ssszgzup\/2019\/03\/11\/zupanijsko-natjecanje-u-futsalu-za-mladice\/\">\u017dupanijsko natjecanje u futsalu za u\u010denike srednjih \u0161kola &#8211; 5.3.2019.<\/a><\/p>\n<p><strong>\u0160kolska godina 2017.\/2018.<\/strong><br \/>\n<a href=\"http:\/\/pubweb.carnet.hr\/ssszgzup\/2018\/02\/19\/zupanijsko-natjecanje-u-futsalu-za-djevojke-2\/\">\u017dupanijsko natjecanje u futsalu za djevojke &#8211; 15.2.2018.<\/a><br \/>\n<a href=\"http:\/\/pubweb.carnet.hr\/ssszgzup\/2018\/02\/19\/zupanijsko-natjecanje-u-futsalu-za-djevojcice\/\">\u017dupanijsko natjecanje u futsalu za u\u010denice osnovnih \u0161kola<\/a><br \/>\n<a href=\"http:\/\/pubweb.carnet.hr\/ssszgzup\/2018\/03\/05\/zupanijsko-natjecanje-u-futsalu\/\">\u017dupanijsko natjecanje u futsalu za u\u010denike srednjih \u0161kola &#8211; 1.3.2018.<\/a><br \/>\n<a href=\"http:\/\/pubweb.carnet.hr\/ssszgzup\/2018\/03\/28\/poluzavrsnica-drzavnog-prvenstva-u-futsalu-za-7-i-8-razrede\/\">Poluzavr\u0161nica dr\u017eavnog prvenstva -skupine Centar -22.3.2018<\/a><br \/>\n<a href=\"http:\/\/pubweb.carnet.hr\/ssszgzup\/2018\/04\/02\/poluzavrsno-natjecanje-drzavnog-prvenstva-u-futsalu-za-ucenike-srednjih-skola\/\">Poluzavr\u0161nica dr\u017eavnog prvenstva za mladi\u0107e i djevojke skupine Centar &#8211; 21.3.2018.<\/a><\/p>\n<p><strong>\u0160kolska godina 2016.\/2017.<\/strong><br \/>\n<a href=\"http:\/\/pubweb.carnet.hr\/ssszgzup\/2017\/02\/09\/futsal-za-ucenice-osnovnih-skola\/\">\u017dupanijsko natjecanje u futsalu za u\u010denice osnovnih \u0161kola  &#8211; 3.2.2017.<\/a><br \/>\n<a href=\"http:\/\/pubweb.carnet.hr\/ssszgzup\/2017\/03\/25\/zupanijsko-natjecanje-u-futsalu-za-ucenike-7-i-8-razreda\/\">\u017dupanijsko natjecanje u futsalu za u\u010denike 7. i 8. razreda  osnovne \u0161kole  &#8211; 22.3.2017.<\/a><br \/>\n<a href=\"http:\/\/pubweb.carnet.hr\/ssszgzup\/2017\/03\/13\/zupanijsko-natjecanje-srednjih-skola-zagrebacke-zupanije-u-futsalu-za-mladice\/\">\u017dupanijsko natjecanje u futsalu za u\u010denike srednjih \u0161kola &#8211; 7.3.2017.<\/a><br \/>\n<a href=\"http:\/\/pubweb.carnet.hr\/ssszgzup\/2017\/03\/15\/zupanijsko-natjecanje-u-futsalu-za-djevojke\/\">\u017dupanijsko natjecanje u futsalu za u\u010denice srednjih \u0161kola &#8211; 13.3.2017.<\/a><br \/>\n<a href=\"http:\/\/pubweb.carnet.hr\/ssszgzup\/2017\/05\/22\/poluzavrsno-drzavno-natjecanje-u-futsalu-za-ucenike-5-i-6-razreda\/\">Poluzavr\u0161no natjecanje u futsalu za u\u010denike 5. i 6. razreda &#8211; 18.5.2017.<\/a><\/p>\n<p><strong>\u0160kolska godina 2015.\/2016.<\/strong><br \/>\n<a href=\"http:\/\/pubweb.carnet.hr\/ssszgzup\/2016\/03\/18\/zupanijsko-natjecanje-u-futsalu-za-osnovne-skole-djevojcice\/\">\u017dupanijsko natjecanje u futsalu &#8211; O\u0160 &#8211; djevoj\u010dice<\/a><br \/>\n<a href=\"http:\/\/pubweb.carnet.hr\/ssszgzup\/2016\/03\/18\/zupanijsko-natjecanje-u-futsalu-srednje-skole-djevojke\/\">\u017dupanijsko natjecanje u futsalu &#8211; S\u0160 &#8211; djevojke<\/a><br \/>\n<a href=\"http:\/\/pubweb.carnet.hr\/ssszgzup\/2016\/05\/12\/zupanijsko-natjecanje-u-futsalu-za-ucenike-5-i-6-razredi\/\">\u017dupanijsko natjecanje u futsalu za u\u010denike 5. i 6. razreda<\/a><\/p>\n","protected":false},"excerpt":{"rendered":"<p>\u0160kolska godina 2018.\/2019. \u017dupanijsko natjecanje u futsalu za u\u010denike 5. i 6. razreda &#8211; 9.4.2019.\u017dupanijsko natjecanje u futsalu za djevojke &#8211; 4.4.2019.\u017dupanijsko natjecanje u futsalu za u\u010denice 7. i 8. razreda\u017dupanijsko natjecanje u futsalu za u\u010denike 7. i 8. razreda \u017dupanijsko natjecanje u futsalu za u\u010denike srednjih \u0161kola &#8211; 5.3.2019. \u0160kolska godina 2017.\/2018. \u017dupanijsko natjecanje [&hellip;]<\/p>\n","protected":false},"author":570,"featured_media":0,"parent":0,"menu_order":0,"comment_status":"closed","ping_status":"closed","template":"","meta":{"footnotes":""},"class_list":["post-39","page","type-page","status-publish","hentry"],"_links":{"self":[{"href":"https:\/\/pubweb.carnet.hr\/ssszgzup\/wp-json\/wp\/v2\/pages\/39","targetHints":{"allow":["GET"]}}],"collection":[{"href":"https:\/\/pubweb.carnet.hr\/ssszgzup\/wp-json\/wp\/v2\/pages"}],"about":[{"href":"https:\/\/pubweb.carnet.hr\/ssszgzup\/wp-json\/wp\/v2\/types\/page"}],"author":[{"embeddable":true,"href":"https:\/\/pubweb.carnet.hr\/ssszgzup\/wp-json\/wp\/v2\/users\/570"}],"replies":[{"embeddable":true,"href":"https:\/\/pubweb.carnet.hr\/ssszgzup\/wp-json\/wp\/v2\/comments?post=39"}],"version-history":[{"count":3,"href":"https:\/\/pubweb.carnet.hr\/ssszgzup\/wp-json\/wp\/v2\/pages\/39\/revisions"}],"predecessor-version":[{"id":2059,"href":"https:\/\/pubweb.carnet.hr\/ssszgzup\/wp-json\/wp\/v2\/pages\/39\/revisions\/2059"}],"wp:attachment":[{"href":"https:\/\/pubweb.carnet.hr\/ssszgzup\/wp-json\/wp\/v2\/media?parent=39"}],"curies":[{"name":"wp","href":"https:\/\/api.w.org\/{rel}","templated":true}]}}