{"id":37,"date":"2015-09-06T05:54:38","date_gmt":"2015-09-06T05:54:38","guid":{"rendered":"http:\/\/pubweb.carnet.hr\/ssszgzup\/?page_id=37"},"modified":"2019-04-08T20:10:19","modified_gmt":"2019-04-08T20:10:19","slug":"kosarka","status":"publish","type":"page","link":"https:\/\/pubweb.carnet.hr\/ssszgzup\/kosarka\/","title":{"rendered":"Ko\u0161arka"},"content":{"rendered":"<p><strong>\u0160kolska godina 2018.\/2019.<\/strong><\/p>\n<p><a href=\"http:\/\/pubweb.carnet.hr\/ssszgzup\/2019\/04\/08\/zupanijsko-natjecanje-u-kosarci-za-ucenice-5-i-6-razreda-osnovnih-skola-3\/\">\u017dupanijsko natjecanje za u\u010denice pezih i \u0161estih razreda &#8211; 3.4.2019.<\/a><br \/>\n<a href=\"http:\/\/pubweb.carnet.hr\/ssszgzup\/2019\/04\/05\/zupanijsko-natjecanje-u-kosarci-za-mladice-2\/\">\u017dupanijsko natjecanje u ko\u0161arci za mladi\u0107e &#8211; 3.4.2019.<\/a><a href=\"http:\/\/pubweb.carnet.hr\/ssszgzup\/2019\/03\/26\/zupanijsko-natjecanje-u-kosarci-za-ucenice-7-i-8-razreda\/\">\u017dupanijsko natjecanje u ko\u0161arci za djevoj\u010dice 7. i 8. razreda &#8211; 21.3.2019.<\/a><\/p>\n<p><strong>\u0160kolska godina 2017.\/2018.<\/strong><br \/>\n<a href=\"http:\/\/pubweb.carnet.hr\/ssszgzup\/2018\/02\/21\/zupanijsko-natjecanje-u-kosarci-za-djevojcice-2\/\">\u017dupanijsko natjecanje osnovnih \u0161kola za djevoj\u010dice &#8211; 19.2.2018<\/a><\/p>\n<p><a href=\"http:\/\/pubweb.carnet.hr\/ssszgzup\/2018\/04\/23\/zupanijsko-natjecanje-u-kosarci-za-ucenice-5-i-6-razreda-osnovnih-skola-2\/\">\u017dupanijsko natjecanje u ko\u0161arci za u\u010denice 5. i 6. razreda &#8211; 19.4.2018.<\/a><\/p>\n<p><strong>\u0160kolska godina 2016.\/2017.<\/strong><\/p>\n<p><a href=\"http:\/\/pubweb.carnet.hr\/ssszgzup\/2017\/02\/28\/zupanijsko-natjecanje-osnovnih-skola-u-kosarci-za-djecake-7-i-8-razreda\/\">\u017dupanijsko natjecanje u ko\u0161arci za dje\u010dake 7. i 8. razreda<\/a><br \/>\n<a href=\"http:\/\/pubweb.carnet.hr\/ssszgzup\/2017\/03\/06\/zupanijsko-natjecanje-u-kosarci-za-djevojcice\/\">\u017dupanijsko natjecanje u ko\u0161arci za djevoj\u010dice &#8211; 27.2.2017.<\/a><br \/>\n<a href=\"http:\/\/pubweb.carnet.hr\/ssszgzup\/2017\/05\/11\/zupanijsko-natjecanje-u-kosarci-za-ucenice-5-i-6-razreda-osnovnih-skola\/\">\u017dupanijsko natjecanje u ko\u0161arci za u\u010denice 5. i 6. razreda -5.5.2017.<\/a><\/p>\n<p><strong>\u0160kolska godina 2015.\/2016.<\/strong><\/p>\n<p><a href=\"http:\/\/pubweb.carnet.hr\/ssszgzup\/2016\/02\/17\/zupanijsko-natjecanje-u-kosarci-za-mladice\/\">\u017dupanijsko natjecanje u ko\u0161arci za mladi\u0107e<\/a><br \/>\n<a href=\"http:\/\/pubweb.carnet.hr\/ssszgzup\/2017\/02\/15\/zupanijsko-natjecanje-u-kosarci-za-srednje-skole-djevojke\/\">\u017dupanijsko natjecanje u ko\u0161arci za djevojke<\/a><br \/>\n<a href=\"http:\/\/pubweb.carnet.hr\/ssszgzup\/2016\/03\/17\/poluzavrsno-natjecanje-srednjih-skola-u-kosarci\/\">Poluzavr\u0161no natjecanje srednjih \u0161kola u ko\u0161arci<\/a><br \/>\n<a href=\"http:\/\/pubweb.carnet.hr\/ssszgzup\/2016\/03\/31\/zupanijsko-natjecanje-u-kosarci-djecaci-osnovne-skole\/\">\u017dupanijsko natjecanje za dje\u010dake- O\u0160<\/a><\/p>\n","protected":false},"excerpt":{"rendered":"<p>\u0160kolska godina 2018.\/2019. \u017dupanijsko natjecanje za u\u010denice pezih i \u0161estih razreda &#8211; 3.4.2019. \u017dupanijsko natjecanje u ko\u0161arci za mladi\u0107e &#8211; 3.4.2019.\u017dupanijsko natjecanje u ko\u0161arci za djevoj\u010dice 7. i 8. razreda &#8211; 21.3.2019. \u0160kolska godina 2017.\/2018. \u017dupanijsko natjecanje osnovnih \u0161kola za djevoj\u010dice &#8211; 19.2.2018 \u017dupanijsko natjecanje u ko\u0161arci za u\u010denice 5. i 6. razreda &#8211; 19.4.2018. [&hellip;]<\/p>\n","protected":false},"author":570,"featured_media":0,"parent":0,"menu_order":0,"comment_status":"closed","ping_status":"closed","template":"","meta":{"footnotes":""},"class_list":["post-37","page","type-page","status-publish","hentry"],"_links":{"self":[{"href":"https:\/\/pubweb.carnet.hr\/ssszgzup\/wp-json\/wp\/v2\/pages\/37","targetHints":{"allow":["GET"]}}],"collection":[{"href":"https:\/\/pubweb.carnet.hr\/ssszgzup\/wp-json\/wp\/v2\/pages"}],"about":[{"href":"https:\/\/pubweb.carnet.hr\/ssszgzup\/wp-json\/wp\/v2\/types\/page"}],"author":[{"embeddable":true,"href":"https:\/\/pubweb.carnet.hr\/ssszgzup\/wp-json\/wp\/v2\/users\/570"}],"replies":[{"embeddable":true,"href":"https:\/\/pubweb.carnet.hr\/ssszgzup\/wp-json\/wp\/v2\/comments?post=37"}],"version-history":[{"count":3,"href":"https:\/\/pubweb.carnet.hr\/ssszgzup\/wp-json\/wp\/v2\/pages\/37\/revisions"}],"predecessor-version":[{"id":2044,"href":"https:\/\/pubweb.carnet.hr\/ssszgzup\/wp-json\/wp\/v2\/pages\/37\/revisions\/2044"}],"wp:attachment":[{"href":"https:\/\/pubweb.carnet.hr\/ssszgzup\/wp-json\/wp\/v2\/media?parent=37"}],"curies":[{"name":"wp","href":"https:\/\/api.w.org\/{rel}","templated":true}]}}