{"id":35,"date":"2015-09-06T05:54:26","date_gmt":"2015-09-06T05:54:26","guid":{"rendered":"http:\/\/pubweb.carnet.hr\/ssszgzup\/?page_id=35"},"modified":"2016-05-12T18:01:21","modified_gmt":"2016-05-12T18:01:21","slug":"atletika","status":"publish","type":"page","link":"https:\/\/pubweb.carnet.hr\/ssszgzup\/atletika\/","title":{"rendered":"Atletika"},"content":{"rendered":"<p><a href=\"http:\/\/pubweb.carnet.hr\/ssszgzup\/2016\/05\/12\/537\/\">Poluzavr\u0161no dr\u017eavno prvenstvo skupine \u201cZapad\u201d \u0161kolskih sportskih dru\u0161tava osnovnih \u0161kola 5. i 6. razredi u atletici<\/a><\/p>\n","protected":false},"excerpt":{"rendered":"<p>Poluzavr\u0161no dr\u017eavno prvenstvo skupine \u201cZapad\u201d \u0161kolskih sportskih dru\u0161tava osnovnih \u0161kola 5. i 6. razredi u atletici<\/p>\n","protected":false},"author":570,"featured_media":0,"parent":0,"menu_order":0,"comment_status":"closed","ping_status":"closed","template":"","meta":{"footnotes":""},"class_list":["post-35","page","type-page","status-publish","hentry"],"_links":{"self":[{"href":"https:\/\/pubweb.carnet.hr\/ssszgzup\/wp-json\/wp\/v2\/pages\/35","targetHints":{"allow":["GET"]}}],"collection":[{"href":"https:\/\/pubweb.carnet.hr\/ssszgzup\/wp-json\/wp\/v2\/pages"}],"about":[{"href":"https:\/\/pubweb.carnet.hr\/ssszgzup\/wp-json\/wp\/v2\/types\/page"}],"author":[{"embeddable":true,"href":"https:\/\/pubweb.carnet.hr\/ssszgzup\/wp-json\/wp\/v2\/users\/570"}],"replies":[{"embeddable":true,"href":"https:\/\/pubweb.carnet.hr\/ssszgzup\/wp-json\/wp\/v2\/comments?post=35"}],"version-history":[{"count":1,"href":"https:\/\/pubweb.carnet.hr\/ssszgzup\/wp-json\/wp\/v2\/pages\/35\/revisions"}],"predecessor-version":[{"id":543,"href":"https:\/\/pubweb.carnet.hr\/ssszgzup\/wp-json\/wp\/v2\/pages\/35\/revisions\/543"}],"wp:attachment":[{"href":"https:\/\/pubweb.carnet.hr\/ssszgzup\/wp-json\/wp\/v2\/media?parent=35"}],"curies":[{"name":"wp","href":"https:\/\/api.w.org\/{rel}","templated":true}]}}