{"id":184,"date":"2015-10-19T08:22:24","date_gmt":"2015-10-19T08:22:24","guid":{"rendered":"http:\/\/pubweb.carnet.hr\/ssszgzup\/?page_id=184"},"modified":"2016-10-25T18:39:15","modified_gmt":"2016-10-25T18:39:15","slug":"natjecanja-2015-2016","status":"publish","type":"page","link":"https:\/\/pubweb.carnet.hr\/ssszgzup\/natjecanja-2015-2016\/","title":{"rendered":"Natjecanja 2015. \/ 2016."},"content":{"rendered":"<p><a href=\"http:\/\/pubweb.carnet.hr\/ssszgzup\/odmorko\/\">KROS <\/a><br \/>\n<a href=\"https:\/\/drive.google.com\/file\/d\/0B8sCs45IAEZjNG1hX0x1dC1Yakk\/view?usp=sharing\">\u017dupanijska prijavna lista za \u0161kolsku godinu 2015.\/2016.<\/a><\/p>\n<p><a href=\"https:\/\/drive.google.com\/file\/d\/0B8sCs45IAEZjVklMRHRqMnp1SWM\/view?usp=sharing\">VREMENIK \u017dUPANIJSKIH NATJECANJA ZA OSNOVNE \u0160KOLE U \u0160KOLSKOJ GODINI 2015.\/2016.<\/a><\/p>\n<p><a href=\"https:\/\/drive.google.com\/file\/d\/0B8sCs45IAEZjNEUtbnpZUU96VTg\/view?usp=sharing\">VREMENIK \u017dUPANIJSKIH NATJECANJA ZA OSNOVNE \u0160KOLE U \u0160KOLSKOJ GODINI 2015.\/2016. ZA 5.  I 6 . RAZRED<\/a><\/p>\n<p><a href=\"https:\/\/drive.google.com\/file\/d\/0B8sCs45IAEZjSFVaR0dPQ1V2dEpCeDFOd3hlZGdWQkdwTW80\/view?usp=sharing\">VREMENIK \u017dUPANIJSKIH NATJECANJA ZA SREDNJE \u0160KOLE U \u0160KOLSKOJ GODINI 2015.\/2016.<\/a><br \/>\n<a href=\"https:\/\/drive.google.com\/file\/d\/0B8sCs45IAEZjb3VVY0pBazhBRi0tZkxOZ21NMUVWY0JZWVZj\/view?usp=sharing\">PLASMAN EKIPA NA DR\u017dAVNO NATJECANJE- JUDO &#8211; OSNOVNE \u0160KOLE<\/a><\/p>\n<p><strong>Na  8. Sjednici Upravnog odbora na\u0161eg Saveza usvojena su sljede\u0107a Izvje\u0161\u0107a:<\/strong><\/p>\n<p><a href=\"https:\/\/drive.google.com\/file\/d\/0B8sCs45IAEZjbUJZOFRIN2hjTmdsUnJRV1JhUi03dy1ZSlBv\/view?usp=sharing\">IZVJE\u0160\u0106E SA NATJECANJA \u0160KOLSKIH SPORTSKIH DRU\u0160TAVA ZAGREBA\u010cKE \u017dUPANIJE U \u0160KOLSKOJ GODINI 2015.\/2016.<\/a><\/p>\n<p><a href=\"https:\/\/drive.google.com\/file\/d\/0B8sCs45IAEZjMU9ITi1GR2RZRFNXSm9fWTU5NXBpUl9keUw0\/view?usp=sharing\">SUDJELOVANJE OSNOVNIH I SREDNJIH \u0160KOLA ZAGREBA\u010cKE \u017dUPANIJE NA SPORTSKIM NATJECANJIMA U \u0160KOLSKOJ 2015.\/2016. GODINI<\/a><\/p>\n<p><a href=\"https:\/\/drive.google.com\/file\/d\/0B8sCs45IAEZjSEdPS01XTWx5ZkxjcGlKMUhvcGVoQnFSalZ3\/view?usp=sharing\">SUDJELOVANJE OSNOVNIH \u0160KOLA ZAGREBA\u010cKE \u017dUPANIJE NA SPORTSKIM NATJECANJIMA 5. i 6. razreda U \u0160KOLSKOJ 2015.\/2016. GODINI- izvadak iz sudjelovanja<\/a><\/p>\n<p><a href=\"https:\/\/drive.google.com\/file\/d\/0B8sCs45IAEZjQnNtdnRDME5fWi1sSFNHMl9sbG14ck5Ka2VV\/view?usp=sharing\">UKUPAN BROJ NATJECANJA \u0160SD OSNOVNIH I SREDNJIH \u0160KOLA  ZAGREBA\u010cKE \u017dUPANIJE U \u0160KOLSKOJ 2015.\/2016. GODINI<\/a><\/p>\n<p><a href=\"https:\/\/drive.google.com\/file\/d\/0B8sCs45IAEZjVmRxaTBDa3lnLUczcnVadk9QT3ZWMm9tMkNF\/view?usp=sharing\">UKUPAN BROJ NATJECANJA \u0160SD OSNOVNIH \u0160KOLA ZAGREBA\u010cKE \u017dUPANIJE U \u0160KOLSKOJ 2015.\/2016. GODINI  za 5. i 6. razrede &#8211; izvadak iz Ukupnog broja natjecanja za osnovne \u0161kole<\/a><\/p>\n<p><a href=\"https:\/\/drive.google.com\/file\/d\/0B8sCs45IAEZjQnNtdnRDME5fWi1sSFNHMl9sbG14ck5Ka2VV\/view?usp=sharing\">UKUPAN BROJ NATJECANJA \u0160SD OSNOVNIH I SREDNJIH \u0160KOLA ZAGREBA\u010cKE \u017dUPANIJE U \u0160KOLSKOJ 2015.\/2016. GODINI<\/a><\/p>\n<p><a href=\"https:\/\/drive.google.com\/file\/d\/0B8sCs45IAEZjVmRxaTBDa3lnLUczcnVadk9QT3ZWMm9tMkNF\/view?usp=sharing\">UKUPAN BROJ NATJECANJA \u0160SD OSNOVNIH \u0160KOLA ZAGREBA\u010cKE \u017dUPANIJE U \u0160KOLSKOJ 2015.\/2016. GODINI za 5. i 6. razrede izvadak iz Ukupnog broja natjecanja za osnovne \u0161kole<\/a><\/p>\n<p><a href=\"https:\/\/drive.google.com\/file\/d\/0B8sCs45IAEZjMHB0SUNxZkV2eVRneUpUeWV3eGFydkZfVVRn\/view?usp=sharing\">REDOSLIJED UKUPNOG BROJA NATJECANJA I REZULTATA \u0160SD OSNOVNIH I SREDNJIH \u0160KOLA ZAGREBA\u010cKE \u017dUPANIJE U \u0160KOLSKOJ 2015.\/2016. GODINI<\/a><\/p>\n<p><a href=\"https:\/\/drive.google.com\/file\/d\/0B8sCs45IAEZjZEdGNU9WVUtaYklaaGVEcVNJYnAxdkFURm1v\/view?usp=sharing\">REDOSLIJED UKUPNOG BROJA NATJECANJA I REZULTATA \u0160SD OSNOVNIH \u0160KOLA ZAGREBA\u010cKE \u017dUPANIJE U \u0160KOLSKOJ 2015.\/2016. GODINI &#8211; izvadak za 5. i 6. razrede<\/a><\/p>\n","protected":false},"excerpt":{"rendered":"<p>KROS \u017dupanijska prijavna lista za \u0161kolsku godinu 2015.\/2016. VREMENIK \u017dUPANIJSKIH NATJECANJA ZA OSNOVNE \u0160KOLE U \u0160KOLSKOJ GODINI 2015.\/2016. VREMENIK \u017dUPANIJSKIH NATJECANJA ZA OSNOVNE \u0160KOLE U \u0160KOLSKOJ GODINI 2015.\/2016. ZA 5. I 6 . RAZRED VREMENIK \u017dUPANIJSKIH NATJECANJA ZA SREDNJE \u0160KOLE U \u0160KOLSKOJ GODINI 2015.\/2016. PLASMAN EKIPA NA DR\u017dAVNO NATJECANJE- JUDO &#8211; OSNOVNE \u0160KOLE Na 8. [&hellip;]<\/p>\n","protected":false},"author":570,"featured_media":0,"parent":0,"menu_order":0,"comment_status":"closed","ping_status":"closed","template":"","meta":{"footnotes":""},"class_list":["post-184","page","type-page","status-publish","hentry"],"_links":{"self":[{"href":"https:\/\/pubweb.carnet.hr\/ssszgzup\/wp-json\/wp\/v2\/pages\/184","targetHints":{"allow":["GET"]}}],"collection":[{"href":"https:\/\/pubweb.carnet.hr\/ssszgzup\/wp-json\/wp\/v2\/pages"}],"about":[{"href":"https:\/\/pubweb.carnet.hr\/ssszgzup\/wp-json\/wp\/v2\/types\/page"}],"author":[{"embeddable":true,"href":"https:\/\/pubweb.carnet.hr\/ssszgzup\/wp-json\/wp\/v2\/users\/570"}],"replies":[{"embeddable":true,"href":"https:\/\/pubweb.carnet.hr\/ssszgzup\/wp-json\/wp\/v2\/comments?post=184"}],"version-history":[{"count":2,"href":"https:\/\/pubweb.carnet.hr\/ssszgzup\/wp-json\/wp\/v2\/pages\/184\/revisions"}],"predecessor-version":[{"id":607,"href":"https:\/\/pubweb.carnet.hr\/ssszgzup\/wp-json\/wp\/v2\/pages\/184\/revisions\/607"}],"wp:attachment":[{"href":"https:\/\/pubweb.carnet.hr\/ssszgzup\/wp-json\/wp\/v2\/media?parent=184"}],"curies":[{"name":"wp","href":"https:\/\/api.w.org\/{rel}","templated":true}]}}