{"id":174,"date":"2015-10-17T08:06:29","date_gmt":"2015-10-17T08:06:29","guid":{"rendered":"http:\/\/pubweb.carnet.hr\/ssszgzup\/?page_id=174"},"modified":"2015-12-16T17:13:50","modified_gmt":"2015-12-16T17:13:50","slug":"natjecanja-2014-2015","status":"publish","type":"page","link":"https:\/\/pubweb.carnet.hr\/ssszgzup\/natjecanja-2014-2015\/","title":{"rendered":"Natjecanja 2014. \/ 2015."},"content":{"rendered":"<p><a href=\"https:\/\/drive.google.com\/file\/d\/0B8sCs45IAEZjaVo5c1VTc2MyV2s\/view?usp=sharing\">IZVJE\u0160\u0106E SA NATJECANJA \u0160KOLSKIH SPORTSKIH DRU\u0160TAVA ZAGREBA\u010cKE \u017dUPANIJE u \u0161kolskoj 2014.\/2015. godini<\/a><\/p>\n<p><a href=\"https:\/\/drive.google.com\/file\/d\/0B8sCs45IAEZjenlLd3RMOVNGZ1U\/view?usp=sharing\">UKUPAN BROJ NATJECANJA \u0160\u0160D OSNOVNIH I SREDNJIH \u0160KOLA ZAGREBA\u010cKE \u017dUPANIJE U  \u0160KOLSKOJ 2014.\/2015. GODINI<\/a><\/p>\n<p><a href=\"https:\/\/drive.google.com\/file\/d\/0B8sCs45IAEZjbGtuSDd5Nlk1T00\/view?usp=sharing\">UKUPAN BROJ NATJECANJA \u0160\u0160D OSNOVNIH  \u0160KOLA ZAGREBA\u010cKE \u017dUPANIJE U  \u0160KOLSKOJ 2014.\/2015. GODINI za 5. i 6. razrede<\/a><\/p>\n<p><a href=\"https:\/\/drive.google.com\/file\/d\/0B8sCs45IAEZjc01lSVZ0Xzc1cGM\/view?usp=sharing\">SUDJELOVANJE OSNOVNIH I SREDNJIH \u0160KOLA ZAGREBA\u010cKE \u017dUPANIJE NA SPORTSKIM NATJECANJIMA U \u0160KOLSKOJ 2014.\/2015. GODINI<\/a><\/p>\n<p><a href=\"https:\/\/drive.google.com\/file\/d\/0B8sCs45IAEZjZERxV290ekdGT1k\/view?usp=sharing\">SUDJELOVANJE OSNOVNIH \u0160KOLA ZAGREBA\u010cKE \u017dUPANIJE NA SPORTSKIM NATJECANJIMA 5 i 6 razreda U \u0160KOLSKOJ 2014.\/2015. GODINI- izvadak iz sudjelovanja<\/a><\/p>\n<p><a href=\"https:\/\/drive.google.com\/file\/d\/0B8sCs45IAEZjZFR5a3ZwNFoxUTg\/view?usp=sharing\">REDOSLIJED UKUPNOG  BROJA NATJECANJA I REZULTATA \u0160SD OSNOVNIH I SREDNJIH \u0160KOLA ZAGREBA\u010cKE \u017dUPANIJE  U  \u0160KOLSKOJ 2014.\/2015. GODINI<\/a><\/p>\n<p><a href=\"https:\/\/drive.google.com\/file\/d\/0B8sCs45IAEZjcUxJSzR2X215WVU\/view?usp=sharing\">REDOSLIJED UKUPNOG  BROJA NATJECANJA I REZULTATA \u0160SD OSNOVNIH \u0160KOLA ZAGREBA\u010cKE \u017dUPANIJE U  \u0160KOLSKOJ 2014.\/2015. GODINI- izvadak za 5. i 6. razrede<\/a><\/p>\n","protected":false},"excerpt":{"rendered":"<p>IZVJE\u0160\u0106E SA NATJECANJA \u0160KOLSKIH SPORTSKIH DRU\u0160TAVA ZAGREBA\u010cKE \u017dUPANIJE u \u0161kolskoj 2014.\/2015. godini UKUPAN BROJ NATJECANJA \u0160\u0160D OSNOVNIH I SREDNJIH \u0160KOLA ZAGREBA\u010cKE \u017dUPANIJE U \u0160KOLSKOJ 2014.\/2015. GODINI UKUPAN BROJ NATJECANJA \u0160\u0160D OSNOVNIH \u0160KOLA ZAGREBA\u010cKE \u017dUPANIJE U \u0160KOLSKOJ 2014.\/2015. GODINI za 5. i 6. razrede SUDJELOVANJE OSNOVNIH I SREDNJIH \u0160KOLA ZAGREBA\u010cKE \u017dUPANIJE NA SPORTSKIM NATJECANJIMA U \u0160KOLSKOJ [&hellip;]<\/p>\n","protected":false},"author":570,"featured_media":0,"parent":0,"menu_order":0,"comment_status":"closed","ping_status":"closed","template":"","meta":{"footnotes":""},"class_list":["post-174","page","type-page","status-publish","hentry"],"_links":{"self":[{"href":"https:\/\/pubweb.carnet.hr\/ssszgzup\/wp-json\/wp\/v2\/pages\/174","targetHints":{"allow":["GET"]}}],"collection":[{"href":"https:\/\/pubweb.carnet.hr\/ssszgzup\/wp-json\/wp\/v2\/pages"}],"about":[{"href":"https:\/\/pubweb.carnet.hr\/ssszgzup\/wp-json\/wp\/v2\/types\/page"}],"author":[{"embeddable":true,"href":"https:\/\/pubweb.carnet.hr\/ssszgzup\/wp-json\/wp\/v2\/users\/570"}],"replies":[{"embeddable":true,"href":"https:\/\/pubweb.carnet.hr\/ssszgzup\/wp-json\/wp\/v2\/comments?post=174"}],"version-history":[{"count":0,"href":"https:\/\/pubweb.carnet.hr\/ssszgzup\/wp-json\/wp\/v2\/pages\/174\/revisions"}],"wp:attachment":[{"href":"https:\/\/pubweb.carnet.hr\/ssszgzup\/wp-json\/wp\/v2\/media?parent=174"}],"curies":[{"name":"wp","href":"https:\/\/api.w.org\/{rel}","templated":true}]}}