{"id":1728,"date":"2018-11-14T10:02:46","date_gmt":"2018-11-14T10:02:46","guid":{"rendered":"http:\/\/pubweb.carnet.hr\/ssszgzup\/?page_id=1728"},"modified":"2023-09-03T11:48:32","modified_gmt":"2023-09-03T11:48:32","slug":"vremenici","status":"publish","type":"page","link":"https:\/\/pubweb.carnet.hr\/ssszgzup\/vremenici\/","title":{"rendered":"Vremenici"},"content":{"rendered":"<p>Vremenici natjecanja i kalendar \u0161kolske godine 2023.\/2024.<\/p>\n<p><a href=\"https:\/\/drive.google.com\/file\/d\/1mtOYNjOsv2rrJijAIv8w4Z6YdSVO2Qhp\/view?usp=sharing\">Kalendar \u0161kolske godine 2023.\/2024.<\/a><\/p>\n<p><a href=\"https:\/\/drive.google.com\/file\/d\/1AcnFWihmwydcQ05HHXWBrkcBEN8Sra5M\/view?usp=sharing\">Kalendar provedbe nacionalnih ispita u \u0161kolskoj godini 2023.\/2024.<\/a><\/p>\n<p><a href=\"https:\/\/drive.google.com\/file\/d\/1i-mCIt-gMwMINTibDaX1hKQPMDNYMDDk\/view?usp=sharing\">Vremenik dr\u017eavnih prvenstava<\/a><\/p>\n<p>Vremenici natjecanja u \u0161kolskoj godini 2022.\/2023.<\/p>\n<p><a href=\"https:\/\/docs.google.com\/document\/d\/19u5ZQjJUaJLEoSzWw5vSkY64FNbeuFAC\/edit?usp=share_link&amp;ouid=107600576966781543024&amp;rtpof=true&amp;sd=true\">POLUZAVR\u0160NA NATJACANJA \u2013 SKUPINA ZAPAD  &#8211; 5. i 6. RAZREDI \u2013 2022.\/2023.<\/a><\/p>\n<p><a href=\"https:\/\/docs.google.com\/document\/d\/1zDraU7l50vKba6hmWCjU8SSCH-Esg7dr\/edit?usp=share_link&amp;ouid=107600576966781543024&amp;rtpof=true&amp;sd=true\">Vremenik natjecanja u\u010denika 5. i 6. razreda<\/a><\/p>\n<p><a href=\"https:\/\/docs.google.com\/document\/d\/10-YkPpYZj-lzMTviIIbhIDKRDgDtN9ci\/edit?usp=share_link&amp;ouid=107600576966781543024&amp;rtpof=true&amp;sd=true\">Vremenik natjecanja u\u010denika osnovnih \u0161kola<\/a><\/p>\n<p><a href=\"https:\/\/docs.google.com\/document\/d\/1ngmG04dg6XbiK84iPctdSATsLroTCj-O\/edit?usp=share_link&amp;ouid=107600576966781543024&amp;rtpof=true&amp;sd=true\">Vremenik natjecanja u\u010denika srednjih \u0161kola<\/a><\/p>\n<p><a href=\"https:\/\/drive.google.com\/file\/d\/1_oxqtv91d2w64RpmG9KDG3ogF_veuMaC\/view?usp=sharing\">VREMENIK DR\u017dAVNIH PRVENSTAVA<\/a><\/p>\n<p>U prilozima mo\u017eete preuzeti vremenike natjecanja u \u0161kolskoj godini 2021.\/2022.<\/p>\n<p><a href=\"https:\/\/drive.google.com\/file\/d\/1N60VcplmAm0qMIyWg2p_FLR5KmSyVmz-\/view?usp=sharing\"><strong>VREMENIK DR\u017dAVNIH PRVENSTVA U \u0160KOLSKOJ GODINI 2021.\/2022<\/strong><\/a><\/p>\n<p><a href=\"https:\/\/docs.google.com\/document\/d\/1RPZwaERgcfTa0hKbNdjMSi2KRLIVYSaM\/edit?usp=sharing&amp;ouid=107600576966781543024&amp;rtpof=true&amp;sd=true\">Prijavne liste<\/a><\/p>\n<p><a href=\"https:\/\/docs.google.com\/document\/d\/1QzKZT59laV_UZ55Kd3jbdd1SLzRswzCR\/edit?usp=sharing&amp;ouid=107600576966781543024&amp;rtpof=true&amp;sd=true\">Vremenik natjecanja u\u010denika 5. i 6. razreda u \u0161kolskoj godini 2021.\/2022.<\/a><\/p>\n<p><a href=\"https:\/\/docs.google.com\/document\/d\/14SGKDQHPAhDT3T0xE6a2yEXuSWlKNQc0\/edit?usp=sharing&amp;ouid=107600576966781543024&amp;rtpof=true&amp;sd=true\">Vremenik natjecanja u\u010denika 7. i 8. razreda u \u0161kolskoj godini 2021.\/2022.<\/a><\/p>\n<p><a href=\"https:\/\/docs.google.com\/document\/d\/19U8Rv_IUmvofqzWav4-q4LcSqq3HvAu5\/edit?usp=sharing&amp;ouid=107600576966781543024&amp;rtpof=true&amp;sd=true\">Vremenik natjecanja u\u010denika srednjih \u0161kola u \u0161kolskoj godini 2021.\/2022.<\/a><\/p>\n","protected":false},"excerpt":{"rendered":"<p>Vremenici natjecanja i kalendar \u0161kolske godine 2023.\/2024. Kalendar \u0161kolske godine 2023.\/2024. Kalendar provedbe nacionalnih ispita u \u0161kolskoj godini 2023.\/2024. Vremenik dr\u017eavnih prvenstava Vremenici natjecanja u \u0161kolskoj godini 2022.\/2023. POLUZAVR\u0160NA NATJACANJA \u2013 SKUPINA ZAPAD &#8211; 5. i 6. RAZREDI \u2013 2022.\/2023. Vremenik natjecanja u\u010denika 5. i 6. razreda Vremenik natjecanja u\u010denika osnovnih \u0161kola Vremenik natjecanja u\u010denika [&hellip;]<\/p>\n","protected":false},"author":570,"featured_media":0,"parent":0,"menu_order":0,"comment_status":"closed","ping_status":"closed","template":"","meta":{"footnotes":""},"class_list":["post-1728","page","type-page","status-publish","hentry"],"_links":{"self":[{"href":"https:\/\/pubweb.carnet.hr\/ssszgzup\/wp-json\/wp\/v2\/pages\/1728","targetHints":{"allow":["GET"]}}],"collection":[{"href":"https:\/\/pubweb.carnet.hr\/ssszgzup\/wp-json\/wp\/v2\/pages"}],"about":[{"href":"https:\/\/pubweb.carnet.hr\/ssszgzup\/wp-json\/wp\/v2\/types\/page"}],"author":[{"embeddable":true,"href":"https:\/\/pubweb.carnet.hr\/ssszgzup\/wp-json\/wp\/v2\/users\/570"}],"replies":[{"embeddable":true,"href":"https:\/\/pubweb.carnet.hr\/ssszgzup\/wp-json\/wp\/v2\/comments?post=1728"}],"version-history":[{"count":2,"href":"https:\/\/pubweb.carnet.hr\/ssszgzup\/wp-json\/wp\/v2\/pages\/1728\/revisions"}],"predecessor-version":[{"id":3796,"href":"https:\/\/pubweb.carnet.hr\/ssszgzup\/wp-json\/wp\/v2\/pages\/1728\/revisions\/3796"}],"wp:attachment":[{"href":"https:\/\/pubweb.carnet.hr\/ssszgzup\/wp-json\/wp\/v2\/media?parent=1728"}],"curies":[{"name":"wp","href":"https:\/\/api.w.org\/{rel}","templated":true}]}}