{"id":1604,"date":"2018-09-21T20:23:42","date_gmt":"2018-09-21T20:23:42","guid":{"rendered":"http:\/\/pubweb.carnet.hr\/ssszgzup\/?page_id=1604"},"modified":"2023-06-20T17:43:31","modified_gmt":"2023-06-20T17:43:31","slug":"natjecanja-2","status":"publish","type":"page","link":"https:\/\/pubweb.carnet.hr\/ssszgzup\/natjecanja-2\/","title":{"rendered":"Natjecanja u \u0161kolskoj godini 2022.\/2023."},"content":{"rendered":"<p><strong>NAPOMENA: MOLIMO ISPUNITI PRIJAVNU LISTU U PRILOGU<\/strong><br \/>\n<a href=\"https:\/\/docs.google.com\/document\/d\/1WGUw5tnq7BEstxnv5TNh1-yArVa1W69q\/edit?usp=sharing&amp;ouid=107600576966781543024&amp;rtpof=true&amp;sd=true\">PRIJAVNA LISTA<\/a><br \/>\n(Izbornik datoteka\/file -&gt; preuzmi\/download -&gt; Microsoft Word (.docx)   )<\/p>\n<p><H4 style=\"color:Green\">OSNOVNE \u0160KOLE (5. i 6. razred):<\/h4>\n<h4 style=\"color:Red\">OSNOVNE \u0160KOLE (7. i 8. razred): <\/h4>\n<h4 style=\"color:Blue\">SREDNJE \u0160KOLE:<\/H4><\/p>\n","protected":false},"excerpt":{"rendered":"<p>NAPOMENA: MOLIMO ISPUNITI PRIJAVNU LISTU U PRILOGU PRIJAVNA LISTA (Izbornik datoteka\/file -&gt; preuzmi\/download -&gt; Microsoft Word (.docx) ) OSNOVNE \u0160KOLE (5. i 6. razred): OSNOVNE \u0160KOLE (7. i 8. razred): SREDNJE \u0160KOLE:<\/p>\n","protected":false},"author":570,"featured_media":0,"parent":0,"menu_order":0,"comment_status":"closed","ping_status":"closed","template":"","meta":{"footnotes":""},"class_list":["post-1604","page","type-page","status-publish","hentry"],"_links":{"self":[{"href":"https:\/\/pubweb.carnet.hr\/ssszgzup\/wp-json\/wp\/v2\/pages\/1604","targetHints":{"allow":["GET"]}}],"collection":[{"href":"https:\/\/pubweb.carnet.hr\/ssszgzup\/wp-json\/wp\/v2\/pages"}],"about":[{"href":"https:\/\/pubweb.carnet.hr\/ssszgzup\/wp-json\/wp\/v2\/types\/page"}],"author":[{"embeddable":true,"href":"https:\/\/pubweb.carnet.hr\/ssszgzup\/wp-json\/wp\/v2\/users\/570"}],"replies":[{"embeddable":true,"href":"https:\/\/pubweb.carnet.hr\/ssszgzup\/wp-json\/wp\/v2\/comments?post=1604"}],"version-history":[{"count":3,"href":"https:\/\/pubweb.carnet.hr\/ssszgzup\/wp-json\/wp\/v2\/pages\/1604\/revisions"}],"predecessor-version":[{"id":3775,"href":"https:\/\/pubweb.carnet.hr\/ssszgzup\/wp-json\/wp\/v2\/pages\/1604\/revisions\/3775"}],"wp:attachment":[{"href":"https:\/\/pubweb.carnet.hr\/ssszgzup\/wp-json\/wp\/v2\/media?parent=1604"}],"curies":[{"name":"wp","href":"https:\/\/api.w.org\/{rel}","templated":true}]}}