{"id":159,"date":"2015-10-17T07:19:45","date_gmt":"2015-10-17T07:19:45","guid":{"rendered":"http:\/\/pubweb.carnet.hr\/ssszgzup\/?page_id=159"},"modified":"2023-03-01T18:02:41","modified_gmt":"2023-03-01T18:02:41","slug":"propisnici","status":"publish","type":"page","link":"https:\/\/pubweb.carnet.hr\/ssszgzup\/propisnici\/","title":{"rendered":"Propisnici"},"content":{"rendered":"<p><a href=\"https:\/\/docs.google.com\/document\/d\/1jBNxGorxVygGO-Uff6E7-OIidh4a3nxk\/edit?usp=share_link&amp;ouid=107600576966781543024&amp;rtpof=true&amp;sd=true\">Program rada za 2023. godinu<\/a><\/p>\n<p><a href=\"https:\/\/drive.google.com\/file\/d\/1ujmCGcV2sGo3Bc7-euEl9jj5My9BAyq7\/view?usp=sharing\">IZMJENE STATUTA \u017dupanijskog \u0161kolskog \u0161portskog saveza Zagreba\u010dke \u017eupanije<\/a><\/p>\n<p><a href=\"https:\/\/docs.google.com\/document\/d\/12zq7vH5261FeEQ3CdGjLY_7CmzWGpFWS\/edit?usp=sharing&amp;ouid=107600576966781543024&amp;rtpof=true&amp;sd=true\">PROPISNIK \u017dupanijskih natjecanja \u0161kolskih sportskih dru\u0161tava Zagreba\u010dke \u017eupanije 5 i 6 razreda za \u0161kolsku godinu 2021.\/2022.<\/a><\/p>\n<p><a href=\"https:\/\/docs.google.com\/document\/d\/1aVSK0cXYERkFbThRv-HKA00cIB3ktrsL\/edit?usp=sharing&amp;ouid=107600576966781543024&amp;rtpof=true&amp;sd=true\">PROPISNIK \u017dupanijskih natjecanja \u0161kolskih sportskih dru\u0161tava Zagreba\u010dke \u017eupanije za \u0161kolsku godinu 2021.\/2022.<\/a><\/p>\n<p><a href=\"https:\/\/docs.google.com\/document\/d\/1kikfQKZDVY-p87joUR0N973wTfvHl0Oq\/edit?usp=sharing&amp;ouid=107600576966781543024&amp;rtpof=true&amp;sd=true\">PROPISNIK Dr\u017eavnog prvenstva \u0161kolskih sportskih dru\u0161tava Republike Hrvatske za \u0161kolsku godinu 2021.\/2022. za 5. i 6. razrede<\/a><\/p>\n<p><a href=\"https:\/\/docs.google.com\/document\/d\/1bQ5KVwnSrr1sS5qk9z1kEc2iUTwoN9KP\/edit?usp=sharing&amp;ouid=107600576966781543024&amp;rtpof=true&amp;sd=true\">PROPISNIK Dr\u017eavnog prvenstva \u0161kolskih sportskih dru\u0161tava Republike Hrvatske <\/a><\/p>\n<p><a href=\"https:\/\/docs.google.com\/document\/d\/1kZVMJx_Kd4EkSz4cb5aYWGjm7CVam4HU\/edit?usp=sharing&amp;ouid=107600576966781543024&amp;rtpof=true&amp;sd=true\">VREMENIK DR\u017dAVNIH PRVENSTAVA U \u0160KOLSKOJ GODINI 2021.\/2022.<\/a><\/p>\n<p><a href=\"https:\/\/drive.google.com\/file\/d\/0B8sCs45IAEZjS1oyOHRVdjZGdGJkbXFMOVZxcGhyTDcyMGpj\/view?usp=sharing\">PROPISNIK \u017dupanijskih natjecanja \u0161kolskih sportskih dru\u0161tava Zagreba\u010dke \u017eupanije za \u0161kolsku godinu 2019.\/2020. za 5. i 6. razrede<\/a><\/p>\n<p><a href=\"https:\/\/drive.google.com\/file\/d\/0B8sCs45IAEZjaEdFM3RncWJtTFBpbDlCZU9ieFFSYzRDU09n\/view?usp=sharing\">PROPISNIK \u017dupanijskih natjecanja \u0161kolskih sportskih dru\u0161tava Zagreba\u010dke \u017eupanije za \u0161kolsku godinu 2019.\/2020.<\/a><\/p>\n<p><strong><a href=\"https:\/\/drive.google.com\/file\/d\/0B8sCs45IAEZjbms5dnVQUXFTNzJ6WERGVmJoX3puRjhzbWow\/view?usp=sharing\">PROPISNIK \u017dupanijskih natjecanja \u0161kolskih sportskih dru\u0161tava Zagreba\u010dke \u017eupanije za \u0161kolsku godinu 2018.\/2019.<\/a><\/strong><\/p>\n<p><strong><a href=\"https:\/\/drive.google.com\/file\/d\/0B8sCs45IAEZjQUZJR3VoTWV3V1NzNHVSUjZNeTBrWlNzWG5Z\/view?usp=sharing\">PROPISNIK  \u017dupanijskih natjecanja \u0161kolskih sportskih dru\u0161tava Zagreba\u010dke \u017eupanije za 5. i 6. razrede za \u0161kolsku godinu 2018.\/2019.<\/a><\/strong><\/p>\n<p>Novi Propisnici \u0161kolskih sportskih natjecanja usvojeni su na sjednici Izvr\u0161nog odbora H\u0160SS-a. Objavljujemo ih u cijelosti:<\/p>\n<p><strong><a href=\"https:\/\/drive.google.com\/file\/d\/0B8sCs45IAEZjS2JmbzRCVVhCSXBWaXBSMThzQ1RBYWZaZ0ZJ\/view?usp=sharing\">P R O P I S N I K Dr\u017eavnog prvenstva \u0161kolskih sportskih dru\u0161tava Republike Hrvatske za \u0161kolsku godinu 2016.\/2017.<\/a><\/strong><\/p>\n<p><a href=\"https:\/\/drive.google.com\/file\/d\/0B8sCs45IAEZjY3VkRTB4X3l4TE05TjN1SjJPdHh2VzluYTZV\/view?usp=sharing\">P R O P I S N I K  Dr\u017eavnog prvenstva \u0161kolskih sportskih dru\u0161tava Republike Hrvatske za u\u010denike 5. i 6. razreda za \u0161kolsku godinu 2016.\/2017.<\/a><\/strong><\/p>\n<p><a href=\"https:\/\/drive.google.com\/file\/d\/0B8sCs45IAEZjMFg0b2JidmZzSEFJWGg4aXdteldLMGpnNkFV\/view?usp=sharing\">PROPISNIK  \u017dupanijskih natjecanja \u0161kolskih sportskih dru\u0161tava  Zagreba\u010dke \u017eupanije  za \u0161kolsku godinu 2016.\/2017.<\/a><\/p>\n<p><strong><a href=\"https:\/\/drive.google.com\/file\/d\/0B8sCs45IAEZjMFg0b2JidmZzSEFJWGg4aXdteldLMGpnNkFV\/view?usp=sharing\">PROPISNIK  \u017dupanijskih natjecanja \u0161kolskih sportskih dru\u0161tava  Zagreba\u010dke \u017eupanije za \u0161kolsku godinu 2016.\/2017.za 7. i 8. razrede <\/a><\/strong><\/p>\n<p><strong><a href=\"https:\/\/drive.google.com\/file\/d\/0B8sCs45IAEZjU2lIUlBNeEE2QmpGMUE2NXltdTcwa2ZUbGxr\/view?usp=sharing\">PROPISNIK \u017dupanijskih natjecanja \u0161kolskih sportskih dru\u0161tava Zagreba\u010dke \u017eupanije za \u0161kolsku godinu 2016.\/2017. za 5. i 6. razrede<\/a><\/strong><\/p>\n<p>Osim njih objavljujemo i  <a href=\"https:\/\/drive.google.com\/file\/d\/0B8sCs45IAEZjWHI3OU44eE9QbGFtRzZvX0RoZjZtMHN3OGpV\/view?usp=sharing\">Vremenik \u0161kolskih sportskih natjecanja u \u0161kolskoj godini 2016.\/2017.<\/a> <\/p>\n<p>U izborniku Natjecanja 2015.\/2016. objavljujemo Izvje\u0161\u0107a usvojena na 8. Sjednici Upravnog odbora.<a href=\"https:\/\/drive.google.com\/file\/d\/0B8sCs45IAEZjQUFKc2NMWGZYTXd2SHNpMGdCRjNUODVXTVNj\/view?usp=sharing\">Pravilnik o nagra\u0111ivanju <\/a><br \/>\n<\/strong><\/p>\n<p><strong><a href=\"https:\/\/drive.google.com\/file\/d\/0B8sCs45IAEZjTWZIZS05UkpKNVhCNmwyU20yUE9LZHdzbThZ\/view?usp=sharing\">STATUT  \u017dUPANIJSKOG \u0160KOLSKOG  \u0160PORTSKOG SAVEZA  ZAGREBA\u010cKE \u017dUPANIJE<\/a><\/strong><a href=\"https:\/\/drive.google.com\/file\/d\/0B8sCs45IAEZjTWZIZS05UkpKNVhCNmwyU20yUE9LZHdzbThZ\/view?usp=sharing\"><\/a><\/p>\n","protected":false},"excerpt":{"rendered":"<p>Program rada za 2023. godinu IZMJENE STATUTA \u017dupanijskog \u0161kolskog \u0161portskog saveza Zagreba\u010dke \u017eupanije PROPISNIK \u017dupanijskih natjecanja \u0161kolskih sportskih dru\u0161tava Zagreba\u010dke \u017eupanije 5 i 6 razreda za \u0161kolsku godinu 2021.\/2022. PROPISNIK \u017dupanijskih natjecanja \u0161kolskih sportskih dru\u0161tava Zagreba\u010dke \u017eupanije za \u0161kolsku godinu 2021.\/2022. PROPISNIK Dr\u017eavnog prvenstva \u0161kolskih sportskih dru\u0161tava Republike Hrvatske za \u0161kolsku godinu 2021.\/2022. za 5. [&hellip;]<\/p>\n","protected":false},"author":570,"featured_media":0,"parent":0,"menu_order":0,"comment_status":"closed","ping_status":"closed","template":"","meta":{"footnotes":""},"class_list":["post-159","page","type-page","status-publish","hentry"],"_links":{"self":[{"href":"https:\/\/pubweb.carnet.hr\/ssszgzup\/wp-json\/wp\/v2\/pages\/159","targetHints":{"allow":["GET"]}}],"collection":[{"href":"https:\/\/pubweb.carnet.hr\/ssszgzup\/wp-json\/wp\/v2\/pages"}],"about":[{"href":"https:\/\/pubweb.carnet.hr\/ssszgzup\/wp-json\/wp\/v2\/types\/page"}],"author":[{"embeddable":true,"href":"https:\/\/pubweb.carnet.hr\/ssszgzup\/wp-json\/wp\/v2\/users\/570"}],"replies":[{"embeddable":true,"href":"https:\/\/pubweb.carnet.hr\/ssszgzup\/wp-json\/wp\/v2\/comments?post=159"}],"version-history":[{"count":3,"href":"https:\/\/pubweb.carnet.hr\/ssszgzup\/wp-json\/wp\/v2\/pages\/159\/revisions"}],"predecessor-version":[{"id":3622,"href":"https:\/\/pubweb.carnet.hr\/ssszgzup\/wp-json\/wp\/v2\/pages\/159\/revisions\/3622"}],"wp:attachment":[{"href":"https:\/\/pubweb.carnet.hr\/ssszgzup\/wp-json\/wp\/v2\/media?parent=159"}],"curies":[{"name":"wp","href":"https:\/\/api.w.org\/{rel}","templated":true}]}}