{"id":157,"date":"2015-10-17T07:19:27","date_gmt":"2015-10-17T07:19:27","guid":{"rendered":"http:\/\/pubweb.carnet.hr\/ssszgzup\/?page_id=157"},"modified":"2023-01-08T20:03:51","modified_gmt":"2023-01-08T20:03:51","slug":"izvjesca-i-zapisnici","status":"publish","type":"page","link":"https:\/\/pubweb.carnet.hr\/ssszgzup\/izvjesca-i-zapisnici\/","title":{"rendered":"Izvje\u0161\u0107a i Zapisnici"},"content":{"rendered":"<p><strong>\u0160kolska godina 2022.\/2023.<\/strong><\/p>\n<p><a href=\"https:\/\/docs.google.com\/document\/d\/1K4sYTQMhusPpHGnYZ2EsWaRaFFRsREq_\/edit?usp=share_link&amp;ouid=107600576966781543024&amp;rtpof=true&amp;sd=true\">BILJE\u0160KA S 21. SJEDNICE UPRAVNOG ODBORA \u017dUPANIJSKOG \u0160KOLSKOG \u0160PORTSKOG SAVEZA ZAGREBA\u010cKE \u017dUPANIJE<\/a><\/p>\n<p><a href=\"https:\/\/docs.google.com\/document\/d\/16L4PTNNie8y6GDS4efJcwWLdszoEi1oi\/edit?usp=share_link&amp;ouid=107600576966781543024&amp;rtpof=true&amp;sd=true\">BILJE\u0160KA S 20. SJEDNICE UPRAVNOG ODBORA \u017dUPANIJSKOG \u0160KOLSKOG \u0160PORTSKOG SAVEZA ZAGREBA\u010cKE \u017dUPANIJE<\/a><\/p>\n<p><a href=\"https:\/\/docs.google.com\/document\/d\/17kDkIwV2UjK9OLcmes4xCtz5KpJL5htY\/edit?usp=share_link&amp;ouid=107600576966781543024&amp;rtpof=true&amp;sd=true\">BILJE\u0160KA S 19. SJEDNICE UPRAVNOG ODBORA \u017dUPANIJSKOG \u0160KOLSKOG \u0160PORTSKOG SAVEZA ZAGREBA\u010cKE \u017dUPANIJE odr\u017eane 23. rujna 2022. godine<\/a><\/p>\n<p><strong>\u0160kolska godina 2021.\/2022.<\/strong><\/p>\n<p><a href=\"https:\/\/drive.google.com\/file\/d\/1rHk67AaFnYKiL9ekezBit2YdLTAxHn7O\/view?usp=share_link\">ZAPISNIK S 4. REDOVNE SKUP\u0160TINE \u017dUPANIJSKOG \u0160KOLSKOG \u0160PORTSKOG SAVEZA ZAGREBA\u010cKE \u017dUPANIJE ODR\u017dANE 16. PROSINCA 2021. <\/a><\/p>\n<p><a href=\"https:\/\/docs.google.com\/document\/d\/1WRdNVBUGY6mPT46kjSLLjQzUcSf7Aiky\/edit?usp=sharing&amp;ouid=107600576966781543024&amp;rtpof=true&amp;sd=true\">IZVJE\u0160\u0106E  O SUDJELOVANJU NA \u017dUPANIJSKOM NATJECANJU \u0160KOLSKIH SPORTSKIH DRU\u0160TAVA U \u0160KOLSKOJ GODINI 2022.\/2023. <\/a><\/p>\n<p><a href=\"https:\/\/docs.google.com\/document\/d\/1kn8rXAx9t0kZrSXsUKFDgtSHyqSgmk2a\/edit?usp=sharing&amp;ouid=107600576966781543024&amp;rtpof=true&amp;sd=true\">IZVJE\u0160\u0106E S NATJECANJA \u0160KOLSKIH SPORTSKIH DRU\u0160TAVA  ZAGREBA\u010cKE \u017dUPANIJE u \u0161kolskoj 2021.\/2022. godini<\/a><\/p>\n<p><a href=\"https:\/\/docs.google.com\/document\/d\/1twlyzYvuedWozeYWn_Z8JYIPrXPNDOtI\/edit?usp=sharing&amp;ouid=107600576966781543024&amp;rtpof=true&amp;sd=true\">SUDJELOVANJE OSNOVNIH I SREDNJIH \u0160KOLA ZAGREBA\u010cKE \u017dUPANIJE NA SPORTSKIM NATJECANJIMA U \u0160KOLSKOJ 2021.\/2022. GODINI<\/a><\/p>\n<p><a href=\"https:\/\/docs.google.com\/document\/d\/1BshQ4ZBgS91N6c98o-MhedJyBxZCJkib\/edit?usp=sharing&amp;ouid=107600576966781543024&amp;rtpof=true&amp;sd=true\">SUDJELOVANJE OSNOVNIH I SREDNJIH \u0160KOLA ZAGREBA\u010cKE \u017dUPANIJE NA SPORTSKIM NATJECANJIMA U \u0160KOLSKOJ 2021.\/2022. GODINI 5 i 6 razredi<\/a><\/p>\n<p><a href=\"https:\/\/docs.google.com\/document\/d\/1CEWbnu-mphOePmc9Rbp3IMkqnW9zxjsy\/edit?usp=sharing&amp;ouid=107600576966781543024&amp;rtpof=true&amp;sd=true\">UKUPAN BROJ NATJECANJA \u0160SD OSNOVNIH I SREDNJIH \u0160KOLA ZAGREBA\u010cKE \u017dUPANIJE U  \u0160KOLSKOJ 2021.\/2022. GODINI Za 5 i 6 razrede<\/a><\/p>\n<p><a href=\"https:\/\/docs.google.com\/document\/d\/1bnR96-PwqMfHPMllyCGGkacfRBwci9Ya\/edit?usp=sharing&amp;ouid=107600576966781543024&amp;rtpof=true&amp;sd=true\">UKUPAN BROJ NATJECANJA \u0160SD OSNOVNIH I SREDNJIH \u0160KOLA ZAGREBA\u010cKE \u017dUPANIJE U  \u0160KOLSKOJ 2021.\/2022. GODINI <\/a><\/p>\n<p><a href=\"https:\/\/docs.google.com\/document\/d\/1rvV93K5E1z1SXxp7dlOgjUrD-cWsmFS6\/edit?usp=sharing&amp;ouid=107600576966781543024&amp;rtpof=true&amp;sd=true\">REDOSLIJED UKUPNOG  BROJA NATJECANJA I REZULTATA \u0160SD OSNOVNIH I SREDNJIH \u0160KOLA ZAGREBA\u010cKE \u017dUPANIJE  U  \u0160KOLSKOJ 2021.\/2022. GODINI Za 5 i 6 razrede<\/a><\/p>\n<p><a href=\"https:\/\/docs.google.com\/document\/d\/1iQwUdwGhOeMif46TUT6RuW5ZjHNpoP56\/edit?usp=sharing&amp;ouid=107600576966781543024&amp;rtpof=true&amp;sd=true\">REDOSLIJED UKUPNOG  BROJA NATJECANJA I REZULTATA \u0160SD OSNOVNIH I SREDNJIH \u0160KOLA ZAGREBA\u010cKE \u017dUPANIJE  U  \u0160KOLSKOJ 2021.\/2022. GODINI<\/a><\/p>\n<p><a href=\"https:\/\/docs.google.com\/document\/d\/1yi5XjUiB9wAWKyPeEoTirSSuZi36CCJv\/edit?usp=sharing&amp;ouid=107600576966781543024&amp;rtpof=true&amp;sd=true\">BILJE\u0160KA S 18. SJEDNICE UPRAVNOG ODBORA \u017dUPANIJSKOG \u0160KOLSKOG \u0160PORTSKOG SAVEZA ZAGREBA\u010cKE \u017dUPANIJE odr\u017eane 31. kolovoza 2022. godine<\/a><\/p>\n<p><a href=\"https:\/\/docs.google.com\/document\/d\/1KtYb5qNUjVisy-OmWbnBUD0JwDCs7mU7\/edit?usp=sharing&amp;ouid=107600576966781543024&amp;rtpof=true&amp;sd=true\">BILJE\u0160KA SA 17. SJEDNICE UPRAVNOG ODBORA \u017dUPANIJSKOG \u0160KOLSKOG \u0160PORTSKOG SAVEZA ZAGREBA\u010cKE \u017dUPANIJE odr\u017eane 10. SVIBNJA 2022. godine<\/a><\/p>\n<p><a href=\"https:\/\/docs.google.com\/document\/d\/1sny-ulqFgT5lfDL3R_8O9QE8jfV75xWC\/edit?usp=sharing&amp;ouid=107600576966781543024&amp;rtpof=true&amp;sd=true\">BILJE\u0160KA SA 16. SJEDNICE UPRAVNOG ODBORA \u017dUPANIJSKOG \u0160KOLSKOG \u0160PORTSKOG SAVEZA ZAGREBA\u010cKE \u017dUPANIJE odr\u017eane 16. prosinca 2021. godine<\/a><\/p>\n<p><a href=\"https:\/\/docs.google.com\/document\/d\/1jn2TupKFFopoo00Cvni2LLfWVP5gmXZB\/edit?usp=sharing&amp;ouid=107600576966781543024&amp;rtpof=true&amp;sd=true\">BILJE\u0160KA  S 15. SJEDNICE UPRAVNOG ODBORA \u017dUPANIJSKOG \u0160KOLSKOG  \u0160PORTSKOG SAVEZA  ZAGREBA\u010cKE \u017dUPANIJE odr\u017eane 3.studenog 2021. godine<\/a><\/p>\n<p><a href=\"https:\/\/docs.google.com\/document\/d\/15sLAEvBVOcIRKwZhMJF7KHxuRWhZPl3E\/edit?usp=sharing&amp;ouid=112153845741887148165&amp;rtpof=true&amp;sd=true\">BILJE\u0160KA  S 14. SJEDNICE UPRAVNOG ODBORA \u017dUPANIJSKOG \u0160KOLSKOG  \u0160PORTSKOG SAVEZA  ZAGREBA\u010cKE \u017dUPANIJE odr\u017eane 21. RUJNA 2021. godine <\/a><\/p>\n<p><a href=\"https:\/\/docs.google.com\/document\/d\/1AlQnTQBTlOo2rZduw21Sg04P3D3zx3dz\/edit?usp=sharing&amp;ouid=107600576966781543024&amp;rtpof=true&amp;sd=true\">BILJE\u0160KA S 13. SJEDNICE UPRAVNOG ODBORA \u017dUPANIJSKOG \u0160KOLSKOG  \u0160PORTSKOG SAVEZA  ZAGREBA\u010cKE \u017dUPANIJE odr\u017eane 3. RUJNA 2021. godine<\/a><\/p>\n<p><strong>\u0160kolska godina 2020.\/2021.<\/strong><\/p>\n<p><a href=\"https:\/\/drive.google.com\/file\/d\/1S83XFGOoNLwHmXHfpzSSI3uO7NfBVYdO\/view?usp=sharing\">ZAPISNIK  S 3. REDOVNE IZBORNE SKUP\u0160TINE \u017dUPANIJSKOG \u0160KOLSKOG \u0160PORTSKOG SAVEZA  ZAGREBA\u010cKE \u017dUPANIJE ODR\u017dANE ELEKTRONSKIM PUTEM 28. PROSINCA 2020. GODINE<\/a><\/p>\n<p><a href=\"https:\/\/drive.google.com\/file\/d\/1PjUfa9MPCtY7AysyZ6bixuueQrwrnHzy\/view?usp=sharing\">BILJE\u0160KA S 8. SJEDNICE UPRAVNOG ODBORA \u017dUPANIJSKOG \u0160KOLSKOG \u0160PORTSKOG SAVEZA  ZAGREBA\u010cKE \u017dUPANIJE odr\u017eane 13. listopada 2020. godine<\/a><\/p>\n<p><a href=\"https:\/\/drive.google.com\/file\/d\/1JfVdwje1ZAKjw0-XIpOsNCfynG0mDrp9\/view?usp=sharing\">BILJE\u0160KA  S 9. ELEKTRONI\u010cKE SJEDNICE UPRAVNOG ODBORA \u017dUPANIJSKOG \u0160KOLSKOG  \u0160PORTSKOG SAVEZA  ZAGREBA\u010cKE \u017dUPANIJE odr\u017eane 30. listopada  2020. godine<\/a><\/p>\n<p><a href=\"https:\/\/drive.google.com\/file\/d\/1v99St0ycILYDMTG4bJy1EwYblrY1cJ69\/view?usp=sharing\">BILJE\u0160KA  S 10. ELEKTRONI\u010cKE SJEDNICE UPRAVNOG ODBORA \u017dUPANIJSKOG \u0160KOLSKOG  \u0160PORTSKOG SAVEZA  ZAGREBA\u010cKE \u017dUPANIJE odr\u017eane 21. prosinca  2020. godine<\/a><\/p>\n<p><a href=\"https:\/\/drive.google.com\/file\/d\/1F--q7RN9bm-VA6xZyh-gM7tu0TRYnOF3\/view?usp=sharing\">BILJE\u0160KA  S 11. ELEKTRONI\u010cKE SJEDNICE UPRAVNOG ODBORA \u017dUPANIJSKOG \u0160KOLSKOG  \u0160PORTSKOG SAVEZA  ZAGREBA\u010cKE \u017dUPANIJE odr\u017eane 24. o\u017eujka  2021. godine<\/a><\/p>\n<p><a href=\"https:\/\/docs.google.com\/document\/d\/1Opc3cTL34MfNzWq3qzYe-d05047fbm8n\/edit?usp=sharing&amp;ouid=102888890766150359859&amp;rtpof=true&amp;sd=true\">BILJE\u0160KA S 12. SJEDNICE UPRAVNOG ODBORA \u017dUPANIJSKOG \u0160KOLSKOG \u0160PORTSKOG SAVEZA  ZAGREBA\u010cKE \u017dUPANIJE odr\u017eane 04. svibnja 2021. godine u Samoboru <\/a><\/p>\n<p><a href=\"https:\/\/drive.google.com\/file\/d\/1B4TYa3rDDXPAacX4Oliu21LteXFr_hoA\/view?usp=sharing\">PRIJEDLOG IZVJE\u0160\u0106A O RADU \u017dUPANIJSKOG \u0160KOLSKOG \u0160PORTSKOG  SAVEZA ZAGREBA\u010cKE \u017dUPANIJE U 2019. GODINI<\/a><\/p>\n<p><a href=\"https:\/\/drive.google.com\/file\/d\/1ePf5QP5hsYu5OSvn6FTyKTYqJZfnW1nB\/view?usp=sharing\">PRIJEDLOG IZVJE\u0160\u0106A O RADU \u017dUPANIJSKOG \u0160KOLSKOG \u0160PORTSKOG  SAVEZA ZAGREBA\u010cKE \u017dUPANIJE U 2020. GODINI<\/a><\/p>\n<p><a href=\"https:\/\/drive.google.com\/file\/d\/17Fdc5lI3mW_wPgeWM1erd600nfHHPUl0\/view?usp=sharing\">SUDJELOVANJE OSNOVNIH I SREDNJIH \u0160KOLA ZAGREBA\u010cKE \u017dUPANIJE NA SPORTSKIM NATJECANJIMA U \u0160KOLSKOJ 2019.\/2020. GODINI<\/a><\/p>\n<p><a href=\"https:\/\/drive.google.com\/file\/d\/1QeOVqzs3j8UNMSe4D87j-PFgTMn0alFr\/view?usp=sharing\">REDOSLIJED UKUPNOG  BROJA NATJECANJA I REZULTATA \u0160SD OSNOVNIH I SREDNJIH \u0160KOLA  ZAGREBA\u010cKE \u017dUPANIJE U  \u0160KOLSKOJ 2019.\/2020. GODINI do 10. o\u017eujka 2020. godine <\/a><\/p>\n<p><strong>\u0160kolska godina 2019.\/2020.<\/strong> <\/p>\n<p><a href=\"https:\/\/drive.google.com\/file\/d\/0B8sCs45IAEZjUmg2X21FV3BqSGpGdzhLcldzeldVcktqOTRB\/view?usp=sharing\">BILJE\u0160KA S 1. SJEDNICE UPRAVNOG ODBORA \u017dUPANIJSKOG \u0160KOLSKOG \u0160PORTSKOG SAVEZA ZAGREBA\u010cKE \u017dUPANIJE odr\u017eane 18. travnja 2019. godine<\/a><\/p>\n<p><a href=\"https:\/\/drive.google.com\/file\/d\/0B8sCs45IAEZjWHptUkpMaWxZUjJVRkZiSFhWNmotTjdIR2pF\/view?usp=sharing\">BILJE\u0160KA S 2. SJEDNICE UPRAVNOG ODBORA \u017dUPANIJSKOG \u0160KOLSKOG \u0160PORTSKOG SAVEZA ZAGREBA\u010cKE \u017dUPANIJE odr\u017eane 26. KOLOVOZA 2019. godine<\/a><\/p>\n<p><a href=\"https:\/\/drive.google.com\/file\/d\/0B8sCs45IAEZjcENUZ0VOMDNKekhULUFOejZLeGFaOWs5TG9Z\/view?usp=sharing\">BILJE\u0160KA S 3. SJEDNICE UPRAVNOG ODBORA \u017dUPANIJSKOG \u0160KOLSKOG \u0160PORTSKOG SAVEZA  ZAGREBA\u010cKE \u017dUPANIJE  odr\u017eane  13. rujna 2019. godine<\/a><\/p>\n<p><a href=\"https:\/\/drive.google.com\/file\/d\/0B8sCs45IAEZjd09iWlBlSnlkeTYzQ2JRTUg5enMtY195bkow\/view?usp=sharing\">BILJE\u0160KA S 4. SJEDNICE UPRAVNOG ODBORA \u017dUPANIJSKOG \u0160KOLSKOG \u0160PORTSKOG SAVEZA  ZAGREBA\u010cKE \u017dUPANIJE  odr\u017eane  12. studenog 2019. godine<\/a><\/p>\n<p><a href=\"https:\/\/drive.google.com\/file\/d\/0B8sCs45IAEZjWV9Fc0RTa1ZOZW4wN2x2MDZlSWpEeE1QVUgw\/view?usp=sharing\">ZAPISNIK  SA REDOVNE IZBORNE SKUP\u0160TINE \u017dUPANIJSKOG \u0160KOLSKOG \u0160PORTSKOG SAVEZA  ZAGREBA\u010cKE \u017dUPANIJE ODR\u017dANE  11. TRAVNJA 2019. GODINE<\/a><\/p>\n<p><a href=\"https:\/\/drive.google.com\/file\/d\/10Bn7ISx7UUl65h_nCZ_YTeibn-I1PBLk\/view?usp=drivesdk\">BILJE\u0160KA S 5. SJEDNICE UPRAVNOG ODBORA \u017dUPANIJSKOG \u0160KOLSKOG \u0160PORTSKOG SAVEZA ZAGREBA\u010cKE \u017dUPANIJE odr\u017eane 29. sije\u010dnja 2020. godine<\/a><\/p>\n<p><a href=\"https:\/\/drive.google.com\/file\/d\/1yV8QGuyeJiQSG1Xwhy_trwvgvOSAGiV7\/view?usp=drivesdk\">BILJE\u0160KA SA 6. SJEDNICE UPRAVNOG ODBORA \u017dUPANIJSKOG \u0160KOLSKOG \u0160PORTSKOG SAVEZA ZAGREBA\u010cKE \u017dUPANIJE odr\u017eane od 26. do 29. svibnja 2020. godine<\/a><\/p>\n<p><a href=\"https:\/\/drive.google.com\/file\/d\/1FbBVc8MBYe8m9n4_U1hiP2ODZoGxK04Z\/view?usp=sharing\">BILJE\u0160KA SA 7. SJEDNICE UPRAVNOG ODBORA \u017dUPANIJSKOG \u0160KOLSKOG \u0160PORTSKOG SAVEZA ZAGREBA\u010cKE \u017dUPANIJE odr\u017eane od 15. do 17. lipnja 2020. godine<\/a><\/p>\n<p><strong>\u0160kolska godina 2018.\/2019. <\/strong><\/p>\n<p><a href=\"https:\/\/drive.google.com\/file\/d\/0B8sCs45IAEZjd1NzRnhCTVROUXRpN3hvLVVNRDZ2M3lHSnA4\/view?usp=sharing\">REDOSLIJED UKUPNOG BROJA NATJECANJA I REZULTATA \u0160SD OSNOVNIH I SREDNJIH \u0160KOLA ZAGREBA\u010cKE \u017dUPANIJE U \u0160KOLSKOJ 2018.\/2019. GODINI 5 i 6 razredi<\/a><\/p>\n<p><a href=\"https:\/\/drive.google.com\/file\/d\/0B8sCs45IAEZjNHI5OGM0ZmRLWmROcWFkTjdxMWFJSEZ2ZmU4\/view?usp=sharing\">Izvje\u0161\u0107e s natjecanja \u0161kolskih sportskih natjecanja Zagreba\u010dke \u017eupanije<\/a><\/p>\n<p><a href=\"https:\/\/drive.google.com\/file\/d\/0B8sCs45IAEZjVHlfdzFHcW1XdGNMa1JQRG5VRnQ3Y3lWS1BN\/view?usp=sharing\">SUDJELOVANJE OSNOVNIH \u0160KOLA ZAGREBA\u010cKE \u017dUPANIJE U kategoriji 5 i 6 razreda NA SPORTSKIM NATJECANJIMA U \u0160KOLSKOJ 2018.\/2019. GODINI<\/a><\/p>\n<p><a href=\"https:\/\/drive.google.com\/file\/d\/0B8sCs45IAEZjZkRKdWNfU3FHMHhzbDRoVmRETTk0VWtMR2h3\/view?usp=sharing\">SUDJELOVANJE OSNOVNIH I SREDNJIH \u0160KOLA ZAGREBA\u010cKE \u017dUPANIJE NA SPORTSKIM NATJECANJIMA U \u0160KOLSKOJ 2018.\/2019. GODINI<\/a><\/p>\n<p><a href=\"https:\/\/drive.google.com\/file\/d\/0B8sCs45IAEZjbUtnS2RpSk9UelNaVGVQa00tTnBzeGs5eGMw\/view?usp=sharing\">UKUPAN BROJ NATJECANJA \u0160SD OSNOVNIH I SREDNJIH \u0160KOLA ZAGREBA\u010cKE \u017dUPANIJE U \u0160KOLSKOJ 2018.\/2019. GODINI<\/a><\/p>\n<p><a href=\"https:\/\/drive.google.com\/file\/d\/0B8sCs45IAEZjRHVmX1Z0NHktdThtYmc2VEc3c2hFOXY1UjFF\/view?usp=sharing\">UKUPAN BROJ NATJECANJA \u0160SD OSNOVNIH \u0160KOLA ZAGREBA\u010cKE \u017dUPANIJE U \u0160KOLSKOJ 2018\/2019. GODINI  za 5. i 6. razrede<\/a><\/p>\n<p><a href=\"https:\/\/drive.google.com\/file\/d\/0B8sCs45IAEZjUmg2X21FV3BqSGpGdzhLcldzeldVcktqOTRB\/view?usp=sharing\">BILJE\u0160KA SA 01. SJEDNICE UPRAVNOG ODBORA \u017dUPANIJSKOG \u0160KOLSKOG \u0160PORTSKOG SAVEZA ZAGREBA\u010cKE \u017dUPANIJE odr\u017eane 18. travnja 2019. godine<\/a><\/p>\n<p><a href=\"https:\/\/drive.google.com\/file\/d\/0B8sCs45IAEZjeVFDREJJSUtRQXRLR2xrT2FxaFVIZjhSY3A4\/view?usp=sharing\">ZAPISNIK  SA  KOORDINACIJE SKUPINE ZAPAD ZA 5. i 6. RAZREDE za \u0161kolsku godinu 2018.\/2019. ODR\u017dANOG 28.09.2018. GODINE U OSIJEKU (PROMJENE OD 18.04.2019. godine)<\/a><\/p>\n<p><a href=\"https:\/\/drive.google.com\/file\/d\/0B8sCs45IAEZjeWhjdkszOFZzdFA2cFBTQV9ZUzU0Vm1rVXBr\/view?usp=sharing\">ZAPISNIK S 3. REDOVNE SKUP\u0160TINE \u017dUPANIJSKOG \u0160KOLSKOG \u0160PORTSKOG SAVEZA ZAGREBA\u010cKE \u017dUPANIJE ODR\u017dANE 6. PROSINCA, 2016.<\/a><\/p>\n<p><a href=\"https:\/\/drive.google.com\/file\/d\/0B8sCs45IAEZjZ0hWczhJZjlCcTdaNmtoMFM4bm94VDBfeFlN\/view?usp=sharing\">PROMEMORIJA sa 1\/2016. koordinacije skupine Centar odr\u017eane 14.9.2016. godine u 13,00 sati u Krapini<\/a><\/p>\n<p><a href=\"https:\/\/drive.google.com\/file\/d\/0B8sCs45IAEZjWFZBdzM2Qm45RTQ\/view?usp=sharing\">ZAPISNIK  SA REDOVNE IZBORNE SKUP\u0160TINE \u017dUPANIJSKOG \u0160KOLSKOG \u0160PORTSKOG SAVEZA  ZAGREBA\u010cKE \u017dUPANIJE ODR\u017dANE  10. TRAVNJA 2015. GODINE<\/a><\/p>\n<p><a href=\"https:\/\/drive.google.com\/file\/d\/0B8sCs45IAEZjQ1ZyM1JBdFVRLTg\/view?usp=sharing\">ZAPISNIK SA KOORDINACIJE SKUPINE ZAPAD ZA 5. i 6. RAZREDE za \u0161kolsku 2015.\/2016. godinu  ODR\u017dANOG 03.10.2015. GODINE U VODICAMA<\/a><\/p>\n<p><a href=\"https:\/\/drive.google.com\/file\/d\/0B8sCs45IAEZjZF9hSDFSOTQxSlk\/view?usp=sharing\">ZAPISNIK SA KOORDINACIJE SKUPINE CENTAR<\/a><\/p>\n<p><a href=\"https:\/\/drive.google.com\/file\/d\/0B8sCs45IAEZjcm81bC0zWGlYUW50ckRLcHNuNE9VekdFNEJn\/view?usp=sharing\">BILJE\u0160KA S 1. SJEDNICE UPRAVNOG ODBORA \u017dUPANIJSKOG \u0160KOLSKOG \u0160PORTSKOG SAVEZA  ZAGREBA\u010cKE \u017dUPANIJE  odr\u017eane  26. svibnja 2015. godine<\/a><\/p>\n<p><a href=\"https:\/\/drive.google.com\/file\/d\/0B8sCs45IAEZjcW9Zejgxc3JnTkE\/view?usp=sharing\">BILJE\u0160KA S 2. SJEDNICE UPRAVNOG ODBORA \u017dUPANIJSKOG \u0160KOLSKOG \u0160PORTSKOG SAVEZA  ZAGREBA\u010cKE \u017dUPANIJE  odr\u017eane  09. srpnja 2015.<\/a><\/p>\n<p><a href=\"https:\/\/drive.google.com\/file\/d\/0B8sCs45IAEZjMmRodDhHaXJQYmc\/view?usp=sharing\">BILJE\u0160KA S 3. SJEDNICE UPRAVNOG ODBORA \u017dUPANIJSKOG \u0160KOLSKOG \u0160PORTSKOG SAVEZA  ZAGREBA\u010cKE \u017dUPANIJE  odr\u017eane  15. rujna 2015. godine<\/a><\/p>\n<p><a href=\"https:\/\/drive.google.com\/file\/d\/0B8sCs45IAEZjM0FlUGtIVkowOWpBRTYzdkp6dzdRNjUwMnNN\/view?usp=sharing\">BILJE\u0160KA SA 5. SJEDNICE UPRAVNOG ODBORA \u017dUPANIJSKOG \u0160KOLSKOG \u0160PORTSKOG SAVEZA ZAGREBA\u010cKE \u017dUPANIJE  odr\u017eane 27. studenog, 2015.<\/a><\/p>\n<p><a href=\"https:\/\/drive.google.com\/file\/d\/0B8sCs45IAEZjSkxqNWNqdGJJcTVsUXVSdi1RMDVJZ1I2bmVr\/view?usp=sharing\">BILJE\u0160KA SA 4. SJEDNICE UPRAVNOG ODBORA \u017dUPANIJSKOG \u0160KOLSKOG \u0160PORTSKOG SAVEZA  ZAGREBA\u010cKE \u017dUPANIJE  odr\u017eane  02. studenog 2015.<\/a><\/p>\n<p><a href=\"https:\/\/drive.google.com\/file\/d\/0B8sCs45IAEZjRThScFdteTREOWhYLUpOaUFHY095SWE5TC1z\/view?usp=sharing\">BILJE\u0160KA SA 6. SJEDNICE UPRAVNOG ODBORA \u017dUPANIJSKOG \u0160KOLSKOG \u0160PORTSKOG SAVEZA  ZAGREBA\u010cKE \u017dUPANIJE  odr\u017eane  18. sije\u010dnja, 2016.<\/a><\/p>\n<p><a href=\"https:\/\/drive.google.com\/file\/d\/0B8sCs45IAEZjRVRTbnM3OU5ZV0tXOHlDTDcxbDMtNzVtRTFB\/view?usp=sharing\">BILJE\u0160KA SA 7. SJEDNICE UPRAVNOG ODBORA \u017dUPANIJSKOG \u0160KOLSKOG \u0160PORTSKOG SAVEZA  ZAGREBA\u010cKE \u017dUPANIJE  odr\u017eane  8. travnja, 2016.<\/a><\/p>\n<p><a href=\"https:\/\/drive.google.com\/file\/d\/0B8sCs45IAEZjX2NXTHgyWlY1THZZYkZJN1h0aEg0VkZnNElB\/view?usp=sharing\">BILJE\u0160KA SA 8. SJEDNICE UPRAVNOG ODBORA \u017dUPANIJSKOG \u0160KOLSKOG \u0160PORTSKOG SAVEZA ZAGREBA\u010cKE \u017dUPANIJE odr\u017eane 15. rujna, 2016.<\/a><\/p>\n<p><a href=\"https:\/\/drive.google.com\/file\/d\/0B8sCs45IAEZjSUxQZjBhY0RRczdvLUdRRmxkMk5mNzdnUXVj\/view?usp=sharing\">BILJE\u0160KA SA 9. SJEDNICE UPRAVNOG ODBORA \u017dUPANIJSKOG \u0160KOLSKOG \u0160PORTSKOG SAVEZA  ZAGREBA\u010cKE \u017dUPANIJE  odr\u017eane  7. listopada, 2016.<\/a><\/p>\n<p><a href=\"https:\/\/drive.google.com\/file\/d\/0B8sCs45IAEZjREhCdHZpdk9UNFZ6U2hPeklxR2VvN0lLcG04\/view?usp=sharing\">BILJE\u0160KA SA 10. SJEDNICE UPRAVNOG ODBORA \u017dUPANIJSKOG \u0160KOLSKOG \u0160PORTSKOG SAVEZA ZAGREBA\u010cKE \u017dUPANIJE odr\u017eane 17. studenog 2016. godine<\/a><\/p>\n<p><a href=\"https:\/\/drive.google.com\/file\/d\/0B8sCs45IAEZjUjN5aDJvXzJlVURlcmItUVlWUl9DcFljLU5V\/view?usp=sharing\">BILJE\u0160KA SA 11. SJEDNICE UPRAVNOG ODBORA \u017dUPANIJSKOG \u0160KOLSKOG \u0160PORSKOG SAVEZA ZAGREBA\u010cKE \u017dUPANIJE odr\u017eane  6. velja\u010de, 2017. godine<\/a><\/p>\n<p><a href=\"https:\/\/drive.google.com\/file\/d\/0B8sCs45IAEZjRFZaaGJPdW1XWmQzd3dtUndzb240bk9QNlIw\/view?usp=sharing\">BILJE\u0160KA SA 12. SJEDNICE UPRAVNOG ODBORA \u017dUPANIJSKOG \u0160KOLSKOG \u0160PORTSKOG SAVEZA ZAGREBA\u010cKE \u017dUPANIJE odr\u017eane 11. travnja, 2017. godine<\/a><\/p>\n<p><a href=\"https:\/\/drive.google.com\/file\/d\/0B8sCs45IAEZjVU1UYzI0NHNYLTRqM3NiTUphdkdkM005NTQ4\/view?usp=sharing\">BILJE\u0160KA SA 13. SJEDNICE UPRAVNOG ODBORA \u017dUPANIJSKOG \u0160KOLSKOG \u0160PORSKOG SAVEZA ZAGREBA\u010cKE \u017dUPANIJE odr\u017eane  29. lipnja 2017. godine<\/a><\/p>\n<p><a href=\"https:\/\/drive.google.com\/file\/d\/0B8sCs45IAEZjZFd5SUZ2S21nWExKM3NTWlJlWFgwUUxrRlVB\/view?usp=sharing\">BILJE\u0160KA SA 14. SJEDNICE UPRAVNOG ODBORA \u017dUPANIJSKOG \u0160KOLSKOG \u0160PORSKOG SAVEZA ZAGREBA\u010cKE \u017dUPANIJE odr\u017eane  29.rujna 2017. godine<\/a><\/p>\n<p><a href=\"https:\/\/drive.google.com\/file\/d\/0B8sCs45IAEZjcFZqWm5rck8wbHIzQ0JHMHUzV2pEcnVzdmxN\/view?usp=sharing\">ZAPISNIK SA SASTANKA KOORDINACIJE \u017d\u0160SS \u2013 SKUPINE ZAPAD  odr\u017eanOG u Svetom Martinu na Muri, 8. RUJNA, 2017. GODINE<\/a><\/p>\n<p><a href=\"https:\/\/drive.google.com\/file\/d\/0B8sCs45IAEZjNE5WSmRSWGtWbnJGaDRvSDlvV2UzT3M1ZU4w\/view?usp=sharing\">BILJE\u0160KA SA 15. SJEDNICE UPRAVNOG ODBORA \u017dUPANIJSKOG \u0160KOLSKOG \u0160PORTSKOG SAVEZA ZAGREBA\u010cKE \u017dUPANIJE odr\u017eane  17.studenog 2017. godine<\/a><\/p>\n<p><a href=\"https:\/\/drive.google.com\/file\/d\/0B8sCs45IAEZjb2FrYnFFblhUVklvcGtIZHRZTTJscThkTnpj\/view?usp=sharing\">BILJE\u0160KA S 16. SJEDNICE UPRAVNOG ODBORA \u017dUPANIJSKOG \u0160KOLSKOG \u0160PORTSKOG SAVEZA ZAGREBA\u010cKE \u017dUPANIJE odr\u017eane 6. prosinca, 2017. godine<\/a><\/p>\n<p><a href=\"https:\/\/drive.google.com\/file\/d\/0B8sCs45IAEZjVU91MUxaZE10dHhudVU0SnA5M1ZSUnQ5aHEw\/view?usp=sharing\">BILJE\u0160KA S 17. SJEDNICE UPRAVNOG ODBORA \u017dUPANIJSKOG \u0160KOLSKOG \u0160PORTSKOG SAVEZA ZAGREBA\u010cKE \u017dUPANIJE odr\u017eane 19. sije\u010dnja, 2018. godine<\/a><\/p>\n<p><a href=\"https:\/\/drive.google.com\/file\/d\/0B8sCs45IAEZjYW0tbEZxeGhySlZqdk5Yd0t0ZHdTMldEOE1z\/view?usp=sharing\">BILJE\u0160KA S 18. SJEDNICE UPRAVNOG ODBORA \u017dUPANIJSKOG \u0160KOLSKOG \u0160PORTSKOG SAVEZA ZAGREBA\u010cKE \u017dUPANIJE odr\u017eane 20. velja\u010de, 2018. godine<\/a><\/p>\n<p><a href=\"https:\/\/drive.google.com\/file\/d\/0B8sCs45IAEZjRVROZlMyRnVDdnlXOXZEcjRJblFRNW5KMjMw\/view?usp=sharing\">BILJE\u0160KA SA 19. SJEDNICE UPRAVNOG ODBORA \u017dUPANIJSKOG \u0160KOLSKOG \u0160PORTSKOG SAVEZA ZAGREBA\u010cKE \u017dUPANIJE odr\u017eane  11.travnja 2018. godine<\/a><\/p>\n<p><a href=\"https:\/\/drive.google.com\/file\/d\/0B8sCs45IAEZjYlUyY1pPY0duREtfZUpXZjJndFk0aXhCXzZz\/view?usp=sharing\">BILJE\u0160KA S 20. SJEDNICE UPRAVNOG ODBORA \u017dUPANIJSKOG \u0160KOLSKOG \u0160PORTSKOG SAVEZA ZAGREBA\u010cKE \u017dUPANIJE odr\u017eane 21. lipnja, 2018. godine<\/a><\/p>\n<p><a href=\"https:\/\/drive.google.com\/file\/d\/0B8sCs45IAEZjdEhWNmlzT25EbmFIWXhIRzlrOXRYUzZvUk0w\/view?usp=sharing\">BILJE\u0160KA S 21. SJEDNICE UPRAVNOG ODBORA \u017dUPANIJSKOG \u0160KOLSKOG \u0160PORTSKOG SAVEZA ZAGREBA\u010cKE \u017dUPANIJE odr\u017eane 11. listopada, 2018. godine<\/a><\/p>\n","protected":false},"excerpt":{"rendered":"<p>\u0160kolska godina 2022.\/2023. BILJE\u0160KA S 21. SJEDNICE UPRAVNOG ODBORA \u017dUPANIJSKOG \u0160KOLSKOG \u0160PORTSKOG SAVEZA ZAGREBA\u010cKE \u017dUPANIJE BILJE\u0160KA S 20. SJEDNICE UPRAVNOG ODBORA \u017dUPANIJSKOG \u0160KOLSKOG \u0160PORTSKOG SAVEZA ZAGREBA\u010cKE \u017dUPANIJE BILJE\u0160KA S 19. SJEDNICE UPRAVNOG ODBORA \u017dUPANIJSKOG \u0160KOLSKOG \u0160PORTSKOG SAVEZA ZAGREBA\u010cKE \u017dUPANIJE odr\u017eane 23. rujna 2022. godine \u0160kolska godina 2021.\/2022. ZAPISNIK S 4. REDOVNE SKUP\u0160TINE \u017dUPANIJSKOG \u0160KOLSKOG \u0160PORTSKOG [&hellip;]<\/p>\n","protected":false},"author":570,"featured_media":0,"parent":0,"menu_order":0,"comment_status":"closed","ping_status":"closed","template":"","meta":{"footnotes":""},"class_list":["post-157","page","type-page","status-publish","hentry"],"_links":{"self":[{"href":"https:\/\/pubweb.carnet.hr\/ssszgzup\/wp-json\/wp\/v2\/pages\/157","targetHints":{"allow":["GET"]}}],"collection":[{"href":"https:\/\/pubweb.carnet.hr\/ssszgzup\/wp-json\/wp\/v2\/pages"}],"about":[{"href":"https:\/\/pubweb.carnet.hr\/ssszgzup\/wp-json\/wp\/v2\/types\/page"}],"author":[{"embeddable":true,"href":"https:\/\/pubweb.carnet.hr\/ssszgzup\/wp-json\/wp\/v2\/users\/570"}],"replies":[{"embeddable":true,"href":"https:\/\/pubweb.carnet.hr\/ssszgzup\/wp-json\/wp\/v2\/comments?post=157"}],"version-history":[{"count":2,"href":"https:\/\/pubweb.carnet.hr\/ssszgzup\/wp-json\/wp\/v2\/pages\/157\/revisions"}],"predecessor-version":[{"id":3466,"href":"https:\/\/pubweb.carnet.hr\/ssszgzup\/wp-json\/wp\/v2\/pages\/157\/revisions\/3466"}],"wp:attachment":[{"href":"https:\/\/pubweb.carnet.hr\/ssszgzup\/wp-json\/wp\/v2\/media?parent=157"}],"curies":[{"name":"wp","href":"https:\/\/api.w.org\/{rel}","templated":true}]}}