{"id":915,"date":"2021-02-01T14:39:53","date_gmt":"2021-02-01T13:39:53","guid":{"rendered":"http:\/\/pubweb.carnet.hr\/radost-ogulin\/?page_id=915"},"modified":"2021-02-02T14:13:39","modified_gmt":"2021-02-02T13:13:39","slug":"pomocnici-u-nastavi-mzo","status":"publish","type":"page","link":"https:\/\/pubweb.carnet.hr\/radost-ogulin\/pomocnici-u-nastavi-mzo\/","title":{"rendered":"Pomo\u0107nici u nastavi &#8211; MZO"},"content":{"rendered":"<p style=\"text-align: justify\">MZO \u2013 \u00a0Projekt &#8220;Pomo\u0107nici u nastavi&#8221;<br \/>\nProjekt &#8220;Pomo\u0107nici u nastavi&#8221; financiran od strane Ministarstva znanosti i obrazovanja traje od 01.09.2020.g. do 17.06.2021.g. odobren je u iznosu od 361.877,63 kune.<\/p>\n<p>Cilj projekta je osigurati usluge pomo\u0107nika u nastavi u\u010denicima s te\u0161ko\u0107ama u razvoju prilikom izvr\u0161avanja zadataka koji zahtijevaju komunikacijsku, senzornu i motori\u010dku aktivnost u\u010denika, u kretanju, pri uzimanju hrane i pi\u0107a, u obavljanju higijenskih potreba tijekom svakodnevnih aktivnosti u odgojno-obrazovnom procesu.<\/p>\n<p>Usluge pomo\u0107nika u nastavi osigurano je za 8 u\u010denika\/ca\u00a0 zna\u010dajnih motori\u010dkih o\u0161te\u0107enja sa podru\u010dja Ogulina, Duga Rese i Rakovice.<\/p>\n<p>Isti \u00a0se provodi \u00a0u \u010detiri \u00a0partnerske organizacije, \u00a0Osnovnoj \u0161koli \u201e Vladimir Nazor\u201c iz Duga Rese, Osnovnoj \u0161koli \u201eIvane Brli\u0107 Ma\u017eurani\u0107\u201c Ogulin, \u00a0Osnovnoj \u0161koli \u201eEugen Kvaternik\u201c iz Rakovice te Prvoj osnovnoj \u0161koli u Ogulinu.<\/p>\n<p>Za obavljanje navedenih poslova anga\u017eirano je \u00a08\u00a0 pomo\u0107nika\/ca u nastavi.<\/p>\n<p>Glavna misao vodilja Udruge \u201eRadost\u201c je da invaliditet i psihofizi\u010dke pote\u0161ko\u0107e ne smiju biti prepreka na njihovom putu stjecanja \u017eivotnih kompetencija, znanja i sposobnosti , pa je iz tog razloga pokrenuta inicijativa sa partnerima kako bi doista svako dijete imalo pravo na svoje mjesto unutar obrazovnog sustava.<\/p>\n<p>Uloga i zna\u010daj pomo\u0107nika u nastavi izuzetno je velika i zna\u010dajna za budu\u0107nost djece s te\u0161ko\u0107ama u razvoju, na \u010dijem putu se nalazi odgojno \u2013 obrazovna stepenica.<\/p>\n","protected":false},"excerpt":{"rendered":"<p>MZO \u2013 \u00a0Projekt &#8220;Pomo\u0107nici u nastavi&#8221; Projekt &#8220;Pomo\u0107nici u nastavi&#8221; financiran od strane Ministarstva znanosti i obrazovanja traje od 01.09.2020.g. do 17.06.2021.g. odobren je u iznosu od 361.877,63 kune. Cilj projekta je osigurati usluge pomo\u0107nika u nastavi u\u010denicima s te\u0161ko\u0107ama u razvoju prilikom izvr\u0161avanja zadataka koji zahtijevaju komunikacijsku, senzornu i motori\u010dku aktivnost u\u010denika, u kretanju, [&hellip;]<\/p>\n","protected":false},"author":210,"featured_media":0,"parent":0,"menu_order":0,"comment_status":"closed","ping_status":"closed","template":"","meta":{"footnotes":""},"class_list":["post-915","page","type-page","status-publish","hentry"],"_links":{"self":[{"href":"https:\/\/pubweb.carnet.hr\/radost-ogulin\/wp-json\/wp\/v2\/pages\/915","targetHints":{"allow":["GET"]}}],"collection":[{"href":"https:\/\/pubweb.carnet.hr\/radost-ogulin\/wp-json\/wp\/v2\/pages"}],"about":[{"href":"https:\/\/pubweb.carnet.hr\/radost-ogulin\/wp-json\/wp\/v2\/types\/page"}],"author":[{"embeddable":true,"href":"https:\/\/pubweb.carnet.hr\/radost-ogulin\/wp-json\/wp\/v2\/users\/210"}],"replies":[{"embeddable":true,"href":"https:\/\/pubweb.carnet.hr\/radost-ogulin\/wp-json\/wp\/v2\/comments?post=915"}],"version-history":[{"count":2,"href":"https:\/\/pubweb.carnet.hr\/radost-ogulin\/wp-json\/wp\/v2\/pages\/915\/revisions"}],"predecessor-version":[{"id":945,"href":"https:\/\/pubweb.carnet.hr\/radost-ogulin\/wp-json\/wp\/v2\/pages\/915\/revisions\/945"}],"wp:attachment":[{"href":"https:\/\/pubweb.carnet.hr\/radost-ogulin\/wp-json\/wp\/v2\/media?parent=915"}],"curies":[{"name":"wp","href":"https:\/\/api.w.org\/{rel}","templated":true}]}}