{"id":913,"date":"2021-02-01T14:39:38","date_gmt":"2021-02-01T13:39:38","guid":{"rendered":"http:\/\/pubweb.carnet.hr\/radost-ogulin\/?page_id=913"},"modified":"2021-02-02T13:43:42","modified_gmt":"2021-02-02T12:43:42","slug":"institucionalna-podrska-nzrcd","status":"publish","type":"page","link":"https:\/\/pubweb.carnet.hr\/radost-ogulin\/institucionalna-podrska-nzrcd\/","title":{"rendered":"Institucionalna podr\u0161ka &#8211; NZRCD"},"content":{"rendered":"<p style=\"text-align: justify\">Dana 01.01.2021.g Udruga Radost potpisala je Ugovor o financiranju institucionalne podr\u0161ke sa Nacionalnom zakladom za razvoj civilnog dru\u0161tva u iznosu od 83.785,00 kn, a traje do 31.12.2021.g, te mogu\u0107no\u0161\u0107u produljenja i potpisivanja Ugovora o vi\u0161egodi\u0161njem financiranju do 31.12.2023.godine.<br \/>\nU narednom trogodi\u0161njem periodu cilj nam je osigurati sredstva za institucionalnu podr\u0161ku u svrhu razvoja i stabilizacije udruge.\u00a0 To bi nam omogu\u0107ilo financiranje dijela osobnog dohotka za administrativnu djelatnicu, koja obavlja poslove organizacije udruge,nabavka informati\u010dke opreme, uredskog materijala, te za usluge banke, najma prostora, po\u0161tanske tro\u0161kove te ra\u010dunalne usluge.<\/p>\n<p>Administrativni djelatnik vr\u0161i \u00a0koordinacije projekata, vodi dio administracije, blagajna, korespondencija, \u010dlanstvo, menad\u017ement volontera, projektno izvje\u0161tavanje.<\/p>\n<p>Institucionalnom podr\u0161kom osiguralo bi se dio sredstva za pokrivanje ovih tro\u0161kova, te bi na taj na\u010din osigurala \u00a0za razvoj i odr\u017eivost Udruge.<\/p>\n","protected":false},"excerpt":{"rendered":"<p>Dana 01.01.2021.g Udruga Radost potpisala je Ugovor o financiranju institucionalne podr\u0161ke sa Nacionalnom zakladom za razvoj civilnog dru\u0161tva u iznosu od 83.785,00 kn, a traje do 31.12.2021.g, te mogu\u0107no\u0161\u0107u produljenja i potpisivanja Ugovora o vi\u0161egodi\u0161njem financiranju do 31.12.2023.godine. U narednom trogodi\u0161njem periodu cilj nam je osigurati sredstva za institucionalnu podr\u0161ku u svrhu razvoja i stabilizacije [&hellip;]<\/p>\n","protected":false},"author":210,"featured_media":0,"parent":0,"menu_order":0,"comment_status":"closed","ping_status":"closed","template":"","meta":{"footnotes":""},"class_list":["post-913","page","type-page","status-publish","hentry"],"_links":{"self":[{"href":"https:\/\/pubweb.carnet.hr\/radost-ogulin\/wp-json\/wp\/v2\/pages\/913","targetHints":{"allow":["GET"]}}],"collection":[{"href":"https:\/\/pubweb.carnet.hr\/radost-ogulin\/wp-json\/wp\/v2\/pages"}],"about":[{"href":"https:\/\/pubweb.carnet.hr\/radost-ogulin\/wp-json\/wp\/v2\/types\/page"}],"author":[{"embeddable":true,"href":"https:\/\/pubweb.carnet.hr\/radost-ogulin\/wp-json\/wp\/v2\/users\/210"}],"replies":[{"embeddable":true,"href":"https:\/\/pubweb.carnet.hr\/radost-ogulin\/wp-json\/wp\/v2\/comments?post=913"}],"version-history":[{"count":2,"href":"https:\/\/pubweb.carnet.hr\/radost-ogulin\/wp-json\/wp\/v2\/pages\/913\/revisions"}],"predecessor-version":[{"id":941,"href":"https:\/\/pubweb.carnet.hr\/radost-ogulin\/wp-json\/wp\/v2\/pages\/913\/revisions\/941"}],"wp:attachment":[{"href":"https:\/\/pubweb.carnet.hr\/radost-ogulin\/wp-json\/wp\/v2\/media?parent=913"}],"curies":[{"name":"wp","href":"https:\/\/api.w.org\/{rel}","templated":true}]}}