{"id":883,"date":"2020-12-20T14:59:59","date_gmt":"2020-12-20T13:59:59","guid":{"rendered":"http:\/\/pubweb.carnet.hr\/radost-ogulin\/?page_id=883"},"modified":"2021-02-02T13:44:11","modified_gmt":"2021-02-02T12:44:11","slug":"projekt-institucionalna-podrska","status":"publish","type":"page","link":"https:\/\/pubweb.carnet.hr\/radost-ogulin\/projekt-institucionalna-podrska\/","title":{"rendered":"Institucionalna podr\u0161ka &#8211; K\u017d"},"content":{"rendered":"<h1 style=\"text-align: left\">Provedba tre\u0107e godine programa Institucionalna podr\u0161ka<\/h1>\n<p>01.01.2021.-31.12.2021.<\/p>\n<p style=\"text-align: justify\">Zapo\u0161ljavanjem administrativnog djelatnika, kroz prve dvije godine financiranja Institucionalne podr\u0161ke \u010dlanovima udruge omogu\u0107io\u00a0 se je nastavak rada i kontakata sa \u010dlanovima udruge bilo da osobno dolaze u prostorije udruge ili kontaktiraju telefonom. Zapo\u0161ljavanjem stalnog djelatnika poja\u010dale su se aktivnosti same Udruge prema njezinim \u010dlanovima, i prema vanjskim institucijama, sa krajnjom svrhom \u0161to bolje promocije i za\u0161tite prava invalidnih osoba. Takav djelatnik je koordiniranjem \u010dlanstva ujedno omogu\u0107io kvalitetnije odvijanje samih aktivnosti u Udruzi, poglavito kroz radionice koje smo ve\u0107 spomenuli.\u00a0 Rad u radionicama,\u00a0 pokazao se uspje\u0161nim i odli\u010dno prihva\u0107en, ne samo od \u010dlanova udruge ve\u0107 i od \u0161ire lokalne javnosti.\u00a0 Po\u0161to radove koji nastaju u radionicama\u00a0 predstavljamo na\u0161im sugra\u0111anima na svim manifestacijama u gradu, nu\u017ena je koordinacija, organizacija i realizacija sudjelovanja\u00a0 \u010dlanova na svim va\u017enijim doga\u0111anjima, \u0161to je tako\u0111er obavljala osoba koju smo zaposlili. Prezentacijom radova i sudjelovanjem na takvim manifestacijama razbijaju se jo\u0161 uvijek sveprisutne predrasude o mogu\u0107nostima i \u017eivotu osoba s invaliditetom u zajednici, \u0161to je jedan od problema kojega smo detektirali kao izrazito va\u017ean i na \u010dijem iskorjenjivanju treba sustavno raditi.<\/p>\n","protected":false},"excerpt":{"rendered":"<p>Provedba tre\u0107e godine programa Institucionalna podr\u0161ka 01.01.2021.-31.12.2021. Zapo\u0161ljavanjem administrativnog djelatnika, kroz prve dvije godine financiranja Institucionalne podr\u0161ke \u010dlanovima udruge omogu\u0107io\u00a0 se je nastavak rada i kontakata sa \u010dlanovima udruge bilo da osobno dolaze u prostorije udruge ili kontaktiraju telefonom. Zapo\u0161ljavanjem stalnog djelatnika poja\u010dale su se aktivnosti same Udruge prema njezinim \u010dlanovima, i prema vanjskim institucijama, [&hellip;]<\/p>\n","protected":false},"author":210,"featured_media":0,"parent":0,"menu_order":0,"comment_status":"closed","ping_status":"closed","template":"","meta":{"footnotes":""},"class_list":["post-883","page","type-page","status-publish","hentry"],"_links":{"self":[{"href":"https:\/\/pubweb.carnet.hr\/radost-ogulin\/wp-json\/wp\/v2\/pages\/883","targetHints":{"allow":["GET"]}}],"collection":[{"href":"https:\/\/pubweb.carnet.hr\/radost-ogulin\/wp-json\/wp\/v2\/pages"}],"about":[{"href":"https:\/\/pubweb.carnet.hr\/radost-ogulin\/wp-json\/wp\/v2\/types\/page"}],"author":[{"embeddable":true,"href":"https:\/\/pubweb.carnet.hr\/radost-ogulin\/wp-json\/wp\/v2\/users\/210"}],"replies":[{"embeddable":true,"href":"https:\/\/pubweb.carnet.hr\/radost-ogulin\/wp-json\/wp\/v2\/comments?post=883"}],"version-history":[{"count":2,"href":"https:\/\/pubweb.carnet.hr\/radost-ogulin\/wp-json\/wp\/v2\/pages\/883\/revisions"}],"predecessor-version":[{"id":942,"href":"https:\/\/pubweb.carnet.hr\/radost-ogulin\/wp-json\/wp\/v2\/pages\/883\/revisions\/942"}],"wp:attachment":[{"href":"https:\/\/pubweb.carnet.hr\/radost-ogulin\/wp-json\/wp\/v2\/media?parent=883"}],"curies":[{"name":"wp","href":"https:\/\/api.w.org\/{rel}","templated":true}]}}