{"id":63,"date":"2013-10-16T12:47:54","date_gmt":"2013-10-16T10:47:54","guid":{"rendered":"http:\/\/radost-ogulin.hr\/?page_id=63"},"modified":"2021-03-22T08:46:30","modified_gmt":"2021-03-22T07:46:30","slug":"dokumenti","status":"publish","type":"page","link":"https:\/\/pubweb.carnet.hr\/radost-ogulin\/dokumenti\/","title":{"rendered":"Dokumenti"},"content":{"rendered":"<p><a href=\"http:\/\/pubweb.carnet.hr\/radost-ogulin\/wp-content\/uploads\/sites\/201\/2013\/10\/STATUT-2015.doc\">STATUT 2015<\/a><\/p>\n<p><a href=\"http:\/\/pubweb.carnet.hr\/radost-ogulin\/wp-content\/uploads\/sites\/201\/2014\/05\/Konvencija_UN1.pdf\">Konvencija_UN[1]<\/a><\/p>\n<p><a href=\"http:\/\/pubweb.carnet.hr\/radost-ogulin\/wp-content\/uploads\/sites\/201\/2013\/10\/Eti\u010dki-kodeks-Udruge.pdf\">Eti\u010dki kodeks Udruge<\/a><\/p>\n<p><a href=\"http:\/\/pubweb.carnet.hr\/radost-ogulin\/wp-content\/uploads\/sites\/201\/2020\/12\/FINANCIJSKI-PLAN-2021.G..pdf\">FINANCIJSKI PLAN 2021.G.<\/a><\/p>\n<p><a href=\"http:\/\/pubweb.carnet.hr\/radost-ogulin\/wp-content\/uploads\/sites\/201\/2020\/12\/OPERATIVNI-PLAN-2021.G..pdf\">OPERATIVNI PLAN 2021.G.<\/a><\/p>\n<p><a href=\"http:\/\/pubweb.carnet.hr\/radost-ogulin\/financijski-izvjestaj-2020-g-radost\/\">Financijski izvje\u0161taj 2020. g.<\/a><\/p>\n<p><a href=\"http:\/\/pubweb.carnet.hr\/radost-ogulin\/wp-content\/uploads\/sites\/201\/2021\/03\/Prihodi-i-rashodi.pdf\">Prihodi i rashodi 2020.G.<\/a><\/p>\n<p><a href=\"http:\/\/pubweb.carnet.hr\/radost-ogulin\/wp-content\/uploads\/sites\/201\/2021\/03\/Izvje\u0161\u0107e-o-radu.pdf\">Izvje\u0161\u0107e o radu 2020.G.<\/a><\/p>\n<p><a href=\"http:\/\/pubweb.carnet.hr\/radost-ogulin\/wp-content\/uploads\/sites\/201\/2013\/10\/STRATE\u0160KI-PLAN-2016-2020..doc\">STRATE\u0160KI PLAN 2016-2020.<\/a><\/p>\n<p>&nbsp;<\/p>\n","protected":false},"excerpt":{"rendered":"<p>STATUT 2015 Konvencija_UN[1] Eti\u010dki kodeks Udruge FINANCIJSKI PLAN 2021.G. OPERATIVNI PLAN 2021.G. Financijski izvje\u0161taj 2020. g. Prihodi i rashodi 2020.G. Izvje\u0161\u0107e o radu 2020.G. STRATE\u0160KI PLAN 2016-2020. &nbsp;<\/p>\n","protected":false},"author":210,"featured_media":0,"parent":0,"menu_order":0,"comment_status":"closed","ping_status":"closed","template":"","meta":{"footnotes":""},"class_list":["post-63","page","type-page","status-publish","hentry"],"_links":{"self":[{"href":"https:\/\/pubweb.carnet.hr\/radost-ogulin\/wp-json\/wp\/v2\/pages\/63","targetHints":{"allow":["GET"]}}],"collection":[{"href":"https:\/\/pubweb.carnet.hr\/radost-ogulin\/wp-json\/wp\/v2\/pages"}],"about":[{"href":"https:\/\/pubweb.carnet.hr\/radost-ogulin\/wp-json\/wp\/v2\/types\/page"}],"author":[{"embeddable":true,"href":"https:\/\/pubweb.carnet.hr\/radost-ogulin\/wp-json\/wp\/v2\/users\/210"}],"replies":[{"embeddable":true,"href":"https:\/\/pubweb.carnet.hr\/radost-ogulin\/wp-json\/wp\/v2\/comments?post=63"}],"version-history":[{"count":3,"href":"https:\/\/pubweb.carnet.hr\/radost-ogulin\/wp-json\/wp\/v2\/pages\/63\/revisions"}],"predecessor-version":[{"id":1001,"href":"https:\/\/pubweb.carnet.hr\/radost-ogulin\/wp-json\/wp\/v2\/pages\/63\/revisions\/1001"}],"wp:attachment":[{"href":"https:\/\/pubweb.carnet.hr\/radost-ogulin\/wp-json\/wp\/v2\/media?parent=63"}],"curies":[{"name":"wp","href":"https:\/\/api.w.org\/{rel}","templated":true}]}}