{"id":47,"date":"2013-10-16T12:34:28","date_gmt":"2013-10-16T10:34:28","guid":{"rendered":"http:\/\/radost-ogulin.hr\/?page_id=47"},"modified":"2013-10-16T12:34:28","modified_gmt":"2013-10-16T10:34:28","slug":"bonton","status":"publish","type":"page","link":"https:\/\/pubweb.carnet.hr\/radost-ogulin\/bonton\/","title":{"rendered":"Bonton"},"content":{"rendered":"<h1><span style=\"color: #008000\">Bonton u svakodnevnoj komunikaciji s osobama s invaliditetom<\/span><\/h1>\n<ul>\n<li>Prepoznate li potrebu za pru\u017eanjem pomo\u0107i osobi s invaliditetom, pitajte ju kako joj najbolje mo\u017eete pomo\u0107i.<\/li>\n<li>Prigodom upoznavanja ne izbjegavajte rukovanje s osobom koja ima umjetnu ili amputiranu ruku. Rukujte se lijevom rukom ili dodirom, onako kako to najbolje odgovara osobi s invaliditetom.<\/li>\n<li>Obra\u0107ajte se neposredno osobi s invaliditetom, a ne roditelju, partneru, pratitelju ili prevoditelju.<\/li>\n<li>Razgovarajte normalno, slu\u017ee\u0107i se svakodnevnim izrazima poput: \u00abVidimo se\u00bb, \u00abPozdravljam, tr\u010dim dalje\u00bb, \u00ab\u010cujemo se\u00bb &#8211; bez obzira na to o kakvom invaliditetu se radi kod osobe s kojom razgovarate. Nemojte se bojati krivih rije\u010di.<\/li>\n<li>Ako s osobom u invalidskim kolicima razgovarate dulje vrijeme, nastojte sjesti kako biste se gledali u o\u010di.<\/li>\n<li>Usredoto\u010dite se na osobu koja ima neki poreme\u0107aj govora. Ako niste razumjeli \u0161to je rekla, zamolite je da ponovi. Nemojte glumiti da razumijete.<\/li>\n<li>Govorite polako i direktno prema osobi o\u0161te\u0107ena sluha. Ne vi\u010dite, ne govorite joj u uho. Va\u0161i izrazi lica i pokreti usana poma\u017eu joj da vas razumije. Ako, ipak, niste sigurni da vas je razumjela &#8211; napi\u0161ite poruku.<\/li>\n<li>Pozdravljaju\u0107i slijepu ili slabovidnu osobu ka\u017eite joj i svoje ime. Ako nudite pomo\u0107 u hodanju,ponudite joj da se osloni na va\u0161u ruku.<\/li>\n<li>Gluhoslijepe osobe vas mogu razumjeti jedino dodirom. Ako se na\u0111ete u situaciji da komunicirate s takvom osobom, uspostavite kontakt ispisivanjem velikih pisanih slova na njenom dlanu.<\/li>\n<li>Osobna pitanja o invaliditetu ili njegovim uzrocima nemojte postavljati osobi s invaliditetom ako s njom niste bliski.<\/li>\n<li>Budite obazrivi i strpljivi, osobama s invaliditetom mo\u017ee trebati vi\u0161e vremena da ne\u0161to u\u010dine.<\/li>\n<li>Ne hvalite pretjerano osobu s invaliditetom zbog obavljanja normalnih \u017eivotnih zada\u0107a.<\/li>\n<li>\u010cekaju\u0107i u redu ustupite svoje mjesto ili se zauzmite za to da te\u0161ko pokretna osoba odmah do\u0111e na red.<\/li>\n<li>Prigodom vo\u017enje u javnim prijevoznim sredstvima ponudite svoje sjedalo osobama s invaliditetom. Pomozite im pri ulasku i izlasku iz autobusa, tramvaja, aviona&#8230;<\/li>\n<li>Pomagala (\u0161take, \u0161tap, kolica) osobe s invaliditetom dirajte samo ako ste za to bili zamoljeni. Ne naslanjajte se na invalidska kolica, ona su dio osobnog prostora osobe koja ih koristi.<\/li>\n<li>Nemojte milovati psa vodi\u010da dok \u00abradi\u00bb. Pitajte vlasnika za dozvolu.<\/li>\n<li>Po\u0161tujte voza\u010de s invaliditetom. Kada u prometu susretnete vozilo ozna\u010deno \u00abinvalidskim znakom\u00bb, pove\u0107ajte razmak, smanjite brzinu vo\u017enje i pove\u0107ajte oprez. Uva\u017eite njihovu sporost u obavljanju radnji. Ne parkirajte na mjesta ozna\u010dena \u00abinvalidskim znakom\u00bb.<\/li>\n<li>Od vas se ne o\u010dekuje da pokazujete sa\u017ealjenje prema osobama s invaliditetom. Prema njima se pona\u0161ajte kao prema jednakima, jer one to i jesu.<\/li>\n<\/ul>\n<p>Ako \u017eelite u\u010diniti vi\u0161e: Kad mo\u017eete, pridonesite izjedna\u010davanju mogu\u0107nosti za gra\u0111ane koji imaju posebne potrebe. Nadamo se da \u0107e ovaj bonton biti dobro polazi\u0161te.<\/p>\n","protected":false},"excerpt":{"rendered":"<p>Bonton u svakodnevnoj komunikaciji s osobama s invaliditetom Prepoznate li potrebu za pru\u017eanjem pomo\u0107i osobi s invaliditetom, pitajte ju kako joj najbolje mo\u017eete pomo\u0107i. Prigodom upoznavanja ne izbjegavajte rukovanje s osobom koja ima umjetnu ili amputiranu ruku. Rukujte se lijevom rukom ili dodirom, onako kako to najbolje odgovara osobi s invaliditetom. Obra\u0107ajte se neposredno osobi [&hellip;]<\/p>\n","protected":false},"author":210,"featured_media":0,"parent":0,"menu_order":0,"comment_status":"closed","ping_status":"closed","template":"sidebar-page.php","meta":{"footnotes":""},"class_list":["post-47","page","type-page","status-publish","hentry"],"_links":{"self":[{"href":"https:\/\/pubweb.carnet.hr\/radost-ogulin\/wp-json\/wp\/v2\/pages\/47","targetHints":{"allow":["GET"]}}],"collection":[{"href":"https:\/\/pubweb.carnet.hr\/radost-ogulin\/wp-json\/wp\/v2\/pages"}],"about":[{"href":"https:\/\/pubweb.carnet.hr\/radost-ogulin\/wp-json\/wp\/v2\/types\/page"}],"author":[{"embeddable":true,"href":"https:\/\/pubweb.carnet.hr\/radost-ogulin\/wp-json\/wp\/v2\/users\/210"}],"replies":[{"embeddable":true,"href":"https:\/\/pubweb.carnet.hr\/radost-ogulin\/wp-json\/wp\/v2\/comments?post=47"}],"version-history":[{"count":1,"href":"https:\/\/pubweb.carnet.hr\/radost-ogulin\/wp-json\/wp\/v2\/pages\/47\/revisions"}],"predecessor-version":[{"id":943,"href":"https:\/\/pubweb.carnet.hr\/radost-ogulin\/wp-json\/wp\/v2\/pages\/47\/revisions\/943"}],"wp:attachment":[{"href":"https:\/\/pubweb.carnet.hr\/radost-ogulin\/wp-json\/wp\/v2\/media?parent=47"}],"curies":[{"name":"wp","href":"https:\/\/api.w.org\/{rel}","templated":true}]}}