{"id":37,"date":"2013-10-16T11:53:56","date_gmt":"2013-10-16T09:53:56","guid":{"rendered":"http:\/\/radost-ogulin.hr\/?page_id=37"},"modified":"2013-10-16T11:53:56","modified_gmt":"2013-10-16T09:53:56","slug":"radionice","status":"publish","type":"page","link":"https:\/\/pubweb.carnet.hr\/radost-ogulin\/radionice\/","title":{"rendered":"Radionice"},"content":{"rendered":"<h1><span style=\"color: #008000\">Kreativna radionica<\/span><\/h1>\n<p>Radionica omogu\u0107ava osobama s invaliditetom da svojim vlastitim rukama naprave, a ma\u0161tom osmisle upotrebne ili ukrasne predmete os gline, plastelina, papira, kartona, gipsa, \u0161page\u2026 Svoju kreativnost, osje\u0107aje, izra\u017eavaju kroz razli\u010dite tehnike kao \u0161to su tempere, vodene bojice, kola\u017e papir, hamer papir, drvene boje\u2026 Radi se na prepoznavanju boja, izradi raznih prigodnih \u010destitaka i razglednica, ukrasnih predmeta, uporabnih predmeta koje se prezentiraju lokalnoj zajednici prigodom razli\u010ditih manifestacija i doga\u0111anja u gradu Ogulinu. U Radionici osobe s invaliditetom, kroz dru\u0161tvene igre (Monopol, \u010dovje\u010de ne ljuti se\u2026) dobivaju mogu\u0107nost da se igraju te da kroz igru razviju osje\u0107aj tolerancije i suradnje.<\/p>\n<p><a href=\"http:\/\/pubweb.carnet.hr\/radost-ogulin\/wp-content\/uploads\/sites\/201\/2013\/10\/03.jpg\"><img loading=\"lazy\" decoding=\"async\" class=\"alignnone size-thumbnail wp-image-113\" alt=\"03\" src=\"http:\/\/pubweb.carnet.hr\/radost-ogulin\/wp-content\/uploads\/sites\/201\/2013\/10\/03-150x150.jpg\" width=\"150\" height=\"150\" \/><\/a> <a href=\"http:\/\/pubweb.carnet.hr\/radost-ogulin\/wp-content\/uploads\/sites\/201\/2013\/10\/02.jpg\"><img loading=\"lazy\" decoding=\"async\" class=\"alignnone size-thumbnail wp-image-112\" alt=\"02\" src=\"http:\/\/pubweb.carnet.hr\/radost-ogulin\/wp-content\/uploads\/sites\/201\/2013\/10\/02-150x150.jpg\" width=\"150\" height=\"150\" \/><\/a> <a href=\"http:\/\/pubweb.carnet.hr\/radost-ogulin\/wp-content\/uploads\/sites\/201\/2013\/10\/01.jpg\"><img loading=\"lazy\" decoding=\"async\" class=\"alignnone size-thumbnail wp-image-102\" alt=\"01\" src=\"http:\/\/pubweb.carnet.hr\/radost-ogulin\/wp-content\/uploads\/sites\/201\/2013\/10\/01-150x150.jpg\" width=\"150\" height=\"150\" \/><\/a><\/p>\n<h1><span style=\"color: #008000\">Glazbena radionica<\/span><\/h1>\n<p>Glazbenu radionicu vodi profesorica Maja Pu\u0161kari\u0107. Sudjeluju\u0107i u radu ove radionice, \u010dlanovima se omogu\u0107uje (putem sviranja i pjevanja) relaksacija i kvalitetno dru\u017eenje unutar kojeg se razvija osje\u0107aj za ritam, oboga\u0107uje rje\u010dnik, poti\u010de pravilno izra\u017eavanje i interes prema glazbi.<\/p>\n<p><a href=\"http:\/\/pubweb.carnet.hr\/radost-ogulin\/wp-content\/uploads\/sites\/201\/2013\/10\/05.jpg\"><img loading=\"lazy\" decoding=\"async\" class=\"alignnone size-thumbnail wp-image-115\" alt=\"05\" src=\"http:\/\/pubweb.carnet.hr\/radost-ogulin\/wp-content\/uploads\/sites\/201\/2013\/10\/05-150x150.jpg\" width=\"150\" height=\"150\" \/><\/a> <a href=\"http:\/\/pubweb.carnet.hr\/radost-ogulin\/wp-content\/uploads\/sites\/201\/2013\/10\/04.jpg\"><img loading=\"lazy\" decoding=\"async\" class=\"alignnone size-thumbnail wp-image-114\" alt=\"04\" src=\"http:\/\/pubweb.carnet.hr\/radost-ogulin\/wp-content\/uploads\/sites\/201\/2013\/10\/04-150x150.jpg\" width=\"150\" height=\"150\" \/><\/a> <a href=\"http:\/\/pubweb.carnet.hr\/radost-ogulin\/wp-content\/uploads\/sites\/201\/2013\/10\/06.jpg\"><img loading=\"lazy\" decoding=\"async\" class=\"alignnone size-thumbnail wp-image-103\" alt=\"06\" src=\"http:\/\/pubweb.carnet.hr\/radost-ogulin\/wp-content\/uploads\/sites\/201\/2013\/10\/06-150x150.jpg\" width=\"150\" height=\"150\" \/><\/a> <a href=\"http:\/\/pubweb.carnet.hr\/radost-ogulin\/wp-content\/uploads\/sites\/201\/2013\/10\/07.jpg\"><img loading=\"lazy\" decoding=\"async\" class=\"alignnone size-thumbnail wp-image-104\" alt=\"07\" src=\"http:\/\/pubweb.carnet.hr\/radost-ogulin\/wp-content\/uploads\/sites\/201\/2013\/10\/07-150x150.jpg\" width=\"150\" height=\"150\" \/><\/a><\/p>\n<h1><span style=\"color: #008000\">Informati\u010dka radionica<\/span><\/h1>\n<h1><span style=\"color: #008000\">Tjelesno terapeutska radionica<\/span><\/h1>\n<p>Udruga roditelja djece s pote\u0161ko\u0107ama u razvoju i osoba s invaliditetom provodi aktivnosti u kojoj djeca rade vje\u017ebe prilago\u0111ene njihovim potrebama. Vje\u017ebamo u Sokolskom domu , svake subote. Vje\u017ebama obi\u010dno prisustvuje 10-ero djece. U aktivnost su uklju\u010deni i neki roditelji. Nadam se da \u0107e odaziv biti ve\u0107i. Radimo vje\u017ebe brzine ( tr\u010danje), snage ( rad s loptama, trakama, utezima), ravnote\u017ee, preciznosti ( ga\u0111anje u ko\u0161, vo\u0111enje lopte) , koordinacije, gibljivosti ( istezanje). Vje\u017ebe su primjerene i prilago\u0111ene svakom djetetu i nastoji se dio vje\u017ebi odraditi sa svakom djetetom posebno. Kupili smo lopte i trake za kvalitetnije provo\u0111enje vje\u017ebi prilago\u0111enim na\u0161oj djeci. Radimo na raznovrsnosti vje\u017ebi, upadljivosti, emocionalnoj povezanosti. Nastoji se pobolj\u0161ati osje\u0107aj za ravnote\u017eu, koordinaciju, brzinu. Primjenjivali smo igre u tr\u010danju, \u0161tafetama. Program tjelesnog vje\u017ebanja je adaptiran njihovim sposobnostima i specifi\u010dnim potrebama. Adaptiran tako\u0111er zna\u010di i kreativan , inovativan i fleksibilan. Bitno je da vje\u017ebanje ne bude prezahtjevno nego motiviraju\u0107e i prilago\u0111eno kako bi se izbjegli negativni utjecaji na tjelesno stanje.<\/p>\n<p><a href=\"http:\/\/pubweb.carnet.hr\/radost-ogulin\/wp-content\/uploads\/sites\/201\/2013\/10\/09.jpg\"><img loading=\"lazy\" decoding=\"async\" class=\"alignnone size-thumbnail wp-image-106\" alt=\"09\" src=\"http:\/\/pubweb.carnet.hr\/radost-ogulin\/wp-content\/uploads\/sites\/201\/2013\/10\/09-150x150.jpg\" width=\"150\" height=\"150\" \/><\/a> <a href=\"http:\/\/pubweb.carnet.hr\/radost-ogulin\/wp-content\/uploads\/sites\/201\/2013\/10\/10.jpg\"><img loading=\"lazy\" decoding=\"async\" class=\"alignnone size-thumbnail wp-image-107\" alt=\"10\" src=\"http:\/\/pubweb.carnet.hr\/radost-ogulin\/wp-content\/uploads\/sites\/201\/2013\/10\/10-150x150.jpg\" width=\"150\" height=\"150\" \/><\/a> <a href=\"http:\/\/pubweb.carnet.hr\/radost-ogulin\/wp-content\/uploads\/sites\/201\/2013\/10\/08.jpg\"><img loading=\"lazy\" decoding=\"async\" class=\"alignnone size-thumbnail wp-image-105\" alt=\"08\" src=\"http:\/\/pubweb.carnet.hr\/radost-ogulin\/wp-content\/uploads\/sites\/201\/2013\/10\/08-150x150.jpg\" width=\"150\" height=\"150\" \/><\/a><\/p>\n<h1><span style=\"color: #008000\">Dramska radionica<\/span><\/h1>\n<p>Dramska radionica zapo\u010dela je sa radom u svibnju 2009. godine, pod vodstvom Milane Maravi\u0107, iako je ideja o njenom osnivanju postojala i ranije. Odmah smo zapo\u010deli sa ozbiljnim radom uvje\u017ebavanjem predstave \u201eTu\u017eni plavi autobus\u201c, pri\u010dice koju je za izvo\u0111enje na sceni prilagodila Milana Maravi\u0107. Okupilo se 10-ak na\u0161ih najmla\u0111ih \u010dlanova, koji su zajedno sa 5 osnovno\u0161kolaca iz Prve osnovne \u0161kole Ogulin uvje\u017ebali spomenutu predstavu. Sa \u201eTu\u017enim plavim autobusom\u201c predstavili smo se lokalnoj javnosti u sklopu 4. Ogulinskog festivala bajki kada smo ju prvi puta izveli. Ujedno je snimljena i radio verzija ove pri\u010dice koja je u vi\u0161e navrata emitirana na Radio Ogulinu. Kroz rad u dramskoj radionici na\u0161i najmla\u0111i \u010dlanovi osim dru\u017eenja i uvje\u017ebavanja tekstova, koji su prilago\u0111eni njihovim sposobnostima i mogu\u0107nostima, razbijaju strah od javnog nastupa, socijaliziraju se, a ujedno savladavaju i pravilno izra\u017eavanje, te se prezentiraju u svojoj zajednici na jedan novi na\u010din pokazuju\u0107i koliko su ujedno razli\u010diti a opet isti kao njihovi vr\u0161njaci. Prva predstava polu\u010dila je uspjeh koji je jo\u0161 ve\u0107i samom \u010dinjenicom da je to prva predstava koju su izvela djeca sa pote\u0161ko\u0107ama u razvoju u na\u0161em gradu. Trenutno, pod vodstvom Ane Musulin, uvje\u017ebavamo novu predstavu \u201eBratac i sestrica\u201c, koju je napisala i osmislila Milana Maravi\u0107.Osim na\u0161ih \u010dlanova u predstavi \u0107e glumiti i djeca iz dje\u010djeg vrti\u0107a iz Josipdola. Sa novom predstavom obi\u0107i \u0107emo ogulinske vrti\u0107e i osnovne \u0161kole u sklopu projekta \u201eBajka o toleranciji\u201c tokom velja\u010de i o\u017eujka 2010. godine. Na taj na\u010din \u017eelimo najmla\u0111e \u010dlanove na\u0161e lokalne zajednice upoznati sa na\u0161im \u010dlanovima i razvijati nova prijateljstva. Smatramo da je jako va\u017eno djecu od \u0161to ranije dobi u\u010diti da u njihovoj zajednici postoje djeca koja su druga\u010dija od njih samih, od kojih ne trebaju zazirati i bojati se zapo\u010deti nova prijateljstva. U tako ranoj dobi ovo je mo\u017eda najadekvatniji na\u010din kako to u\u010diniti kroz igru, zabavu i smijeh. Tekstovi pri\u010da, koje uvje\u017ebavamo, imaju jaku moralnu pouku koja je lako razumljiva djeci, a ujedno i zanimljiva odraslima pa se u njima svatko mo\u017ee prona\u0107i.<\/p>\n<p><a href=\"http:\/\/pubweb.carnet.hr\/radost-ogulin\/wp-content\/uploads\/sites\/201\/2013\/10\/11.jpg\"><img loading=\"lazy\" decoding=\"async\" class=\"alignnone size-thumbnail wp-image-108\" alt=\"11\" src=\"http:\/\/pubweb.carnet.hr\/radost-ogulin\/wp-content\/uploads\/sites\/201\/2013\/10\/11-150x150.jpg\" width=\"150\" height=\"150\" \/><\/a> <a href=\"http:\/\/pubweb.carnet.hr\/radost-ogulin\/wp-content\/uploads\/sites\/201\/2013\/10\/12.jpg\"><img loading=\"lazy\" decoding=\"async\" class=\"alignnone size-thumbnail wp-image-109\" alt=\"12\" src=\"http:\/\/pubweb.carnet.hr\/radost-ogulin\/wp-content\/uploads\/sites\/201\/2013\/10\/12-150x150.jpg\" width=\"150\" height=\"150\" \/><\/a> <a href=\"http:\/\/pubweb.carnet.hr\/radost-ogulin\/wp-content\/uploads\/sites\/201\/2013\/10\/13.jpg\"><img loading=\"lazy\" decoding=\"async\" class=\"alignnone size-thumbnail wp-image-110\" alt=\"13\" src=\"http:\/\/pubweb.carnet.hr\/radost-ogulin\/wp-content\/uploads\/sites\/201\/2013\/10\/13-150x150.jpg\" width=\"150\" height=\"150\" \/><\/a> <a href=\"http:\/\/pubweb.carnet.hr\/radost-ogulin\/wp-content\/uploads\/sites\/201\/2013\/10\/14.jpg\"><img loading=\"lazy\" decoding=\"async\" class=\"alignnone size-thumbnail wp-image-111\" alt=\"14\" src=\"http:\/\/pubweb.carnet.hr\/radost-ogulin\/wp-content\/uploads\/sites\/201\/2013\/10\/14-150x150.jpg\" width=\"150\" height=\"150\" \/><\/a><\/p>\n","protected":false},"excerpt":{"rendered":"<p>Kreativna radionica Radionica omogu\u0107ava osobama s invaliditetom da svojim vlastitim rukama naprave, a ma\u0161tom osmisle upotrebne ili ukrasne predmete os gline, plastelina, papira, kartona, gipsa, \u0161page\u2026 Svoju kreativnost, osje\u0107aje, izra\u017eavaju kroz razli\u010dite tehnike kao \u0161to su tempere, vodene bojice, kola\u017e papir, hamer papir, drvene boje\u2026 Radi se na prepoznavanju boja, izradi raznih prigodnih \u010destitaka i [&hellip;]<\/p>\n","protected":false},"author":210,"featured_media":0,"parent":0,"menu_order":0,"comment_status":"closed","ping_status":"closed","template":"sidebar-page.php","meta":{"footnotes":""},"class_list":["post-37","page","type-page","status-publish","hentry"],"_links":{"self":[{"href":"https:\/\/pubweb.carnet.hr\/radost-ogulin\/wp-json\/wp\/v2\/pages\/37","targetHints":{"allow":["GET"]}}],"collection":[{"href":"https:\/\/pubweb.carnet.hr\/radost-ogulin\/wp-json\/wp\/v2\/pages"}],"about":[{"href":"https:\/\/pubweb.carnet.hr\/radost-ogulin\/wp-json\/wp\/v2\/types\/page"}],"author":[{"embeddable":true,"href":"https:\/\/pubweb.carnet.hr\/radost-ogulin\/wp-json\/wp\/v2\/users\/210"}],"replies":[{"embeddable":true,"href":"https:\/\/pubweb.carnet.hr\/radost-ogulin\/wp-json\/wp\/v2\/comments?post=37"}],"version-history":[{"count":1,"href":"https:\/\/pubweb.carnet.hr\/radost-ogulin\/wp-json\/wp\/v2\/pages\/37\/revisions"}],"predecessor-version":[{"id":944,"href":"https:\/\/pubweb.carnet.hr\/radost-ogulin\/wp-json\/wp\/v2\/pages\/37\/revisions\/944"}],"wp:attachment":[{"href":"https:\/\/pubweb.carnet.hr\/radost-ogulin\/wp-json\/wp\/v2\/media?parent=37"}],"curies":[{"name":"wp","href":"https:\/\/api.w.org\/{rel}","templated":true}]}}