{"id":35,"date":"2013-10-16T11:53:26","date_gmt":"2013-10-16T09:53:26","guid":{"rendered":"http:\/\/radost-ogulin.hr\/?page_id=35"},"modified":"2021-01-07T10:23:47","modified_gmt":"2021-01-07T09:23:47","slug":"kontakt","status":"publish","type":"page","link":"https:\/\/pubweb.carnet.hr\/radost-ogulin\/kontakt\/","title":{"rendered":"Kontakt"},"content":{"rendered":"<div><strong>Rad sa strankama<\/strong>:<\/div>\n<div><span style=\"color: #222222\">Ponedjeljak do petak od 8 -14 sati<\/span><\/div>\n<div><strong><span style=\"color: #222222\">Kontakt<\/span><\/strong><br style=\"color: #222222\" \/>047 525 336<br style=\"color: #222222\" \/>099 7910 375<\/div>\n<div>&#8212;&#8212;&#8212;&#8212;&#8212;&#8212;&#8212;&#8212;&#8212;&#8212;&#8212;&#8212;&#8212;&#8212;&#8212;&#8212;&#8212;-<\/div>\n<p><strong><span style=\"color: #222222\">\u010clanovi Izvr\u0161nog odbora:<\/span><\/strong><br style=\"color: #222222\" \/><span style=\"color: #222222\">Dragica Luketi\u0107 &#8211; predsjednica<\/span><br style=\"color: #222222\" \/><span style=\"color: #222222\">Dubravka \u0160lat &#8211; dopredsjednica<\/span><br style=\"color: #222222\" \/><span style=\"color: #222222\">Sofija Maravi\u0107 &#8211; tajnica<\/span><br style=\"color: #222222\" \/><span style=\"color: #222222\">Marija Petru\u0161i\u0107<\/span><br style=\"color: #222222\" \/><span style=\"color: #222222\">\u017deljka Markovi\u0107<\/span><br \/>\n\u017deljko Cindri\u0107<br style=\"color: #222222\" \/><span style=\"color: #222222\">Ana Musulin<\/span><\/p>\n<p><strong><span style=\"color: #222222\">Nadzorni Odbor:<\/span><\/strong><br style=\"color: #222222\" \/><span style=\"color: #222222\">Tihomir Tonkovi\u0107\u00a0&#8211; predsjednik<\/span><br style=\"color: #222222\" \/><span style=\"color: #222222\">Ankica Kurelac<\/span><br style=\"color: #222222\" \/><span style=\"color: #222222\">Ivanka Bo\u017ei\u010devi\u0107<\/span><\/p>\n<p><strong>E-mail<\/strong>:\u00a0<a href=\"mailto:udruga.roditelja.djece.invalida@ka.t-com.hr\">udruga.roditelja.djece.invalida@ka.t-com.hr<\/a><br \/>\n<a href=\"http:\/\/www.radost-ogulin.hr\/\">www.radost-ogulin.hr<\/a><\/p>\n<p>OIB 66214592652<\/p>\n\n<div class=\"wpcf7 no-js\" id=\"wpcf7-f255-o1\" lang=\"en-US\" dir=\"ltr\" data-wpcf7-id=\"255\">\n<div class=\"screen-reader-response\"><p role=\"status\" aria-live=\"polite\" aria-atomic=\"true\"><\/p> <ul><\/ul><\/div>\n<form action=\"\/radost-ogulin\/wp-json\/wp\/v2\/pages\/35#wpcf7-f255-o1\" method=\"post\" class=\"wpcf7-form init\" aria-label=\"Contact form\" novalidate=\"novalidate\" data-status=\"init\">\n<fieldset class=\"hidden-fields-container\"><input type=\"hidden\" name=\"_wpcf7\" value=\"255\" \/><input type=\"hidden\" name=\"_wpcf7_version\" value=\"6.1.5\" \/><input type=\"hidden\" name=\"_wpcf7_locale\" value=\"en_US\" \/><input type=\"hidden\" name=\"_wpcf7_unit_tag\" value=\"wpcf7-f255-o1\" \/><input type=\"hidden\" name=\"_wpcf7_container_post\" value=\"0\" \/><input type=\"hidden\" name=\"_wpcf7_posted_data_hash\" value=\"\" \/>\n<\/fieldset>\n<p>Ime (potrebno)\n<\/p>\n<p><span class=\"wpcf7-form-control-wrap\" data-name=\"your-name\"><input size=\"40\" maxlength=\"400\" class=\"wpcf7-form-control wpcf7-text wpcf7-validates-as-required\" aria-required=\"true\" aria-invalid=\"false\" value=\"\" type=\"text\" name=\"your-name\" \/><\/span>\n<\/p>\n<p>Mail (potrebno)\n<\/p>\n<p><span class=\"wpcf7-form-control-wrap\" data-name=\"your-email\"><input size=\"40\" maxlength=\"400\" class=\"wpcf7-form-control wpcf7-email wpcf7-validates-as-required wpcf7-text wpcf7-validates-as-email\" aria-required=\"true\" aria-invalid=\"false\" value=\"\" type=\"email\" name=\"your-email\" \/><\/span>\n<\/p>\n<p>Naslov\n<\/p>\n<p><span class=\"wpcf7-form-control-wrap\" data-name=\"your-subject\"><input size=\"40\" maxlength=\"400\" class=\"wpcf7-form-control wpcf7-text\" aria-invalid=\"false\" value=\"\" type=\"text\" name=\"your-subject\" \/><\/span>\n<\/p>\n<p>Poruka\n<\/p>\n<p><span class=\"wpcf7-form-control-wrap\" data-name=\"your-message\"><textarea cols=\"40\" rows=\"10\" maxlength=\"2000\" class=\"wpcf7-form-control wpcf7-textarea\" aria-invalid=\"false\" name=\"your-message\"><\/textarea><\/span>\n<\/p>\n<p><input class=\"wpcf7-form-control wpcf7-submit has-spinner\" type=\"submit\" value=\"Posalji\" \/>\n<\/p><div class=\"wpcf7-response-output\" aria-hidden=\"true\"><\/div>\n<\/form>\n<\/div>\n\n","protected":false},"excerpt":{"rendered":"<p>Rad sa strankama: Ponedjeljak do petak od 8 -14 sati Kontakt047 525 336099 7910 375 &#8212;&#8212;&#8212;&#8212;&#8212;&#8212;&#8212;&#8212;&#8212;&#8212;&#8212;&#8212;&#8212;&#8212;&#8212;&#8212;&#8212;- \u010clanovi Izvr\u0161nog odbora:Dragica Luketi\u0107 &#8211; predsjednicaDubravka \u0160lat &#8211; dopredsjednicaSofija Maravi\u0107 &#8211; tajnicaMarija Petru\u0161i\u0107\u017deljka Markovi\u0107 \u017deljko Cindri\u0107Ana Musulin Nadzorni Odbor:Tihomir Tonkovi\u0107\u00a0&#8211; predsjednikAnkica KurelacIvanka Bo\u017ei\u010devi\u0107 E-mail:\u00a0udruga.roditelja.djece.invalida@ka.t-com.hr www.radost-ogulin.hr OIB 66214592652<\/p>\n","protected":false},"author":210,"featured_media":0,"parent":0,"menu_order":0,"comment_status":"closed","ping_status":"closed","template":"","meta":{"footnotes":""},"class_list":["post-35","page","type-page","status-publish","hentry"],"_links":{"self":[{"href":"https:\/\/pubweb.carnet.hr\/radost-ogulin\/wp-json\/wp\/v2\/pages\/35","targetHints":{"allow":["GET"]}}],"collection":[{"href":"https:\/\/pubweb.carnet.hr\/radost-ogulin\/wp-json\/wp\/v2\/pages"}],"about":[{"href":"https:\/\/pubweb.carnet.hr\/radost-ogulin\/wp-json\/wp\/v2\/types\/page"}],"author":[{"embeddable":true,"href":"https:\/\/pubweb.carnet.hr\/radost-ogulin\/wp-json\/wp\/v2\/users\/210"}],"replies":[{"embeddable":true,"href":"https:\/\/pubweb.carnet.hr\/radost-ogulin\/wp-json\/wp\/v2\/comments?post=35"}],"version-history":[{"count":2,"href":"https:\/\/pubweb.carnet.hr\/radost-ogulin\/wp-json\/wp\/v2\/pages\/35\/revisions"}],"predecessor-version":[{"id":895,"href":"https:\/\/pubweb.carnet.hr\/radost-ogulin\/wp-json\/wp\/v2\/pages\/35\/revisions\/895"}],"wp:attachment":[{"href":"https:\/\/pubweb.carnet.hr\/radost-ogulin\/wp-json\/wp\/v2\/media?parent=35"}],"curies":[{"name":"wp","href":"https:\/\/api.w.org\/{rel}","templated":true}]}}