{"id":8,"date":"2014-04-21T17:47:06","date_gmt":"2014-04-21T17:47:06","guid":{"rendered":"http:\/\/www.specijalna-olimpijada-hrvatske.hr\/?page_id=8"},"modified":"2025-03-30T17:58:41","modified_gmt":"2025-03-30T17:58:41","slug":"dokumenti","status":"publish","type":"page","link":"https:\/\/pubweb.carnet.hr\/olimpijada-hr\/dokumenti\/","title":{"rendered":"Dokumenti"},"content":{"rendered":"<ul>\n<li><a href=\"http:\/\/pubweb.carnet.hr\/olimpijada-hr\/dokumenti\/pravilnik-o-kriterijima-za-sudjelovanje-sportasa-na-so-medunarodnim-igrama-usvojen-20042015\/\" rel=\"attachment wp-att-620\">Pravilnik o kriterijima za sudjelovanje sporta\u0161a na SO me\u0111unarodnim igrama usvojen 20042015<\/a><\/li>\n<li><a href=\"http:\/\/pubweb.carnet.hr\/olimpijada-hr\/dokumenti\/zakon_o_pravu_na_pristup_informacijama_2013\/\" rel=\"attachment wp-att-492\">Zakon_o_pravu_na_pristup_informacijama_2013<\/a><\/li>\n<li><a href=\"https:\/\/media.specialolympics.org\/resources\/sports-essentials\/sport-rules\/Sports-Essentials-Football-Rules-2022-v2.pdf\">Nogomet &#8211; pravila<\/a><\/li>\n<li><a href=\"https:\/\/media.specialolympics.org\/resources\/sports-essentials\/sport-rules\/Sports-Essentials-Alpine-Skiing-Rules-2022.pdf\">Alpsko skijanje &#8211; pravila<\/a><\/li>\n<li><a href=\"https:\/\/media.specialolympics.org\/resources\/sports-essentials\/sport-rules\/Sports-Essentials-Athletics-Rules-2022.pdf\">Atletika &#8211; pravila<\/a><\/li>\n<li><a href=\"https:\/\/media.specialolympics.org\/resources\/sports-essentials\/sport-rules\/Sports-Essentials-Bowling-Rules-2022-v2.pdf\">Bowling &#8211; pravila<\/a><\/li>\n<li><a href=\"https:\/\/media.specialolympics.org\/resources\/sports-essentials\/sport-rules\/Sports-Essentials-Cross-Country-Skiing-Rules-2022-v2.pdf\">Skija\u0161ko tr\u010danje &#8211; pravila<\/a><\/li>\n<li><a href=\"https:\/\/media.specialolympics.org\/resources\/sports-essentials\/sport-rules\/Sports-Essentials-Cycling-Rules-2022.pdf\">Biciklizam &#8211; pravila<\/a><\/li>\n<li><a href=\"https:\/\/media.specialolympics.org\/resources\/sports-essentials\/sport-rules\/Sports-Essentials-Floorball-Rules-2022-v3.pdf\">Floorball &#8211; pravila<\/a><\/li>\n<li><a href=\"https:\/\/media.specialolympics.org\/resources\/sports-essentials\/sport-rules\/Sports-Essentials-Short-Track-Speed-Skating-Rules-2022-3.pdf\">Brzo klizanje &#8211; pravila<\/a><\/li>\n<li><a href=\"https:\/\/media.specialolympics.org\/resources\/sports-essentials\/sport-rules\/Sports-Essentials-Snowshoeing-Rules-2022.pdf\">Tr\u010danje na krpljama &#8211; pravila<\/a><\/li>\n<li><a href=\"https:\/\/media.specialolympics.org\/resources\/sports-essentials\/sport-rules\/Sports-Essentials-Swimming-Rules-2022-v2.pdf\">Plivanje &#8211; pravila<\/a><\/li>\n<li><a href=\"https:\/\/media.specialolympics.org\/resources\/sports-essentials\/sport-rules\/Sports-Essentials-Volleyball-Indoor-Rules-2022.pdf\">Odbojka &#8211; pravila<\/a><\/li>\n<li><a href=\"https:\/\/media.specialolympics.org\/resources\/sports-essentials\/sport-rules\/Sports-Essentials-Bocce-Rules-2022-2.pdf\">Bo\u0107e &#8211; pravila<\/a><\/li>\n<li><a href=\"http:\/\/pubweb.carnet.hr\/olimpijada-hr\/dokumenti\/bilanca-2014\/\" rel=\"attachment wp-att-646\">Bilanca 2014<\/a><\/li>\n<li><a href=\"http:\/\/pubweb.carnet.hr\/olimpijada-hr\/dokumenti\/prras_bil-soh-2014\/\" rel=\"attachment wp-att-647\">PRRAS_BIL SOH 2014<\/a><\/li>\n<li><a href=\"http:\/\/pubweb.carnet.hr\/olimpijada-hr\/dokumenti\/financialplan-soh-2016\/\" rel=\"attachment wp-att-622\">FinancialPlan SOH 2016<\/a><\/li>\n<li><a href=\"http:\/\/pubweb.carnet.hr\/olimpijada-hr\/dokumenti\/izvjesce-soh-2015\/\" rel=\"attachment wp-att-623\">Izvje\u0161\u0107e SOH 2015<\/a><\/li>\n<li><a href=\"http:\/\/pubweb.carnet.hr\/olimpijada-hr\/dokumenti\/donacije-za-2015\/\" rel=\"attachment wp-att-649\">Donacije za 2015<\/a><\/li>\n<li><a href=\"http:\/\/pubweb.carnet.hr\/olimpijada-hr\/dokumenti\/zapisnik-1-sjednice-uo-soh2015\/\" rel=\"attachment wp-att-653\">Zapisnik 1. sjednice UO SOH2015<\/a><\/li>\n<li><a href=\"http:\/\/pubweb.carnet.hr\/olimpijada-hr\/dokumenti\/zapisnik-20042015-skup-soh\/\" rel=\"attachment wp-att-624\">Zapisnik 20042015 Skup SOH<\/a><\/li>\n<li><a href=\"http:\/\/pubweb.carnet.hr\/olimpijada-hr\/dokumenti\/zapisnik-23122015-skup-soh\/\" rel=\"attachment wp-att-625\">Zapisnik 23122015 Skup SOH<\/a><\/li>\n<li><a href=\"http:\/\/pubweb.carnet.hr\/olimpijada-hr\/dokumenti\/zapisnik-2-sjednice-uo-soh2015\/\" rel=\"attachment wp-att-654\">Zapisnik 2. sjednice UO SOH2015<\/a><\/li>\n<li><a href=\"http:\/\/pubweb.carnet.hr\/olimpijada-hr\/dokumenti\/zapisnik-23122015-skup-soh-2\/\" rel=\"attachment wp-att-627\">Zapisnik 23122015 Skup SOH<\/a><\/li>\n<li><a href=\"http:\/\/pubweb.carnet.hr\/olimpijada-hr\/dokumenti\/bilanca_soh_2015\/\" rel=\"attachment wp-att-657\">Bilanca_SOH_2015<\/a><\/li>\n<li><a href=\"http:\/\/pubweb.carnet.hr\/olimpijada-hr\/dokumenti\/prihodi_rashodi_soh_2015\/\" rel=\"attachment wp-att-658\">Prihodi_rashodi_SOH_2015<\/a><\/li>\n<li><a href=\"http:\/\/pubweb.carnet.hr\/olimpijada-hr\/dokumenti\/soh-revizijsko-izvjesce-za-2015\/\" rel=\"attachment wp-att-678\">SOH Revizijsko izvje\u0161\u0107e za 2015<\/a><\/li>\n<li><a href=\"http:\/\/pubweb.carnet.hr\/olimpijada-hr\/dokumenti\/adresar-clanica-2017\/\" rel=\"attachment wp-att-666\">Adresar \u010dlanica 2017<\/a><\/li>\n<li><a href=\"http:\/\/pubweb.carnet.hr\/olimpijada-hr\/dokumenti\/izvjesce-soh-2016\/\" rel=\"attachment wp-att-667\">Izvje\u0161\u0107e SOH 2016<\/a><\/li>\n<li><a href=\"http:\/\/pubweb.carnet.hr\/olimpijada-hr\/dokumenti\/zapisnik-1-sjednice-uo-soh2016\/\" rel=\"attachment wp-att-669\">Zapisnik 1. sjednice UO SOH2016<\/a><\/li>\n<li><a href=\"http:\/\/pubweb.carnet.hr\/olimpijada-hr\/dokumenti\/bilanca-soh-2016\/\" rel=\"attachment wp-att-805\">Bilanca SOH 2016<\/a><\/li>\n<li><a href=\"http:\/\/pubweb.carnet.hr\/olimpijada-hr\/dokumenti\/pr_ras_soh_2016\/\" rel=\"attachment wp-att-806\">PR_RAS_SOH_2016<\/a><\/li>\n<li><a href=\"http:\/\/pubweb.carnet.hr\/olimpijada-hr\/dokumenti\/zapisnik-2-sjednice-uo-soh2016\/\" rel=\"attachment wp-att-670\">Zapisnik 2. sjednice UO SOH2016<\/a><\/li>\n<li><a href=\"http:\/\/pubweb.carnet.hr\/olimpijada-hr\/dokumenti\/zapisnik-09052016-skup-soh\/\" rel=\"attachment wp-att-671\">Zapisnik 09052016 Skup SOH<\/a><\/li>\n<li><a href=\"http:\/\/pubweb.carnet.hr\/olimpijada-hr\/dokumenti\/zapisnik-1-sjednice-uo-soh2017\/\" rel=\"attachment wp-att-732\">Zapisnik 1. sjednice UO SOH2017<\/a><\/li>\n<li><a href=\"http:\/\/pubweb.carnet.hr\/olimpijada-hr\/dokumenti\/zapisnik-2-sjednice-uo-soh2017\/\" rel=\"attachment wp-att-733\">Zapisnik 2. sjednice UO SOH2017<\/a><\/li>\n<li><a href=\"http:\/\/pubweb.carnet.hr\/olimpijada-hr\/dokumenti\/zapisnik-21112017-skup-soh\/\" rel=\"attachment wp-att-737\">Zapisnik 21112017 Skup SOH<\/a><\/li>\n<li><a href=\"http:\/\/pubweb.carnet.hr\/olimpijada-hr\/dokumenti\/financialplan-soh-2018\/\" rel=\"attachment wp-att-738\">FinancialPlan-SOH 2018<\/a><\/li>\n<li><a href=\"http:\/\/pubweb.carnet.hr\/olimpijada-hr\/dokumenti\/izvjesce-soh-2017\/\" rel=\"attachment wp-att-739\">Izvje\u0161\u0107e SOH 2017<\/a><\/li>\n<li><a href=\"http:\/\/pubweb.carnet.hr\/olimpijada-hr\/dokumenti\/zapisnik-1-sjednice-uo-soh2018\/\" rel=\"attachment wp-att-808\">Zapisnik 1. sjednice UO SOH2018<\/a><\/li>\n<li><a href=\"http:\/\/pubweb.carnet.hr\/olimpijada-hr\/dokumenti\/bilanca-soh-2017\/\" rel=\"attachment wp-att-802\">Bilanca SOH 2017<\/a><\/li>\n<li><a href=\"http:\/\/pubweb.carnet.hr\/olimpijada-hr\/dokumenti\/pr_ras_soh_2017\/\" rel=\"attachment wp-att-803\">PR_RAS_SOH_2017<\/a><\/li>\n<li><a href=\"http:\/\/pubweb.carnet.hr\/olimpijada-hr\/dokumenti\/bilanca_soh_2018\/\" rel=\"attachment wp-att-868\">Bilanca_SOH_2018<\/a><\/li>\n<li><a href=\"http:\/\/pubweb.carnet.hr\/olimpijada-hr\/dokumenti\/prihodi_rashodi_soh_2018\/\" rel=\"attachment wp-att-869\">Prihodi_rashodi_SOH_2018<\/a><\/li>\n<li><a href=\"http:\/\/pubweb.carnet.hr\/olimpijada-hr\/dokumenti\/zapisnik-2-sjednice-uo-soh2018\/\" rel=\"attachment wp-att-890\">Zapisnik 2. sjednice UO SOH2018<\/a><\/li>\n<li><a href=\"http:\/\/pubweb.carnet.hr\/olimpijada-hr\/dokumenti\/zapisnik-16102018-skup-soh\/\" rel=\"attachment wp-att-891\">Zapisnik 16102018 Skup SOH<\/a><\/li>\n<li><a href=\"http:\/\/pubweb.carnet.hr\/olimpijada-hr\/dokumenti\/zapisnik-1-sjednice-uo-soh2019\/\" rel=\"attachment wp-att-892\">Zapisnik 1. sjednice UO SOH2019<\/a><\/li>\n<li><a href=\"http:\/\/pubweb.carnet.hr\/olimpijada-hr\/dokumenti\/bilanca_soh_2018-2\/\" rel=\"attachment wp-att-893\">Bilanca_SOH_2018<\/a><\/li>\n<li><a href=\"http:\/\/pubweb.carnet.hr\/olimpijada-hr\/dokumenti\/prihodi_rashodi_soh_2018-2\/\" rel=\"attachment wp-att-894\">Prihodi_rashodi_SOH_2018<\/a><\/li>\n<li><a href=\"http:\/\/pubweb.carnet.hr\/olimpijada-hr\/dokumenti\/zapisnik-11042019-skup-soh\/\" rel=\"attachment wp-att-889\">Zapisnik 11042019 Skup SOH<\/a><\/li>\n<li><a href=\"http:\/\/pubweb.carnet.hr\/olimpijada-hr\/dokumenti\/zapisnik-2-sjednice-uo-soh2019\/\" rel=\"attachment wp-att-888\">Zapisnik 2. sjednice UO SOH2019<\/a><\/li>\n<li><a href=\"http:\/\/pubweb.carnet.hr\/olimpijada-hr\/dokumenti\/zapisnik-03122019-skup-soh\/\" rel=\"attachment wp-att-895\">Zapisnik 03122019 Skup SOH<\/a><\/li>\n<li><a href=\"http:\/\/pubweb.carnet.hr\/olimpijada-hr\/dokumenti\/godisnje_izvjesce_2019_informiranje\/\" rel=\"attachment wp-att-901\">Godisnje_izvjesce_2019_informiranje<\/a><\/li>\n<li><a href=\"http:\/\/pubweb.carnet.hr\/olimpijada-hr\/dokumenti\/soh_potvrda_2019-12_mb_3928284\/\" rel=\"attachment wp-att-906\">SOH_Potvrda_2019-12_MB_3928284<\/a><\/li>\n<li><a href=\"http:\/\/pubweb.carnet.hr\/olimpijada-hr\/dokumenti\/biljeskesoh31122019\/\" rel=\"attachment wp-att-907\">Bilje\u0161keSOH31122019<\/a><\/li>\n<li><a href=\"http:\/\/pubweb.carnet.hr\/olimpijada-hr\/dokumenti\/soh31122019referentna\/\" rel=\"attachment wp-att-911\">SOH31122019Referentna<\/a><\/li>\n<li><a href=\"http:\/\/pubweb.carnet.hr\/olimpijada-hr\/dokumenti\/poslovnik-skupstina-soh-12062020\/\" rel=\"attachment wp-att-921\">Poslovnik Skup\u0161tina SOH 12062020<\/a><\/li>\n<li><a href=\"http:\/\/pubweb.carnet.hr\/olimpijada-hr\/dokumenti\/pravilnik-o-clanstvu-12062020\/\" rel=\"attachment wp-att-922\">Pravilnik o \u010dlanstvu 12062020<\/a><\/li>\n<li><a href=\"http:\/\/pubweb.carnet.hr\/olimpijada-hr\/dokumenti\/pravilnik-o-licenciranju-12062020\/\" rel=\"attachment wp-att-923\">Pravilnik o licenciranju 12062020<\/a><\/li>\n<li><a href=\"http:\/\/pubweb.carnet.hr\/olimpijada-hr\/wp-content\/uploads\/sites\/192\/2021\/05\/Odlukaoprihva\u0107anjuizvje\u0161tajaza2019.pdf\">Odlukaoprihva\u0107anjuizvje\u0161tajaza2019<\/a><\/li>\n<li><a href=\"http:\/\/pubweb.carnet.hr\/olimpijada-hr\/wp-content\/uploads\/sites\/192\/2021\/05\/Zapisnik-1.-sjednice-UO-SOH2020.pdf\">Zapisnik 1. sjednice UO SOH2020<\/a><\/li>\n<li><a href=\"http:\/\/pubweb.carnet.hr\/olimpijada-hr\/wp-content\/uploads\/sites\/192\/2021\/05\/Zapisnik-12062020-Skup-SOH.pdf\">Zapisnik 12062020 Skup SOH<\/a><\/li>\n<li><a href=\"http:\/\/pubweb.carnet.hr\/olimpijada-hr\/wp-content\/uploads\/sites\/192\/2021\/05\/Zapisnik-2.-sjednice-UO-SOH2020.pdf\">Zapisnik 2. sjednice UO SOH2020<\/a><\/li>\n<li><a href=\"http:\/\/pubweb.carnet.hr\/olimpijada-hr\/wp-content\/uploads\/sites\/192\/2021\/05\/Zapisnik-19122020-Skup\u0161tina-SOH.pdf\">Zapisnik 19122020 Skup\u0161tina SOH<\/a><\/li>\n<li><a href=\"http:\/\/pubweb.carnet.hr\/olimpijada-hr\/wp-content\/uploads\/sites\/192\/2021\/05\/bilje\u0161ke-31.12.2020.-SOH.pdf\">bilje\u0161ke 31.12.2020. SOH<\/a><\/li>\n<li><a href=\"http:\/\/pubweb.carnet.hr\/olimpijada-hr\/wp-content\/uploads\/sites\/192\/2021\/05\/Konto-kartice-glavne-knjige-SOH.pdf\">Konto kartice glavne knjige SOH<\/a><\/li>\n<li><a href=\"http:\/\/pubweb.carnet.hr\/olimpijada-hr\/wp-content\/uploads\/sites\/192\/2021\/05\/Neprof6-31.12.2020.-SOH.xls\">Neprof6 31.12.2020. SOH<\/a><\/li>\n<li><a href=\"http:\/\/pubweb.carnet.hr\/olimpijada-hr\/wp-content\/uploads\/sites\/192\/2021\/05\/SI_Potvrda_2020-12_MB_3928284-SOH.pdf\">SI_Potvrda_2020-12_MB_3928284 SOH<\/a><\/li>\n<li><a href=\"http:\/\/pubweb.carnet.hr\/olimpijada-hr\/wp-content\/uploads\/sites\/192\/2021\/05\/Godisnje_izvjesce2020informiranje.pdf\">Godisnje_izvjesce2020informiranje<\/a><\/li>\n<li><a href=\"http:\/\/pubweb.carnet.hr\/olimpijada-hr\/wp-content\/uploads\/sites\/192\/2021\/05\/FINANCIJSKI-PLAN-SOH-2021.docx\">FINANCIJSKI PLAN SOH 2021<\/a><\/li>\n<li><a href=\"http:\/\/pubweb.carnet.hr\/olimpijada-hr\/wp-content\/uploads\/sites\/192\/2022\/01\/Godisnje_izvjesce-za-2021.pdf\">Godisnje_izvjesce za 2021<\/a><\/li>\n<li><a href=\"http:\/\/pubweb.carnet.hr\/olimpijada-hr\/wp-content\/uploads\/sites\/192\/2022\/04\/Bilje\u0161ke-uz-financijske-izvje\u0161taje-SOH-31.12.2021..pdf\">Bilje\u0161ke uz financijske izvje\u0161taje SOH 31.12.2021.<\/a><\/li>\n<li><a href=\"http:\/\/pubweb.carnet.hr\/olimpijada-hr\/wp-content\/uploads\/sites\/192\/2022\/04\/Potvrda-o-preuzetom-izvje\u0161taju-Fina-za-2021.pdf\">Potvrda o preuzetom izvje\u0161taju Fina za 2021<\/a><\/li>\n<li><a href=\"http:\/\/pubweb.carnet.hr\/olimpijada-hr\/wp-content\/uploads\/sites\/192\/2022\/04\/Neprof6-SOH-31.12.2021..xls\">Neprof6 SOH 31.12.2021.<\/a><\/li>\n<li><a href=\"http:\/\/pubweb.carnet.hr\/olimpijada-hr\/wp-content\/uploads\/sites\/192\/2023\/01\/FINANCIJSKI-PLAN-SOH-2022-29122022.pdf\">FINANCIJSKI PLAN SOH 2022 29122022<\/a><\/li>\n<li><a href=\"http:\/\/pubweb.carnet.hr\/olimpijada-hr\/wp-content\/uploads\/sites\/192\/2024\/01\/Zapisnik-1.-sjednice-UO-SOH-2021.pdf\">Zapisnik 1. sjednice UO SOH 2021<\/a><\/li>\n<li><a href=\"http:\/\/pubweb.carnet.hr\/olimpijada-hr\/wp-content\/uploads\/sites\/192\/2024\/01\/Zapisnik-2.-sjednice-UO-SOH2021.pdf\">Zapisnik 2. sjednice UO SOH2021<\/a><\/li>\n<li><a href=\"http:\/\/pubweb.carnet.hr\/olimpijada-hr\/wp-content\/uploads\/sites\/192\/2024\/01\/Zapisnik-11062021-Skup-SOH.pdf\">Zapisnik 11062021 Skup SOH<\/a><\/li>\n<li><a href=\"http:\/\/pubweb.carnet.hr\/olimpijada-hr\/wp-content\/uploads\/sites\/192\/2024\/01\/Zapisnik-03122021-Skup\u0161tina-SOH.pdf\">Zapisnik 03122021 Skup\u0161tina SOH<\/a><\/li>\n<li><a href=\"http:\/\/pubweb.carnet.hr\/olimpijada-hr\/wp-content\/uploads\/sites\/192\/2024\/01\/Zapisnik-1.-sjednice-UO-SOH-2022-1.pdf\">Zapisnik 1. sjednice UO SOH 2022<\/a><\/li>\n<li><a href=\"http:\/\/pubweb.carnet.hr\/olimpijada-hr\/wp-content\/uploads\/sites\/192\/2024\/01\/Zapisnik-12052022-Skup-SOH.pdf\">Zapisnik 12052022 Skup SOH<\/a><\/li>\n<li><a href=\"http:\/\/pubweb.carnet.hr\/olimpijada-hr\/wp-content\/uploads\/sites\/192\/2024\/01\/Zapisnik-2.-sjednice-UO-SOH-2022.pdf\">Zapisnik 2. sjednice UO SOH 2022<\/a><\/li>\n<li><a href=\"http:\/\/pubweb.carnet.hr\/olimpijada-hr\/wp-content\/uploads\/sites\/192\/2024\/01\/Zapisnik-29122022-Skup\u0161tina-SOH.pdf\">Zapisnik 29122022 Skup\u0161tina SOH<\/a><\/li>\n<li><a href=\"http:\/\/pubweb.carnet.hr\/olimpijada-hr\/wp-content\/uploads\/sites\/192\/2024\/01\/FINANCIJSKI-PLAN-SOH-2022-29122022.pdf\">FINANCIJSKI PLAN SOH 2022 29122022<\/a><\/li>\n<li><a href=\"http:\/\/pubweb.carnet.hr\/olimpijada-hr\/wp-content\/uploads\/sites\/192\/2024\/01\/Bilanca-SOH-za-2022.pdf\">Bilanca SOH za 2022<\/a><\/li>\n<li><a href=\"http:\/\/pubweb.carnet.hr\/olimpijada-hr\/wp-content\/uploads\/sites\/192\/2024\/01\/PR-RAS-NPF-izvje\u0161\u0107e-za-2022.pdf\">PR-RAS-NPF izvje\u0161\u0107e za 2022<\/a><\/li>\n<li><a href=\"http:\/\/pubweb.carnet.hr\/olimpijada-hr\/wp-content\/uploads\/sites\/192\/2024\/01\/BILJE\u0160KE-UZ-FINANCIJSKE-IZVJE\u0160TAJE-2022.G-SOH.pdf\">BILJE\u0160KE UZ FINANCIJSKE IZVJE\u0160TAJE 2022.G SOH<\/a><\/li>\n<li><a href=\"https:\/\/www.zakon.hr\/z\/300\/Zakon-o-sportu\" target=\"_blank\" rel=\"noopener\">Zakon o sportu<\/a><\/li>\n<li><a href=\"https:\/\/www.zakon.hr\/z\/64\/Zakon-o-udrugama\" target=\"_blank\" rel=\"noopener\">Zakon o udrugama<\/a><\/li>\n<li><a href=\"http:\/\/pubweb.carnet.hr\/olimpijada-hr\/wp-content\/uploads\/sites\/192\/2024\/01\/Zapisnik-1.-sjednice-UO-SOH-2023.pdf\">Zapisnik 1. sjednice UO SOH 2023<\/a><\/li>\n<li><a href=\"http:\/\/pubweb.carnet.hr\/olimpijada-hr\/wp-content\/uploads\/sites\/192\/2024\/01\/Zapisnik-16032023-Skup-SOH.pdf\">Zapisnik 16032023 Skup SOH<\/a><\/li>\n<li><a href=\"http:\/\/pubweb.carnet.hr\/olimpijada-hr\/wp-content\/uploads\/sites\/192\/2023\/09\/Upitnik-za-samoprocjenu-tjv-27072023.xls\">Upitnik-za-samoprocjenu-tjv 27072023<\/a><\/li>\n<li><a href=\"http:\/\/pubweb.carnet.hr\/olimpijada-hr\/wp-content\/uploads\/sites\/192\/2024\/01\/Zapisnik-2.-sjednice-UO-SOH-2023.pdf\">Zapisnik 2. sjednice UO SOH 2023<\/a><\/li>\n<li><a href=\"http:\/\/pubweb.carnet.hr\/olimpijada-hr\/wp-content\/uploads\/sites\/192\/2024\/01\/Zapisnik-21122023-Skup\u0161tina-SOH.pdf\">Zapisnik 21122023 Skup\u0161tina SOH<\/a><\/li>\n<li><a href=\"http:\/\/pubweb.carnet.hr\/olimpijada-hr\/wp-content\/uploads\/sites\/192\/2024\/01\/FINANCIJSKI-PLAN-SOH-2024.pdf\">FINANCIJSKI PLAN SOH 2024<\/a><\/li>\n<li><a href=\"http:\/\/pubweb.carnet.hr\/olimpijada-hr\/wp-content\/uploads\/sites\/192\/2024\/01\/Pravilnik_SOH_o_ppjn_21122023.pdf\">Pravilnik_SOH_o_ppjn_21122023<\/a><\/li>\n<li><a href=\"http:\/\/pubweb.carnet.hr\/olimpijada-hr\/wp-content\/uploads\/sites\/192\/2024\/02\/Statut-SOH-21122023-odobren.pdf\">Statut SOH 21122023 odobren<\/a><\/li>\n<li><a href=\"http:\/\/pubweb.carnet.hr\/olimpijada-hr\/wp-content\/uploads\/sites\/192\/2024\/01\/Franjo-Horvat-Izjava-o-ne-postojnaju-sukoba-interesa.pdf\">Franjo Horvat Izjava o ne postojnaju sukoba interesa<\/a><\/li>\n<li><a href=\"http:\/\/pubweb.carnet.hr\/olimpijada-hr\/wp-content\/uploads\/sites\/192\/2024\/01\/Denis-Su\u0161ac-izjava-o-ne-postojanju-sukoba-ineresa.pdf\">Denis Su\u0161ac izjava o ne postojanju sukoba ineresa<\/a><\/li>\n<li><a href=\"http:\/\/pubweb.carnet.hr\/olimpijada-hr\/wp-content\/uploads\/sites\/192\/2024\/04\/Zapisnik-1.-sjednice-IO-SOH-2024.pdf\">Zapisnik 1. sjednice IO SOH 2024<\/a><\/li>\n<li><a href=\"http:\/\/pubweb.carnet.hr\/olimpijada-hr\/wp-content\/uploads\/sites\/192\/2024\/04\/SOH-Odlukaoprihva\u0107anjuizvje\u0161\u0107aza2023.pdf\">SOH Odlukaoprihva\u0107anjuizvje\u0161\u0107aza2023<\/a><\/li>\n<li><a href=\"http:\/\/pubweb.carnet.hr\/olimpijada-hr\/wp-content\/uploads\/sites\/192\/2024\/04\/Popis-dugotrajne-imovine-01012024.pdf\">Popis dugotrajne imovine 01012024<\/a><\/li>\n<li><a href=\"http:\/\/pubweb.carnet.hr\/olimpijada-hr\/wp-content\/uploads\/sites\/192\/2024\/04\/Samoprocjena-SOH-2024.pdf\">Samoprocjena SOH 2024<\/a><\/li>\n<li><a href=\"http:\/\/pubweb.carnet.hr\/olimpijada-hr\/wp-content\/uploads\/sites\/192\/2024\/04\/ISPRAVAK-Neprof606-SOH-31.12.2023..pdf\">ISPRAVAK Neprof606 SOH 31.12.2023.<\/a><\/li>\n<li><a href=\"http:\/\/pubweb.carnet.hr\/olimpijada-hr\/wp-content\/uploads\/sites\/192\/2024\/04\/Bilje\u0161ke-Ispravak-s-obja\u0161njenjem-SOH-2023.pdf\">Bilje\u0161ke Ispravak s obja\u0161njenjem SOH 2023<\/a><\/li>\n<li><a href=\"http:\/\/pubweb.carnet.hr\/olimpijada-hr\/wp-content\/uploads\/sites\/192\/2024\/04\/Izvje\u0161\u0107e-SOH-za-2024.pdf\">Izvje\u0161\u0107e SOH za 2024<\/a><\/li>\n<li><a href=\"http:\/\/pubweb.carnet.hr\/olimpijada-hr\/wp-content\/uploads\/sites\/192\/2024\/04\/Rje\u0161enje-SOH-2023.pdf\">Rje\u0161enje SOH 2023<\/a><\/li>\n<li><a href=\"http:\/\/pubweb.carnet.hr\/olimpijada-hr\/wp-content\/uploads\/sites\/192\/2024\/04\/Rje\u0161enje-SOH-14022024.pdf\">Rje\u0161enje SOH 14022024<\/a><\/li>\n<li><a href=\"http:\/\/pubweb.carnet.hr\/olimpijada-hr\/wp-content\/uploads\/sites\/192\/2024\/04\/Nkd-04032024-SOH.pdf\">Nkd 04032024 SOH<\/a><\/li>\n<li><a href=\"http:\/\/pubweb.carnet.hr\/olimpijada-hr\/wp-content\/uploads\/sites\/192\/2024\/04\/SOH-Izvadak-iz-NISUS.pdf\">SOH Izvadak iz NISUS<\/a><\/li>\n<li><a href=\"http:\/\/pubweb.carnet.hr\/olimpijada-hr\/wp-content\/uploads\/sites\/192\/2024\/04\/SI_Potvrda_2023-12_MB_3928284.pdf\">SI_Potvrda_2023-12_MB_3928284<\/a><\/li>\n<li><a href=\"http:\/\/pubweb.carnet.hr\/olimpijada-hr\/wp-content\/uploads\/sites\/192\/2024\/04\/Pravila-o-antidopingu-pdf.pdf\">Pravila-o-antidopingu-pdf<\/a><\/li>\n<li><a href=\"http:\/\/pubweb.carnet.hr\/olimpijada-hr\/wp-content\/uploads\/sites\/192\/2024\/04\/Ispis-iz-registra-SOH-2024.pdf\">Ispis iz registra &#8211; SOH 2024<\/a><\/li>\n<li><a href=\"http:\/\/pubweb.carnet.hr\/olimpijada-hr\/wp-content\/uploads\/sites\/192\/2024\/05\/FINANCIJSKI-PLAN-SOH-2024.pdf\">FINANCIJSKI PLAN SOH 2024<\/a><br \/>\n<a href=\"http:\/\/pubweb.carnet.hr\/olimpijada-hr\/wp-content\/uploads\/sites\/192\/2024\/05\/Plan-nabave-2024.pdf\">Plan nabave 2024<\/a><br \/>\n<a href=\"http:\/\/pubweb.carnet.hr\/olimpijada-hr\/wp-content\/uploads\/sites\/192\/2024\/07\/Registracijski-obrazac-SOH-2024.pdf\">Registracijski obrazac SOH 2024<\/a><br \/>\n<a href=\"http:\/\/pubweb.carnet.hr\/olimpijada-hr\/wp-content\/uploads\/sites\/192\/2024\/07\/Za\u0161tita-djece-i-ranjivih-odraslih-osoba-i-za\u0161titne-mjere.pdf\">Za\u0161tita djece i ranjivih odraslih osoba i za\u0161titne mjere<\/a><br \/>\n<a href=\"http:\/\/pubweb.carnet.hr\/olimpijada-hr\/wp-content\/uploads\/sites\/192\/2024\/12\/Zapisnik-18122024-Skup\u0161tina-SOH.pdf\">Zapisnik 18122024 Skup\u0161tina SOH<\/a><br \/>\n<a href=\"http:\/\/pubweb.carnet.hr\/olimpijada-hr\/wp-content\/uploads\/sites\/192\/2025\/03\/Financijski-plan-SOH-za-2025.pdf\">Financijski plan SOH za 2025<\/a><br \/>\n<a href=\"http:\/\/pubweb.carnet.hr\/olimpijada-hr\/wp-content\/uploads\/sites\/192\/2025\/03\/Plan-nabave-2025.pdf\">Plan nabave 2025<\/a><br \/>\n<a href=\"http:\/\/pubweb.carnet.hr\/olimpijada-hr\/wp-content\/uploads\/sites\/192\/2025\/03\/Program-rada-SOH-za-2025.pdf\">Program rada SOH za 2025<\/a><br \/>\n<a href=\"http:\/\/pubweb.carnet.hr\/olimpijada-hr\/wp-content\/uploads\/sites\/192\/2025\/03\/Odluka-o-naknadi-ND-SOH-za-2025.pdf\">Odluka o naknadi ND SOH za 2025<\/a><br \/>\n<a href=\"http:\/\/pubweb.carnet.hr\/olimpijada-hr\/wp-content\/uploads\/sites\/192\/2025\/03\/Zapisnik-3.-sjednice-IO-SOH-2024.pdf\">Zapisnik 3. sjednice IO SOH 2024<\/a><\/li>\n<\/ul>\n","protected":false},"excerpt":{"rendered":"<p>Pravilnik o kriterijima za sudjelovanje sporta\u0161a na SO me\u0111unarodnim igrama usvojen 20042015 Zakon_o_pravu_na_pristup_informacijama_2013 Nogomet &#8211; pravila Alpsko skijanje &#8211; pravila Atletika &#8211; pravila Bowling &#8211; pravila Skija\u0161ko tr\u010danje &#8211; pravila Biciklizam &#8211; pravila Floorball &#8211; pravila Brzo klizanje &#8211; pravila Tr\u010danje na krpljama &#8211; pravila Plivanje &#8211; pravila Odbojka &#8211; pravila Bo\u0107e &#8211; pravila Bilanca [&hellip;]<\/p>\n","protected":false},"author":197,"featured_media":0,"parent":0,"menu_order":0,"comment_status":"closed","ping_status":"closed","template":"","meta":{"footnotes":""},"class_list":["post-8","page","type-page","status-publish","hentry"],"_links":{"self":[{"href":"https:\/\/pubweb.carnet.hr\/olimpijada-hr\/wp-json\/wp\/v2\/pages\/8","targetHints":{"allow":["GET"]}}],"collection":[{"href":"https:\/\/pubweb.carnet.hr\/olimpijada-hr\/wp-json\/wp\/v2\/pages"}],"about":[{"href":"https:\/\/pubweb.carnet.hr\/olimpijada-hr\/wp-json\/wp\/v2\/types\/page"}],"author":[{"embeddable":true,"href":"https:\/\/pubweb.carnet.hr\/olimpijada-hr\/wp-json\/wp\/v2\/users\/197"}],"replies":[{"embeddable":true,"href":"https:\/\/pubweb.carnet.hr\/olimpijada-hr\/wp-json\/wp\/v2\/comments?post=8"}],"version-history":[{"count":3,"href":"https:\/\/pubweb.carnet.hr\/olimpijada-hr\/wp-json\/wp\/v2\/pages\/8\/revisions"}],"predecessor-version":[{"id":1665,"href":"https:\/\/pubweb.carnet.hr\/olimpijada-hr\/wp-json\/wp\/v2\/pages\/8\/revisions\/1665"}],"wp:attachment":[{"href":"https:\/\/pubweb.carnet.hr\/olimpijada-hr\/wp-json\/wp\/v2\/media?parent=8"}],"curies":[{"name":"wp","href":"https:\/\/api.w.org\/{rel}","templated":true}]}}