{"id":352,"date":"2014-04-21T17:42:01","date_gmt":"2014-04-21T17:42:01","guid":{"rendered":"http:\/\/www.specijalna-olimpijada-hrvatske.hr\/?page_id=6"},"modified":"2026-01-05T09:25:58","modified_gmt":"2026-01-05T09:25:58","slug":"clanovi-soh","status":"publish","type":"page","link":"https:\/\/pubweb.carnet.hr\/olimpijada-hr\/clanovi-soh\/","title":{"rendered":"\u010clanovi SOH"},"content":{"rendered":"<p><strong>Ustanove i udruge \u010dlanice Specijalne olimpijade Hrvatske 2024.<\/strong><br \/>\n<strong>\u00a0<\/strong><br \/>\n<strong>Predsjednik:<\/strong> Denis Su\u0161ac, prof.<br \/>\nTelefon: mobitel: 098 1966 146<br \/>\ne-mail: denis.susac@kr.t-com.hr<br \/>\n<strong>Nacionalni direktor: <\/strong>Franjo Horvat, prof.<br \/>\nmobitel: 091 5588 520<br \/>\ne-mail: franjo.soh@gmail.com<br \/>\n<strong>\u0160portski direktor:<\/strong> Vlado Strbad, prof.<br \/>\nmobitel: 091 580 2689<br \/>\ne-mail: vlado.strbad@gmail.com<\/p>\n<p><strong>Upravni odbor:<\/strong><br \/>\n<strong>\u0160portsko dru\u0161tvo Specijalni \u0161portovi Lu\u010d<\/strong><br \/>\nTrg Mladosti 11<br \/>\n10290 Zapre\u0161i\u0107<br \/>\nOIB: 61289752853<br \/>\nPredstavnik: Franjo Horvat, prof.<br \/>\nMobitel: 091 5588 520<br \/>\n<strong>Predsjednica i stru\u010dnjakinja za osobe s intelektualnim <\/strong><br \/>\n<strong>te\u0161ko\u0107ama Sla\u0111ana Tati\u0107, prof. <\/strong><br \/>\nTelefon:\u00a0 mobitel: 091 1222 505<br \/>\ne-mail: sladjana.rehabilitator@gmail.com,<\/p>\n<p><strong>Centar za odgoj, obrazovanje i osposobljavanje Lug<\/strong><br \/>\nKneza Zdeslava 2<br \/>\n10432 Bregana<br \/>\nOIB: 33776947373<br \/>\n<strong>Stru\u010dnjak za \u0161port Ivica Rabuzin, prof. <\/strong><br \/>\ne-mail: ivica_rabuzin@net.hr<\/p>\n<p><strong>Centar za autizam Zagreb<\/strong><br \/>\nDvorni\u010di\u0107eva 6<br \/>\n10000 Zagreb<br \/>\nOIB: 63467332374<br \/>\nTelefon: 091 343 7347<br \/>\n<strong>Koordinatorica za ravnopravnost spolova Sandra Jadrijevi\u0107, prof.\u00a0\u00a0 <\/strong><br \/>\ne-mail:\u00a0 sandra.sax.jadrijevic@gmail.com,<\/p>\n<p><strong>Srednja \u0161kola \u2013 Centar za odgoj i obrazovanje Zagreb<\/strong><br \/>\nZagorska 14<br \/>\n10000 Zagreb<br \/>\nOIB: 66687839353<br \/>\n<strong>Stru\u010dnjak za financije Davor Luka\u010devi\u0107, prof.<\/strong><br \/>\nmobitel: 091 581 81 30<br \/>\ne-mail: davor.lukacevic34@gmail.com<\/p>\n<p><strong>Centar za rehabilitaciju Pula<\/strong><br \/>\nSantoriova\u00a0 11<br \/>\n52100 Pula<br \/>\nOIB: 97096220014<br \/>\n<strong>Povjerenik za informiranje Sandi Keser, prof. <\/strong><br \/>\n099 647 5405<br \/>\nE-mail: avisan310@gmail.com<\/p>\n<p><strong>Udruga tjelesnih invalida Ka\u0161tela<\/strong><br \/>\nUlica A. Beretina 4<br \/>\n21216 Ka\u0161tel Novi<br \/>\nOIB: 52607952569<br \/>\n<strong>\u010clan u\u017ee obitelji osobe s intelektualnim te\u0161ko\u0107ama Sanja Bili\u0161kov<\/strong><br \/>\n<strong>\u0160porta\u0161ica s intelektualnim te\u0161ko\u0107ama Miljenka Bili\u0161kov<\/strong><br \/>\nmobitel: 098 917 64 98<br \/>\ne-mail: sanja.biliskov@gmail.com<\/p>\n<p><strong>Nadzorni odbor:<\/strong><br \/>\n<strong>Predsjednik: Tomica \u0160o\u0161tar, prof.<br \/>\n<\/strong><br \/>\n<strong>Centar za odgoj i obrazovanje Ivan \u0160tark<\/strong><br \/>\nDrinska 12 B<br \/>\n31000 Osijek<br \/>\nOIB: 57781751749<br \/>\n<strong>\u010clan: Jasna I\u017eakovi\u0107, prof.<\/strong><br \/>\nmobitel: 098 876 569<br \/>\ne-mail: jasna.izakovic@yahoo.com,<\/p>\n<p><strong>Centar za rehabilitaciju fra Ante Sekelez<\/strong><br \/>\nUlica 30. svibnja 19<br \/>\n21216 Vrlika<br \/>\nOIB: 51139896465<br \/>\n<strong>\u010clan: Mladen Modri\u0107, prof.<\/strong><br \/>\nmobitel: 098 176 7717<br \/>\ne-mail: mladenmodric1977@gmail.com<\/p>\n<p><strong>Ostali \u010dlanovi Skup\u0161tine:<\/strong><br \/>\n<strong>Centar za odgoj i obrazovanje Rudolf Steiner<\/strong><br \/>\nMasarykova 85<br \/>\n43500 Daruvar<br \/>\nOIB: 26028963136<br \/>\nPredstavnik:<br \/>\nmobitel:<br \/>\ne-mail:<\/p>\n<p><strong>Centar za odgoj i obrazovanje Tu\u0161kanac<\/strong><br \/>\nTu\u0161kanac 15<br \/>\n10000 Zagreb<br \/>\nOIB: 34634200382<br \/>\nPredstavnik: Ivan Brigi\u0107, prof.\u00a0 091 898 6269<br \/>\nmobitel: 091 1278214<br \/>\ne-mail: ivan.brigic@gmail.com<\/p>\n<p><strong>Udruga za promicanje zdravlja i zdravog na\u010dina \u017eivota osoba s posebnim potrebama<\/strong><br \/>\nTrg Kre\u0161imira \u010cosi\u0107a 11<br \/>\n10000 Zagreb<br \/>\nOIB: 64110665356<br \/>\nPredstavnik: Vlado Strbad<br \/>\nTelefon:091 580 2689<br \/>\ne-mail: vlado.strbad@gmail.com<\/p>\n<p><strong>Centar za rehabilitaciju Zagreb<\/strong><br \/>\nOrlovac 2<br \/>\n10000 Zagreb<br \/>\nOIB: 32686631843<br \/>\nPredstavnik: Tihomir Prusina<br \/>\nTelefon: 01 467 36 63, fax: 01 467 32 55, mobitel: 099 215 7650<br \/>\ne-mail: tihomir.prusina@gmail.com<\/p>\n<p><strong>Centar za odgoj i obrazovanje Velika Gorica<\/strong><br \/>\nZagreba\u010dka 90<br \/>\n10410 Velika Gorica<br \/>\nOIB: 28129388615<br \/>\nPredstavnik: Ivan Dubravica, prof.<br \/>\nmobitel: 095 911 2088<br \/>\ne-mail: ivandubravica0501@gmail.com<\/p>\n<p><strong>Centar za odgoj i obrazovanje Juraj Bona\u010di<\/strong><br \/>\nBrune Bu\u0161i\u0107a 30<br \/>\n21000 Split<br \/>\nOIB: 00475993244<br \/>\nPredstavnik: Ivana Milina \u0160ikli\u0107<br \/>\nmobitel: 098 670 570<br \/>\ne-mail: ivana.milina.siklic@gmail.com<\/p>\n<p><strong>Centar za odgoj i obrazovanje Zajezda<\/strong><br \/>\nZajezda 31<br \/>\n49284 Budin\u0161\u010dina<br \/>\nOIB: 03599152506<br \/>\nPredstavnik: Krunoslav Vragovi\u0107<br \/>\nMobitel: 095 902 4303<br \/>\ne-mail: kruno.vragovic@gmail.com<\/p>\n<p><strong>Centar za rehabilitaciju Rijeka<\/strong><br \/>\nKozala 77 b,<br \/>\n51000 Rijeka<br \/>\nOIB: 53418402939<br \/>\nPredstavnik:<br \/>\nmobitel:<br \/>\ne-mail:<\/p>\n<p><strong>Centar za odgoj i obrazovanje \u0160ubi\u0107evac<\/strong><br \/>\nUlica bana Jela\u010di\u0107a 4<br \/>\n22000 \u0160ibenik<br \/>\nOIB: 34291257605<br \/>\nPredstavnik: Nikica Bla\u017eevi\u0107 091 737, 2495,\u00a0tica.blazevic@gmail.com<\/p>\n<p><strong>\u0160kola za odgoj i obrazovanje Pula<\/strong><br \/>\nRovinjska 6<br \/>\n52000 Pula<br \/>\nOIB: 95685921387<br \/>\nPredstavnik: Vi\u0161nja Popovi\u0107, prof.<br \/>\nTelefon: 052 223 434, fax: 052 212 339, mobitel: 099 697 6229<br \/>\ne-mail: vikipop@ymail.com<\/p>\n<p><strong>Udruga osoba s intelektualnim te\u0161ko\u0107ama Me\u0111imurske \u017eupanije\u00a0<\/strong><br \/>\nMato\u0161a 6<br \/>\n40000 \u010cakovec<br \/>\nOIB: 62455546018<br \/>\nTelefon: 040 390 260, fax: 040 390 260<br \/>\ne-mail: udrugaoitmz@gmail.com<\/p>\n<p><strong>Centar za odgoj i obrazovanje Tomislav \u0160poljar<\/strong><br \/>\nUlica Jurja Kri\u017eani\u0107a 33<br \/>\n42000 Vara\u017edin<br \/>\nOIB: 72349131925<br \/>\nTelefon: 098 612 699<br \/>\ne-mail: mvucic6@gmail.com,\u00a0 segher.igor@gmail.com<br \/>\nKristina Kralj:\u00a0 kristinakralj80@gmail.com \u00a0091 537 4014<\/p>\n<p><strong>Centar za rehabilitaciju Vara\u017edin<\/strong><br \/>\nZinke Kunc 47<br \/>\n42000 Vara\u017edin<br \/>\nOIB: 15576505643<br \/>\nTelefon: 042 260 250 , Telefon\/Fax: 042 260 446<br \/>\nMobitel: 091 286 1012, e-mail: kkudelic@dom-lekic.com,<br \/>\nJurica Hajsek:\u00a0jhajsek@dom-lekic.com, 098 606 526<\/p>\n<p><strong>Centar za odgoj obrazovanje i rehabilitaciju Kri\u017eevci<\/strong><br \/>\nUlica Matije Gupca 36<br \/>\n48260 Kri\u017eevci<br \/>\nOIB: 88119837903<br \/>\nTelefon: 048 270 836<br \/>\ne-mail: snjezana.mergon@skole.hr,\u00a0099 271 2120<\/p>\n<p><strong>Centar za odgoj i obrazovanje \u010cakovec<\/strong><br \/>\nIvana plemenitog Zajca 26<br \/>\n40000 \u010cakovec<br \/>\nOIB: 36128164609Santino Debelec 091 507 6935,\u00a0debelec.santino@gmail.com<\/p>\n<p><strong>Udruga za osobe s intelektualnim o\u0161te\u0107enjem &#8220;Golubica&#8221; Vukovar<\/strong><br \/>\nKolodvorska 18<br \/>\n32000 Vukovar<br \/>\nOIB:<br \/>\nMobitel: 098 967 1407<br \/>\ne-mail: golubica@uzosio-golubica.com<\/p>\n<p><strong>Centar za rehabilitaciju Nada<\/strong><br \/>\nHrvatske bratske zajednice 26<br \/>\n47000 Karlovac<br \/>\nOIB: 54220359454<br \/>\nPredstavnik:<br \/>\nTelefon: 047 613 960<br \/>\nIvan Horvat 099 194 6270,\u00a0ivanhorvat9@gmail.com<\/p>\n<p><strong>Udruga za inkluziju &#8211; &#8220;Lastavice&#8221; Split<\/strong><br \/>\nMose\u0107ka 72<br \/>\n21000 Split<br \/>\nOIB: 33992763503<br \/>\nTelefon: 021 54 08 90<br \/>\nMobitel: 091 5675906<br \/>\ne-mail: info@lastavice.hr<\/p>\n<p><strong>Srednja strukovna \u0161kola<\/strong><br \/>\nBo\u017eene Plazzeriano 4<br \/>\n42000 Vara\u017edin<br \/>\nOIB: 58748387962<br \/>\nTel 042 332 033<br \/>\nPredstavnik: Dunja \u0160\u010dapec \u2013 098 763 025<br \/>\ndunjascapec@gmail.com,\u00a0 sss@sss-vz.hr<\/p>\n<p><strong>Udruga Ozana<\/strong><br \/>\nUlica grada Vukovara 239<br \/>\n10000 Zgareb<br \/>\nOIB: 86710457986<br \/>\nPredstavnik: Branka Br\u010di\u0107 Crnkovi\u0107 099 502 5487,\u00a0branka.brcic-crnkovic@centarozana.hr<br \/>\ncentarozana@gmail.com<\/p>\n<p><strong>Dom za odrasle osobe Lobor-grad<\/strong><br \/>\nMarku\u0161brijeg 131<br \/>\n49253 Lobor<br \/>\nOIB: 45761692556<br \/>\ndom.lobor-grad@kr.t-com.hr<br \/>\nMarina Galinec,\u00a0Marina.Galinec@socskrb.hr, 098 980 9055<\/p>\n<p><strong>\u0160portska udruga osoba s intelektualnim pote\u0161ko\u0107ama Mali princ<\/strong><br \/>\nSplitska 3<br \/>\nZadar<br \/>\nOIB: 95189010773<br \/>\nMartina \u0160ango<br \/>\nMail: maliprinczadar@gmail.com<br \/>\nMobitel: 091 495 4496<\/p>\n<p><strong>Centar za rehabilitaciju Josipovac<\/strong><br \/>\nNa rijeci 13a<br \/>\n20207 Mlini<br \/>\nOIB: 62252145399<br \/>\nPredstavnik: Ivo To\u0161i\u0107 098526 672, ivo-tosic@net.hr<\/p>\n<p><strong>Udruga osoba s intelektualnim te\u0161ko\u0107ama Zvono \u2013 Split<\/strong><br \/>\nMose\u0107ka 70<br \/>\n21000 Split<br \/>\nOIB: 91203009957<br \/>\nPredstavnik: Marijana Juki\u0107, 091 6013 448, marijana.jukic3@gmail.com<br \/>\nOIB: 91203009957<\/p>\n<p><strong>Centar za rehabilitaciju Mir<\/strong><br \/>\nPut Mira 16<br \/>\n21217 Ka\u0161tel Novi<br \/>\nOIB: 20663023892<br \/>\nMob: 099\/339-2868\u00a0 Tel : 021\/798-384<br \/>\ninfo@centarmir.hr,<br \/>\nPredstavnik: Ilija Tekli\u0107,\u00a0 kineziolog@centarmir.hr, +385 98 176 9376<\/p>\n<p><strong>Dom za odrasle osobe Ljeskovica<\/strong><br \/>\nKne\u017eevi\u0107a 41, Nova Ljeskovica<br \/>\n34350 \u010caglin<br \/>\nOIB: 66458920794<br \/>\nPredstavnik: Kre\u0161o Posedi +385 99 303 3038, mail: kreso.posedi@socskrb.hr<\/p>\n<p><strong>Centar za autizam Split<\/strong><br \/>\nRendi\u0107eva 6<br \/>\n21000 Split<br \/>\nOIB: 91941725029<br \/>\nPredstavnik: Mario Krsti\u0107, 098 960 8902, sampas0104@gmail.com<\/p>\n<p><strong>Osnovna \u0161kola Samobor<\/strong><br \/>\nStra\u017eni\u010dka ul. 14, 10430 Samobor<br \/>\nOIB: 18880601256<br \/>\nPredstavnik: Martina \u0160iki\u0107 P\u0161eni\u010dnik, martinasikic@gmail.com, 091 518 33 27<\/p>\n<p><strong>Udruga osoba sa cerebralnom paralizom Srce Split<\/strong><br \/>\nMose\u0107ka 62<br \/>\n21000 Split<br \/>\nudruga.srce@gmail.com<br \/>\nPredstavnik: Jo\u0161ko Ga\u0107ina 098 903 1447, oktmajstor01@gmail.com<\/p>\n<p><strong>Centar za odgoj obrazovanje i razvojnu podr\u0161ku dr. Terezija Salaj Raki\u0107 Virovitica<\/strong><br \/>\nUlica Nikole Tesle 4<br \/>\n33000 Virovitica<br \/>\nOIB: 53683470290<br \/>\nAntonio Pavlovi\u0107 099 513 2092, pavlovica157@gmail.com<\/p>\n<p><strong>Centar za odgoj i obrazovanje Dubrava<\/strong><br \/>\nPrilaz Tomislava \u0160poljara 2<br \/>\n10000 Zagreb<br \/>\nOIB: 31982620821,<br \/>\nPredstavnik: Mijo Dra\u0161kovi\u0107, 091 598 4051, jagodazrilic2@gmail.com<br \/>\nRavnatelj: Liliana Kal\u010di\u0107 Galekovi\u0107<\/p>\n<p><strong>Centar za odgoj i obrazovanje Krapinske Toplice<\/strong><br \/>\nLjudevita Gaja 2<br \/>\n49 217 Krapinske Toplice<br \/>\nOIB:\u00a098491896949<br \/>\nPredstavnik:\u00a0Nata\u0161a Miholi\u0107, 098 642 786, nhrsak@gmail.com<br \/>\nRavnatelj:<\/p>\n<p><strong>Udruga za snidrom Down 21 Split<\/strong><br \/>\nKrle\u017eina ulica 32<br \/>\n21000 Split<br \/>\nOIB:\u00a069162790321<br \/>\nPredstavnik:<br \/>\nPredsjednik:<\/p>\n<p><strong>Dom za odrasle osobe Zagreb<\/strong><br \/>\n\u0160estinski dol 53<br \/>\n10000 Zagreb<br \/>\nPredstavnik: Josipa Kamene\u010dki Leljak 098 600 726<br \/>\ne-mail:<\/p>\n","protected":false},"excerpt":{"rendered":"<p>Ustanove i udruge \u010dlanice Specijalne olimpijade Hrvatske 2024. \u00a0 Predsjednik: Denis Su\u0161ac, prof. Telefon: mobitel: 098 1966 146 e-mail: denis.susac@kr.t-com.hr Nacionalni direktor: Franjo Horvat, prof. mobitel: 091 5588 520 e-mail: franjo.soh@gmail.com \u0160portski direktor: Vlado Strbad, prof. mobitel: 091 580 2689 e-mail: vlado.strbad@gmail.com Upravni odbor: \u0160portsko dru\u0161tvo Specijalni \u0161portovi Lu\u010d Trg Mladosti 11 10290 Zapre\u0161i\u0107 OIB: [&hellip;]<\/p>\n","protected":false},"author":197,"featured_media":0,"parent":0,"menu_order":0,"comment_status":"closed","ping_status":"closed","template":"","meta":{"footnotes":""},"class_list":["post-352","page","type-page","status-publish","hentry"],"_links":{"self":[{"href":"https:\/\/pubweb.carnet.hr\/olimpijada-hr\/wp-json\/wp\/v2\/pages\/352","targetHints":{"allow":["GET"]}}],"collection":[{"href":"https:\/\/pubweb.carnet.hr\/olimpijada-hr\/wp-json\/wp\/v2\/pages"}],"about":[{"href":"https:\/\/pubweb.carnet.hr\/olimpijada-hr\/wp-json\/wp\/v2\/types\/page"}],"author":[{"embeddable":true,"href":"https:\/\/pubweb.carnet.hr\/olimpijada-hr\/wp-json\/wp\/v2\/users\/197"}],"replies":[{"embeddable":true,"href":"https:\/\/pubweb.carnet.hr\/olimpijada-hr\/wp-json\/wp\/v2\/comments?post=352"}],"version-history":[{"count":3,"href":"https:\/\/pubweb.carnet.hr\/olimpijada-hr\/wp-json\/wp\/v2\/pages\/352\/revisions"}],"predecessor-version":[{"id":730,"href":"https:\/\/pubweb.carnet.hr\/olimpijada-hr\/wp-json\/wp\/v2\/pages\/352\/revisions\/730"}],"wp:attachment":[{"href":"https:\/\/pubweb.carnet.hr\/olimpijada-hr\/wp-json\/wp\/v2\/media?parent=352"}],"curies":[{"name":"wp","href":"https:\/\/api.w.org\/{rel}","templated":true}]}}