{"id":32,"date":"2014-04-21T18:13:00","date_gmt":"2014-04-21T18:13:00","guid":{"rendered":"http:\/\/www.specijalna-olimpijada-hrvatske.hr\/?page_id=32"},"modified":"2015-01-08T11:45:37","modified_gmt":"2015-01-08T11:45:37","slug":"sportasi-i-treneri","status":"publish","type":"page","link":"https:\/\/pubweb.carnet.hr\/olimpijada-hr\/sportasi-i-treneri\/","title":{"rendered":"\u0160porta\u0161i i treneri"},"content":{"rendered":"<p>\u0160PORTA\u0160I<\/p>\n<p>TRENERI<\/p>\n","protected":false},"excerpt":{"rendered":"<p>\u0160PORTA\u0160I TRENERI<\/p>\n","protected":false},"author":197,"featured_media":0,"parent":0,"menu_order":0,"comment_status":"closed","ping_status":"open","template":"","meta":{"footnotes":""},"class_list":["post-32","page","type-page","status-publish","hentry"],"_links":{"self":[{"href":"https:\/\/pubweb.carnet.hr\/olimpijada-hr\/wp-json\/wp\/v2\/pages\/32","targetHints":{"allow":["GET"]}}],"collection":[{"href":"https:\/\/pubweb.carnet.hr\/olimpijada-hr\/wp-json\/wp\/v2\/pages"}],"about":[{"href":"https:\/\/pubweb.carnet.hr\/olimpijada-hr\/wp-json\/wp\/v2\/types\/page"}],"author":[{"embeddable":true,"href":"https:\/\/pubweb.carnet.hr\/olimpijada-hr\/wp-json\/wp\/v2\/users\/197"}],"replies":[{"embeddable":true,"href":"https:\/\/pubweb.carnet.hr\/olimpijada-hr\/wp-json\/wp\/v2\/comments?post=32"}],"version-history":[{"count":0,"href":"https:\/\/pubweb.carnet.hr\/olimpijada-hr\/wp-json\/wp\/v2\/pages\/32\/revisions"}],"wp:attachment":[{"href":"https:\/\/pubweb.carnet.hr\/olimpijada-hr\/wp-json\/wp\/v2\/media?parent=32"}],"curies":[{"name":"wp","href":"https:\/\/api.w.org\/{rel}","templated":true}]}}