{"id":30,"date":"2014-04-21T18:12:24","date_gmt":"2014-04-21T18:12:24","guid":{"rendered":"http:\/\/www.specijalna-olimpijada-hrvatske.hr\/?page_id=30"},"modified":"2026-01-05T09:13:21","modified_gmt":"2026-01-05T09:13:21","slug":"pristup-informacijama","status":"publish","type":"page","link":"https:\/\/pubweb.carnet.hr\/olimpijada-hr\/pristup-informacijama\/","title":{"rendered":"Pristup informacijama"},"content":{"rendered":"<p>Pravo na pristup informacijama koje posjeduje, odnosno kojima raspola\u017ee ili ih nadzire Specijalna olimpijada Hrvatske,\u00a0u svojstvu tijela javne vlasti, ure\u0111eno je Zakonom o pravu na pristup informacijama.<\/p>\n<p>Pravo na pristup informacijama ostvaruje se podno\u0161enjem usmenog ili pismenog zahtjeva Specijalnoj olimpijadi Hrvatske.<br \/>\nPismeni zahtjev podnosi se putem prilo\u017eenog web obrasca na e-mail adresu: franjo.soh@gmail.com<br \/>\nUsmeni\u00a0zahtjev zaprima\u00a0nacionalni direktor Franjo Horvat na broj mobitela 091 5588 520.<br \/>\nZa rje\u0161avanje zahtjeva za ostvarivanje prava na pristup informaciji mjerodavan je slu\u017ebenik za informiranje Sandi Keser.<\/p>\n<p><a href=\"http:\/\/pubweb.carnet.hr\/olimpijada-hr\/pristup-informacijama\/zahtjev-za-pristup-informacijama\/\" rel=\"attachment wp-att-636\">ZAHTJEV-ZA-PRISTUP-INFORMACIJAMA<\/a><\/p>\n<p>&nbsp;<\/p>\n<p>Visina naknade<br \/>\nKorisniku kome je omogu\u0107en pristup informaciji napla\u0107uje se naknada sukladno Kriterijima za odre\u0111ivanje visine naknade stvarnih materijalnih tro\u0161kova i tro\u0161kova dostave informacije<br \/>\n<a href=\"http:\/\/pubweb.carnet.hr\/olimpijada-hr\/pristup-informacijama\/nn-12_2014\/\" rel=\"attachment wp-att-640\">NN-12_2014<\/a><\/p>\n<p><a href=\"http:\/\/pubweb.carnet.hr\/olimpijada-hr\/pristup-informacijama\/nn-15_2014\/\" rel=\"attachment wp-att-641\">NN-15_2014<\/a><\/p>\n<p>&nbsp;<\/p>\n<p><a href=\"http:\/\/pubweb.carnet.hr\/olimpijada-hr\/wp-content\/uploads\/sites\/192\/2026\/01\/Godisnje_izvjesce-za-2025.pdf\">Godisnje_izvjesce za 2025<\/a><br \/>\n<a href=\"http:\/\/pubweb.carnet.hr\/olimpijada-hr\/wp-content\/uploads\/sites\/192\/2025\/01\/Godisnje_izvjesce-2024.pdf\">Godisnje_izvjesce 2024<\/a><br \/>\n<a href=\"http:\/\/pubweb.carnet.hr\/olimpijada-hr\/wp-content\/uploads\/sites\/192\/2024\/01\/Godisnje_izvjesce-2023.pdf\">Godisnje_izvjesce 2023<\/a><br \/>\n<a href=\"http:\/\/pubweb.carnet.hr\/olimpijada-hr\/wp-content\/uploads\/sites\/192\/2024\/01\/Godisnje_izvjesce-2022.pdf\">Godisnje_izvjesce 2022<\/a><br \/>\n<a href=\"http:\/\/pubweb.carnet.hr\/olimpijada-hr\/wp-content\/uploads\/sites\/192\/2024\/01\/Godisnje_izvjesce-2021.pdf\">Godisnje_izvjesce 2021<\/a><br \/>\n<a href=\"http:\/\/pubweb.carnet.hr\/olimpijada-hr\/wp-content\/uploads\/sites\/192\/2021\/01\/Godisnje_izvjesce2020.pdf\">Godisnje_izvjesce2020<\/a><br \/>\n<a href=\"http:\/\/pubweb.carnet.hr\/olimpijada-hr\/wp-content\/uploads\/sites\/192\/2024\/01\/Godisnje_izvjesce-2019.pdf\">Godisnje_izvjesce 2019<\/a><br \/>\n<a href=\"http:\/\/pubweb.carnet.hr\/olimpijada-hr\/wp-content\/uploads\/sites\/192\/2024\/01\/Godisnje_izvjesce-2018.pdf\">Godisnje_izvjesce 2018<\/a><br \/>\n<a href=\"http:\/\/pubweb.carnet.hr\/olimpijada-hr\/wp-content\/uploads\/sites\/192\/2024\/01\/Godisnje_izvjesce-2017.pdf\">Godisnje_izvjesce 2017<\/a><br \/>\n<a href=\"http:\/\/pubweb.carnet.hr\/olimpijada-hr\/wp-content\/uploads\/sites\/192\/2024\/01\/Godisnje_izvjesce-2016.pdf\">Godisnje_izvjesce 2016<\/a><br \/>\n<a href=\"http:\/\/pubweb.carnet.hr\/olimpijada-hr\/wp-content\/uploads\/sites\/192\/2024\/01\/Godisnje_izvjesce-2015.pdf\">Godisnje_izvjesce 2015<\/a><\/p>\n","protected":false},"excerpt":{"rendered":"<p>Pravo na pristup informacijama koje posjeduje, odnosno kojima raspola\u017ee ili ih nadzire Specijalna olimpijada Hrvatske,\u00a0u svojstvu tijela javne vlasti, ure\u0111eno je Zakonom o pravu na pristup informacijama. Pravo na pristup informacijama ostvaruje se podno\u0161enjem usmenog ili pismenog zahtjeva Specijalnoj olimpijadi Hrvatske. Pismeni zahtjev podnosi se putem prilo\u017eenog web obrasca na e-mail adresu: franjo.soh@gmail.com Usmeni\u00a0zahtjev zaprima\u00a0nacionalni [&hellip;]<\/p>\n","protected":false},"author":197,"featured_media":0,"parent":0,"menu_order":0,"comment_status":"closed","ping_status":"closed","template":"","meta":{"footnotes":""},"class_list":["post-30","page","type-page","status-publish","hentry"],"_links":{"self":[{"href":"https:\/\/pubweb.carnet.hr\/olimpijada-hr\/wp-json\/wp\/v2\/pages\/30","targetHints":{"allow":["GET"]}}],"collection":[{"href":"https:\/\/pubweb.carnet.hr\/olimpijada-hr\/wp-json\/wp\/v2\/pages"}],"about":[{"href":"https:\/\/pubweb.carnet.hr\/olimpijada-hr\/wp-json\/wp\/v2\/types\/page"}],"author":[{"embeddable":true,"href":"https:\/\/pubweb.carnet.hr\/olimpijada-hr\/wp-json\/wp\/v2\/users\/197"}],"replies":[{"embeddable":true,"href":"https:\/\/pubweb.carnet.hr\/olimpijada-hr\/wp-json\/wp\/v2\/comments?post=30"}],"version-history":[{"count":3,"href":"https:\/\/pubweb.carnet.hr\/olimpijada-hr\/wp-json\/wp\/v2\/pages\/30\/revisions"}],"predecessor-version":[{"id":1783,"href":"https:\/\/pubweb.carnet.hr\/olimpijada-hr\/wp-json\/wp\/v2\/pages\/30\/revisions\/1783"}],"wp:attachment":[{"href":"https:\/\/pubweb.carnet.hr\/olimpijada-hr\/wp-json\/wp\/v2\/media?parent=30"}],"curies":[{"name":"wp","href":"https:\/\/api.w.org\/{rel}","templated":true}]}}